{"id":7333,"date":"2025-08-21T19:32:08","date_gmt":"2025-08-21T17:32:08","guid":{"rendered":"https:\/\/starsforeurope.com\/sl\/?page_id=7333"},"modified":"2025-09-22T12:34:32","modified_gmt":"2025-09-22T10:34:32","slug":"okraski-za-bozicno-drevo-pr","status":"publish","type":"page","link":"https:\/\/starsforeurope.com\/sl\/sporocila-za-javnost\/dekoracija-pr\/okraski-za-bozicno-drevo-pr\/","title":{"rendered":"Okrasimo bo\u017ei\u010dno drevesce z bo\u017ei\u010dnimi zvezdami"},"content":{"rendered":"<main class=\"wp-block-group postimage-half wide-content is-layout-flow wp-block-group-is-layout-flow\" style=\"margin-top:var(--wp--preset--spacing--50)\">\n<div style=\"height:3rem\" aria-hidden=\"true\" class=\"wp-block-spacer\"><\/div>\n\n\n\n<div class=\"wp-block-query is-layout-flow wp-block-query-is-layout-flow\"><ul class=\"columns-2 wp-block-post-template is-layout-grid wp-container-core-post-template-is-layout-37ef2942 wp-block-post-template-is-layout-grid\"><li class=\"wp-block-post post-6927 press type-press status-publish has-post-thumbnail hentry press_cat-advent-decoration press_cat-table-decoration press_cat-diy press_cat-decoration-tips press_main-dekoracija press_main-diy-upcycling press_main-okraski-za-bozicno-drevo press_main-sporocila-za-javnost\">\n<figure style=\"aspect-ratio:1;\" class=\"featuredimage wp-block-post-featured-image\"><a href=\"https:\/\/starsforeurope.com\/sl\/press\/bozicne-zvezde-zasijejo-v-praznicnem-casu-bozicne-zvezde-bozicnim-tradicijam-prinesejo-se-dodaten-car\/\" target=\"_self\"  ><img loading=\"lazy\" decoding=\"async\" width=\"875\" height=\"1050\" src=\"https:\/\/starsforeurope.com\/sl\/wp-content\/uploads\/sites\/28\/2024\/11\/2024_Poinsettia_04000_Cosy_Cottage_Charm_19.jpg\" class=\"attachment-post-thumbnail size-post-thumbnail wp-post-image\" alt=\"Bo\u017ei\u010dne zvezde zasijejo v prazni\u010dnem \u010dasu. Bo\u017ei\u010dne zvezde bo\u017ei\u010dnim tradicijam prinesejo \u0161e dodaten \u010dar\" style=\"width:100%;height:100%;object-fit:cover;\" srcset=\"https:\/\/starsforeurope.com\/sl\/wp-content\/uploads\/sites\/28\/2024\/11\/2024_Poinsettia_04000_Cosy_Cottage_Charm_19.jpg 875w, https:\/\/starsforeurope.com\/sl\/wp-content\/uploads\/sites\/28\/2024\/11\/2024_Poinsettia_04000_Cosy_Cottage_Charm_19-250x300.jpg 250w, https:\/\/starsforeurope.com\/sl\/wp-content\/uploads\/sites\/28\/2024\/11\/2024_Poinsettia_04000_Cosy_Cottage_Charm_19-853x1024.jpg 853w, https:\/\/starsforeurope.com\/sl\/wp-content\/uploads\/sites\/28\/2024\/11\/2024_Poinsettia_04000_Cosy_Cottage_Charm_19-768x922.jpg 768w, https:\/\/starsforeurope.com\/sl\/wp-content\/uploads\/sites\/28\/2024\/11\/2024_Poinsettia_04000_Cosy_Cottage_Charm_19-563x675.jpg 563w\" sizes=\"auto, (max-width: 875px) 100vw, 875px\" \/><\/a><\/figure>\n\n<h3 class=\"wp-block-post-title\"><a href=\"https:\/\/starsforeurope.com\/sl\/press\/bozicne-zvezde-zasijejo-v-praznicnem-casu-bozicne-zvezde-bozicnim-tradicijam-prinesejo-se-dodaten-car\/\" target=\"_self\" >Bo\u017ei\u010dne zvezde zasijejo v prazni\u010dnem \u010dasu. Bo\u017ei\u010dne zvezde bo\u017ei\u010dnim tradicijam prinesejo \u0161e dodaten \u010dar<\/a><\/h3>\n\n\n<div class=\"wp-block-group postmetaline is-nowrap is-layout-flex wp-container-core-group-is-layout-6c531013 wp-block-group-is-layout-flex\"><div class=\"wp-block-post-date\"><time datetime=\"2024-11-05T20:00:41+01:00\">05. novembra 2024<\/time><\/div>\n\n<\/div>\n\n\n<div class=\"wp-block-post-excerpt\"><p class=\"wp-block-post-excerpt__excerpt\">Odkrijte zgodovino poinsettie in se navdu\u0161ite nad tem, kako sodobne sorte popestrijo tradicionalne obi\u010daje in okraske.<\/p><p class=\"wp-block-post-excerpt__more-text\"><a class=\"wp-block-post-excerpt__more-link\" href=\"https:\/\/starsforeurope.com\/sl\/press\/bozicne-zvezde-zasijejo-v-praznicnem-casu-bozicne-zvezde-bozicnim-tradicijam-prinesejo-se-dodaten-car\/\">Preberi ve\u010d<\/a><\/p><\/div>\n<\/li><\/ul>\n\n\n\n<\/div>\n\n\n\n<div style=\"height:3rem\" aria-hidden=\"true\" class=\"wp-block-spacer\"><\/div>\n<\/main>","protected":false},"excerpt":{"rendered":"<p>O\u017eivite bo\u017ei\u010dno drevo z barvito lepoto bo\u017ei\u010dnih zvezd. Brez\u010dasen pridih ustvari topel in prazni\u010den videz.<\/p>\n","protected":false},"author":24,"featured_media":4366,"parent":7254,"menu_order":0,"comment_status":"closed","ping_status":"closed","template":"two-column-press","meta":{"_acf_changed":false,"footnotes":""},"class_list":["post-7333","page","type-page","status-publish","has-post-thumbnail","hentry"],"acf":[],"_links":{"self":[{"href":"https:\/\/starsforeurope.com\/sl\/wp-json\/wp\/v2\/pages\/7333","targetHints":{"allow":["GET"]}}],"collection":[{"href":"https:\/\/starsforeurope.com\/sl\/wp-json\/wp\/v2\/pages"}],"about":[{"href":"https:\/\/starsforeurope.com\/sl\/wp-json\/wp\/v2\/types\/page"}],"author":[{"embeddable":true,"href":"https:\/\/starsforeurope.com\/sl\/wp-json\/wp\/v2\/users\/24"}],"replies":[{"embeddable":true,"href":"https:\/\/starsforeurope.com\/sl\/wp-json\/wp\/v2\/comments?post=7333"}],"version-history":[{"count":3,"href":"https:\/\/starsforeurope.com\/sl\/wp-json\/wp\/v2\/pages\/7333\/revisions"}],"predecessor-version":[{"id":7419,"href":"https:\/\/starsforeurope.com\/sl\/wp-json\/wp\/v2\/pages\/7333\/revisions\/7419"}],"up":[{"embeddable":true,"href":"https:\/\/starsforeurope.com\/sl\/wp-json\/wp\/v2\/pages\/7254"}],"wp:featuredmedia":[{"embeddable":true,"href":"https:\/\/starsforeurope.com\/sl\/wp-json\/wp\/v2\/media\/4366"}],"wp:attachment":[{"href":"https:\/\/starsforeurope.com\/sl\/wp-json\/wp\/v2\/media?parent=7333"}],"curies":[{"name":"wp","href":"https:\/\/api.w.org\/{rel}","templated":true}]}}