{"id":7260,"date":"2025-08-07T23:47:07","date_gmt":"2025-08-07T21:47:07","guid":{"rendered":"https:\/\/starsforeurope.com\/sl\/?page_id=7260"},"modified":"2025-09-22T12:00:18","modified_gmt":"2025-09-22T10:00:18","slug":"rezano-cvetje-pr","status":"publish","type":"page","link":"https:\/\/starsforeurope.com\/sl\/sporocila-za-javnost\/dekoracija-pr\/rezano-cvetje-pr\/","title":{"rendered":"Bo\u017ei\u010dne zvezde kot rezano cvetje"},"content":{"rendered":"<main class=\"wp-block-group postimage-half wide-content is-layout-flow wp-block-group-is-layout-flow\" style=\"margin-top:var(--wp--preset--spacing--50)\">\n<div style=\"height:3rem\" aria-hidden=\"true\" class=\"wp-block-spacer\"><\/div>\n\n\n\n<div class=\"wp-block-query is-layout-flow wp-block-query-is-layout-flow\"><ul class=\"columns-2 wp-block-post-template is-layout-grid wp-container-core-post-template-is-layout-37ef2942 wp-block-post-template-is-layout-grid\"><li class=\"wp-block-post post-6934 press type-press status-publish has-post-thumbnail hentry press_cat-advent-decoration press_cat-table-decoration press_cat-gift-ideas press_cat-decoration-tips press_cat-winter-decor press_main-adventni-okraski press_main-dekoracija press_main-rezano-cvetje press_main-sporocila-za-javnost\">\n<figure style=\"aspect-ratio:1;\" class=\"featuredimage wp-block-post-featured-image\"><a href=\"https:\/\/starsforeurope.com\/sl\/press\/carobni-advent-z-bozicnimi-zvezdami-adventne-dekoracije-s-cvetlicami-ki-jih-lahko-naredite-doma\/\" target=\"_self\"  ><img loading=\"lazy\" decoding=\"async\" width=\"875\" height=\"1050\" src=\"https:\/\/starsforeurope.com\/sl\/wp-content\/uploads\/sites\/28\/2024\/11\/2024_Poinsettia_02000_Modern_Vintage_Fusion_02.jpg\" class=\"attachment-post-thumbnail size-post-thumbnail wp-post-image\" alt=\"\u010carobni advent z bo\u017ei\u010dnimi zvezdami. Adventne dekoracije s cvetlicami, ki jih lahko naredite doma\" style=\"width:100%;height:100%;object-fit:cover;\" srcset=\"https:\/\/starsforeurope.com\/sl\/wp-content\/uploads\/sites\/28\/2024\/11\/2024_Poinsettia_02000_Modern_Vintage_Fusion_02.jpg 875w, https:\/\/starsforeurope.com\/sl\/wp-content\/uploads\/sites\/28\/2024\/11\/2024_Poinsettia_02000_Modern_Vintage_Fusion_02-250x300.jpg 250w, https:\/\/starsforeurope.com\/sl\/wp-content\/uploads\/sites\/28\/2024\/11\/2024_Poinsettia_02000_Modern_Vintage_Fusion_02-853x1024.jpg 853w, https:\/\/starsforeurope.com\/sl\/wp-content\/uploads\/sites\/28\/2024\/11\/2024_Poinsettia_02000_Modern_Vintage_Fusion_02-768x922.jpg 768w, https:\/\/starsforeurope.com\/sl\/wp-content\/uploads\/sites\/28\/2024\/11\/2024_Poinsettia_02000_Modern_Vintage_Fusion_02-563x675.jpg 563w\" sizes=\"auto, (max-width: 875px) 100vw, 875px\" \/><\/a><\/figure>\n\n<h3 class=\"wp-block-post-title\"><a href=\"https:\/\/starsforeurope.com\/sl\/press\/carobni-advent-z-bozicnimi-zvezdami-adventne-dekoracije-s-cvetlicami-ki-jih-lahko-naredite-doma\/\" target=\"_self\" >\u010carobni advent z bo\u017ei\u010dnimi zvezdami. Adventne dekoracije s cvetlicami, ki jih lahko naredite doma<\/a><\/h3>\n\n\n<div class=\"wp-block-group postmetaline is-nowrap is-layout-flex wp-container-core-group-is-layout-6c531013 wp-block-group-is-layout-flex\"><div class=\"wp-block-post-date\"><time datetime=\"2024-11-14T08:14:47+01:00\">14. novembra 2024<\/time><\/div>\n\n<\/div>\n\n\n<div class=\"wp-block-post-excerpt\"><p class=\"wp-block-post-excerpt__excerpt\">Strokovnjaki pri Stars for Europe (SfE) predstavljajo vrsto adventnih dekoracij z bo\u017ei\u010dno zvezdo v razli\u010dnih stilih, ki jih je enostavno poustvariti.<\/p><p class=\"wp-block-post-excerpt__more-text\"><a class=\"wp-block-post-excerpt__more-link\" href=\"https:\/\/starsforeurope.com\/sl\/press\/carobni-advent-z-bozicnimi-zvezdami-adventne-dekoracije-s-cvetlicami-ki-jih-lahko-naredite-doma\/\">Preberi ve\u010d<\/a><\/p><\/div>\n<\/li><\/ul>\n\n\n\n<\/div>\n\n\n\n<div style=\"height:3rem\" aria-hidden=\"true\" class=\"wp-block-spacer\"><\/div>\n<\/main>","protected":false},"excerpt":{"rendered":"<p>Elegantne ter obstojne rezane bo\u017ei\u010dne zvezde vnesejo prazni\u010dni pridih v vsak \u0161opek in aran\u017ema. Ne spreglejte nasvetov za oblikovanje in nego.<\/p>\n","protected":false},"author":24,"featured_media":4366,"parent":7254,"menu_order":0,"comment_status":"closed","ping_status":"closed","template":"two-column-press","meta":{"_acf_changed":false,"footnotes":""},"class_list":["post-7260","page","type-page","status-publish","has-post-thumbnail","hentry"],"acf":[],"_links":{"self":[{"href":"https:\/\/starsforeurope.com\/sl\/wp-json\/wp\/v2\/pages\/7260","targetHints":{"allow":["GET"]}}],"collection":[{"href":"https:\/\/starsforeurope.com\/sl\/wp-json\/wp\/v2\/pages"}],"about":[{"href":"https:\/\/starsforeurope.com\/sl\/wp-json\/wp\/v2\/types\/page"}],"author":[{"embeddable":true,"href":"https:\/\/starsforeurope.com\/sl\/wp-json\/wp\/v2\/users\/24"}],"replies":[{"embeddable":true,"href":"https:\/\/starsforeurope.com\/sl\/wp-json\/wp\/v2\/comments?post=7260"}],"version-history":[{"count":4,"href":"https:\/\/starsforeurope.com\/sl\/wp-json\/wp\/v2\/pages\/7260\/revisions"}],"predecessor-version":[{"id":7406,"href":"https:\/\/starsforeurope.com\/sl\/wp-json\/wp\/v2\/pages\/7260\/revisions\/7406"}],"up":[{"embeddable":true,"href":"https:\/\/starsforeurope.com\/sl\/wp-json\/wp\/v2\/pages\/7254"}],"wp:featuredmedia":[{"embeddable":true,"href":"https:\/\/starsforeurope.com\/sl\/wp-json\/wp\/v2\/media\/4366"}],"wp:attachment":[{"href":"https:\/\/starsforeurope.com\/sl\/wp-json\/wp\/v2\/media?parent=7260"}],"curies":[{"name":"wp","href":"https:\/\/api.w.org\/{rel}","templated":true}]}}