{"id":7258,"date":"2025-08-07T23:45:14","date_gmt":"2025-08-07T21:45:14","guid":{"rendered":"https:\/\/starsforeurope.com\/sl\/?page_id=7258"},"modified":"2025-09-22T11:57:43","modified_gmt":"2025-09-22T09:57:43","slug":"jesenski-okraski-zeleno-zivljenje-pr","status":"publish","type":"page","link":"https:\/\/starsforeurope.com\/sl\/sporocila-za-javnost\/dekoracija-pr\/jesenski-okraski-zeleno-zivljenje-pr\/","title":{"rendered":"Bo\u017ei\u010dne zvezde v jesenski dekoraciji"},"content":{"rendered":"<main class=\"wp-block-group postimage-half wide-content is-layout-flow wp-block-group-is-layout-flow\" style=\"margin-top:var(--wp--preset--spacing--50)\">\n<div style=\"height:3rem\" aria-hidden=\"true\" class=\"wp-block-spacer\"><\/div>\n\n\n\n<div class=\"wp-block-query is-layout-flow wp-block-query-is-layout-flow\"><ul class=\"columns-2 wp-block-post-template is-layout-grid wp-container-core-post-template-is-layout-37ef2942 wp-block-post-template-is-layout-grid\"><li class=\"wp-block-post post-6836 press type-press status-publish has-post-thumbnail hentry press_cat-table-decoration press_cat-autumn-decor-houseplants press_cat-decoration-tips press_cat-cut-flower press_main-dekoracija press_main-jesenski-okraski-zeleno-zivljenje press_main-okraski-za-mizo press_main-sporocila-za-javnost\">\n<figure style=\"aspect-ratio:1;\" class=\"featuredimage wp-block-post-featured-image\"><a href=\"https:\/\/starsforeurope.com\/sl\/press\/za-obarvanje-notranjih-prostorov-in-razpolozenja-bozicne-zvezde-vnasajo-barvo-v-dolgocasne-jesenske-dni\/\" target=\"_self\"  ><img loading=\"lazy\" decoding=\"async\" width=\"875\" height=\"1050\" src=\"https:\/\/starsforeurope.com\/sl\/wp-content\/uploads\/sites\/28\/2023\/06\/2023_poinsettia_02000_Cottagecore_Charm_15.jpg\" class=\"attachment-post-thumbnail size-post-thumbnail wp-post-image\" alt=\"Za obarvanje notranjih prostorov in razpolo\u017eenja Bo\u017ei\u010dne zvezde vna\u0161ajo barvo v dolgo\u010dasne jesenske dni\" style=\"width:100%;height:100%;object-fit:cover;\" srcset=\"https:\/\/starsforeurope.com\/sl\/wp-content\/uploads\/sites\/28\/2023\/06\/2023_poinsettia_02000_Cottagecore_Charm_15.jpg 875w, https:\/\/starsforeurope.com\/sl\/wp-content\/uploads\/sites\/28\/2023\/06\/2023_poinsettia_02000_Cottagecore_Charm_15-250x300.jpg 250w, https:\/\/starsforeurope.com\/sl\/wp-content\/uploads\/sites\/28\/2023\/06\/2023_poinsettia_02000_Cottagecore_Charm_15-853x1024.jpg 853w, https:\/\/starsforeurope.com\/sl\/wp-content\/uploads\/sites\/28\/2023\/06\/2023_poinsettia_02000_Cottagecore_Charm_15-768x922.jpg 768w, https:\/\/starsforeurope.com\/sl\/wp-content\/uploads\/sites\/28\/2023\/06\/2023_poinsettia_02000_Cottagecore_Charm_15-563x675.jpg 563w\" sizes=\"auto, (max-width: 875px) 100vw, 875px\" \/><\/a><\/figure>\n\n<h3 class=\"wp-block-post-title\"><a href=\"https:\/\/starsforeurope.com\/sl\/press\/za-obarvanje-notranjih-prostorov-in-razpolozenja-bozicne-zvezde-vnasajo-barvo-v-dolgocasne-jesenske-dni\/\" target=\"_self\" >Za obarvanje notranjih prostorov in razpolo\u017eenja Bo\u017ei\u010dne zvezde vna\u0161ajo barvo v dolgo\u010dasne jesenske dni<\/a><\/h3>\n\n\n<div class=\"wp-block-group postmetaline is-nowrap is-layout-flex wp-container-core-group-is-layout-6c531013 wp-block-group-is-layout-flex\"><div class=\"wp-block-post-date\"><time datetime=\"2023-11-18T10:15:36+01:00\">18. novembra 2023<\/time><\/div>\n\n<\/div>\n\n\n<div class=\"wp-block-post-excerpt\"><p class=\"wp-block-post-excerpt__excerpt\">Bo\u017ei\u010dne zvezde so absolutne zvezde, ne le med adventom in bo\u017ei\u010dem. Te \u010dudovite rastline so zelo iskane tudi kot jesenski okras.<\/p><p class=\"wp-block-post-excerpt__more-text\"><a class=\"wp-block-post-excerpt__more-link\" href=\"https:\/\/starsforeurope.com\/sl\/press\/za-obarvanje-notranjih-prostorov-in-razpolozenja-bozicne-zvezde-vnasajo-barvo-v-dolgocasne-jesenske-dni\/\">Preberi ve\u010d<\/a><\/p><\/div>\n<\/li><\/ul>\n\n\n\n<\/div>\n\n\n\n<div style=\"height:3rem\" aria-hidden=\"true\" class=\"wp-block-spacer\"><\/div>\n<\/main>","protected":false},"excerpt":{"rendered":"<p>Drzno, toplo in nepri\u010dakovano \u2013 odkrijte, kako bo\u017ei\u010dne zvezde z bogatimi barvami in ustvarjalnimi aran\u017emaji vna\u0161ajo sezonski pridih v jesenske okrasne trende.<\/p>\n","protected":false},"author":24,"featured_media":4366,"parent":7254,"menu_order":0,"comment_status":"closed","ping_status":"closed","template":"two-column-press","meta":{"_acf_changed":false,"footnotes":""},"class_list":["post-7258","page","type-page","status-publish","has-post-thumbnail","hentry"],"acf":[],"_links":{"self":[{"href":"https:\/\/starsforeurope.com\/sl\/wp-json\/wp\/v2\/pages\/7258","targetHints":{"allow":["GET"]}}],"collection":[{"href":"https:\/\/starsforeurope.com\/sl\/wp-json\/wp\/v2\/pages"}],"about":[{"href":"https:\/\/starsforeurope.com\/sl\/wp-json\/wp\/v2\/types\/page"}],"author":[{"embeddable":true,"href":"https:\/\/starsforeurope.com\/sl\/wp-json\/wp\/v2\/users\/24"}],"replies":[{"embeddable":true,"href":"https:\/\/starsforeurope.com\/sl\/wp-json\/wp\/v2\/comments?post=7258"}],"version-history":[{"count":3,"href":"https:\/\/starsforeurope.com\/sl\/wp-json\/wp\/v2\/pages\/7258\/revisions"}],"predecessor-version":[{"id":7405,"href":"https:\/\/starsforeurope.com\/sl\/wp-json\/wp\/v2\/pages\/7258\/revisions\/7405"}],"up":[{"embeddable":true,"href":"https:\/\/starsforeurope.com\/sl\/wp-json\/wp\/v2\/pages\/7254"}],"wp:featuredmedia":[{"embeddable":true,"href":"https:\/\/starsforeurope.com\/sl\/wp-json\/wp\/v2\/media\/4366"}],"wp:attachment":[{"href":"https:\/\/starsforeurope.com\/sl\/wp-json\/wp\/v2\/media?parent=7258"}],"curies":[{"name":"wp","href":"https:\/\/api.w.org\/{rel}","templated":true}]}}