{"id":7256,"date":"2025-08-07T23:27:10","date_gmt":"2025-08-07T21:27:10","guid":{"rendered":"https:\/\/starsforeurope.com\/sl\/?page_id=7256"},"modified":"2025-09-22T11:56:25","modified_gmt":"2025-09-22T09:56:25","slug":"adventni-okraski-pr","status":"publish","type":"page","link":"https:\/\/starsforeurope.com\/sl\/sporocila-za-javnost\/dekoracija-pr\/adventni-okraski-pr\/","title":{"rendered":"Bo\u017ei\u010dne zvezde v adventni dekoraciji"},"content":{"rendered":"<main class=\"wp-block-group postimage-half wide-content is-layout-flow wp-block-group-is-layout-flow\" style=\"margin-top:var(--wp--preset--spacing--50)\">\n<div style=\"height:3rem\" aria-hidden=\"true\" class=\"wp-block-spacer\"><\/div>\n\n\n\n<div class=\"wp-block-query is-layout-flow wp-block-query-is-layout-flow\"><ul class=\"columns-2 wp-block-post-template is-layout-grid wp-container-core-post-template-is-layout-37ef2942 wp-block-post-template-is-layout-grid\"><li class=\"wp-block-post post-6934 press type-press status-publish has-post-thumbnail hentry press_cat-advent-decoration press_cat-table-decoration press_cat-gift-ideas press_cat-decoration-tips press_cat-winter-decor press_main-adventni-okraski press_main-dekoracija press_main-rezano-cvetje press_main-sporocila-za-javnost\">\n<figure style=\"aspect-ratio:1;\" class=\"featuredimage wp-block-post-featured-image\"><a href=\"https:\/\/starsforeurope.com\/sl\/press\/carobni-advent-z-bozicnimi-zvezdami-adventne-dekoracije-s-cvetlicami-ki-jih-lahko-naredite-doma\/\" target=\"_self\"  ><img loading=\"lazy\" decoding=\"async\" width=\"875\" height=\"1050\" src=\"https:\/\/starsforeurope.com\/sl\/wp-content\/uploads\/sites\/28\/2024\/11\/2024_Poinsettia_02000_Modern_Vintage_Fusion_02.jpg\" class=\"attachment-post-thumbnail size-post-thumbnail wp-post-image\" alt=\"\u010carobni advent z bo\u017ei\u010dnimi zvezdami. Adventne dekoracije s cvetlicami, ki jih lahko naredite doma\" style=\"width:100%;height:100%;object-fit:cover;\" srcset=\"https:\/\/starsforeurope.com\/sl\/wp-content\/uploads\/sites\/28\/2024\/11\/2024_Poinsettia_02000_Modern_Vintage_Fusion_02.jpg 875w, https:\/\/starsforeurope.com\/sl\/wp-content\/uploads\/sites\/28\/2024\/11\/2024_Poinsettia_02000_Modern_Vintage_Fusion_02-250x300.jpg 250w, https:\/\/starsforeurope.com\/sl\/wp-content\/uploads\/sites\/28\/2024\/11\/2024_Poinsettia_02000_Modern_Vintage_Fusion_02-853x1024.jpg 853w, https:\/\/starsforeurope.com\/sl\/wp-content\/uploads\/sites\/28\/2024\/11\/2024_Poinsettia_02000_Modern_Vintage_Fusion_02-768x922.jpg 768w, https:\/\/starsforeurope.com\/sl\/wp-content\/uploads\/sites\/28\/2024\/11\/2024_Poinsettia_02000_Modern_Vintage_Fusion_02-563x675.jpg 563w\" sizes=\"auto, (max-width: 875px) 100vw, 875px\" \/><\/a><\/figure>\n\n<h3 class=\"wp-block-post-title\"><a href=\"https:\/\/starsforeurope.com\/sl\/press\/carobni-advent-z-bozicnimi-zvezdami-adventne-dekoracije-s-cvetlicami-ki-jih-lahko-naredite-doma\/\" target=\"_self\" >\u010carobni advent z bo\u017ei\u010dnimi zvezdami. Adventne dekoracije s cvetlicami, ki jih lahko naredite doma<\/a><\/h3>\n\n\n<div class=\"wp-block-group postmetaline is-nowrap is-layout-flex wp-container-core-group-is-layout-6c531013 wp-block-group-is-layout-flex\"><div class=\"wp-block-post-date\"><time datetime=\"2024-11-14T08:14:47+01:00\">14. novembra 2024<\/time><\/div>\n\n<\/div>\n\n\n<div class=\"wp-block-post-excerpt\"><p class=\"wp-block-post-excerpt__excerpt\">Strokovnjaki pri Stars for Europe (SfE) predstavljajo vrsto adventnih dekoracij z bo\u017ei\u010dno zvezdo v razli\u010dnih stilih, ki jih je enostavno poustvariti.<\/p><p class=\"wp-block-post-excerpt__more-text\"><a class=\"wp-block-post-excerpt__more-link\" href=\"https:\/\/starsforeurope.com\/sl\/press\/carobni-advent-z-bozicnimi-zvezdami-adventne-dekoracije-s-cvetlicami-ki-jih-lahko-naredite-doma\/\">Preberi ve\u010d<\/a><\/p><\/div>\n<\/li><li class=\"wp-block-post post-5564 press type-press status-publish has-post-thumbnail hentry press_cat-advent-decoration press_cat-diy press_main-adventni-okraski press_main-dekoracija press_main-diy-upcycling press_main-sporocila-za-javnost\">\n<figure style=\"aspect-ratio:1;\" class=\"featuredimage wp-block-post-featured-image\"><a href=\"https:\/\/starsforeurope.com\/sl\/press\/kako-narediti-adventni-koledar-z-bozicno-zvezdo-odstevanje-do-bozica\/\" target=\"_self\"  ><img loading=\"lazy\" decoding=\"async\" width=\"875\" height=\"1050\" src=\"https:\/\/starsforeurope.com\/sl\/wp-content\/uploads\/sites\/28\/2022\/09\/2020_poinsettia_03000_Christmas_Blush.jpg\" class=\"attachment-post-thumbnail size-post-thumbnail wp-post-image\" alt=\"Kako narediti adventni koledar z bo\u017ei\u010dno zvezdo. Od\u0161tevanje do bo\u017ei\u010da\" style=\"width:100%;height:100%;object-fit:cover;\" srcset=\"https:\/\/starsforeurope.com\/sl\/wp-content\/uploads\/sites\/28\/2022\/09\/2020_poinsettia_03000_Christmas_Blush.jpg 875w, https:\/\/starsforeurope.com\/sl\/wp-content\/uploads\/sites\/28\/2022\/09\/2020_poinsettia_03000_Christmas_Blush-250x300.jpg 250w, https:\/\/starsforeurope.com\/sl\/wp-content\/uploads\/sites\/28\/2022\/09\/2020_poinsettia_03000_Christmas_Blush-853x1024.jpg 853w, https:\/\/starsforeurope.com\/sl\/wp-content\/uploads\/sites\/28\/2022\/09\/2020_poinsettia_03000_Christmas_Blush-768x922.jpg 768w, https:\/\/starsforeurope.com\/sl\/wp-content\/uploads\/sites\/28\/2022\/09\/2020_poinsettia_03000_Christmas_Blush-563x675.jpg 563w\" sizes=\"auto, (max-width: 875px) 100vw, 875px\" \/><\/a><\/figure>\n\n<h3 class=\"wp-block-post-title\"><a href=\"https:\/\/starsforeurope.com\/sl\/press\/kako-narediti-adventni-koledar-z-bozicno-zvezdo-odstevanje-do-bozica\/\" target=\"_self\" >Kako narediti adventni koledar z bo\u017ei\u010dno zvezdo. Od\u0161tevanje do bo\u017ei\u010da<\/a><\/h3>\n\n\n<div class=\"wp-block-group postmetaline is-nowrap is-layout-flex wp-container-core-group-is-layout-6c531013 wp-block-group-is-layout-flex\"><div class=\"wp-block-post-date\"><time datetime=\"2020-11-17T12:53:32+01:00\">17. novembra 2020<\/time><\/div>\n\n<\/div>\n\n\n<div class=\"wp-block-post-excerpt\"><p class=\"wp-block-post-excerpt__excerpt\">Adventni koledarji DIY so zelo priljubljeni. S poinsettiji postanejo \u0161e posebej lepi. Ponujamo vam dve ideji za dekorativne adventne koledarje s poinsettiji.<\/p><p class=\"wp-block-post-excerpt__more-text\"><a class=\"wp-block-post-excerpt__more-link\" href=\"https:\/\/starsforeurope.com\/sl\/press\/kako-narediti-adventni-koledar-z-bozicno-zvezdo-odstevanje-do-bozica\/\">Preberi ve\u010d<\/a><\/p><\/div>\n<\/li><\/ul>\n\n\n\n<\/div>\n\n\n\n<div style=\"height:3rem\" aria-hidden=\"true\" class=\"wp-block-spacer\"><\/div>\n<\/main>","protected":false},"excerpt":{"rendered":"<p>Ustvarite prazni\u010dno vzdu\u0161je z advetnimi okrasitvami z bo\u017ei\u010dno zvezdo. Poi\u0161\u010dite navdih za ven\u010dke, namizne dekoracije in o\u010darljive sezonske dodatke.<\/p>\n","protected":false},"author":24,"featured_media":4366,"parent":7254,"menu_order":0,"comment_status":"closed","ping_status":"closed","template":"two-column-press","meta":{"_acf_changed":false,"footnotes":""},"class_list":["post-7256","page","type-page","status-publish","has-post-thumbnail","hentry"],"acf":[],"_links":{"self":[{"href":"https:\/\/starsforeurope.com\/sl\/wp-json\/wp\/v2\/pages\/7256","targetHints":{"allow":["GET"]}}],"collection":[{"href":"https:\/\/starsforeurope.com\/sl\/wp-json\/wp\/v2\/pages"}],"about":[{"href":"https:\/\/starsforeurope.com\/sl\/wp-json\/wp\/v2\/types\/page"}],"author":[{"embeddable":true,"href":"https:\/\/starsforeurope.com\/sl\/wp-json\/wp\/v2\/users\/24"}],"replies":[{"embeddable":true,"href":"https:\/\/starsforeurope.com\/sl\/wp-json\/wp\/v2\/comments?post=7256"}],"version-history":[{"count":3,"href":"https:\/\/starsforeurope.com\/sl\/wp-json\/wp\/v2\/pages\/7256\/revisions"}],"predecessor-version":[{"id":7403,"href":"https:\/\/starsforeurope.com\/sl\/wp-json\/wp\/v2\/pages\/7256\/revisions\/7403"}],"up":[{"embeddable":true,"href":"https:\/\/starsforeurope.com\/sl\/wp-json\/wp\/v2\/pages\/7254"}],"wp:featuredmedia":[{"embeddable":true,"href":"https:\/\/starsforeurope.com\/sl\/wp-json\/wp\/v2\/media\/4366"}],"wp:attachment":[{"href":"https:\/\/starsforeurope.com\/sl\/wp-json\/wp\/v2\/media?parent=7256"}],"curies":[{"name":"wp","href":"https:\/\/api.w.org\/{rel}","templated":true}]}}