{"id":7252,"date":"2025-08-07T23:15:26","date_gmt":"2025-08-07T21:15:26","guid":{"rendered":"https:\/\/starsforeurope.com\/sl\/?page_id=7252"},"modified":"2025-09-22T12:12:26","modified_gmt":"2025-09-22T10:12:26","slug":"nega-pr","status":"publish","type":"page","link":"https:\/\/starsforeurope.com\/sl\/sporocila-za-javnost\/nega-pr\/","title":{"rendered":"Preberite, kako skrbeti za bo\u017ei\u010dne zvezde, da bodo bujno cvetele dlje \u010dasa"},"content":{"rendered":"<main class=\"wp-block-group postimage-half wide-content is-layout-flow wp-block-group-is-layout-flow\" style=\"margin-top:var(--wp--preset--spacing--50)\">\n<div style=\"height:3rem\" aria-hidden=\"true\" class=\"wp-block-spacer\"><\/div>\n\n\n\n<div class=\"wp-block-query is-layout-flow wp-block-query-is-layout-flow\"><ul class=\"columns-2 wp-block-post-template is-layout-grid wp-container-core-post-template-is-layout-37ef2942 wp-block-post-template-is-layout-grid\"><li class=\"wp-block-post post-5613 press type-press status-publish has-post-thumbnail hentry press_cat-care press_main-nega press_main-sporocila-za-javnost\">\n<figure style=\"aspect-ratio:1;\" class=\"featuredimage wp-block-post-featured-image\"><a href=\"https:\/\/starsforeurope.com\/sl\/press\/kako-pravilno-negovati-bozicno-zvezdo-nasveti-strokovnjakov-o-izbiri-in-negi\/\" target=\"_self\"  ><img loading=\"lazy\" decoding=\"async\" width=\"875\" height=\"1050\" src=\"https:\/\/starsforeurope.com\/sl\/wp-content\/uploads\/sites\/28\/2022\/09\/2020_poinsettia_01000_Christmas_Green_Spirit_301.jpg\" class=\"attachment-post-thumbnail size-post-thumbnail wp-post-image\" alt=\"Kako pravilno negovati bo\u017ei\u010dno zvezdo. Nasveti strokovnjakov o izbiri in negi\" style=\"width:100%;height:100%;object-fit:cover;\" srcset=\"https:\/\/starsforeurope.com\/sl\/wp-content\/uploads\/sites\/28\/2022\/09\/2020_poinsettia_01000_Christmas_Green_Spirit_301.jpg 875w, https:\/\/starsforeurope.com\/sl\/wp-content\/uploads\/sites\/28\/2022\/09\/2020_poinsettia_01000_Christmas_Green_Spirit_301-250x300.jpg 250w, https:\/\/starsforeurope.com\/sl\/wp-content\/uploads\/sites\/28\/2022\/09\/2020_poinsettia_01000_Christmas_Green_Spirit_301-853x1024.jpg 853w, https:\/\/starsforeurope.com\/sl\/wp-content\/uploads\/sites\/28\/2022\/09\/2020_poinsettia_01000_Christmas_Green_Spirit_301-768x922.jpg 768w, https:\/\/starsforeurope.com\/sl\/wp-content\/uploads\/sites\/28\/2022\/09\/2020_poinsettia_01000_Christmas_Green_Spirit_301-563x675.jpg 563w\" sizes=\"auto, (max-width: 875px) 100vw, 875px\" \/><\/a><\/figure>\n\n<h3 class=\"wp-block-post-title\"><a href=\"https:\/\/starsforeurope.com\/sl\/press\/kako-pravilno-negovati-bozicno-zvezdo-nasveti-strokovnjakov-o-izbiri-in-negi\/\" target=\"_self\" >Kako pravilno negovati bo\u017ei\u010dno zvezdo. Nasveti strokovnjakov o izbiri in negi<\/a><\/h3>\n\n\n<div class=\"wp-block-group postmetaline is-nowrap is-layout-flex wp-container-core-group-is-layout-6c531013 wp-block-group-is-layout-flex\"><div class=\"wp-block-post-date\"><time datetime=\"2020-09-23T09:59:15+02:00\">23. septembra 2020<\/time><\/div>\n\n<\/div>\n\n\n<div class=\"wp-block-post-excerpt\"><p class=\"wp-block-post-excerpt__excerpt\">Poinsettije so s svojimi pisanimi listi\u010di prava pa\u0161a za o\u010di. Nega rastlin je veliko manj zapletena, kot si mislite. Preberite, kako lahko njihova lepota traja ve\u010d tednov.<\/p><p class=\"wp-block-post-excerpt__more-text\"><a class=\"wp-block-post-excerpt__more-link\" href=\"https:\/\/starsforeurope.com\/sl\/press\/kako-pravilno-negovati-bozicno-zvezdo-nasveti-strokovnjakov-o-izbiri-in-negi\/\">Preberi ve\u010d<\/a><\/p><\/div>\n<\/li><\/ul>\n\n\n\n<\/div>\n\n\n\n<div style=\"height:3rem\" aria-hidden=\"true\" class=\"wp-block-spacer\"><\/div>\n<\/main>","protected":false},"excerpt":{"rendered":"<p>Z le nekaj preprostimi koraki lahko bo\u017ei\u010dne zvezde ohranite sve\u017ee dlje, kot si mislite. Upo\u0161tevajte na\u0161e nasvete za nego cveto\u010dih rastlin.<\/p>\n","protected":false},"author":24,"featured_media":4366,"parent":7,"menu_order":0,"comment_status":"closed","ping_status":"closed","template":"two-column-press","meta":{"_acf_changed":false,"footnotes":""},"class_list":["post-7252","page","type-page","status-publish","has-post-thumbnail","hentry"],"acf":[],"_links":{"self":[{"href":"https:\/\/starsforeurope.com\/sl\/wp-json\/wp\/v2\/pages\/7252","targetHints":{"allow":["GET"]}}],"collection":[{"href":"https:\/\/starsforeurope.com\/sl\/wp-json\/wp\/v2\/pages"}],"about":[{"href":"https:\/\/starsforeurope.com\/sl\/wp-json\/wp\/v2\/types\/page"}],"author":[{"embeddable":true,"href":"https:\/\/starsforeurope.com\/sl\/wp-json\/wp\/v2\/users\/24"}],"replies":[{"embeddable":true,"href":"https:\/\/starsforeurope.com\/sl\/wp-json\/wp\/v2\/comments?post=7252"}],"version-history":[{"count":3,"href":"https:\/\/starsforeurope.com\/sl\/wp-json\/wp\/v2\/pages\/7252\/revisions"}],"predecessor-version":[{"id":7413,"href":"https:\/\/starsforeurope.com\/sl\/wp-json\/wp\/v2\/pages\/7252\/revisions\/7413"}],"up":[{"embeddable":true,"href":"https:\/\/starsforeurope.com\/sl\/wp-json\/wp\/v2\/pages\/7"}],"wp:featuredmedia":[{"embeddable":true,"href":"https:\/\/starsforeurope.com\/sl\/wp-json\/wp\/v2\/media\/4366"}],"wp:attachment":[{"href":"https:\/\/starsforeurope.com\/sl\/wp-json\/wp\/v2\/media?parent=7252"}],"curies":[{"name":"wp","href":"https:\/\/api.w.org\/{rel}","templated":true}]}}