{"id":7250,"date":"2025-08-21T19:53:02","date_gmt":"2025-08-21T17:53:02","guid":{"rendered":"https:\/\/starsforeurope.com\/sl\/?page_id=7250"},"modified":"2025-09-22T12:29:18","modified_gmt":"2025-09-22T10:29:18","slug":"dobro-je-vedeti-pr","status":"publish","type":"page","link":"https:\/\/starsforeurope.com\/sl\/sporocila-za-javnost\/znanje-pr\/dobro-je-vedeti-pr\/","title":{"rendered":"Vse, kar morate vedeti o bo\u017ei\u010dnih zvezdah"},"content":{"rendered":"<main class=\"wp-block-group postimage-half wide-content is-layout-flow wp-block-group-is-layout-flow\" style=\"margin-top:var(--wp--preset--spacing--50)\">\n<div style=\"height:3rem\" aria-hidden=\"true\" class=\"wp-block-spacer\"><\/div>\n\n\n\n<div class=\"wp-block-query is-layout-flow wp-block-query-is-layout-flow\"><ul class=\"columns-2 wp-block-post-template is-layout-grid wp-container-core-post-template-is-layout-37ef2942 wp-block-post-template-is-layout-grid\"><li class=\"wp-block-post post-4979 press type-press status-publish has-post-thumbnail hentry press_cat-advent-decoration press_cat-christmas-tree-decorations press_cat-table-decoration press_cat-event press_cat-diy press_cat-decoration-tips press_cat-cut-flower press_main-dobro-je-vedeti press_main-sporocila-za-javnost press_main-znanje\">\n<figure style=\"aspect-ratio:1;\" class=\"featuredimage wp-block-post-featured-image\"><a href=\"https:\/\/starsforeurope.com\/sl\/press\/od-cudovito-rdece-do-pravljicno-bele-kako-se-bozicne-zvezde-elegantno-zlijejo-z-letosnjimi-barvnimi-trendi-predbozicnega-vzdusja\/\" target=\"_self\"  ><img loading=\"lazy\" decoding=\"async\" width=\"875\" height=\"1050\" src=\"https:\/\/starsforeurope.com\/sl\/wp-content\/uploads\/sites\/28\/2022\/09\/2021-poinsettia-05000-christmas-woodla.jpg\" class=\"attachment-post-thumbnail size-post-thumbnail wp-post-image\" alt=\"Od \u010dudovito rde\u010de do pravlji\u010dno bele \u2013 kako se bo\u017ei\u010dne zvezde elegantno zlijejo z leto\u0161njimi barvnimi trendi predbo\u017ei\u010dnega vzdu\u0161ja\" style=\"width:100%;height:100%;object-fit:cover;\" srcset=\"https:\/\/starsforeurope.com\/sl\/wp-content\/uploads\/sites\/28\/2022\/09\/2021-poinsettia-05000-christmas-woodla.jpg 875w, https:\/\/starsforeurope.com\/sl\/wp-content\/uploads\/sites\/28\/2022\/09\/2021-poinsettia-05000-christmas-woodla-250x300.jpg 250w, https:\/\/starsforeurope.com\/sl\/wp-content\/uploads\/sites\/28\/2022\/09\/2021-poinsettia-05000-christmas-woodla-853x1024.jpg 853w, https:\/\/starsforeurope.com\/sl\/wp-content\/uploads\/sites\/28\/2022\/09\/2021-poinsettia-05000-christmas-woodla-768x922.jpg 768w, https:\/\/starsforeurope.com\/sl\/wp-content\/uploads\/sites\/28\/2022\/09\/2021-poinsettia-05000-christmas-woodla-563x675.jpg 563w\" sizes=\"auto, (max-width: 875px) 100vw, 875px\" \/><\/a><\/figure>\n\n<h3 class=\"wp-block-post-title\"><a href=\"https:\/\/starsforeurope.com\/sl\/press\/od-cudovito-rdece-do-pravljicno-bele-kako-se-bozicne-zvezde-elegantno-zlijejo-z-letosnjimi-barvnimi-trendi-predbozicnega-vzdusja\/\" target=\"_self\" >Od \u010dudovito rde\u010de do pravlji\u010dno bele \u2013 kako se bo\u017ei\u010dne zvezde elegantno zlijejo z leto\u0161njimi barvnimi trendi predbo\u017ei\u010dnega vzdu\u0161ja<\/a><\/h3>\n\n\n<div class=\"wp-block-group postmetaline is-nowrap is-layout-flex wp-container-core-group-is-layout-6c531013 wp-block-group-is-layout-flex\"><div class=\"wp-block-post-date\"><time datetime=\"2021-07-11T09:58:00+02:00\">11. julija 2021<\/time><\/div>\n\n<\/div>\n\n\n<div class=\"wp-block-post-excerpt\"><p class=\"wp-block-post-excerpt__excerpt\">Naravna dekoracija je v trendu. Odkrijte namizne dekoracije, adventne ven\u010dke in sobne dekoracije, v katerih imajo klju\u010dno vlogo poinsettije in naravni materiali iz gozda.<\/p><p class=\"wp-block-post-excerpt__more-text\"><a class=\"wp-block-post-excerpt__more-link\" href=\"https:\/\/starsforeurope.com\/sl\/press\/od-cudovito-rdece-do-pravljicno-bele-kako-se-bozicne-zvezde-elegantno-zlijejo-z-letosnjimi-barvnimi-trendi-predbozicnega-vzdusja\/\">Preberi ve\u010d<\/a><\/p><\/div>\n<\/li><\/ul>\n\n\n\n<\/div>\n\n\n\n<div style=\"height:3rem\" aria-hidden=\"true\" class=\"wp-block-spacer\"><\/div>\n<\/main>","protected":false},"excerpt":{"rendered":"<p>Bo\u017ei\u010dne zvezde v sredi\u0161\u010du \u2013 od osnov nege do presenetljivih zanimivosti, ki vam bodo pomagale u\u017eivati v teh prazni\u010dnih rastlinah skozi vse leto.<\/p>\n","protected":false},"author":24,"featured_media":4366,"parent":7244,"menu_order":0,"comment_status":"closed","ping_status":"closed","template":"two-column-press","meta":{"_acf_changed":false,"footnotes":""},"class_list":["post-7250","page","type-page","status-publish","has-post-thumbnail","hentry"],"acf":[],"_links":{"self":[{"href":"https:\/\/starsforeurope.com\/sl\/wp-json\/wp\/v2\/pages\/7250","targetHints":{"allow":["GET"]}}],"collection":[{"href":"https:\/\/starsforeurope.com\/sl\/wp-json\/wp\/v2\/pages"}],"about":[{"href":"https:\/\/starsforeurope.com\/sl\/wp-json\/wp\/v2\/types\/page"}],"author":[{"embeddable":true,"href":"https:\/\/starsforeurope.com\/sl\/wp-json\/wp\/v2\/users\/24"}],"replies":[{"embeddable":true,"href":"https:\/\/starsforeurope.com\/sl\/wp-json\/wp\/v2\/comments?post=7250"}],"version-history":[{"count":4,"href":"https:\/\/starsforeurope.com\/sl\/wp-json\/wp\/v2\/pages\/7250\/revisions"}],"predecessor-version":[{"id":7417,"href":"https:\/\/starsforeurope.com\/sl\/wp-json\/wp\/v2\/pages\/7250\/revisions\/7417"}],"up":[{"embeddable":true,"href":"https:\/\/starsforeurope.com\/sl\/wp-json\/wp\/v2\/pages\/7244"}],"wp:featuredmedia":[{"embeddable":true,"href":"https:\/\/starsforeurope.com\/sl\/wp-json\/wp\/v2\/media\/4366"}],"wp:attachment":[{"href":"https:\/\/starsforeurope.com\/sl\/wp-json\/wp\/v2\/media?parent=7250"}],"curies":[{"name":"wp","href":"https:\/\/api.w.org\/{rel}","templated":true}]}}