{"id":7,"date":"2021-11-17T18:38:03","date_gmt":"2021-11-17T18:38:03","guid":{"rendered":"https:\/\/starsforeurope.com\/sl\/?page_id=7"},"modified":"2025-09-22T11:52:00","modified_gmt":"2025-09-22T09:52:00","slug":"sporocila-za-javnost","status":"publish","type":"page","link":"https:\/\/starsforeurope.com\/sl\/","title":{"rendered":"I\u0161\u010dete vsebine za medijske prispevke na temo ro\u017e?"},"content":{"rendered":"<main class=\"wp-block-group postimage-half wide-content is-layout-flow wp-block-group-is-layout-flow\" style=\"margin-top:var(--wp--preset--spacing--50)\">\n<div style=\"height:3rem\" aria-hidden=\"true\" class=\"wp-block-spacer\"><\/div>\n\n\n\n<div class=\"wp-block-query is-layout-flow wp-block-query-is-layout-flow\"><ul class=\"columns-2 wp-block-post-template is-layout-grid wp-container-core-post-template-is-layout-37ef2942 wp-block-post-template-is-layout-grid\"><li class=\"wp-block-post post-7476 press type-press status-publish has-post-thumbnail hentry press_cat-advent-decoration press_main-dekoracija press_main-sporocila-za-javnost\">\n<figure style=\"aspect-ratio:1;\" class=\"featuredimage wp-block-post-featured-image\"><a href=\"https:\/\/starsforeurope.com\/sl\/press\/podarite-toplino-barve-in-veselje-priljubljena-zimska-cvetlica-zasije-kot-darilo\/\" target=\"_self\"  ><img loading=\"lazy\" decoding=\"async\" width=\"875\" height=\"1050\" src=\"https:\/\/starsforeurope.com\/sl\/wp-content\/uploads\/sites\/28\/2025\/12\/2025_Poinsettia_03000_Traditional_Christmas_Spirit_12-1.jpg\" class=\"attachment-post-thumbnail size-post-thumbnail wp-post-image\" alt=\"Podarite toplino, barve in veselje. Priljubljena zimska cvetlica zasije kot darilo\" style=\"width:100%;height:100%;object-fit:cover;\" srcset=\"https:\/\/starsforeurope.com\/sl\/wp-content\/uploads\/sites\/28\/2025\/12\/2025_Poinsettia_03000_Traditional_Christmas_Spirit_12-1.jpg 875w, https:\/\/starsforeurope.com\/sl\/wp-content\/uploads\/sites\/28\/2025\/12\/2025_Poinsettia_03000_Traditional_Christmas_Spirit_12-1-250x300.jpg 250w, https:\/\/starsforeurope.com\/sl\/wp-content\/uploads\/sites\/28\/2025\/12\/2025_Poinsettia_03000_Traditional_Christmas_Spirit_12-1-853x1024.jpg 853w, https:\/\/starsforeurope.com\/sl\/wp-content\/uploads\/sites\/28\/2025\/12\/2025_Poinsettia_03000_Traditional_Christmas_Spirit_12-1-768x922.jpg 768w\" sizes=\"auto, (max-width: 875px) 100vw, 875px\" \/><\/a><\/figure>\n\n<h3 class=\"wp-block-post-title\"><a href=\"https:\/\/starsforeurope.com\/sl\/press\/podarite-toplino-barve-in-veselje-priljubljena-zimska-cvetlica-zasije-kot-darilo\/\" target=\"_self\" >Podarite toplino, barve in veselje. Priljubljena zimska cvetlica zasije kot darilo<\/a><\/h3>\n\n\n<div class=\"wp-block-group postmetaline is-nowrap is-layout-flex wp-container-core-group-is-layout-6c531013 wp-block-group-is-layout-flex\"><div class=\"wp-block-post-date\"><time datetime=\"2025-11-29T10:00:00+01:00\">29. novembra 2025<\/time><\/div>\n\n<\/div>\n\n\n<div class=\"wp-block-post-excerpt\"><p class=\"wp-block-post-excerpt__excerpt\">Pravilno zapakirana ali kot del kreativnega aran\u017emaja bo bo\u017ei\u010dna zvezda postala individualno, osebno darilo. Naj vas navdihne!<\/p><p class=\"wp-block-post-excerpt__more-text\"><a class=\"wp-block-post-excerpt__more-link\" href=\"https:\/\/starsforeurope.com\/sl\/press\/podarite-toplino-barve-in-veselje-priljubljena-zimska-cvetlica-zasije-kot-darilo\/\">Preberi ve\u010d<\/a><\/p><\/div>\n<\/li><li class=\"wp-block-post post-6934 press type-press status-publish has-post-thumbnail hentry press_cat-advent-decoration press_cat-table-decoration press_cat-gift-ideas press_cat-decoration-tips press_cat-winter-decor press_main-adventni-okraski press_main-dekoracija press_main-rezano-cvetje press_main-sporocila-za-javnost\">\n<figure style=\"aspect-ratio:1;\" class=\"featuredimage wp-block-post-featured-image\"><a href=\"https:\/\/starsforeurope.com\/sl\/press\/carobni-advent-z-bozicnimi-zvezdami-adventne-dekoracije-s-cvetlicami-ki-jih-lahko-naredite-doma\/\" target=\"_self\"  ><img loading=\"lazy\" decoding=\"async\" width=\"875\" height=\"1050\" src=\"https:\/\/starsforeurope.com\/sl\/wp-content\/uploads\/sites\/28\/2024\/11\/2024_Poinsettia_02000_Modern_Vintage_Fusion_02.jpg\" class=\"attachment-post-thumbnail size-post-thumbnail wp-post-image\" alt=\"\u010carobni advent z bo\u017ei\u010dnimi zvezdami. Adventne dekoracije s cvetlicami, ki jih lahko naredite doma\" style=\"width:100%;height:100%;object-fit:cover;\" srcset=\"https:\/\/starsforeurope.com\/sl\/wp-content\/uploads\/sites\/28\/2024\/11\/2024_Poinsettia_02000_Modern_Vintage_Fusion_02.jpg 875w, https:\/\/starsforeurope.com\/sl\/wp-content\/uploads\/sites\/28\/2024\/11\/2024_Poinsettia_02000_Modern_Vintage_Fusion_02-250x300.jpg 250w, https:\/\/starsforeurope.com\/sl\/wp-content\/uploads\/sites\/28\/2024\/11\/2024_Poinsettia_02000_Modern_Vintage_Fusion_02-853x1024.jpg 853w, https:\/\/starsforeurope.com\/sl\/wp-content\/uploads\/sites\/28\/2024\/11\/2024_Poinsettia_02000_Modern_Vintage_Fusion_02-768x922.jpg 768w, https:\/\/starsforeurope.com\/sl\/wp-content\/uploads\/sites\/28\/2024\/11\/2024_Poinsettia_02000_Modern_Vintage_Fusion_02-563x675.jpg 563w\" sizes=\"auto, (max-width: 875px) 100vw, 875px\" \/><\/a><\/figure>\n\n<h3 class=\"wp-block-post-title\"><a href=\"https:\/\/starsforeurope.com\/sl\/press\/carobni-advent-z-bozicnimi-zvezdami-adventne-dekoracije-s-cvetlicami-ki-jih-lahko-naredite-doma\/\" target=\"_self\" >\u010carobni advent z bo\u017ei\u010dnimi zvezdami. Adventne dekoracije s cvetlicami, ki jih lahko naredite doma<\/a><\/h3>\n\n\n<div class=\"wp-block-group postmetaline is-nowrap is-layout-flex wp-container-core-group-is-layout-6c531013 wp-block-group-is-layout-flex\"><div class=\"wp-block-post-date\"><time datetime=\"2024-11-14T08:14:47+01:00\">14. novembra 2024<\/time><\/div>\n\n<\/div>\n\n\n<div class=\"wp-block-post-excerpt\"><p class=\"wp-block-post-excerpt__excerpt\">Strokovnjaki pri Stars for Europe (SfE) predstavljajo vrsto adventnih dekoracij z bo\u017ei\u010dno zvezdo v razli\u010dnih stilih, ki jih je enostavno poustvariti.<\/p><p class=\"wp-block-post-excerpt__more-text\"><a class=\"wp-block-post-excerpt__more-link\" href=\"https:\/\/starsforeurope.com\/sl\/press\/carobni-advent-z-bozicnimi-zvezdami-adventne-dekoracije-s-cvetlicami-ki-jih-lahko-naredite-doma\/\">Preberi ve\u010d<\/a><\/p><\/div>\n<\/li><li class=\"wp-block-post post-6927 press type-press status-publish has-post-thumbnail hentry press_cat-advent-decoration press_cat-table-decoration press_cat-diy press_cat-decoration-tips press_main-dekoracija press_main-diy-upcycling press_main-okraski-za-bozicno-drevo press_main-sporocila-za-javnost\">\n<figure style=\"aspect-ratio:1;\" class=\"featuredimage wp-block-post-featured-image\"><a href=\"https:\/\/starsforeurope.com\/sl\/press\/bozicne-zvezde-zasijejo-v-praznicnem-casu-bozicne-zvezde-bozicnim-tradicijam-prinesejo-se-dodaten-car\/\" target=\"_self\"  ><img loading=\"lazy\" decoding=\"async\" width=\"875\" height=\"1050\" src=\"https:\/\/starsforeurope.com\/sl\/wp-content\/uploads\/sites\/28\/2024\/11\/2024_Poinsettia_04000_Cosy_Cottage_Charm_19.jpg\" class=\"attachment-post-thumbnail size-post-thumbnail wp-post-image\" alt=\"Bo\u017ei\u010dne zvezde zasijejo v prazni\u010dnem \u010dasu. Bo\u017ei\u010dne zvezde bo\u017ei\u010dnim tradicijam prinesejo \u0161e dodaten \u010dar\" style=\"width:100%;height:100%;object-fit:cover;\" srcset=\"https:\/\/starsforeurope.com\/sl\/wp-content\/uploads\/sites\/28\/2024\/11\/2024_Poinsettia_04000_Cosy_Cottage_Charm_19.jpg 875w, https:\/\/starsforeurope.com\/sl\/wp-content\/uploads\/sites\/28\/2024\/11\/2024_Poinsettia_04000_Cosy_Cottage_Charm_19-250x300.jpg 250w, https:\/\/starsforeurope.com\/sl\/wp-content\/uploads\/sites\/28\/2024\/11\/2024_Poinsettia_04000_Cosy_Cottage_Charm_19-853x1024.jpg 853w, https:\/\/starsforeurope.com\/sl\/wp-content\/uploads\/sites\/28\/2024\/11\/2024_Poinsettia_04000_Cosy_Cottage_Charm_19-768x922.jpg 768w, https:\/\/starsforeurope.com\/sl\/wp-content\/uploads\/sites\/28\/2024\/11\/2024_Poinsettia_04000_Cosy_Cottage_Charm_19-563x675.jpg 563w\" sizes=\"auto, (max-width: 875px) 100vw, 875px\" \/><\/a><\/figure>\n\n<h3 class=\"wp-block-post-title\"><a href=\"https:\/\/starsforeurope.com\/sl\/press\/bozicne-zvezde-zasijejo-v-praznicnem-casu-bozicne-zvezde-bozicnim-tradicijam-prinesejo-se-dodaten-car\/\" target=\"_self\" >Bo\u017ei\u010dne zvezde zasijejo v prazni\u010dnem \u010dasu. Bo\u017ei\u010dne zvezde bo\u017ei\u010dnim tradicijam prinesejo \u0161e dodaten \u010dar<\/a><\/h3>\n\n\n<div class=\"wp-block-group postmetaline is-nowrap is-layout-flex wp-container-core-group-is-layout-6c531013 wp-block-group-is-layout-flex\"><div class=\"wp-block-post-date\"><time datetime=\"2024-11-05T20:00:41+01:00\">05. novembra 2024<\/time><\/div>\n\n<\/div>\n\n\n<div class=\"wp-block-post-excerpt\"><p class=\"wp-block-post-excerpt__excerpt\">Odkrijte zgodovino poinsettie in se navdu\u0161ite nad tem, kako sodobne sorte popestrijo tradicionalne obi\u010daje in okraske.<\/p><p class=\"wp-block-post-excerpt__more-text\"><a class=\"wp-block-post-excerpt__more-link\" href=\"https:\/\/starsforeurope.com\/sl\/press\/bozicne-zvezde-zasijejo-v-praznicnem-casu-bozicne-zvezde-bozicnim-tradicijam-prinesejo-se-dodaten-car\/\">Preberi ve\u010d<\/a><\/p><\/div>\n<\/li><li class=\"wp-block-post post-6836 press type-press status-publish has-post-thumbnail hentry press_cat-table-decoration press_cat-autumn-decor-houseplants press_cat-decoration-tips press_cat-cut-flower press_main-dekoracija press_main-jesenski-okraski-zeleno-zivljenje press_main-okraski-za-mizo press_main-sporocila-za-javnost\">\n<figure style=\"aspect-ratio:1;\" class=\"featuredimage wp-block-post-featured-image\"><a href=\"https:\/\/starsforeurope.com\/sl\/press\/za-obarvanje-notranjih-prostorov-in-razpolozenja-bozicne-zvezde-vnasajo-barvo-v-dolgocasne-jesenske-dni\/\" target=\"_self\"  ><img loading=\"lazy\" decoding=\"async\" width=\"875\" height=\"1050\" src=\"https:\/\/starsforeurope.com\/sl\/wp-content\/uploads\/sites\/28\/2023\/06\/2023_poinsettia_02000_Cottagecore_Charm_15.jpg\" class=\"attachment-post-thumbnail size-post-thumbnail wp-post-image\" alt=\"Za obarvanje notranjih prostorov in razpolo\u017eenja Bo\u017ei\u010dne zvezde vna\u0161ajo barvo v dolgo\u010dasne jesenske dni\" style=\"width:100%;height:100%;object-fit:cover;\" srcset=\"https:\/\/starsforeurope.com\/sl\/wp-content\/uploads\/sites\/28\/2023\/06\/2023_poinsettia_02000_Cottagecore_Charm_15.jpg 875w, https:\/\/starsforeurope.com\/sl\/wp-content\/uploads\/sites\/28\/2023\/06\/2023_poinsettia_02000_Cottagecore_Charm_15-250x300.jpg 250w, https:\/\/starsforeurope.com\/sl\/wp-content\/uploads\/sites\/28\/2023\/06\/2023_poinsettia_02000_Cottagecore_Charm_15-853x1024.jpg 853w, https:\/\/starsforeurope.com\/sl\/wp-content\/uploads\/sites\/28\/2023\/06\/2023_poinsettia_02000_Cottagecore_Charm_15-768x922.jpg 768w, https:\/\/starsforeurope.com\/sl\/wp-content\/uploads\/sites\/28\/2023\/06\/2023_poinsettia_02000_Cottagecore_Charm_15-563x675.jpg 563w\" sizes=\"auto, (max-width: 875px) 100vw, 875px\" \/><\/a><\/figure>\n\n<h3 class=\"wp-block-post-title\"><a href=\"https:\/\/starsforeurope.com\/sl\/press\/za-obarvanje-notranjih-prostorov-in-razpolozenja-bozicne-zvezde-vnasajo-barvo-v-dolgocasne-jesenske-dni\/\" target=\"_self\" >Za obarvanje notranjih prostorov in razpolo\u017eenja Bo\u017ei\u010dne zvezde vna\u0161ajo barvo v dolgo\u010dasne jesenske dni<\/a><\/h3>\n\n\n<div class=\"wp-block-group postmetaline is-nowrap is-layout-flex wp-container-core-group-is-layout-6c531013 wp-block-group-is-layout-flex\"><div class=\"wp-block-post-date\"><time datetime=\"2023-11-18T10:15:36+01:00\">18. novembra 2023<\/time><\/div>\n\n<\/div>\n\n\n<div class=\"wp-block-post-excerpt\"><p class=\"wp-block-post-excerpt__excerpt\">Bo\u017ei\u010dne zvezde so absolutne zvezde, ne le med adventom in bo\u017ei\u010dem. Te \u010dudovite rastline so zelo iskane tudi kot jesenski okras.<\/p><p class=\"wp-block-post-excerpt__more-text\"><a class=\"wp-block-post-excerpt__more-link\" href=\"https:\/\/starsforeurope.com\/sl\/press\/za-obarvanje-notranjih-prostorov-in-razpolozenja-bozicne-zvezde-vnasajo-barvo-v-dolgocasne-jesenske-dni\/\">Preberi ve\u010d<\/a><\/p><\/div>\n<\/li><\/ul>\n\n<nav class=\"wp-block-query-pagination is-content-justification-center is-layout-flex wp-container-core-query-pagination-is-layout-a89b3969 wp-block-query-pagination-is-layout-flex\" aria-label=\"\u0160tevil\u010denje strani\">\n\n\n<div class=\"wp-block-query-pagination-numbers has-medium-font-size\"><span aria-current=\"page\" class=\"page-numbers current\">1<\/span>\n<a class=\"page-numbers\" href=\"?query-0-page=2\">2<\/a><\/div>\n\n<a href=\"\/sl\/wp-json\/wp\/v2\/pages\/7?query-0-page=2\" class=\"wp-block-query-pagination-next\">\u22b3<\/a>\n<\/nav>\n\n<\/div>\n\n\n\n<div style=\"height:3rem\" aria-hidden=\"true\" class=\"wp-block-spacer\"><\/div>\n<\/main>","protected":false},"excerpt":{"rendered":"<p>Zagotavljamo bogat nabor medijskih gradiv in visokoresolucijskih fotografij \u010dudovitih bo\u017ei\u010dnih zvezd. Zagotovo boste na\u0161li, kar i\u0161\u010dete.<\/p>\n","protected":false},"author":1,"featured_media":6813,"parent":0,"menu_order":0,"comment_status":"closed","ping_status":"closed","template":"two-column-press","meta":{"_acf_changed":false,"footnotes":""},"class_list":["post-7","page","type-page","status-publish","has-post-thumbnail","hentry"],"acf":[],"_links":{"self":[{"href":"https:\/\/starsforeurope.com\/sl\/wp-json\/wp\/v2\/pages\/7","targetHints":{"allow":["GET"]}}],"collection":[{"href":"https:\/\/starsforeurope.com\/sl\/wp-json\/wp\/v2\/pages"}],"about":[{"href":"https:\/\/starsforeurope.com\/sl\/wp-json\/wp\/v2\/types\/page"}],"author":[{"embeddable":true,"href":"https:\/\/starsforeurope.com\/sl\/wp-json\/wp\/v2\/users\/1"}],"replies":[{"embeddable":true,"href":"https:\/\/starsforeurope.com\/sl\/wp-json\/wp\/v2\/comments?post=7"}],"version-history":[{"count":29,"href":"https:\/\/starsforeurope.com\/sl\/wp-json\/wp\/v2\/pages\/7\/revisions"}],"predecessor-version":[{"id":7401,"href":"https:\/\/starsforeurope.com\/sl\/wp-json\/wp\/v2\/pages\/7\/revisions\/7401"}],"wp:featuredmedia":[{"embeddable":true,"href":"https:\/\/starsforeurope.com\/sl\/wp-json\/wp\/v2\/media\/6813"}],"wp:attachment":[{"href":"https:\/\/starsforeurope.com\/sl\/wp-json\/wp\/v2\/media?parent=7"}],"curies":[{"name":"wp","href":"https:\/\/api.w.org\/{rel}","templated":true}]}}