{"id":487,"date":"2021-12-17T12:27:34","date_gmt":"2021-12-17T12:27:34","guid":{"rendered":"https:\/\/starsforeurope.com\/sl\/?page_id=487"},"modified":"2025-08-07T22:19:01","modified_gmt":"2025-08-07T20:19:01","slug":"kolofon","status":"publish","type":"page","link":"https:\/\/starsforeurope.com\/sl\/kolofon\/","title":{"rendered":"Kolofon"},"content":{"rendered":"<div class=\"wp-block-columns is-layout-flex wp-container-core-columns-is-layout-28f84493 wp-block-columns-is-layout-flex\">\n<div class=\"wp-block-column is-layout-flow wp-block-column-is-layout-flow\">\n<h2 class=\"wp-block-heading\">Splo\u0161na politika zasebnosti<\/h2>\n\n<p>Odgovornost v skladu z nem\u0161ko zakonodajo nosi:<\/p>\n\n<p>Zvezde za Evropo GbR,\r<br>c\/o Zentralverband Gartenbau\r<br>Bornheimerstra\u00dfe 37,\r<br>53111 Bonn,\r<br>Nem\u010dija\r<br>Generalni direktor: : Leendert Hoogendoorn \/ Evropsko projektno vodenje:\r<br>Dr. Susanne Lux<\/p>\n\n<p>Telefon: + 49 2644 981333\r<br>E-po\u0161tni naslov: susanne.lux(at)meclux.de<\/p>\n\n<p>ID za DDV: DE815617238\r<br>Dav\u010dna \u0161tevilka: 206\/5802\/0875<\/p>\n<\/div>\n\n<\/div>","protected":false},"excerpt":{"rendered":"<p>Splo\u0161na politika zasebnosti Odgovornost v skladu z nem\u0161ko zakonodajo nosi: Zvezde za Evropo GbR, c\/o Zentralverband Gartenbau Bornheimerstra\u00dfe 37, 53111 Bonn, Nem\u010dija Generalni direktor: : Leendert Hoogendoorn \/ Evropsko projektno vodenje: Dr. Susanne Lux Telefon: + 49 2644 981333 E-po\u0161tni naslov: susanne.lux(at)meclux.de ID za DDV: DE815617238 Dav\u010dna \u0161tevilka: 206\/5802\/0875<\/p>\n","protected":false},"author":1,"featured_media":0,"parent":0,"menu_order":0,"comment_status":"closed","ping_status":"closed","template":"simple-post-no-header-image","meta":{"_acf_changed":false,"footnotes":""},"class_list":["post-487","page","type-page","status-publish","hentry"],"acf":[],"_links":{"self":[{"href":"https:\/\/starsforeurope.com\/sl\/wp-json\/wp\/v2\/pages\/487","targetHints":{"allow":["GET"]}}],"collection":[{"href":"https:\/\/starsforeurope.com\/sl\/wp-json\/wp\/v2\/pages"}],"about":[{"href":"https:\/\/starsforeurope.com\/sl\/wp-json\/wp\/v2\/types\/page"}],"author":[{"embeddable":true,"href":"https:\/\/starsforeurope.com\/sl\/wp-json\/wp\/v2\/users\/1"}],"replies":[{"embeddable":true,"href":"https:\/\/starsforeurope.com\/sl\/wp-json\/wp\/v2\/comments?post=487"}],"version-history":[{"count":22,"href":"https:\/\/starsforeurope.com\/sl\/wp-json\/wp\/v2\/pages\/487\/revisions"}],"predecessor-version":[{"id":7234,"href":"https:\/\/starsforeurope.com\/sl\/wp-json\/wp\/v2\/pages\/487\/revisions\/7234"}],"wp:attachment":[{"href":"https:\/\/starsforeurope.com\/sl\/wp-json\/wp\/v2\/media?parent=487"}],"curies":[{"name":"wp","href":"https:\/\/api.w.org\/{rel}","templated":true}]}}