{"id":7459,"date":"2025-07-15T08:41:56","date_gmt":"2025-07-15T06:41:56","guid":{"rendered":"https:\/\/starsforeurope.com\/sk\/?page_id=7459"},"modified":"2025-07-15T13:55:53","modified_gmt":"2025-07-15T11:55:53","slug":"dekoracie-na-stol-pr","status":"publish","type":"page","link":"https:\/\/starsforeurope.com\/sk\/tlacove-spravy\/dekoracie-pr\/dekoracie-na-stol-pr\/","title":{"rendered":"Dekor\u00e1cie na st\u00f4l s viano\u010dn\u00e9 ru\u017ee"},"content":{"rendered":"<main class=\"wp-block-group postimage-half wide-content is-layout-flow wp-block-group-is-layout-flow\" style=\"margin-top:var(--wp--preset--spacing--50)\">\n<div style=\"height:3rem\" aria-hidden=\"true\" class=\"wp-block-spacer\"><\/div>\n\n\n\n<div class=\"wp-block-query is-layout-flow wp-block-query-is-layout-flow\"><ul class=\"columns-2 wp-block-post-template is-layout-grid wp-container-core-post-template-is-layout-37ef2942 wp-block-post-template-is-layout-grid\"><li class=\"wp-block-post post-7581 press type-press status-publish has-post-thumbnail hentry press_cat-table-decoration press_main-dekoracie press_main-dekoracie-na-stol press_main-tlacove-spravy\">\n<figure style=\"aspect-ratio:1;\" class=\"featuredimage wp-block-post-featured-image\"><a href=\"https:\/\/starsforeurope.com\/sk\/press\/stolovanie-v-stylovom-prevedeni-vsestranne-dekoracie-na-stol-s-vianocnymi-ruzami\/\" target=\"_self\"  ><img loading=\"lazy\" decoding=\"async\" width=\"875\" height=\"1050\" src=\"https:\/\/starsforeurope.com\/sk\/wp-content\/uploads\/sites\/19\/2025\/07\/2025_Poinsettia_01000_Nordic_Winter_Charm_08.jpg\" class=\"attachment-post-thumbnail size-post-thumbnail wp-post-image\" alt=\"Stolovanie v\u00a0\u0161t\u00fdlovom preveden\u00ed. V\u0161estrann\u00e9 dekor\u00e1cie na st\u00f4l s viano\u010dn\u00fdmi ru\u017eami\u00a0\" style=\"width:100%;height:100%;object-fit:cover;\" srcset=\"https:\/\/starsforeurope.com\/sk\/wp-content\/uploads\/sites\/19\/2025\/07\/2025_Poinsettia_01000_Nordic_Winter_Charm_08.jpg 875w, https:\/\/starsforeurope.com\/sk\/wp-content\/uploads\/sites\/19\/2025\/07\/2025_Poinsettia_01000_Nordic_Winter_Charm_08-250x300.jpg 250w, https:\/\/starsforeurope.com\/sk\/wp-content\/uploads\/sites\/19\/2025\/07\/2025_Poinsettia_01000_Nordic_Winter_Charm_08-853x1024.jpg 853w, https:\/\/starsforeurope.com\/sk\/wp-content\/uploads\/sites\/19\/2025\/07\/2025_Poinsettia_01000_Nordic_Winter_Charm_08-768x922.jpg 768w\" sizes=\"auto, (max-width: 875px) 100vw, 875px\" \/><\/a><\/figure>\n\n<h3 class=\"wp-block-post-title\"><a href=\"https:\/\/starsforeurope.com\/sk\/press\/stolovanie-v-stylovom-prevedeni-vsestranne-dekoracie-na-stol-s-vianocnymi-ruzami\/\" target=\"_self\" >Stolovanie v\u00a0\u0161t\u00fdlovom preveden\u00ed. V\u0161estrann\u00e9 dekor\u00e1cie na st\u00f4l s viano\u010dn\u00fdmi ru\u017eami\u00a0<\/a><\/h3>\n\n\n<div class=\"wp-block-group postmetaline is-nowrap is-layout-flex wp-container-core-group-is-layout-6c531013 wp-block-group-is-layout-flex\"><div class=\"wp-block-post-date\"><time datetime=\"2025-11-10T08:00:00+01:00\">10. novembra 2025<\/time><\/div>\n\n<\/div>\n\n\n<div class=\"wp-block-post-excerpt\"><p class=\"wp-block-post-excerpt__excerpt\">Udr\u017eate\u013en\u00e9, hrav\u00e9, ale aj elegantn\u00e9 \u2013 prestret\u00fd st\u00f4l s viano\u010dn\u00fdmi ru\u017eami v p\u00fatav\u00fdch dekor\u00e1ci\u00e1ch. Objavte nov\u00e9 n\u00e1pady na v\u00fdzdobu pre v\u00e1\u0161 sviato\u010dn\u00fd st\u00f4l.<\/p><p class=\"wp-block-post-excerpt__more-text\"><a class=\"wp-block-post-excerpt__more-link\" href=\"https:\/\/starsforeurope.com\/sk\/press\/stolovanie-v-stylovom-prevedeni-vsestranne-dekoracie-na-stol-s-vianocnymi-ruzami\/\">Pre\u010d\u00edtajte si viac<\/a><\/p><\/div>\n<\/li><li class=\"wp-block-post post-5024 press type-press status-publish has-post-thumbnail hentry press_cat-care press_main-dekoracie press_main-dekoracie-na-stol press_main-tlacove-spravy press_main-urob-si-sam-upcyklaciami\">\n<figure style=\"aspect-ratio:1;\" class=\"featuredimage wp-block-post-featured-image\"><a href=\"https:\/\/starsforeurope.com\/sk\/press\/dekoracie-na-stol-s-vyuzitim-vianocnych-ruzi-kvetinovy-vianocny-stol-v-roznych-styloch\/\" target=\"_self\"  ><img loading=\"lazy\" decoding=\"async\" width=\"875\" height=\"1050\" src=\"https:\/\/starsforeurope.com\/sk\/wp-content\/uploads\/sites\/19\/2024\/11\/2024_Poinsettia_02000_Modern_Vintage_Fusion_03.jpg\" class=\"attachment-post-thumbnail size-post-thumbnail wp-post-image\" alt=\"Dekor\u00e1cie na st\u00f4l s vyu\u017eit\u00edm viano\u010dn\u00fdch ru\u017e\u00ed. Kvetinov\u00fd viano\u010dn\u00fd st\u00f4l v r\u00f4znych \u0161t\u00fdloch\" style=\"width:100%;height:100%;object-fit:cover;\" srcset=\"https:\/\/starsforeurope.com\/sk\/wp-content\/uploads\/sites\/19\/2024\/11\/2024_Poinsettia_02000_Modern_Vintage_Fusion_03.jpg 875w, https:\/\/starsforeurope.com\/sk\/wp-content\/uploads\/sites\/19\/2024\/11\/2024_Poinsettia_02000_Modern_Vintage_Fusion_03-250x300.jpg 250w, https:\/\/starsforeurope.com\/sk\/wp-content\/uploads\/sites\/19\/2024\/11\/2024_Poinsettia_02000_Modern_Vintage_Fusion_03-853x1024.jpg 853w, https:\/\/starsforeurope.com\/sk\/wp-content\/uploads\/sites\/19\/2024\/11\/2024_Poinsettia_02000_Modern_Vintage_Fusion_03-768x922.jpg 768w, https:\/\/starsforeurope.com\/sk\/wp-content\/uploads\/sites\/19\/2024\/11\/2024_Poinsettia_02000_Modern_Vintage_Fusion_03-563x675.jpg 563w\" sizes=\"auto, (max-width: 875px) 100vw, 875px\" \/><\/a><\/figure>\n\n<h3 class=\"wp-block-post-title\"><a href=\"https:\/\/starsforeurope.com\/sk\/press\/dekoracie-na-stol-s-vyuzitim-vianocnych-ruzi-kvetinovy-vianocny-stol-v-roznych-styloch\/\" target=\"_self\" >Dekor\u00e1cie na st\u00f4l s vyu\u017eit\u00edm viano\u010dn\u00fdch ru\u017e\u00ed. Kvetinov\u00fd viano\u010dn\u00fd st\u00f4l v r\u00f4znych \u0161t\u00fdloch<\/a><\/h3>\n\n\n<div class=\"wp-block-group postmetaline is-nowrap is-layout-flex wp-container-core-group-is-layout-6c531013 wp-block-group-is-layout-flex\"><div class=\"wp-block-post-date\"><time datetime=\"2024-11-26T07:00:03+01:00\">26. novembra 2024<\/time><\/div>\n\n<\/div>\n\n\n<div class=\"wp-block-post-excerpt\"><p class=\"wp-block-post-excerpt__excerpt\">Viano\u010dn\u00e9 ru\u017ee m\u00f4\u017eete pou\u017ei\u0165 ako elegantn\u00fa v\u00fdzdobu \u0161tedrove\u010dern\u00e9ho stola, ale hodia sa na st\u00f4l aj k ra\u0148ajk\u00e1m \u010di k\u00e1ve. Nechajte sa in\u0161pirova\u0165 na\u0161imi dekor\u00e1ciami na st\u00f4l na ka\u017ed\u00fa pr\u00edle\u017eitos\u0165.<\/p><p class=\"wp-block-post-excerpt__more-text\"><a class=\"wp-block-post-excerpt__more-link\" href=\"https:\/\/starsforeurope.com\/sk\/press\/dekoracie-na-stol-s-vyuzitim-vianocnych-ruzi-kvetinovy-vianocny-stol-v-roznych-styloch\/\">Pre\u010d\u00edtajte si viac<\/a><\/p><\/div>\n<\/li><li class=\"wp-block-post post-5033 press type-press status-publish has-post-thumbnail hentry press_cat-history press_cat-decoration-tips press_cat-diy press_main-dekoracie press_main-dekoracie-na-stol press_main-tlacove-spravy press_main-urob-si-sam-upcyklaciami\">\n<figure style=\"aspect-ratio:1;\" class=\"featuredimage wp-block-post-featured-image\"><a href=\"https:\/\/starsforeurope.com\/sk\/press\/vianocne-ruze-spate-s-vianocami-tieto-zimne-krasky-dodavaju-iskru-vianocnym-tradiciam\/\" target=\"_self\"  ><img loading=\"lazy\" decoding=\"async\" width=\"875\" height=\"1050\" src=\"https:\/\/starsforeurope.com\/sk\/wp-content\/uploads\/sites\/19\/2024\/11\/2024_Poinsettia_03000_Country_Chic_in_Blue_01.jpg\" class=\"attachment-post-thumbnail size-post-thumbnail wp-post-image\" alt=\"Viano\u010dn\u00e9 ru\u017ee sp\u00e4t\u00e9 s Vianocami. Tieto zimn\u00e9 kr\u00e1sky dod\u00e1vaj\u00fa iskru viano\u010dn\u00fdm trad\u00edci\u00e1m\" style=\"width:100%;height:100%;object-fit:cover;\" srcset=\"https:\/\/starsforeurope.com\/sk\/wp-content\/uploads\/sites\/19\/2024\/11\/2024_Poinsettia_03000_Country_Chic_in_Blue_01.jpg 875w, https:\/\/starsforeurope.com\/sk\/wp-content\/uploads\/sites\/19\/2024\/11\/2024_Poinsettia_03000_Country_Chic_in_Blue_01-250x300.jpg 250w, https:\/\/starsforeurope.com\/sk\/wp-content\/uploads\/sites\/19\/2024\/11\/2024_Poinsettia_03000_Country_Chic_in_Blue_01-853x1024.jpg 853w, https:\/\/starsforeurope.com\/sk\/wp-content\/uploads\/sites\/19\/2024\/11\/2024_Poinsettia_03000_Country_Chic_in_Blue_01-768x922.jpg 768w, https:\/\/starsforeurope.com\/sk\/wp-content\/uploads\/sites\/19\/2024\/11\/2024_Poinsettia_03000_Country_Chic_in_Blue_01-563x675.jpg 563w\" sizes=\"auto, (max-width: 875px) 100vw, 875px\" \/><\/a><\/figure>\n\n<h3 class=\"wp-block-post-title\"><a href=\"https:\/\/starsforeurope.com\/sk\/press\/vianocne-ruze-spate-s-vianocami-tieto-zimne-krasky-dodavaju-iskru-vianocnym-tradiciam\/\" target=\"_self\" >Viano\u010dn\u00e9 ru\u017ee sp\u00e4t\u00e9 s Vianocami. Tieto zimn\u00e9 kr\u00e1sky dod\u00e1vaj\u00fa iskru viano\u010dn\u00fdm trad\u00edci\u00e1m<\/a><\/h3>\n\n\n<div class=\"wp-block-group postmetaline is-nowrap is-layout-flex wp-container-core-group-is-layout-6c531013 wp-block-group-is-layout-flex\"><div class=\"wp-block-post-date\"><time datetime=\"2024-10-16T10:22:39+02:00\">16. okt\u00f3bra 2024<\/time><\/div>\n\n<\/div>\n\n\n<div class=\"wp-block-post-excerpt\"><p class=\"wp-block-post-excerpt__excerpt\">Objavte hist\u00f3riu viano\u010dn\u00fdch ru\u017e\u00ed a pozrite sa, ako m\u00f4\u017eu ich modern\u00e9 odrody doda\u0165 nov\u00fa iskru tradi\u010dn\u00fdm zvyklostiam a dekor\u00e1ci\u00e1m<\/p><p class=\"wp-block-post-excerpt__more-text\"><a class=\"wp-block-post-excerpt__more-link\" href=\"https:\/\/starsforeurope.com\/sk\/press\/vianocne-ruze-spate-s-vianocami-tieto-zimne-krasky-dodavaju-iskru-vianocnym-tradiciam\/\">Pre\u010d\u00edtajte si viac<\/a><\/p><\/div>\n<\/li><li class=\"wp-block-post post-6947 press type-press status-publish has-post-thumbnail hentry press_cat-advent-decoration press_cat-table-decoration press_cat-christmas-tree-decorations press_main-dekoracie press_main-dekoracie-na-stol press_main-rezane-kvety press_main-tlacove-spravy\">\n<figure style=\"aspect-ratio:1;\" class=\"featuredimage wp-block-post-featured-image\"><a href=\"https:\/\/starsforeurope.com\/sk\/press\/vianoce-sa-blizia-tipy-a-napady-na-stolove-dekoracie-s-vianocnymi-ruzami\/\" target=\"_self\"  ><img loading=\"lazy\" decoding=\"async\" width=\"875\" height=\"1050\" src=\"https:\/\/starsforeurope.com\/sk\/wp-content\/uploads\/sites\/19\/2023\/10\/2023_poinsettia_01000_Jewels_of_Nature_07.jpg\" class=\"attachment-post-thumbnail size-post-thumbnail wp-post-image\" alt=\"Vianoce sa bl\u00ed\u017eia! Tipy a n\u00e1pady na stolov\u00e9 dekor\u00e1cie s viano\u010dn\u00fdmi ru\u017eami\" style=\"width:100%;height:100%;object-fit:cover;\" srcset=\"https:\/\/starsforeurope.com\/sk\/wp-content\/uploads\/sites\/19\/2023\/10\/2023_poinsettia_01000_Jewels_of_Nature_07.jpg 875w, https:\/\/starsforeurope.com\/sk\/wp-content\/uploads\/sites\/19\/2023\/10\/2023_poinsettia_01000_Jewels_of_Nature_07-250x300.jpg 250w, https:\/\/starsforeurope.com\/sk\/wp-content\/uploads\/sites\/19\/2023\/10\/2023_poinsettia_01000_Jewels_of_Nature_07-853x1024.jpg 853w, https:\/\/starsforeurope.com\/sk\/wp-content\/uploads\/sites\/19\/2023\/10\/2023_poinsettia_01000_Jewels_of_Nature_07-768x922.jpg 768w, https:\/\/starsforeurope.com\/sk\/wp-content\/uploads\/sites\/19\/2023\/10\/2023_poinsettia_01000_Jewels_of_Nature_07-563x675.jpg 563w\" sizes=\"auto, (max-width: 875px) 100vw, 875px\" \/><\/a><\/figure>\n\n<h3 class=\"wp-block-post-title\"><a href=\"https:\/\/starsforeurope.com\/sk\/press\/vianoce-sa-blizia-tipy-a-napady-na-stolove-dekoracie-s-vianocnymi-ruzami\/\" target=\"_self\" >Vianoce sa bl\u00ed\u017eia! Tipy a n\u00e1pady na stolov\u00e9 dekor\u00e1cie s viano\u010dn\u00fdmi ru\u017eami<\/a><\/h3>\n\n\n<div class=\"wp-block-group postmetaline is-nowrap is-layout-flex wp-container-core-group-is-layout-6c531013 wp-block-group-is-layout-flex\"><div class=\"wp-block-post-date\"><time datetime=\"2023-11-21T07:00:00+01:00\">21. novembra 2023<\/time><\/div>\n\n<\/div>\n\n\n<div class=\"wp-block-post-excerpt\"><p class=\"wp-block-post-excerpt__excerpt\">V\u010faka svojim kr\u00e1snym listom s\u00fa viano\u010dn\u00e9 ru\u017ee dokonalou dekor\u00e1ciou stola. Prin\u00e1\u0161ame v\u00e1m nov\u00e9 tipy a n\u00e1pady na stolov\u00e9 dekor\u00e1cie s t\u00fdmito v\u0161estrann\u00fdmi kvetmi.<\/p><p class=\"wp-block-post-excerpt__more-text\"><a class=\"wp-block-post-excerpt__more-link\" href=\"https:\/\/starsforeurope.com\/sk\/press\/vianoce-sa-blizia-tipy-a-napady-na-stolove-dekoracie-s-vianocnymi-ruzami\/\">Pre\u010d\u00edtajte si viac<\/a><\/p><\/div>\n<\/li><\/ul>\n\n<nav class=\"wp-block-query-pagination is-content-justification-center is-layout-flex wp-container-core-query-pagination-is-layout-a89b3969 wp-block-query-pagination-is-layout-flex\" aria-label=\"Str\u00e1nkovanie\">\n\n\n<div class=\"wp-block-query-pagination-numbers has-medium-font-size\"><span aria-current=\"page\" class=\"page-numbers current\">1<\/span>\n<a class=\"page-numbers\" href=\"?query-0-page=2\">2<\/a><\/div>\n\n<a href=\"\/sk\/wp-json\/wp\/v2\/pages\/7459?query-0-page=2\" class=\"wp-block-query-pagination-next\">\u22b3<\/a>\n<\/nav>\n\n<\/div>\n\n\n\n<div style=\"height:3rem\" aria-hidden=\"true\" class=\"wp-block-spacer\"><\/div>\n<\/main>","protected":false},"excerpt":{"rendered":"<p>Preme\u0148te svoj jed\u00e1lensk\u00fd st\u00f4l pomocou elegantn\u00fdch akcentov z viano\u010dn\u00e9 ru\u017ee, ktor\u00e9 vnes\u00fa do ka\u017ed\u00e9ho jedla sviato\u010dn\u00e9 teplo a \u0161t\u00fdl.<\/p>\n","protected":false},"author":26,"featured_media":4366,"parent":7430,"menu_order":0,"comment_status":"closed","ping_status":"closed","template":"two-column-press","meta":{"_acf_changed":false,"footnotes":""},"class_list":["post-7459","page","type-page","status-publish","has-post-thumbnail","hentry"],"acf":[],"_links":{"self":[{"href":"https:\/\/starsforeurope.com\/sk\/wp-json\/wp\/v2\/pages\/7459","targetHints":{"allow":["GET"]}}],"collection":[{"href":"https:\/\/starsforeurope.com\/sk\/wp-json\/wp\/v2\/pages"}],"about":[{"href":"https:\/\/starsforeurope.com\/sk\/wp-json\/wp\/v2\/types\/page"}],"author":[{"embeddable":true,"href":"https:\/\/starsforeurope.com\/sk\/wp-json\/wp\/v2\/users\/26"}],"replies":[{"embeddable":true,"href":"https:\/\/starsforeurope.com\/sk\/wp-json\/wp\/v2\/comments?post=7459"}],"version-history":[{"count":2,"href":"https:\/\/starsforeurope.com\/sk\/wp-json\/wp\/v2\/pages\/7459\/revisions"}],"predecessor-version":[{"id":7484,"href":"https:\/\/starsforeurope.com\/sk\/wp-json\/wp\/v2\/pages\/7459\/revisions\/7484"}],"up":[{"embeddable":true,"href":"https:\/\/starsforeurope.com\/sk\/wp-json\/wp\/v2\/pages\/7430"}],"wp:featuredmedia":[{"embeddable":true,"href":"https:\/\/starsforeurope.com\/sk\/wp-json\/wp\/v2\/media\/4366"}],"wp:attachment":[{"href":"https:\/\/starsforeurope.com\/sk\/wp-json\/wp\/v2\/media?parent=7459"}],"curies":[{"name":"wp","href":"https:\/\/api.w.org\/{rel}","templated":true}]}}