{"id":7456,"date":"2025-07-14T14:58:12","date_gmt":"2025-07-14T12:58:12","guid":{"rendered":"https:\/\/starsforeurope.com\/sk\/?page_id=7456"},"modified":"2025-09-23T16:19:16","modified_gmt":"2025-09-23T14:19:16","slug":"napady-na-darceky-pr","status":"publish","type":"page","link":"https:\/\/starsforeurope.com\/sk\/tlacove-spravy\/dekoracie-pr\/napady-na-darceky-pr\/","title":{"rendered":"N\u00e1pady na dar\u010deky s viano\u010dn\u00fdmi ru\u017eami"},"content":{"rendered":"<main class=\"wp-block-group postimage-half wide-content is-layout-flow wp-block-group-is-layout-flow\" style=\"margin-top:var(--wp--preset--spacing--50)\">\n<div style=\"height:3rem\" aria-hidden=\"true\" class=\"wp-block-spacer\"><\/div>\n\n\n\n<div class=\"wp-block-query is-layout-flow wp-block-query-is-layout-flow\"><ul class=\"columns-2 wp-block-post-template is-layout-grid wp-container-core-post-template-is-layout-37ef2942 wp-block-post-template-is-layout-grid\"><li class=\"wp-block-post post-5039 press type-press status-publish has-post-thumbnail hentry press_cat-gift-ideas press_cat-diy press_main-dekoracie press_main-napady-na-darceky press_main-tlacove-spravy press_main-urob-si-sam-upcyklaciami\">\n<figure style=\"aspect-ratio:1;\" class=\"featuredimage wp-block-post-featured-image\"><a href=\"https:\/\/starsforeurope.com\/sk\/press\/povedzte-to-hviezdami-tipy-na-darceky-a-balenie-darcekov-s-vianocnymi-ruzami\/\" target=\"_self\"  ><img loading=\"lazy\" decoding=\"async\" width=\"875\" height=\"1050\" src=\"https:\/\/starsforeurope.com\/sk\/wp-content\/uploads\/sites\/19\/2022\/08\/2022-poinsettia-02000-urban-loft-christmas-15.jpg\" class=\"attachment-post-thumbnail size-post-thumbnail wp-post-image\" alt=\"Povedzte to hviezdami. Tipy na dar\u010deky a balenie dar\u010dekov s viano\u010dn\u00fdmi ru\u017eami\" style=\"width:100%;height:100%;object-fit:cover;\" srcset=\"https:\/\/starsforeurope.com\/sk\/wp-content\/uploads\/sites\/19\/2022\/08\/2022-poinsettia-02000-urban-loft-christmas-15.jpg 875w, https:\/\/starsforeurope.com\/sk\/wp-content\/uploads\/sites\/19\/2022\/08\/2022-poinsettia-02000-urban-loft-christmas-15-250x300.jpg 250w, https:\/\/starsforeurope.com\/sk\/wp-content\/uploads\/sites\/19\/2022\/08\/2022-poinsettia-02000-urban-loft-christmas-15-853x1024.jpg 853w, https:\/\/starsforeurope.com\/sk\/wp-content\/uploads\/sites\/19\/2022\/08\/2022-poinsettia-02000-urban-loft-christmas-15-768x922.jpg 768w, https:\/\/starsforeurope.com\/sk\/wp-content\/uploads\/sites\/19\/2022\/08\/2022-poinsettia-02000-urban-loft-christmas-15-563x675.jpg 563w\" sizes=\"auto, (max-width: 875px) 100vw, 875px\" \/><\/a><\/figure>\n\n<h3 class=\"wp-block-post-title\"><a href=\"https:\/\/starsforeurope.com\/sk\/press\/povedzte-to-hviezdami-tipy-na-darceky-a-balenie-darcekov-s-vianocnymi-ruzami\/\" target=\"_self\" >Povedzte to hviezdami. Tipy na dar\u010deky a balenie dar\u010dekov s viano\u010dn\u00fdmi ru\u017eami<\/a><\/h3>\n\n\n<div class=\"wp-block-group postmetaline is-nowrap is-layout-flex wp-container-core-group-is-layout-6c531013 wp-block-group-is-layout-flex\"><div class=\"wp-block-post-date\"><time datetime=\"2022-10-08T10:38:38+02:00\">08. okt\u00f3bra 2022<\/time><\/div>\n\n<\/div>\n\n\n<div class=\"wp-block-post-excerpt\"><p class=\"wp-block-post-excerpt__excerpt\">Viano\u010dn\u00e9 ru\u017ee s\u00fa ide\u00e1lnym dar\u010dekom. Podel\u00edme sa s vami o nieko\u013eko n\u00e1padov na kvetinov\u00e9 dar\u010deky a uk\u00e1\u017eeme v\u00e1m, ako kr\u00e1sne vyzer\u00e1 balenie s rezan\u00fdmi viano\u010dn\u00fdmi ru\u017eami.<\/p><p class=\"wp-block-post-excerpt__more-text\"><a class=\"wp-block-post-excerpt__more-link\" href=\"https:\/\/starsforeurope.com\/sk\/press\/povedzte-to-hviezdami-tipy-na-darceky-a-balenie-darcekov-s-vianocnymi-ruzami\/\">Pre\u010d\u00edtajte si viac<\/a><\/p><\/div>\n<\/li><\/ul>\n\n\n\n<\/div>\n\n\n\n<div style=\"height:3rem\" aria-hidden=\"true\" class=\"wp-block-spacer\"><\/div>\n<\/main>","protected":false},"excerpt":{"rendered":"<p>N\u00e1jdite dokonal\u00e9 dar\u010deky in\u0161pirovan\u00e9 viano\u010dn\u00fdmi ru\u017eami, ktor\u00e9 v\u00e1m spr\u00edjemnia viano\u010dn\u00e9 obdobie.<\/p>\n","protected":false},"author":26,"featured_media":4366,"parent":7430,"menu_order":0,"comment_status":"closed","ping_status":"closed","template":"two-column-press","meta":{"_acf_changed":false,"footnotes":""},"class_list":["post-7456","page","type-page","status-publish","has-post-thumbnail","hentry"],"acf":[],"_links":{"self":[{"href":"https:\/\/starsforeurope.com\/sk\/wp-json\/wp\/v2\/pages\/7456","targetHints":{"allow":["GET"]}}],"collection":[{"href":"https:\/\/starsforeurope.com\/sk\/wp-json\/wp\/v2\/pages"}],"about":[{"href":"https:\/\/starsforeurope.com\/sk\/wp-json\/wp\/v2\/types\/page"}],"author":[{"embeddable":true,"href":"https:\/\/starsforeurope.com\/sk\/wp-json\/wp\/v2\/users\/26"}],"replies":[{"embeddable":true,"href":"https:\/\/starsforeurope.com\/sk\/wp-json\/wp\/v2\/comments?post=7456"}],"version-history":[{"count":3,"href":"https:\/\/starsforeurope.com\/sk\/wp-json\/wp\/v2\/pages\/7456\/revisions"}],"predecessor-version":[{"id":7625,"href":"https:\/\/starsforeurope.com\/sk\/wp-json\/wp\/v2\/pages\/7456\/revisions\/7625"}],"up":[{"embeddable":true,"href":"https:\/\/starsforeurope.com\/sk\/wp-json\/wp\/v2\/pages\/7430"}],"wp:featuredmedia":[{"embeddable":true,"href":"https:\/\/starsforeurope.com\/sk\/wp-json\/wp\/v2\/media\/4366"}],"wp:attachment":[{"href":"https:\/\/starsforeurope.com\/sk\/wp-json\/wp\/v2\/media?parent=7456"}],"curies":[{"name":"wp","href":"https:\/\/api.w.org\/{rel}","templated":true}]}}