{"id":7454,"date":"2025-07-14T14:48:39","date_gmt":"2025-07-14T12:48:39","guid":{"rendered":"https:\/\/starsforeurope.com\/sk\/?page_id=7454"},"modified":"2025-09-23T15:22:51","modified_gmt":"2025-09-23T13:22:51","slug":"urob-si-sam-upcyklacia-pr","status":"publish","type":"page","link":"https:\/\/starsforeurope.com\/sk\/tlacove-spravy\/dekoracie-pr\/urob-si-sam-upcyklacia-pr\/","title":{"rendered":"Kreat\u00edvne projekty DIY &amp; Upcycling viano\u010dn\u00e9 ru\u017ee"},"content":{"rendered":"<main class=\"wp-block-group postimage-half wide-content is-layout-flow wp-block-group-is-layout-flow\" style=\"margin-top:var(--wp--preset--spacing--50)\">\n<div style=\"height:3rem\" aria-hidden=\"true\" class=\"wp-block-spacer\"><\/div>\n\n\n\n<div class=\"wp-block-query is-layout-flow wp-block-query-is-layout-flow\"><ul class=\"columns-2 wp-block-post-template is-layout-grid wp-container-core-post-template-is-layout-37ef2942 wp-block-post-template-is-layout-grid\"><li class=\"wp-block-post post-5024 press type-press status-publish has-post-thumbnail hentry press_cat-care press_main-dekoracie press_main-dekoracie-na-stol press_main-tlacove-spravy press_main-urob-si-sam-upcyklaciami\">\n<figure style=\"aspect-ratio:1;\" class=\"featuredimage wp-block-post-featured-image\"><a href=\"https:\/\/starsforeurope.com\/sk\/press\/dekoracie-na-stol-s-vyuzitim-vianocnych-ruzi-kvetinovy-vianocny-stol-v-roznych-styloch\/\" target=\"_self\"  ><img loading=\"lazy\" decoding=\"async\" width=\"875\" height=\"1050\" src=\"https:\/\/starsforeurope.com\/sk\/wp-content\/uploads\/sites\/19\/2024\/11\/2024_Poinsettia_02000_Modern_Vintage_Fusion_03.jpg\" class=\"attachment-post-thumbnail size-post-thumbnail wp-post-image\" alt=\"Dekor\u00e1cie na st\u00f4l s vyu\u017eit\u00edm viano\u010dn\u00fdch ru\u017e\u00ed. Kvetinov\u00fd viano\u010dn\u00fd st\u00f4l v r\u00f4znych \u0161t\u00fdloch\" style=\"width:100%;height:100%;object-fit:cover;\" srcset=\"https:\/\/starsforeurope.com\/sk\/wp-content\/uploads\/sites\/19\/2024\/11\/2024_Poinsettia_02000_Modern_Vintage_Fusion_03.jpg 875w, https:\/\/starsforeurope.com\/sk\/wp-content\/uploads\/sites\/19\/2024\/11\/2024_Poinsettia_02000_Modern_Vintage_Fusion_03-250x300.jpg 250w, https:\/\/starsforeurope.com\/sk\/wp-content\/uploads\/sites\/19\/2024\/11\/2024_Poinsettia_02000_Modern_Vintage_Fusion_03-853x1024.jpg 853w, https:\/\/starsforeurope.com\/sk\/wp-content\/uploads\/sites\/19\/2024\/11\/2024_Poinsettia_02000_Modern_Vintage_Fusion_03-768x922.jpg 768w, https:\/\/starsforeurope.com\/sk\/wp-content\/uploads\/sites\/19\/2024\/11\/2024_Poinsettia_02000_Modern_Vintage_Fusion_03-563x675.jpg 563w\" sizes=\"auto, (max-width: 875px) 100vw, 875px\" \/><\/a><\/figure>\n\n<h3 class=\"wp-block-post-title\"><a href=\"https:\/\/starsforeurope.com\/sk\/press\/dekoracie-na-stol-s-vyuzitim-vianocnych-ruzi-kvetinovy-vianocny-stol-v-roznych-styloch\/\" target=\"_self\" >Dekor\u00e1cie na st\u00f4l s vyu\u017eit\u00edm viano\u010dn\u00fdch ru\u017e\u00ed. Kvetinov\u00fd viano\u010dn\u00fd st\u00f4l v r\u00f4znych \u0161t\u00fdloch<\/a><\/h3>\n\n\n<div class=\"wp-block-group postmetaline is-nowrap is-layout-flex wp-container-core-group-is-layout-6c531013 wp-block-group-is-layout-flex\"><div class=\"wp-block-post-date\"><time datetime=\"2024-11-26T07:00:03+01:00\">26. novembra 2024<\/time><\/div>\n\n<\/div>\n\n\n<div class=\"wp-block-post-excerpt\"><p class=\"wp-block-post-excerpt__excerpt\">Viano\u010dn\u00e9 ru\u017ee m\u00f4\u017eete pou\u017ei\u0165 ako elegantn\u00fa v\u00fdzdobu \u0161tedrove\u010dern\u00e9ho stola, ale hodia sa na st\u00f4l aj k ra\u0148ajk\u00e1m \u010di k\u00e1ve. Nechajte sa in\u0161pirova\u0165 na\u0161imi dekor\u00e1ciami na st\u00f4l na ka\u017ed\u00fa pr\u00edle\u017eitos\u0165.<\/p><p class=\"wp-block-post-excerpt__more-text\"><a class=\"wp-block-post-excerpt__more-link\" href=\"https:\/\/starsforeurope.com\/sk\/press\/dekoracie-na-stol-s-vyuzitim-vianocnych-ruzi-kvetinovy-vianocny-stol-v-roznych-styloch\/\">Pre\u010d\u00edtajte si viac<\/a><\/p><\/div>\n<\/li><li class=\"wp-block-post post-5033 press type-press status-publish has-post-thumbnail hentry press_cat-history press_cat-decoration-tips press_cat-diy press_main-dekoracie press_main-dekoracie-na-stol press_main-tlacove-spravy press_main-urob-si-sam-upcyklaciami\">\n<figure style=\"aspect-ratio:1;\" class=\"featuredimage wp-block-post-featured-image\"><a href=\"https:\/\/starsforeurope.com\/sk\/press\/vianocne-ruze-spate-s-vianocami-tieto-zimne-krasky-dodavaju-iskru-vianocnym-tradiciam\/\" target=\"_self\"  ><img loading=\"lazy\" decoding=\"async\" width=\"875\" height=\"1050\" src=\"https:\/\/starsforeurope.com\/sk\/wp-content\/uploads\/sites\/19\/2024\/11\/2024_Poinsettia_03000_Country_Chic_in_Blue_01.jpg\" class=\"attachment-post-thumbnail size-post-thumbnail wp-post-image\" alt=\"Viano\u010dn\u00e9 ru\u017ee sp\u00e4t\u00e9 s Vianocami. Tieto zimn\u00e9 kr\u00e1sky dod\u00e1vaj\u00fa iskru viano\u010dn\u00fdm trad\u00edci\u00e1m\" style=\"width:100%;height:100%;object-fit:cover;\" srcset=\"https:\/\/starsforeurope.com\/sk\/wp-content\/uploads\/sites\/19\/2024\/11\/2024_Poinsettia_03000_Country_Chic_in_Blue_01.jpg 875w, https:\/\/starsforeurope.com\/sk\/wp-content\/uploads\/sites\/19\/2024\/11\/2024_Poinsettia_03000_Country_Chic_in_Blue_01-250x300.jpg 250w, https:\/\/starsforeurope.com\/sk\/wp-content\/uploads\/sites\/19\/2024\/11\/2024_Poinsettia_03000_Country_Chic_in_Blue_01-853x1024.jpg 853w, https:\/\/starsforeurope.com\/sk\/wp-content\/uploads\/sites\/19\/2024\/11\/2024_Poinsettia_03000_Country_Chic_in_Blue_01-768x922.jpg 768w, https:\/\/starsforeurope.com\/sk\/wp-content\/uploads\/sites\/19\/2024\/11\/2024_Poinsettia_03000_Country_Chic_in_Blue_01-563x675.jpg 563w\" sizes=\"auto, (max-width: 875px) 100vw, 875px\" \/><\/a><\/figure>\n\n<h3 class=\"wp-block-post-title\"><a href=\"https:\/\/starsforeurope.com\/sk\/press\/vianocne-ruze-spate-s-vianocami-tieto-zimne-krasky-dodavaju-iskru-vianocnym-tradiciam\/\" target=\"_self\" >Viano\u010dn\u00e9 ru\u017ee sp\u00e4t\u00e9 s Vianocami. Tieto zimn\u00e9 kr\u00e1sky dod\u00e1vaj\u00fa iskru viano\u010dn\u00fdm trad\u00edci\u00e1m<\/a><\/h3>\n\n\n<div class=\"wp-block-group postmetaline is-nowrap is-layout-flex wp-container-core-group-is-layout-6c531013 wp-block-group-is-layout-flex\"><div class=\"wp-block-post-date\"><time datetime=\"2024-10-16T10:22:39+02:00\">16. okt\u00f3bra 2024<\/time><\/div>\n\n<\/div>\n\n\n<div class=\"wp-block-post-excerpt\"><p class=\"wp-block-post-excerpt__excerpt\">Objavte hist\u00f3riu viano\u010dn\u00fdch ru\u017e\u00ed a pozrite sa, ako m\u00f4\u017eu ich modern\u00e9 odrody doda\u0165 nov\u00fa iskru tradi\u010dn\u00fdm zvyklostiam a dekor\u00e1ci\u00e1m<\/p><p class=\"wp-block-post-excerpt__more-text\"><a class=\"wp-block-post-excerpt__more-link\" href=\"https:\/\/starsforeurope.com\/sk\/press\/vianocne-ruze-spate-s-vianocami-tieto-zimne-krasky-dodavaju-iskru-vianocnym-tradiciam\/\">Pre\u010d\u00edtajte si viac<\/a><\/p><\/div>\n<\/li><li class=\"wp-block-post post-5039 press type-press status-publish has-post-thumbnail hentry press_cat-gift-ideas press_cat-diy press_main-dekoracie press_main-napady-na-darceky press_main-tlacove-spravy press_main-urob-si-sam-upcyklaciami\">\n<figure style=\"aspect-ratio:1;\" class=\"featuredimage wp-block-post-featured-image\"><a href=\"https:\/\/starsforeurope.com\/sk\/press\/povedzte-to-hviezdami-tipy-na-darceky-a-balenie-darcekov-s-vianocnymi-ruzami\/\" target=\"_self\"  ><img loading=\"lazy\" decoding=\"async\" width=\"875\" height=\"1050\" src=\"https:\/\/starsforeurope.com\/sk\/wp-content\/uploads\/sites\/19\/2022\/08\/2022-poinsettia-02000-urban-loft-christmas-15.jpg\" class=\"attachment-post-thumbnail size-post-thumbnail wp-post-image\" alt=\"Povedzte to hviezdami. Tipy na dar\u010deky a balenie dar\u010dekov s viano\u010dn\u00fdmi ru\u017eami\" style=\"width:100%;height:100%;object-fit:cover;\" srcset=\"https:\/\/starsforeurope.com\/sk\/wp-content\/uploads\/sites\/19\/2022\/08\/2022-poinsettia-02000-urban-loft-christmas-15.jpg 875w, https:\/\/starsforeurope.com\/sk\/wp-content\/uploads\/sites\/19\/2022\/08\/2022-poinsettia-02000-urban-loft-christmas-15-250x300.jpg 250w, https:\/\/starsforeurope.com\/sk\/wp-content\/uploads\/sites\/19\/2022\/08\/2022-poinsettia-02000-urban-loft-christmas-15-853x1024.jpg 853w, https:\/\/starsforeurope.com\/sk\/wp-content\/uploads\/sites\/19\/2022\/08\/2022-poinsettia-02000-urban-loft-christmas-15-768x922.jpg 768w, https:\/\/starsforeurope.com\/sk\/wp-content\/uploads\/sites\/19\/2022\/08\/2022-poinsettia-02000-urban-loft-christmas-15-563x675.jpg 563w\" sizes=\"auto, (max-width: 875px) 100vw, 875px\" \/><\/a><\/figure>\n\n<h3 class=\"wp-block-post-title\"><a href=\"https:\/\/starsforeurope.com\/sk\/press\/povedzte-to-hviezdami-tipy-na-darceky-a-balenie-darcekov-s-vianocnymi-ruzami\/\" target=\"_self\" >Povedzte to hviezdami. Tipy na dar\u010deky a balenie dar\u010dekov s viano\u010dn\u00fdmi ru\u017eami<\/a><\/h3>\n\n\n<div class=\"wp-block-group postmetaline is-nowrap is-layout-flex wp-container-core-group-is-layout-6c531013 wp-block-group-is-layout-flex\"><div class=\"wp-block-post-date\"><time datetime=\"2022-10-08T10:38:38+02:00\">08. okt\u00f3bra 2022<\/time><\/div>\n\n<\/div>\n\n\n<div class=\"wp-block-post-excerpt\"><p class=\"wp-block-post-excerpt__excerpt\">Viano\u010dn\u00e9 ru\u017ee s\u00fa ide\u00e1lnym dar\u010dekom. Podel\u00edme sa s vami o nieko\u013eko n\u00e1padov na kvetinov\u00e9 dar\u010deky a uk\u00e1\u017eeme v\u00e1m, ako kr\u00e1sne vyzer\u00e1 balenie s rezan\u00fdmi viano\u010dn\u00fdmi ru\u017eami.<\/p><p class=\"wp-block-post-excerpt__more-text\"><a class=\"wp-block-post-excerpt__more-link\" href=\"https:\/\/starsforeurope.com\/sk\/press\/povedzte-to-hviezdami-tipy-na-darceky-a-balenie-darcekov-s-vianocnymi-ruzami\/\">Pre\u010d\u00edtajte si viac<\/a><\/p><\/div>\n<\/li><li class=\"wp-block-post post-5046 press type-press status-publish has-post-thumbnail hentry press_cat-christmas-tree-decorations press_cat-diy press_main-dekoracie press_main-dekoracie-na-vianocny-stromcek press_main-tlacove-spravy press_main-urob-si-sam-upcyklaciami\">\n<figure style=\"aspect-ratio:1;\" class=\"featuredimage wp-block-post-featured-image\"><a href=\"https:\/\/starsforeurope.com\/sk\/press\/hviezdne-stromceky-nove-napady-na-vianocne-stromy-s-poinsettiami\/\" target=\"_self\"  ><img loading=\"lazy\" decoding=\"async\" width=\"875\" height=\"1050\" src=\"https:\/\/starsforeurope.com\/sk\/wp-content\/uploads\/sites\/19\/2022\/09\/2022_poinsettia_04000_Christmas_Fairy_Tale_34.jpg\" class=\"attachment-post-thumbnail size-post-thumbnail wp-post-image\" alt=\"Hviezdne strom\u010deky. Nov\u00e9 n\u00e1pady na viano\u010dn\u00e9 stromy s poinsettiami\" style=\"width:100%;height:100%;object-fit:cover;\" srcset=\"https:\/\/starsforeurope.com\/sk\/wp-content\/uploads\/sites\/19\/2022\/09\/2022_poinsettia_04000_Christmas_Fairy_Tale_34.jpg 875w, https:\/\/starsforeurope.com\/sk\/wp-content\/uploads\/sites\/19\/2022\/09\/2022_poinsettia_04000_Christmas_Fairy_Tale_34-250x300.jpg 250w, https:\/\/starsforeurope.com\/sk\/wp-content\/uploads\/sites\/19\/2022\/09\/2022_poinsettia_04000_Christmas_Fairy_Tale_34-853x1024.jpg 853w, https:\/\/starsforeurope.com\/sk\/wp-content\/uploads\/sites\/19\/2022\/09\/2022_poinsettia_04000_Christmas_Fairy_Tale_34-768x922.jpg 768w, https:\/\/starsforeurope.com\/sk\/wp-content\/uploads\/sites\/19\/2022\/09\/2022_poinsettia_04000_Christmas_Fairy_Tale_34-563x675.jpg 563w\" sizes=\"auto, (max-width: 875px) 100vw, 875px\" \/><\/a><\/figure>\n\n<h3 class=\"wp-block-post-title\"><a href=\"https:\/\/starsforeurope.com\/sk\/press\/hviezdne-stromceky-nove-napady-na-vianocne-stromy-s-poinsettiami\/\" target=\"_self\" >Hviezdne strom\u010deky. Nov\u00e9 n\u00e1pady na viano\u010dn\u00e9 stromy s poinsettiami<\/a><\/h3>\n\n\n<div class=\"wp-block-group postmetaline is-nowrap is-layout-flex wp-container-core-group-is-layout-6c531013 wp-block-group-is-layout-flex\"><div class=\"wp-block-post-date\"><time datetime=\"2022-10-07T11:24:21+02:00\">07. okt\u00f3bra 2022<\/time><\/div>\n\n<\/div>\n\n\n<div class=\"wp-block-post-excerpt\"><p class=\"wp-block-post-excerpt__excerpt\">Poinsettie s\u00fa kr\u00e1snou ozdobou viano\u010dn\u00e9ho strom\u010deka. Uk\u00e1\u017eeme v\u00e1m dekor\u00e1cie z poinsettie na skuto\u010dn\u00e9 viano\u010dn\u00e9 strom\u010deky a kreat\u00edvne alternat\u00edvy DIY.<\/p><p class=\"wp-block-post-excerpt__more-text\"><a class=\"wp-block-post-excerpt__more-link\" href=\"https:\/\/starsforeurope.com\/sk\/press\/hviezdne-stromceky-nove-napady-na-vianocne-stromy-s-poinsettiami\/\">Pre\u010d\u00edtajte si viac<\/a><\/p><\/div>\n<\/li><\/ul>\n\n\n\n<\/div>\n\n\n\n<div style=\"height:3rem\" aria-hidden=\"true\" class=\"wp-block-spacer\"><\/div>\n<\/main>","protected":false},"excerpt":{"rendered":"<p>Preme\u0148te svoje viano\u010dn\u00e9 ru\u017ee na jedine\u010dn\u00e9 dekor\u00e1cie s jednoduch\u00fdmi a udr\u017eate\u013en\u00fdmi n\u00e1padmi na DIY a upcykl\u00e1ciu na sviatky.<\/p>\n","protected":false},"author":26,"featured_media":4366,"parent":7430,"menu_order":0,"comment_status":"closed","ping_status":"closed","template":"two-column-press","meta":{"_acf_changed":false,"footnotes":""},"class_list":["post-7454","page","type-page","status-publish","has-post-thumbnail","hentry"],"acf":[],"_links":{"self":[{"href":"https:\/\/starsforeurope.com\/sk\/wp-json\/wp\/v2\/pages\/7454","targetHints":{"allow":["GET"]}}],"collection":[{"href":"https:\/\/starsforeurope.com\/sk\/wp-json\/wp\/v2\/pages"}],"about":[{"href":"https:\/\/starsforeurope.com\/sk\/wp-json\/wp\/v2\/types\/page"}],"author":[{"embeddable":true,"href":"https:\/\/starsforeurope.com\/sk\/wp-json\/wp\/v2\/users\/26"}],"replies":[{"embeddable":true,"href":"https:\/\/starsforeurope.com\/sk\/wp-json\/wp\/v2\/comments?post=7454"}],"version-history":[{"count":2,"href":"https:\/\/starsforeurope.com\/sk\/wp-json\/wp\/v2\/pages\/7454\/revisions"}],"predecessor-version":[{"id":7481,"href":"https:\/\/starsforeurope.com\/sk\/wp-json\/wp\/v2\/pages\/7454\/revisions\/7481"}],"up":[{"embeddable":true,"href":"https:\/\/starsforeurope.com\/sk\/wp-json\/wp\/v2\/pages\/7430"}],"wp:featuredmedia":[{"embeddable":true,"href":"https:\/\/starsforeurope.com\/sk\/wp-json\/wp\/v2\/media\/4366"}],"wp:attachment":[{"href":"https:\/\/starsforeurope.com\/sk\/wp-json\/wp\/v2\/media?parent=7454"}],"curies":[{"name":"wp","href":"https:\/\/api.w.org\/{rel}","templated":true}]}}