{"id":7450,"date":"2025-07-14T14:40:20","date_gmt":"2025-07-14T12:40:20","guid":{"rendered":"https:\/\/starsforeurope.com\/sk\/?page_id=7450"},"modified":"2025-07-15T13:56:58","modified_gmt":"2025-07-15T11:56:58","slug":"dekoracie-na-vianocny-stromcek-pr","status":"publish","type":"page","link":"https:\/\/starsforeurope.com\/sk\/tlacove-spravy\/dekoracie-pr\/dekoracie-na-vianocny-stromcek-pr\/","title":{"rendered":"Viano\u010dn\u00e9 ru\u017ee na v\u00fdzdobu viano\u010dn\u00e9ho strom\u010deka"},"content":{"rendered":"<main class=\"wp-block-group postimage-half wide-content is-layout-flow wp-block-group-is-layout-flow\" style=\"margin-top:var(--wp--preset--spacing--50)\">\n<div style=\"height:3rem\" aria-hidden=\"true\" class=\"wp-block-spacer\"><\/div>\n\n\n\n<div class=\"wp-block-query is-layout-flow wp-block-query-is-layout-flow\"><ul class=\"columns-2 wp-block-post-template is-layout-grid wp-container-core-post-template-is-layout-37ef2942 wp-block-post-template-is-layout-grid\"><li class=\"wp-block-post post-5046 press type-press status-publish has-post-thumbnail hentry press_cat-christmas-tree-decorations press_cat-diy press_main-dekoracie press_main-dekoracie-na-vianocny-stromcek press_main-tlacove-spravy press_main-urob-si-sam-upcyklaciami\">\n<figure style=\"aspect-ratio:1;\" class=\"featuredimage wp-block-post-featured-image\"><a href=\"https:\/\/starsforeurope.com\/sk\/press\/hviezdne-stromceky-nove-napady-na-vianocne-stromy-s-poinsettiami\/\" target=\"_self\"  ><img loading=\"lazy\" decoding=\"async\" width=\"875\" height=\"1050\" src=\"https:\/\/starsforeurope.com\/sk\/wp-content\/uploads\/sites\/19\/2022\/09\/2022_poinsettia_04000_Christmas_Fairy_Tale_34.jpg\" class=\"attachment-post-thumbnail size-post-thumbnail wp-post-image\" alt=\"Hviezdne strom\u010deky. Nov\u00e9 n\u00e1pady na viano\u010dn\u00e9 stromy s poinsettiami\" style=\"width:100%;height:100%;object-fit:cover;\" srcset=\"https:\/\/starsforeurope.com\/sk\/wp-content\/uploads\/sites\/19\/2022\/09\/2022_poinsettia_04000_Christmas_Fairy_Tale_34.jpg 875w, https:\/\/starsforeurope.com\/sk\/wp-content\/uploads\/sites\/19\/2022\/09\/2022_poinsettia_04000_Christmas_Fairy_Tale_34-250x300.jpg 250w, https:\/\/starsforeurope.com\/sk\/wp-content\/uploads\/sites\/19\/2022\/09\/2022_poinsettia_04000_Christmas_Fairy_Tale_34-853x1024.jpg 853w, https:\/\/starsforeurope.com\/sk\/wp-content\/uploads\/sites\/19\/2022\/09\/2022_poinsettia_04000_Christmas_Fairy_Tale_34-768x922.jpg 768w, https:\/\/starsforeurope.com\/sk\/wp-content\/uploads\/sites\/19\/2022\/09\/2022_poinsettia_04000_Christmas_Fairy_Tale_34-563x675.jpg 563w\" sizes=\"auto, (max-width: 875px) 100vw, 875px\" \/><\/a><\/figure>\n\n<h3 class=\"wp-block-post-title\"><a href=\"https:\/\/starsforeurope.com\/sk\/press\/hviezdne-stromceky-nove-napady-na-vianocne-stromy-s-poinsettiami\/\" target=\"_self\" >Hviezdne strom\u010deky. Nov\u00e9 n\u00e1pady na viano\u010dn\u00e9 stromy s poinsettiami<\/a><\/h3>\n\n\n<div class=\"wp-block-group postmetaline is-nowrap is-layout-flex wp-container-core-group-is-layout-6c531013 wp-block-group-is-layout-flex\"><div class=\"wp-block-post-date\"><time datetime=\"2022-10-07T11:24:21+02:00\">07. okt\u00f3bra 2022<\/time><\/div>\n\n<\/div>\n\n\n<div class=\"wp-block-post-excerpt\"><p class=\"wp-block-post-excerpt__excerpt\">Poinsettie s\u00fa kr\u00e1snou ozdobou viano\u010dn\u00e9ho strom\u010deka. Uk\u00e1\u017eeme v\u00e1m dekor\u00e1cie z poinsettie na skuto\u010dn\u00e9 viano\u010dn\u00e9 strom\u010deky a kreat\u00edvne alternat\u00edvy DIY.<\/p><p class=\"wp-block-post-excerpt__more-text\"><a class=\"wp-block-post-excerpt__more-link\" href=\"https:\/\/starsforeurope.com\/sk\/press\/hviezdne-stromceky-nove-napady-na-vianocne-stromy-s-poinsettiami\/\">Pre\u010d\u00edtajte si viac<\/a><\/p><\/div>\n<\/li><\/ul>\n\n\n\n<\/div>\n\n\n\n<div style=\"height:3rem\" aria-hidden=\"true\" class=\"wp-block-spacer\"><\/div>\n<\/main>","protected":false},"excerpt":{"rendered":"<p>O\u017eivte svoj strom\u010dek \u017eiarivou kr\u00e1sou viano\u010dn\u00e9 ru\u017ee. Nad\u010dasov\u00fd dotyk pre hrejiv\u00fd, sviato\u010dn\u00fd vzh\u013ead.<\/p>\n","protected":false},"author":26,"featured_media":4366,"parent":7430,"menu_order":0,"comment_status":"closed","ping_status":"closed","template":"two-column-press","meta":{"_acf_changed":false,"footnotes":""},"class_list":["post-7450","page","type-page","status-publish","has-post-thumbnail","hentry"],"acf":[],"_links":{"self":[{"href":"https:\/\/starsforeurope.com\/sk\/wp-json\/wp\/v2\/pages\/7450","targetHints":{"allow":["GET"]}}],"collection":[{"href":"https:\/\/starsforeurope.com\/sk\/wp-json\/wp\/v2\/pages"}],"about":[{"href":"https:\/\/starsforeurope.com\/sk\/wp-json\/wp\/v2\/types\/page"}],"author":[{"embeddable":true,"href":"https:\/\/starsforeurope.com\/sk\/wp-json\/wp\/v2\/users\/26"}],"replies":[{"embeddable":true,"href":"https:\/\/starsforeurope.com\/sk\/wp-json\/wp\/v2\/comments?post=7450"}],"version-history":[{"count":2,"href":"https:\/\/starsforeurope.com\/sk\/wp-json\/wp\/v2\/pages\/7450\/revisions"}],"predecessor-version":[{"id":7485,"href":"https:\/\/starsforeurope.com\/sk\/wp-json\/wp\/v2\/pages\/7450\/revisions\/7485"}],"up":[{"embeddable":true,"href":"https:\/\/starsforeurope.com\/sk\/wp-json\/wp\/v2\/pages\/7430"}],"wp:featuredmedia":[{"embeddable":true,"href":"https:\/\/starsforeurope.com\/sk\/wp-json\/wp\/v2\/media\/4366"}],"wp:attachment":[{"href":"https:\/\/starsforeurope.com\/sk\/wp-json\/wp\/v2\/media?parent=7450"}],"curies":[{"name":"wp","href":"https:\/\/api.w.org\/{rel}","templated":true}]}}