{"id":7442,"date":"2025-07-14T11:50:27","date_gmt":"2025-07-14T09:50:27","guid":{"rendered":"https:\/\/starsforeurope.com\/sk\/?page_id=7442"},"modified":"2025-09-24T08:42:39","modified_gmt":"2025-09-24T06:42:39","slug":"stoji-za-to-vediet-pr","status":"publish","type":"page","link":"https:\/\/starsforeurope.com\/sk\/tlacove-spravy\/informacie-pr\/stoji-za-to-vediet-pr\/","title":{"rendered":"V\u0161etko, \u010do potrebujete vedie\u0165 o viano\u010dn\u00fdch ru\u017eiach"},"content":{"rendered":"<main class=\"wp-block-group postimage-half wide-content is-layout-flow wp-block-group-is-layout-flow\" style=\"margin-top:var(--wp--preset--spacing--50)\">\n<div style=\"height:3rem\" aria-hidden=\"true\" class=\"wp-block-spacer\"><\/div>\n\n\n\n<div class=\"wp-block-query is-layout-flow wp-block-query-is-layout-flow\"><ul class=\"columns-2 wp-block-post-template is-layout-grid wp-container-core-post-template-is-layout-37ef2942 wp-block-post-template-is-layout-grid\"><li class=\"wp-block-post post-4999 press type-press status-publish has-post-thumbnail hentry press_cat-autumn-decor-houseplants press_main-dekoracie press_main-informacie press_main-jesenne-dekoracie-zelene-byvanie press_main-odrody press_main-tlacove-spravy\">\n<figure style=\"aspect-ratio:1;\" class=\"featuredimage wp-block-post-featured-image\"><a href=\"https:\/\/starsforeurope.com\/sk\/press\/pouzite-farby-na-boj-proti-jesennemu-smutku-vianocne-ruze-su-krasnymi-dekoraciami-a-mozu-zlepsit-vasu-naladu\/\" target=\"_self\"  ><img loading=\"lazy\" decoding=\"async\" width=\"875\" height=\"1050\" src=\"https:\/\/starsforeurope.com\/sk\/wp-content\/uploads\/sites\/19\/2022\/08\/2021-poinsettia-01000-boho-green-living-02.jpg\" class=\"attachment-post-thumbnail size-post-thumbnail wp-post-image\" alt=\"Pou\u017eite farby na boj proti jesenn\u00e9mu sm\u00fatku. Viano\u010dn\u00e9 ru\u017ee s\u00fa kr\u00e1snymi dekor\u00e1ciami a m\u00f4\u017eu zlep\u0161i\u0165 va\u0161u n\u00e1ladu.\" style=\"width:100%;height:100%;object-fit:cover;\" srcset=\"https:\/\/starsforeurope.com\/sk\/wp-content\/uploads\/sites\/19\/2022\/08\/2021-poinsettia-01000-boho-green-living-02.jpg 875w, https:\/\/starsforeurope.com\/sk\/wp-content\/uploads\/sites\/19\/2022\/08\/2021-poinsettia-01000-boho-green-living-02-250x300.jpg 250w, https:\/\/starsforeurope.com\/sk\/wp-content\/uploads\/sites\/19\/2022\/08\/2021-poinsettia-01000-boho-green-living-02-853x1024.jpg 853w, https:\/\/starsforeurope.com\/sk\/wp-content\/uploads\/sites\/19\/2022\/08\/2021-poinsettia-01000-boho-green-living-02-768x922.jpg 768w, https:\/\/starsforeurope.com\/sk\/wp-content\/uploads\/sites\/19\/2022\/08\/2021-poinsettia-01000-boho-green-living-02-563x675.jpg 563w\" sizes=\"auto, (max-width: 875px) 100vw, 875px\" \/><\/a><\/figure>\n\n<h3 class=\"wp-block-post-title\"><a href=\"https:\/\/starsforeurope.com\/sk\/press\/pouzite-farby-na-boj-proti-jesennemu-smutku-vianocne-ruze-su-krasnymi-dekoraciami-a-mozu-zlepsit-vasu-naladu\/\" target=\"_self\" >Pou\u017eite farby na boj proti jesenn\u00e9mu sm\u00fatku. Viano\u010dn\u00e9 ru\u017ee s\u00fa kr\u00e1snymi dekor\u00e1ciami a m\u00f4\u017eu zlep\u0161i\u0165 va\u0161u n\u00e1ladu.<\/a><\/h3>\n\n\n<div class=\"wp-block-group postmetaline is-nowrap is-layout-flex wp-container-core-group-is-layout-6c531013 wp-block-group-is-layout-flex\"><div class=\"wp-block-post-date\"><time datetime=\"2021-10-16T12:46:39+02:00\">16. okt\u00f3bra 2021<\/time><\/div>\n\n<\/div>\n\n\n<div class=\"wp-block-post-excerpt\"><p class=\"wp-block-post-excerpt__excerpt\">Svojimi farebn\u00fdmi l\u00edstkami poinsettie premenia miestnosti na raje \u0161\u0165astia. Konkr\u00e9tne \u00fa\u010dinky sa l\u00ed\u0161ia v z\u00e1vislosti od odtie\u0148a. Pozrieme sa na \u00fa\u010dinok r\u00f4znych farieb.<\/p><p class=\"wp-block-post-excerpt__more-text\"><a class=\"wp-block-post-excerpt__more-link\" href=\"https:\/\/starsforeurope.com\/sk\/press\/pouzite-farby-na-boj-proti-jesennemu-smutku-vianocne-ruze-su-krasnymi-dekoraciami-a-mozu-zlepsit-vasu-naladu\/\">Pre\u010d\u00edtajte si viac<\/a><\/p><\/div>\n<\/li><\/ul>\n\n\n\n<\/div>\n\n\n\n<div style=\"height:3rem\" aria-hidden=\"true\" class=\"wp-block-spacer\"><\/div>\n<\/main>","protected":false},"excerpt":{"rendered":"<p>Tu z\u00edskate d\u00f4le\u017eit\u00e9 inform\u00e1cie aj tipy t\u00fdkaj\u00face sa viano\u010dn\u00fdch ru\u017e\u00ed \u2013 od toho, ako sa o ne stara\u0165 a\u017e po to, \u010do ste o nich mo\u017eno nevedeli \u2013 ktor\u00e9 v\u00e1m pom\u00f4\u017eu u\u017e\u00edva\u0165 si tieto zimn\u00e9 kr\u00e1sky po cel\u00fd rok.<\/p>\n","protected":false},"author":26,"featured_media":4366,"parent":7431,"menu_order":0,"comment_status":"closed","ping_status":"closed","template":"two-column-press","meta":{"_acf_changed":false,"footnotes":""},"class_list":["post-7442","page","type-page","status-publish","has-post-thumbnail","hentry"],"acf":[],"_links":{"self":[{"href":"https:\/\/starsforeurope.com\/sk\/wp-json\/wp\/v2\/pages\/7442","targetHints":{"allow":["GET"]}}],"collection":[{"href":"https:\/\/starsforeurope.com\/sk\/wp-json\/wp\/v2\/pages"}],"about":[{"href":"https:\/\/starsforeurope.com\/sk\/wp-json\/wp\/v2\/types\/page"}],"author":[{"embeddable":true,"href":"https:\/\/starsforeurope.com\/sk\/wp-json\/wp\/v2\/users\/26"}],"replies":[{"embeddable":true,"href":"https:\/\/starsforeurope.com\/sk\/wp-json\/wp\/v2\/comments?post=7442"}],"version-history":[{"count":3,"href":"https:\/\/starsforeurope.com\/sk\/wp-json\/wp\/v2\/pages\/7442\/revisions"}],"predecessor-version":[{"id":7632,"href":"https:\/\/starsforeurope.com\/sk\/wp-json\/wp\/v2\/pages\/7442\/revisions\/7632"}],"up":[{"embeddable":true,"href":"https:\/\/starsforeurope.com\/sk\/wp-json\/wp\/v2\/pages\/7431"}],"wp:featuredmedia":[{"embeddable":true,"href":"https:\/\/starsforeurope.com\/sk\/wp-json\/wp\/v2\/media\/4366"}],"wp:attachment":[{"href":"https:\/\/starsforeurope.com\/sk\/wp-json\/wp\/v2\/media?parent=7442"}],"curies":[{"name":"wp","href":"https:\/\/api.w.org\/{rel}","templated":true}]}}