{"id":7431,"date":"2025-07-14T10:58:17","date_gmt":"2025-07-14T08:58:17","guid":{"rendered":"https:\/\/starsforeurope.com\/sk\/?page_id=7431"},"modified":"2025-09-23T14:47:40","modified_gmt":"2025-09-23T12:47:40","slug":"informacie-pr","status":"publish","type":"page","link":"https:\/\/starsforeurope.com\/sk\/tlacove-spravy\/informacie-pr\/","title":{"rendered":"Objavte v\u0161etko, \u010do potrebujete vedie\u0165, o tejto kr\u00e1sne kvitn\u00facej rastline"},"content":{"rendered":"<main class=\"wp-block-group postimage-half wide-content is-layout-flow wp-block-group-is-layout-flow\" style=\"margin-top:var(--wp--preset--spacing--50)\">\n<div style=\"height:3rem\" aria-hidden=\"true\" class=\"wp-block-spacer\"><\/div>\n\n\n\n<div class=\"wp-block-query is-layout-flow wp-block-query-is-layout-flow\"><ul class=\"columns-2 wp-block-post-template is-layout-grid wp-container-core-post-template-is-layout-37ef2942 wp-block-post-template-is-layout-grid\"><li class=\"wp-block-post post-7132 press type-press status-publish has-post-thumbnail hentry press_cat-table-decoration press_cat-christmas-tree-decorations press_cat-autumn-decor-houseplants press_main-informacie press_main-stoji-za-to-vediet press_main-tlacove-spravy\">\n<figure style=\"aspect-ratio:1;\" class=\"featuredimage wp-block-post-featured-image\"><a href=\"https:\/\/starsforeurope.com\/sk\/press\/co-je-dobre-vediet-o-vianocnych-ruziach\/\" target=\"_self\"  ><img loading=\"lazy\" decoding=\"async\" width=\"875\" height=\"1050\" src=\"https:\/\/starsforeurope.com\/sk\/wp-content\/uploads\/sites\/19\/2024\/01\/2023-poinsettia-02000-cottagecore-charm-08.jpg\" class=\"attachment-post-thumbnail size-post-thumbnail wp-post-image\" alt=\"\u010co je dobr\u00e9 vedie\u0165&#8230;o viano\u010dn\u00fdch ru\u017eiach\" style=\"width:100%;height:100%;object-fit:cover;\" srcset=\"https:\/\/starsforeurope.com\/sk\/wp-content\/uploads\/sites\/19\/2024\/01\/2023-poinsettia-02000-cottagecore-charm-08.jpg 875w, https:\/\/starsforeurope.com\/sk\/wp-content\/uploads\/sites\/19\/2024\/01\/2023-poinsettia-02000-cottagecore-charm-08-250x300.jpg 250w, https:\/\/starsforeurope.com\/sk\/wp-content\/uploads\/sites\/19\/2024\/01\/2023-poinsettia-02000-cottagecore-charm-08-853x1024.jpg 853w, https:\/\/starsforeurope.com\/sk\/wp-content\/uploads\/sites\/19\/2024\/01\/2023-poinsettia-02000-cottagecore-charm-08-768x922.jpg 768w, https:\/\/starsforeurope.com\/sk\/wp-content\/uploads\/sites\/19\/2024\/01\/2023-poinsettia-02000-cottagecore-charm-08-563x675.jpg 563w\" sizes=\"auto, (max-width: 875px) 100vw, 875px\" \/><\/a><\/figure>\n\n<h3 class=\"wp-block-post-title\"><a href=\"https:\/\/starsforeurope.com\/sk\/press\/co-je-dobre-vediet-o-vianocnych-ruziach\/\" target=\"_self\" >\u010co je dobr\u00e9 vedie\u0165&#8230;o viano\u010dn\u00fdch ru\u017eiach<\/a><\/h3>\n\n\n<div class=\"wp-block-group postmetaline is-nowrap is-layout-flex wp-container-core-group-is-layout-6c531013 wp-block-group-is-layout-flex\"><div class=\"wp-block-post-date\"><time datetime=\"2024-01-09T21:03:07+01:00\">09. janu\u00e1ra 2024<\/time><\/div>\n\n<\/div>\n\n\n<div class=\"wp-block-post-excerpt\"><p class=\"wp-block-post-excerpt__excerpt\">Viano\u010dn\u00e1 ru\u017ea, botanicky poinsettia, alebo pr\u00fd\u0161tec najkraj\u0161\u00ed je \u0161perkom sviato\u010dn\u00fdch dom\u00e1cnost\u00ed. \u010co je d\u00f4le\u017eit\u00e9 vedie\u0165, aby ste sa z kr\u00e1sy tejto rastliny te\u0161ili \u010do najdlh\u0161ie?<\/p><p class=\"wp-block-post-excerpt__more-text\"><a class=\"wp-block-post-excerpt__more-link\" href=\"https:\/\/starsforeurope.com\/sk\/press\/co-je-dobre-vediet-o-vianocnych-ruziach\/\">Pre\u010d\u00edtajte si viac<\/a><\/p><\/div>\n<\/li><li class=\"wp-block-post post-7097 press type-press status-publish has-post-thumbnail hentry press_cat-care press_main-informacie press_main-tlacove-spravy\">\n<figure style=\"aspect-ratio:1;\" class=\"featuredimage wp-block-post-featured-image\"><a href=\"https:\/\/starsforeurope.com\/sk\/press\/aby-vam-vianocna-ruza-vydrzala-co-najdlhsie\/\" target=\"_self\"  ><img loading=\"lazy\" decoding=\"async\" width=\"875\" height=\"1050\" src=\"https:\/\/starsforeurope.com\/sk\/wp-content\/uploads\/sites\/19\/2023\/10\/2021-poinsettia-01000-boho-green-living-08-3.jpg\" class=\"attachment-post-thumbnail size-post-thumbnail wp-post-image\" alt=\"Aby v\u00e1m viano\u010dn\u00e1 ru\u017ea vydr\u017eala \u010do najdlh\u0161ie\" style=\"width:100%;height:100%;object-fit:cover;\" srcset=\"https:\/\/starsforeurope.com\/sk\/wp-content\/uploads\/sites\/19\/2023\/10\/2021-poinsettia-01000-boho-green-living-08-3.jpg 875w, https:\/\/starsforeurope.com\/sk\/wp-content\/uploads\/sites\/19\/2023\/10\/2021-poinsettia-01000-boho-green-living-08-3-250x300.jpg 250w, https:\/\/starsforeurope.com\/sk\/wp-content\/uploads\/sites\/19\/2023\/10\/2021-poinsettia-01000-boho-green-living-08-3-853x1024.jpg 853w, https:\/\/starsforeurope.com\/sk\/wp-content\/uploads\/sites\/19\/2023\/10\/2021-poinsettia-01000-boho-green-living-08-3-768x922.jpg 768w, https:\/\/starsforeurope.com\/sk\/wp-content\/uploads\/sites\/19\/2023\/10\/2021-poinsettia-01000-boho-green-living-08-3-563x675.jpg 563w\" sizes=\"auto, (max-width: 875px) 100vw, 875px\" \/><\/a><\/figure>\n\n<h3 class=\"wp-block-post-title\"><a href=\"https:\/\/starsforeurope.com\/sk\/press\/aby-vam-vianocna-ruza-vydrzala-co-najdlhsie\/\" target=\"_self\" >Aby v\u00e1m viano\u010dn\u00e1 ru\u017ea vydr\u017eala \u010do najdlh\u0161ie<\/a><\/h3>\n\n\n<div class=\"wp-block-group postmetaline is-nowrap is-layout-flex wp-container-core-group-is-layout-6c531013 wp-block-group-is-layout-flex\"><div class=\"wp-block-post-date\"><time datetime=\"2023-11-20T01:11:26+01:00\">20. novembra 2023<\/time><\/div>\n\n<\/div>\n\n\n<div class=\"wp-block-post-excerpt\"><p class=\"wp-block-post-excerpt__excerpt\">Ak sa budete o svoje viano\u010dn\u00e9 ru\u017ee spr\u00e1vne stara\u0165, m\u00f4\u017eete si u\u017e\u00edva\u0165 ich pr\u00edjemn\u00fa spolo\u010dnos\u0165 aj po Novom roku! S\u00fa dostupn\u00e9 v r\u00f4znych farb\u00e1ch, tvaroch aj ve\u013ekostiach a ka\u017edej miestnosti dod\u00e1vaj\u00fa osobit\u00fd n\u00e1dych.<\/p><p class=\"wp-block-post-excerpt__more-text\"><a class=\"wp-block-post-excerpt__more-link\" href=\"https:\/\/starsforeurope.com\/sk\/press\/aby-vam-vianocna-ruza-vydrzala-co-najdlhsie\/\">Pre\u010d\u00edtajte si viac<\/a><\/p><\/div>\n<\/li><li class=\"wp-block-post post-4948 press type-press status-publish has-post-thumbnail hentry press_cat-variety press_cat-care press_main-informacie press_main-stoji-za-to-vediet press_main-tlacove-spravy\">\n<figure style=\"aspect-ratio:1;\" class=\"featuredimage wp-block-post-featured-image\"><a href=\"https:\/\/starsforeurope.com\/sk\/press\/ako-sa-to-robi-pestovatelia-vianocnych-ruzi-odhaluju-tajomstva-krasnych-kvetov\/\" target=\"_self\"  ><img loading=\"lazy\" decoding=\"async\" width=\"875\" height=\"1050\" src=\"https:\/\/starsforeurope.com\/sk\/wp-content\/uploads\/sites\/19\/2022\/08\/2018-poinsett.jpg\" class=\"attachment-post-thumbnail size-post-thumbnail wp-post-image\" alt=\"Ako sa to rob\u00ed? Pestovatelia viano\u010dn\u00fdch ru\u017e\u00ed odha\u013euj\u00fa tajomstv\u00e1 kr\u00e1snych kvetov.\" style=\"width:100%;height:100%;object-fit:cover;\" srcset=\"https:\/\/starsforeurope.com\/sk\/wp-content\/uploads\/sites\/19\/2022\/08\/2018-poinsett.jpg 875w, https:\/\/starsforeurope.com\/sk\/wp-content\/uploads\/sites\/19\/2022\/08\/2018-poinsett-250x300.jpg 250w, https:\/\/starsforeurope.com\/sk\/wp-content\/uploads\/sites\/19\/2022\/08\/2018-poinsett-853x1024.jpg 853w, https:\/\/starsforeurope.com\/sk\/wp-content\/uploads\/sites\/19\/2022\/08\/2018-poinsett-768x922.jpg 768w, https:\/\/starsforeurope.com\/sk\/wp-content\/uploads\/sites\/19\/2022\/08\/2018-poinsett-563x675.jpg 563w\" sizes=\"auto, (max-width: 875px) 100vw, 875px\" \/><\/a><\/figure>\n\n<h3 class=\"wp-block-post-title\"><a href=\"https:\/\/starsforeurope.com\/sk\/press\/ako-sa-to-robi-pestovatelia-vianocnych-ruzi-odhaluju-tajomstva-krasnych-kvetov\/\" target=\"_self\" >Ako sa to rob\u00ed? Pestovatelia viano\u010dn\u00fdch ru\u017e\u00ed odha\u013euj\u00fa tajomstv\u00e1 kr\u00e1snych kvetov.<\/a><\/h3>\n\n\n<div class=\"wp-block-group postmetaline is-nowrap is-layout-flex wp-container-core-group-is-layout-6c531013 wp-block-group-is-layout-flex\"><div class=\"wp-block-post-date\"><time datetime=\"2021-10-18T07:50:25+02:00\">18. okt\u00f3bra 2021<\/time><\/div>\n\n<\/div>\n\n\n<div class=\"wp-block-post-excerpt\"><p class=\"wp-block-post-excerpt__excerpt\">Odborn\u00edci zo spolo\u010dnosti Stars for Europe v\u00e1m prezradia tajomstvo starostlivosti o poinsettie, aby si ich l\u00edstky zachovali svoju charakteristick\u00fa farbu \u010do najdlh\u0161ie.<\/p><p class=\"wp-block-post-excerpt__more-text\"><a class=\"wp-block-post-excerpt__more-link\" href=\"https:\/\/starsforeurope.com\/sk\/press\/ako-sa-to-robi-pestovatelia-vianocnych-ruzi-odhaluju-tajomstva-krasnych-kvetov\/\">Pre\u010d\u00edtajte si viac<\/a><\/p><\/div>\n<\/li><li class=\"wp-block-post post-4999 press type-press status-publish has-post-thumbnail hentry press_cat-autumn-decor-houseplants press_main-dekoracie press_main-informacie press_main-jesenne-dekoracie-zelene-byvanie press_main-odrody press_main-tlacove-spravy\">\n<figure style=\"aspect-ratio:1;\" class=\"featuredimage wp-block-post-featured-image\"><a href=\"https:\/\/starsforeurope.com\/sk\/press\/pouzite-farby-na-boj-proti-jesennemu-smutku-vianocne-ruze-su-krasnymi-dekoraciami-a-mozu-zlepsit-vasu-naladu\/\" target=\"_self\"  ><img loading=\"lazy\" decoding=\"async\" width=\"875\" height=\"1050\" src=\"https:\/\/starsforeurope.com\/sk\/wp-content\/uploads\/sites\/19\/2022\/08\/2021-poinsettia-01000-boho-green-living-02.jpg\" class=\"attachment-post-thumbnail size-post-thumbnail wp-post-image\" alt=\"Pou\u017eite farby na boj proti jesenn\u00e9mu sm\u00fatku. Viano\u010dn\u00e9 ru\u017ee s\u00fa kr\u00e1snymi dekor\u00e1ciami a m\u00f4\u017eu zlep\u0161i\u0165 va\u0161u n\u00e1ladu.\" style=\"width:100%;height:100%;object-fit:cover;\" srcset=\"https:\/\/starsforeurope.com\/sk\/wp-content\/uploads\/sites\/19\/2022\/08\/2021-poinsettia-01000-boho-green-living-02.jpg 875w, https:\/\/starsforeurope.com\/sk\/wp-content\/uploads\/sites\/19\/2022\/08\/2021-poinsettia-01000-boho-green-living-02-250x300.jpg 250w, https:\/\/starsforeurope.com\/sk\/wp-content\/uploads\/sites\/19\/2022\/08\/2021-poinsettia-01000-boho-green-living-02-853x1024.jpg 853w, https:\/\/starsforeurope.com\/sk\/wp-content\/uploads\/sites\/19\/2022\/08\/2021-poinsettia-01000-boho-green-living-02-768x922.jpg 768w, https:\/\/starsforeurope.com\/sk\/wp-content\/uploads\/sites\/19\/2022\/08\/2021-poinsettia-01000-boho-green-living-02-563x675.jpg 563w\" sizes=\"auto, (max-width: 875px) 100vw, 875px\" \/><\/a><\/figure>\n\n<h3 class=\"wp-block-post-title\"><a href=\"https:\/\/starsforeurope.com\/sk\/press\/pouzite-farby-na-boj-proti-jesennemu-smutku-vianocne-ruze-su-krasnymi-dekoraciami-a-mozu-zlepsit-vasu-naladu\/\" target=\"_self\" >Pou\u017eite farby na boj proti jesenn\u00e9mu sm\u00fatku. Viano\u010dn\u00e9 ru\u017ee s\u00fa kr\u00e1snymi dekor\u00e1ciami a m\u00f4\u017eu zlep\u0161i\u0165 va\u0161u n\u00e1ladu.<\/a><\/h3>\n\n\n<div class=\"wp-block-group postmetaline is-nowrap is-layout-flex wp-container-core-group-is-layout-6c531013 wp-block-group-is-layout-flex\"><div class=\"wp-block-post-date\"><time datetime=\"2021-10-16T12:46:39+02:00\">16. okt\u00f3bra 2021<\/time><\/div>\n\n<\/div>\n\n\n<div class=\"wp-block-post-excerpt\"><p class=\"wp-block-post-excerpt__excerpt\">Svojimi farebn\u00fdmi l\u00edstkami poinsettie premenia miestnosti na raje \u0161\u0165astia. Konkr\u00e9tne \u00fa\u010dinky sa l\u00ed\u0161ia v z\u00e1vislosti od odtie\u0148a. Pozrieme sa na \u00fa\u010dinok r\u00f4znych farieb.<\/p><p class=\"wp-block-post-excerpt__more-text\"><a class=\"wp-block-post-excerpt__more-link\" href=\"https:\/\/starsforeurope.com\/sk\/press\/pouzite-farby-na-boj-proti-jesennemu-smutku-vianocne-ruze-su-krasnymi-dekoraciami-a-mozu-zlepsit-vasu-naladu\/\">Pre\u010d\u00edtajte si viac<\/a><\/p><\/div>\n<\/li><\/ul>\n\n<nav class=\"wp-block-query-pagination is-content-justification-center is-layout-flex wp-container-core-query-pagination-is-layout-a89b3969 wp-block-query-pagination-is-layout-flex\" aria-label=\"Str\u00e1nkovanie\">\n\n\n<div class=\"wp-block-query-pagination-numbers has-medium-font-size\"><span aria-current=\"page\" class=\"page-numbers current\">1<\/span>\n<a class=\"page-numbers\" href=\"?query-0-page=2\">2<\/a><\/div>\n\n<a href=\"\/sk\/wp-json\/wp\/v2\/pages\/7431?query-0-page=2\" class=\"wp-block-query-pagination-next\">\u22b3<\/a>\n<\/nav>\n\n<\/div>\n\n\n\n<div style=\"height:3rem\" aria-hidden=\"true\" class=\"wp-block-spacer\"><\/div>\n<\/main>","protected":false},"excerpt":{"rendered":"<p>Ide o jednu z najob\u013e\u00fabenej\u0161\u00edch rastl\u00edn na svete, no ko\u013eko toho skuto\u010dne viete o viano\u010dn\u00fdch ru\u017eiach? Mo\u017eno v\u00e1s prekvapia! Presk\u00famajte ich fascinuj\u00facu hist\u00f3riu, p\u00f4vod, vyu\u017eitie, ako aj rozmanitos\u0165 odr\u00f4d.<\/p>\n","protected":false},"author":26,"featured_media":4366,"parent":7,"menu_order":0,"comment_status":"closed","ping_status":"closed","template":"two-column-press","meta":{"_acf_changed":false,"footnotes":""},"class_list":["post-7431","page","type-page","status-publish","has-post-thumbnail","hentry"],"acf":[],"_links":{"self":[{"href":"https:\/\/starsforeurope.com\/sk\/wp-json\/wp\/v2\/pages\/7431","targetHints":{"allow":["GET"]}}],"collection":[{"href":"https:\/\/starsforeurope.com\/sk\/wp-json\/wp\/v2\/pages"}],"about":[{"href":"https:\/\/starsforeurope.com\/sk\/wp-json\/wp\/v2\/types\/page"}],"author":[{"embeddable":true,"href":"https:\/\/starsforeurope.com\/sk\/wp-json\/wp\/v2\/users\/26"}],"replies":[{"embeddable":true,"href":"https:\/\/starsforeurope.com\/sk\/wp-json\/wp\/v2\/comments?post=7431"}],"version-history":[{"count":3,"href":"https:\/\/starsforeurope.com\/sk\/wp-json\/wp\/v2\/pages\/7431\/revisions"}],"predecessor-version":[{"id":7487,"href":"https:\/\/starsforeurope.com\/sk\/wp-json\/wp\/v2\/pages\/7431\/revisions\/7487"}],"up":[{"embeddable":true,"href":"https:\/\/starsforeurope.com\/sk\/wp-json\/wp\/v2\/pages\/7"}],"wp:featuredmedia":[{"embeddable":true,"href":"https:\/\/starsforeurope.com\/sk\/wp-json\/wp\/v2\/media\/4366"}],"wp:attachment":[{"href":"https:\/\/starsforeurope.com\/sk\/wp-json\/wp\/v2\/media?parent=7431"}],"curies":[{"name":"wp","href":"https:\/\/api.w.org\/{rel}","templated":true}]}}