{"id":7430,"date":"2025-07-14T10:55:47","date_gmt":"2025-07-14T08:55:47","guid":{"rendered":"https:\/\/starsforeurope.com\/sk\/?page_id=7430"},"modified":"2025-09-24T10:38:32","modified_gmt":"2025-09-24T08:38:32","slug":"dekoracie-pr","status":"publish","type":"page","link":"https:\/\/starsforeurope.com\/sk\/tlacove-spravy\/dekoracie-pr\/","title":{"rendered":"Nespo\u010detn\u00e9 mno\u017estvo n\u00e1padov: vyu\u017eite viano\u010dn\u00e9 ru\u017ee na skr\u00e1\u0161lenie va\u0161ich priestorov"},"content":{"rendered":"<main class=\"wp-block-group postimage-half wide-content is-layout-flow wp-block-group-is-layout-flow\" style=\"margin-top:var(--wp--preset--spacing--50)\">\n<div style=\"height:3rem\" aria-hidden=\"true\" class=\"wp-block-spacer\"><\/div>\n\n\n\n<div class=\"wp-block-query is-layout-flow wp-block-query-is-layout-flow\"><ul class=\"columns-2 wp-block-post-template is-layout-grid wp-container-core-post-template-is-layout-37ef2942 wp-block-post-template-is-layout-grid\"><li class=\"wp-block-post post-7748 press type-press status-publish has-post-thumbnail hentry press_cat-advent-decoration press_main-dekoracie press_main-starostlivost press_main-tlacove-spravy\">\n<figure style=\"aspect-ratio:1;\" class=\"featuredimage wp-block-post-featured-image\"><a href=\"https:\/\/starsforeurope.com\/sk\/press\/sutaz-carovne-okamihy-pocas-vianoc-s-vianocnymi-ruzami\/\" target=\"_self\"  ><img loading=\"lazy\" decoding=\"async\" width=\"875\" height=\"1050\" src=\"https:\/\/starsforeurope.com\/sk\/wp-content\/uploads\/sites\/19\/2024\/01\/Asset-3.jpg\" class=\"attachment-post-thumbnail size-post-thumbnail wp-post-image\" alt=\"S\u00da\u0164A\u017d! \u010carovn\u00e9 okamihy po\u010das Vianoc s viano\u010dn\u00fdmi ru\u017eami\" style=\"width:100%;height:100%;object-fit:cover;\" srcset=\"https:\/\/starsforeurope.com\/sk\/wp-content\/uploads\/sites\/19\/2024\/01\/Asset-3.jpg 875w, https:\/\/starsforeurope.com\/sk\/wp-content\/uploads\/sites\/19\/2024\/01\/Asset-3-250x300.jpg 250w, https:\/\/starsforeurope.com\/sk\/wp-content\/uploads\/sites\/19\/2024\/01\/Asset-3-853x1024.jpg 853w, https:\/\/starsforeurope.com\/sk\/wp-content\/uploads\/sites\/19\/2024\/01\/Asset-3-768x922.jpg 768w, https:\/\/starsforeurope.com\/sk\/wp-content\/uploads\/sites\/19\/2024\/01\/Asset-3-563x675.jpg 563w\" sizes=\"auto, (max-width: 875px) 100vw, 875px\" \/><\/a><\/figure>\n\n<h3 class=\"wp-block-post-title\"><a href=\"https:\/\/starsforeurope.com\/sk\/press\/sutaz-carovne-okamihy-pocas-vianoc-s-vianocnymi-ruzami\/\" target=\"_self\" >S\u00da\u0164A\u017d! \u010carovn\u00e9 okamihy po\u010das Vianoc s viano\u010dn\u00fdmi ru\u017eami<\/a><\/h3>\n\n\n<div class=\"wp-block-group postmetaline is-nowrap is-layout-flex wp-container-core-group-is-layout-6c531013 wp-block-group-is-layout-flex\"><div class=\"wp-block-post-date\"><time datetime=\"2025-11-19T08:00:00+01:00\">19. novembra 2025<\/time><\/div>\n\n<\/div>\n\n\n<div class=\"wp-block-post-excerpt\"><p class=\"wp-block-post-excerpt__excerpt\">Aj ke\u010f v\u00a0r\u00f4znych kult\u00farach maj\u00fa viano\u010dn\u00e9 ru\u017ee svoj symbolick\u00fd v\u00fdznam, mnoh\u00ed \u013eudia si ich pr\u00e1ve po\u010das Vianoc jednoducho cenia ako kr\u00e1sne nen\u00e1ro\u010dn\u00e9 izbov\u00e9 rastliny, ktor\u00e9 m\u00f4\u017eu svojmu okoliu prin\u00e1\u0161a\u0165 rados\u0165 po cel\u00e9 t\u00fd\u017edne.<\/p><p class=\"wp-block-post-excerpt__more-text\"><a class=\"wp-block-post-excerpt__more-link\" href=\"https:\/\/starsforeurope.com\/sk\/press\/sutaz-carovne-okamihy-pocas-vianoc-s-vianocnymi-ruzami\/\">Pre\u010d\u00edtajte si viac<\/a><\/p><\/div>\n<\/li><li class=\"wp-block-post post-7581 press type-press status-publish has-post-thumbnail hentry press_cat-table-decoration press_main-dekoracie press_main-dekoracie-na-stol press_main-tlacove-spravy\">\n<figure style=\"aspect-ratio:1;\" class=\"featuredimage wp-block-post-featured-image\"><a href=\"https:\/\/starsforeurope.com\/sk\/press\/stolovanie-v-stylovom-prevedeni-vsestranne-dekoracie-na-stol-s-vianocnymi-ruzami\/\" target=\"_self\"  ><img loading=\"lazy\" decoding=\"async\" width=\"875\" height=\"1050\" src=\"https:\/\/starsforeurope.com\/sk\/wp-content\/uploads\/sites\/19\/2025\/07\/2025_Poinsettia_01000_Nordic_Winter_Charm_08.jpg\" class=\"attachment-post-thumbnail size-post-thumbnail wp-post-image\" alt=\"Stolovanie v\u00a0\u0161t\u00fdlovom preveden\u00ed. V\u0161estrann\u00e9 dekor\u00e1cie na st\u00f4l s viano\u010dn\u00fdmi ru\u017eami\u00a0\" style=\"width:100%;height:100%;object-fit:cover;\" srcset=\"https:\/\/starsforeurope.com\/sk\/wp-content\/uploads\/sites\/19\/2025\/07\/2025_Poinsettia_01000_Nordic_Winter_Charm_08.jpg 875w, https:\/\/starsforeurope.com\/sk\/wp-content\/uploads\/sites\/19\/2025\/07\/2025_Poinsettia_01000_Nordic_Winter_Charm_08-250x300.jpg 250w, https:\/\/starsforeurope.com\/sk\/wp-content\/uploads\/sites\/19\/2025\/07\/2025_Poinsettia_01000_Nordic_Winter_Charm_08-853x1024.jpg 853w, https:\/\/starsforeurope.com\/sk\/wp-content\/uploads\/sites\/19\/2025\/07\/2025_Poinsettia_01000_Nordic_Winter_Charm_08-768x922.jpg 768w\" sizes=\"auto, (max-width: 875px) 100vw, 875px\" \/><\/a><\/figure>\n\n<h3 class=\"wp-block-post-title\"><a href=\"https:\/\/starsforeurope.com\/sk\/press\/stolovanie-v-stylovom-prevedeni-vsestranne-dekoracie-na-stol-s-vianocnymi-ruzami\/\" target=\"_self\" >Stolovanie v\u00a0\u0161t\u00fdlovom preveden\u00ed. V\u0161estrann\u00e9 dekor\u00e1cie na st\u00f4l s viano\u010dn\u00fdmi ru\u017eami\u00a0<\/a><\/h3>\n\n\n<div class=\"wp-block-group postmetaline is-nowrap is-layout-flex wp-container-core-group-is-layout-6c531013 wp-block-group-is-layout-flex\"><div class=\"wp-block-post-date\"><time datetime=\"2025-11-10T08:00:00+01:00\">10. novembra 2025<\/time><\/div>\n\n<\/div>\n\n\n<div class=\"wp-block-post-excerpt\"><p class=\"wp-block-post-excerpt__excerpt\">Udr\u017eate\u013en\u00e9, hrav\u00e9, ale aj elegantn\u00e9 \u2013 prestret\u00fd st\u00f4l s viano\u010dn\u00fdmi ru\u017eami v p\u00fatav\u00fdch dekor\u00e1ci\u00e1ch. Objavte nov\u00e9 n\u00e1pady na v\u00fdzdobu pre v\u00e1\u0161 sviato\u010dn\u00fd st\u00f4l.<\/p><p class=\"wp-block-post-excerpt__more-text\"><a class=\"wp-block-post-excerpt__more-link\" href=\"https:\/\/starsforeurope.com\/sk\/press\/stolovanie-v-stylovom-prevedeni-vsestranne-dekoracie-na-stol-s-vianocnymi-ruzami\/\">Pre\u010d\u00edtajte si viac<\/a><\/p><\/div>\n<\/li><li class=\"wp-block-post post-7530 press type-press status-publish has-post-thumbnail hentry press_cat-christmas-tree-decorations press_main-dekoracie press_main-starostlivost press_main-tlacove-spravy press_main-zimne-dekoracie\">\n<figure style=\"aspect-ratio:1;\" class=\"featuredimage wp-block-post-featured-image\"><a href=\"https:\/\/starsforeurope.com\/sk\/press\/vsestrannost-vianocnych-ruzi-tieto-zimne-krasky-vam-dokazu-robit-spolocnost-pocas-celej-zimy\/\" target=\"_self\"  ><img loading=\"lazy\" decoding=\"async\" width=\"875\" height=\"1050\" src=\"https:\/\/starsforeurope.com\/sk\/wp-content\/uploads\/sites\/19\/2025\/07\/2025_Poinsettia_01000_Nordic_Winter_Charm_47.jpg\" class=\"attachment-post-thumbnail size-post-thumbnail wp-post-image\" alt=\"V\u0161estrannos\u0165 viano\u010dn\u00fdch ru\u017e\u00ed. Tieto zimn\u00e9 kr\u00e1sky v\u00e1m dok\u00e1\u017eu robi\u0165 spolo\u010dnos\u0165 po\u010das celej zimy\u00a0\" style=\"width:100%;height:100%;object-fit:cover;\" srcset=\"https:\/\/starsforeurope.com\/sk\/wp-content\/uploads\/sites\/19\/2025\/07\/2025_Poinsettia_01000_Nordic_Winter_Charm_47.jpg 875w, https:\/\/starsforeurope.com\/sk\/wp-content\/uploads\/sites\/19\/2025\/07\/2025_Poinsettia_01000_Nordic_Winter_Charm_47-250x300.jpg 250w, https:\/\/starsforeurope.com\/sk\/wp-content\/uploads\/sites\/19\/2025\/07\/2025_Poinsettia_01000_Nordic_Winter_Charm_47-853x1024.jpg 853w, https:\/\/starsforeurope.com\/sk\/wp-content\/uploads\/sites\/19\/2025\/07\/2025_Poinsettia_01000_Nordic_Winter_Charm_47-768x922.jpg 768w\" sizes=\"auto, (max-width: 875px) 100vw, 875px\" \/><\/a><\/figure>\n\n<h3 class=\"wp-block-post-title\"><a href=\"https:\/\/starsforeurope.com\/sk\/press\/vsestrannost-vianocnych-ruzi-tieto-zimne-krasky-vam-dokazu-robit-spolocnost-pocas-celej-zimy\/\" target=\"_self\" >V\u0161estrannos\u0165 viano\u010dn\u00fdch ru\u017e\u00ed. Tieto zimn\u00e9 kr\u00e1sky v\u00e1m dok\u00e1\u017eu robi\u0165 spolo\u010dnos\u0165 po\u010das celej zimy\u00a0<\/a><\/h3>\n\n\n<div class=\"wp-block-group postmetaline is-nowrap is-layout-flex wp-container-core-group-is-layout-6c531013 wp-block-group-is-layout-flex\"><div class=\"wp-block-post-date\"><time datetime=\"2025-10-15T08:00:00+02:00\">15. okt\u00f3bra 2025<\/time><\/div>\n\n<\/div>\n\n\n<div class=\"wp-block-post-excerpt\"><p class=\"wp-block-post-excerpt__excerpt\">Viano\u010dn\u00e9 ru\u017ee sa jednoducho hodia do ak\u00e9hoko\u013evek prostredia. Bud\u00fa ladi\u0165 s \u010d\u00edmko\u013evek bez oh\u013eadu na preferovan\u00fd \u0161t\u00fdl a takisto ich viete vyu\u017ei\u0165 v urob si s\u00e1m projektoch. Viac inform\u00e1ci\u00ed n\u00e1jdete tu.<\/p><p class=\"wp-block-post-excerpt__more-text\"><a class=\"wp-block-post-excerpt__more-link\" href=\"https:\/\/starsforeurope.com\/sk\/press\/vsestrannost-vianocnych-ruzi-tieto-zimne-krasky-vam-dokazu-robit-spolocnost-pocas-celej-zimy\/\">Pre\u010d\u00edtajte si viac<\/a><\/p><\/div>\n<\/li><li class=\"wp-block-post post-5024 press type-press status-publish has-post-thumbnail hentry press_cat-care press_main-dekoracie press_main-dekoracie-na-stol press_main-tlacove-spravy press_main-urob-si-sam-upcyklaciami\">\n<figure style=\"aspect-ratio:1;\" class=\"featuredimage wp-block-post-featured-image\"><a href=\"https:\/\/starsforeurope.com\/sk\/press\/dekoracie-na-stol-s-vyuzitim-vianocnych-ruzi-kvetinovy-vianocny-stol-v-roznych-styloch\/\" target=\"_self\"  ><img loading=\"lazy\" decoding=\"async\" width=\"875\" height=\"1050\" src=\"https:\/\/starsforeurope.com\/sk\/wp-content\/uploads\/sites\/19\/2024\/11\/2024_Poinsettia_02000_Modern_Vintage_Fusion_03.jpg\" class=\"attachment-post-thumbnail size-post-thumbnail wp-post-image\" alt=\"Dekor\u00e1cie na st\u00f4l s vyu\u017eit\u00edm viano\u010dn\u00fdch ru\u017e\u00ed. Kvetinov\u00fd viano\u010dn\u00fd st\u00f4l v r\u00f4znych \u0161t\u00fdloch\" style=\"width:100%;height:100%;object-fit:cover;\" srcset=\"https:\/\/starsforeurope.com\/sk\/wp-content\/uploads\/sites\/19\/2024\/11\/2024_Poinsettia_02000_Modern_Vintage_Fusion_03.jpg 875w, https:\/\/starsforeurope.com\/sk\/wp-content\/uploads\/sites\/19\/2024\/11\/2024_Poinsettia_02000_Modern_Vintage_Fusion_03-250x300.jpg 250w, https:\/\/starsforeurope.com\/sk\/wp-content\/uploads\/sites\/19\/2024\/11\/2024_Poinsettia_02000_Modern_Vintage_Fusion_03-853x1024.jpg 853w, https:\/\/starsforeurope.com\/sk\/wp-content\/uploads\/sites\/19\/2024\/11\/2024_Poinsettia_02000_Modern_Vintage_Fusion_03-768x922.jpg 768w, https:\/\/starsforeurope.com\/sk\/wp-content\/uploads\/sites\/19\/2024\/11\/2024_Poinsettia_02000_Modern_Vintage_Fusion_03-563x675.jpg 563w\" sizes=\"auto, (max-width: 875px) 100vw, 875px\" \/><\/a><\/figure>\n\n<h3 class=\"wp-block-post-title\"><a href=\"https:\/\/starsforeurope.com\/sk\/press\/dekoracie-na-stol-s-vyuzitim-vianocnych-ruzi-kvetinovy-vianocny-stol-v-roznych-styloch\/\" target=\"_self\" >Dekor\u00e1cie na st\u00f4l s vyu\u017eit\u00edm viano\u010dn\u00fdch ru\u017e\u00ed. Kvetinov\u00fd viano\u010dn\u00fd st\u00f4l v r\u00f4znych \u0161t\u00fdloch<\/a><\/h3>\n\n\n<div class=\"wp-block-group postmetaline is-nowrap is-layout-flex wp-container-core-group-is-layout-6c531013 wp-block-group-is-layout-flex\"><div class=\"wp-block-post-date\"><time datetime=\"2024-11-26T07:00:03+01:00\">26. novembra 2024<\/time><\/div>\n\n<\/div>\n\n\n<div class=\"wp-block-post-excerpt\"><p class=\"wp-block-post-excerpt__excerpt\">Viano\u010dn\u00e9 ru\u017ee m\u00f4\u017eete pou\u017ei\u0165 ako elegantn\u00fa v\u00fdzdobu \u0161tedrove\u010dern\u00e9ho stola, ale hodia sa na st\u00f4l aj k ra\u0148ajk\u00e1m \u010di k\u00e1ve. Nechajte sa in\u0161pirova\u0165 na\u0161imi dekor\u00e1ciami na st\u00f4l na ka\u017ed\u00fa pr\u00edle\u017eitos\u0165.<\/p><p class=\"wp-block-post-excerpt__more-text\"><a class=\"wp-block-post-excerpt__more-link\" href=\"https:\/\/starsforeurope.com\/sk\/press\/dekoracie-na-stol-s-vyuzitim-vianocnych-ruzi-kvetinovy-vianocny-stol-v-roznych-styloch\/\">Pre\u010d\u00edtajte si viac<\/a><\/p><\/div>\n<\/li><\/ul>\n\n<nav class=\"wp-block-query-pagination is-content-justification-center is-layout-flex wp-container-core-query-pagination-is-layout-a89b3969 wp-block-query-pagination-is-layout-flex\" aria-label=\"Str\u00e1nkovanie\">\n\n\n<div class=\"wp-block-query-pagination-numbers has-medium-font-size\"><span aria-current=\"page\" class=\"page-numbers current\">1<\/span>\n<a class=\"page-numbers\" href=\"?query-0-page=2\">2<\/a>\n<a class=\"page-numbers\" href=\"?query-0-page=3\">3<\/a><\/div>\n\n<a href=\"\/sk\/wp-json\/wp\/v2\/pages\/7430?query-0-page=2\" class=\"wp-block-query-pagination-next\">\u22b3<\/a>\n<\/nav>\n\n<\/div>\n\n\n\n<div style=\"height:3rem\" aria-hidden=\"true\" class=\"wp-block-spacer\"><\/div>\n<\/main>","protected":false},"excerpt":{"rendered":"<p>N\u00e1jdete tu mno\u017estvo in\u0161pirat\u00edvnych n\u00e1padov na dekor\u00e1cie a urob-si-s\u00e1m projekty po\u010das najkraj\u0161ieho obdobia roka \u2013 Vianoc. Viano\u010dn\u00e9 ru\u017ee, zn\u00e1me v mnoh\u00fdch krajin\u00e1ch aj ako viano\u010dn\u00e9 hviezdy, v\u00e1s v mnohom prekvapia: s\u00fa dostupn\u00e9 v r\u00f4znych tvaroch a form\u00e1ch, v\u010faka \u010domu dok\u00e1\u017eu vyhovie\u0165 rozli\u010dn\u00e9mu vkusu z\u00e1kazn\u00edkov a priestorom r\u00f4znych \u0161t\u00fdlov, \u010di u\u017e ide o upcyklovan\u00e9, rustik\u00e1lne, boh\u00e9mske, mestsk\u00fa d\u017eung\u013eu a in\u00e9.<\/p>\n","protected":false},"author":26,"featured_media":4366,"parent":7,"menu_order":0,"comment_status":"closed","ping_status":"closed","template":"two-column-press","meta":{"_acf_changed":false,"footnotes":""},"class_list":["post-7430","page","type-page","status-publish","has-post-thumbnail","hentry"],"acf":[],"_links":{"self":[{"href":"https:\/\/starsforeurope.com\/sk\/wp-json\/wp\/v2\/pages\/7430","targetHints":{"allow":["GET"]}}],"collection":[{"href":"https:\/\/starsforeurope.com\/sk\/wp-json\/wp\/v2\/pages"}],"about":[{"href":"https:\/\/starsforeurope.com\/sk\/wp-json\/wp\/v2\/types\/page"}],"author":[{"embeddable":true,"href":"https:\/\/starsforeurope.com\/sk\/wp-json\/wp\/v2\/users\/26"}],"replies":[{"embeddable":true,"href":"https:\/\/starsforeurope.com\/sk\/wp-json\/wp\/v2\/comments?post=7430"}],"version-history":[{"count":2,"href":"https:\/\/starsforeurope.com\/sk\/wp-json\/wp\/v2\/pages\/7430\/revisions"}],"predecessor-version":[{"id":7634,"href":"https:\/\/starsforeurope.com\/sk\/wp-json\/wp\/v2\/pages\/7430\/revisions\/7634"}],"up":[{"embeddable":true,"href":"https:\/\/starsforeurope.com\/sk\/wp-json\/wp\/v2\/pages\/7"}],"wp:featuredmedia":[{"embeddable":true,"href":"https:\/\/starsforeurope.com\/sk\/wp-json\/wp\/v2\/media\/4366"}],"wp:attachment":[{"href":"https:\/\/starsforeurope.com\/sk\/wp-json\/wp\/v2\/media?parent=7430"}],"curies":[{"name":"wp","href":"https:\/\/api.w.org\/{rel}","templated":true}]}}