{"id":7429,"date":"2025-07-14T10:48:20","date_gmt":"2025-07-14T08:48:20","guid":{"rendered":"https:\/\/starsforeurope.com\/sk\/?page_id=7429"},"modified":"2025-07-15T13:58:26","modified_gmt":"2025-07-15T11:58:26","slug":"starostlivost-pr","status":"publish","type":"page","link":"https:\/\/starsforeurope.com\/sk\/tlacove-spravy\/starostlivost-pr\/","title":{"rendered":"Ak chcete, aby v\u00e1m viano\u010dn\u00e9 ru\u017ee vydr\u017eali dlh\u0161ie, porad\u00edme v\u00e1m ako sa o ne stara\u0165"},"content":{"rendered":"<main class=\"wp-block-group postimage-half wide-content is-layout-flow wp-block-group-is-layout-flow\" style=\"margin-top:var(--wp--preset--spacing--50)\">\n<div style=\"height:3rem\" aria-hidden=\"true\" class=\"wp-block-spacer\"><\/div>\n\n\n\n<div class=\"wp-block-query is-layout-flow wp-block-query-is-layout-flow\"><ul class=\"columns-2 wp-block-post-template is-layout-grid wp-container-core-post-template-is-layout-37ef2942 wp-block-post-template-is-layout-grid\"><li class=\"wp-block-post post-7748 press type-press status-publish has-post-thumbnail hentry press_cat-advent-decoration press_main-dekoracie press_main-starostlivost press_main-tlacove-spravy\">\n<figure style=\"aspect-ratio:1;\" class=\"featuredimage wp-block-post-featured-image\"><a href=\"https:\/\/starsforeurope.com\/sk\/press\/sutaz-carovne-okamihy-pocas-vianoc-s-vianocnymi-ruzami\/\" target=\"_self\"  ><img loading=\"lazy\" decoding=\"async\" width=\"875\" height=\"1050\" src=\"https:\/\/starsforeurope.com\/sk\/wp-content\/uploads\/sites\/19\/2024\/01\/Asset-3.jpg\" class=\"attachment-post-thumbnail size-post-thumbnail wp-post-image\" alt=\"S\u00da\u0164A\u017d! \u010carovn\u00e9 okamihy po\u010das Vianoc s viano\u010dn\u00fdmi ru\u017eami\" style=\"width:100%;height:100%;object-fit:cover;\" srcset=\"https:\/\/starsforeurope.com\/sk\/wp-content\/uploads\/sites\/19\/2024\/01\/Asset-3.jpg 875w, https:\/\/starsforeurope.com\/sk\/wp-content\/uploads\/sites\/19\/2024\/01\/Asset-3-250x300.jpg 250w, https:\/\/starsforeurope.com\/sk\/wp-content\/uploads\/sites\/19\/2024\/01\/Asset-3-853x1024.jpg 853w, https:\/\/starsforeurope.com\/sk\/wp-content\/uploads\/sites\/19\/2024\/01\/Asset-3-768x922.jpg 768w, https:\/\/starsforeurope.com\/sk\/wp-content\/uploads\/sites\/19\/2024\/01\/Asset-3-563x675.jpg 563w\" sizes=\"auto, (max-width: 875px) 100vw, 875px\" \/><\/a><\/figure>\n\n<h3 class=\"wp-block-post-title\"><a href=\"https:\/\/starsforeurope.com\/sk\/press\/sutaz-carovne-okamihy-pocas-vianoc-s-vianocnymi-ruzami\/\" target=\"_self\" >S\u00da\u0164A\u017d! \u010carovn\u00e9 okamihy po\u010das Vianoc s viano\u010dn\u00fdmi ru\u017eami<\/a><\/h3>\n\n\n<div class=\"wp-block-group postmetaline is-nowrap is-layout-flex wp-container-core-group-is-layout-6c531013 wp-block-group-is-layout-flex\"><div class=\"wp-block-post-date\"><time datetime=\"2025-11-19T08:00:00+01:00\">19. novembra 2025<\/time><\/div>\n\n<\/div>\n\n\n<div class=\"wp-block-post-excerpt\"><p class=\"wp-block-post-excerpt__excerpt\">Aj ke\u010f v\u00a0r\u00f4znych kult\u00farach maj\u00fa viano\u010dn\u00e9 ru\u017ee svoj symbolick\u00fd v\u00fdznam, mnoh\u00ed \u013eudia si ich pr\u00e1ve po\u010das Vianoc jednoducho cenia ako kr\u00e1sne nen\u00e1ro\u010dn\u00e9 izbov\u00e9 rastliny, ktor\u00e9 m\u00f4\u017eu svojmu okoliu prin\u00e1\u0161a\u0165 rados\u0165 po cel\u00e9 t\u00fd\u017edne.<\/p><p class=\"wp-block-post-excerpt__more-text\"><a class=\"wp-block-post-excerpt__more-link\" href=\"https:\/\/starsforeurope.com\/sk\/press\/sutaz-carovne-okamihy-pocas-vianoc-s-vianocnymi-ruzami\/\">Pre\u010d\u00edtajte si viac<\/a><\/p><\/div>\n<\/li><li class=\"wp-block-post post-7572 press type-press status-publish has-post-thumbnail hentry press_cat-care press_main-starostlivost press_main-tlacove-spravy\">\n<figure style=\"aspect-ratio:1;\" class=\"featuredimage wp-block-post-featured-image\"><a href=\"https:\/\/starsforeurope.com\/sk\/press\/starame-sa-o-vianocne-ruze-top-tipy-ako-udrzat-tuto-ziarivu-izbovu-rastlinu-v-co-najlepsej-kondicii\/\" target=\"_self\"  ><img loading=\"lazy\" decoding=\"async\" width=\"875\" height=\"1050\" src=\"https:\/\/starsforeurope.com\/sk\/wp-content\/uploads\/sites\/19\/2025\/07\/2025_Poinsettia_01000_Nordic_Winter_Charm_14.jpg\" class=\"attachment-post-thumbnail size-post-thumbnail wp-post-image\" alt=\"Star\u00e1me sa o\u00a0viano\u010dn\u00e9 ru\u017ee. Top tipy, ako udr\u017ea\u0165 t\u00fato \u017eiariv\u00fa izbov\u00fa rastlinu v\u00a0\u010do\u00a0najlep\u0161ej kond\u00edcii\" style=\"width:100%;height:100%;object-fit:cover;\" srcset=\"https:\/\/starsforeurope.com\/sk\/wp-content\/uploads\/sites\/19\/2025\/07\/2025_Poinsettia_01000_Nordic_Winter_Charm_14.jpg 875w, https:\/\/starsforeurope.com\/sk\/wp-content\/uploads\/sites\/19\/2025\/07\/2025_Poinsettia_01000_Nordic_Winter_Charm_14-250x300.jpg 250w, https:\/\/starsforeurope.com\/sk\/wp-content\/uploads\/sites\/19\/2025\/07\/2025_Poinsettia_01000_Nordic_Winter_Charm_14-853x1024.jpg 853w, https:\/\/starsforeurope.com\/sk\/wp-content\/uploads\/sites\/19\/2025\/07\/2025_Poinsettia_01000_Nordic_Winter_Charm_14-768x922.jpg 768w\" sizes=\"auto, (max-width: 875px) 100vw, 875px\" \/><\/a><\/figure>\n\n<h3 class=\"wp-block-post-title\"><a href=\"https:\/\/starsforeurope.com\/sk\/press\/starame-sa-o-vianocne-ruze-top-tipy-ako-udrzat-tuto-ziarivu-izbovu-rastlinu-v-co-najlepsej-kondicii\/\" target=\"_self\" >Star\u00e1me sa o\u00a0viano\u010dn\u00e9 ru\u017ee. Top tipy, ako udr\u017ea\u0165 t\u00fato \u017eiariv\u00fa izbov\u00fa rastlinu v\u00a0\u010do\u00a0najlep\u0161ej kond\u00edcii<\/a><\/h3>\n\n\n<div class=\"wp-block-group postmetaline is-nowrap is-layout-flex wp-container-core-group-is-layout-6c531013 wp-block-group-is-layout-flex\"><div class=\"wp-block-post-date\"><time datetime=\"2025-11-03T08:00:00+01:00\">03. novembra 2025<\/time><\/div>\n\n<\/div>\n\n\n<div class=\"wp-block-post-excerpt\"><p class=\"wp-block-post-excerpt__excerpt\">Tu v\u00e1m prin\u00e1\u0161ame tipy na starostlivos\u0165, ktor\u00e9 zabezpe\u010dia, aby va\u0161e viano\u010dn\u00e9 ru\u017ee vyzerali \u010do najlep\u0161ie cel\u00e9 t\u00fd\u017edne.<\/p><p class=\"wp-block-post-excerpt__more-text\"><a class=\"wp-block-post-excerpt__more-link\" href=\"https:\/\/starsforeurope.com\/sk\/press\/starame-sa-o-vianocne-ruze-top-tipy-ako-udrzat-tuto-ziarivu-izbovu-rastlinu-v-co-najlepsej-kondicii\/\">Pre\u010d\u00edtajte si viac<\/a><\/p><\/div>\n<\/li><li class=\"wp-block-post post-7530 press type-press status-publish has-post-thumbnail hentry press_cat-christmas-tree-decorations press_main-dekoracie press_main-starostlivost press_main-tlacove-spravy press_main-zimne-dekoracie\">\n<figure style=\"aspect-ratio:1;\" class=\"featuredimage wp-block-post-featured-image\"><a href=\"https:\/\/starsforeurope.com\/sk\/press\/vsestrannost-vianocnych-ruzi-tieto-zimne-krasky-vam-dokazu-robit-spolocnost-pocas-celej-zimy\/\" target=\"_self\"  ><img loading=\"lazy\" decoding=\"async\" width=\"875\" height=\"1050\" src=\"https:\/\/starsforeurope.com\/sk\/wp-content\/uploads\/sites\/19\/2025\/07\/2025_Poinsettia_01000_Nordic_Winter_Charm_47.jpg\" class=\"attachment-post-thumbnail size-post-thumbnail wp-post-image\" alt=\"V\u0161estrannos\u0165 viano\u010dn\u00fdch ru\u017e\u00ed. Tieto zimn\u00e9 kr\u00e1sky v\u00e1m dok\u00e1\u017eu robi\u0165 spolo\u010dnos\u0165 po\u010das celej zimy\u00a0\" style=\"width:100%;height:100%;object-fit:cover;\" srcset=\"https:\/\/starsforeurope.com\/sk\/wp-content\/uploads\/sites\/19\/2025\/07\/2025_Poinsettia_01000_Nordic_Winter_Charm_47.jpg 875w, https:\/\/starsforeurope.com\/sk\/wp-content\/uploads\/sites\/19\/2025\/07\/2025_Poinsettia_01000_Nordic_Winter_Charm_47-250x300.jpg 250w, https:\/\/starsforeurope.com\/sk\/wp-content\/uploads\/sites\/19\/2025\/07\/2025_Poinsettia_01000_Nordic_Winter_Charm_47-853x1024.jpg 853w, https:\/\/starsforeurope.com\/sk\/wp-content\/uploads\/sites\/19\/2025\/07\/2025_Poinsettia_01000_Nordic_Winter_Charm_47-768x922.jpg 768w\" sizes=\"auto, (max-width: 875px) 100vw, 875px\" \/><\/a><\/figure>\n\n<h3 class=\"wp-block-post-title\"><a href=\"https:\/\/starsforeurope.com\/sk\/press\/vsestrannost-vianocnych-ruzi-tieto-zimne-krasky-vam-dokazu-robit-spolocnost-pocas-celej-zimy\/\" target=\"_self\" >V\u0161estrannos\u0165 viano\u010dn\u00fdch ru\u017e\u00ed. Tieto zimn\u00e9 kr\u00e1sky v\u00e1m dok\u00e1\u017eu robi\u0165 spolo\u010dnos\u0165 po\u010das celej zimy\u00a0<\/a><\/h3>\n\n\n<div class=\"wp-block-group postmetaline is-nowrap is-layout-flex wp-container-core-group-is-layout-6c531013 wp-block-group-is-layout-flex\"><div class=\"wp-block-post-date\"><time datetime=\"2025-10-15T08:00:00+02:00\">15. okt\u00f3bra 2025<\/time><\/div>\n\n<\/div>\n\n\n<div class=\"wp-block-post-excerpt\"><p class=\"wp-block-post-excerpt__excerpt\">Viano\u010dn\u00e9 ru\u017ee sa jednoducho hodia do ak\u00e9hoko\u013evek prostredia. Bud\u00fa ladi\u0165 s \u010d\u00edmko\u013evek bez oh\u013eadu na preferovan\u00fd \u0161t\u00fdl a takisto ich viete vyu\u017ei\u0165 v urob si s\u00e1m projektoch. Viac inform\u00e1ci\u00ed n\u00e1jdete tu.<\/p><p class=\"wp-block-post-excerpt__more-text\"><a class=\"wp-block-post-excerpt__more-link\" href=\"https:\/\/starsforeurope.com\/sk\/press\/vsestrannost-vianocnych-ruzi-tieto-zimne-krasky-vam-dokazu-robit-spolocnost-pocas-celej-zimy\/\">Pre\u010d\u00edtajte si viac<\/a><\/p><\/div>\n<\/li><li class=\"wp-block-post post-5027 press type-press status-publish has-post-thumbnail hentry press_cat-care press_main-starostlivost press_main-tlacove-spravy\">\n<figure style=\"aspect-ratio:1;\" class=\"featuredimage wp-block-post-featured-image\"><a href=\"https:\/\/starsforeurope.com\/sk\/press\/spravna-starostlivost-o-vianocne-ruze-s-akymi-rizikami-sa-mozete-stretnut-a-ako-sa-im-vyhnut\/\" target=\"_self\"  ><img loading=\"lazy\" decoding=\"async\" width=\"875\" height=\"1050\" src=\"https:\/\/starsforeurope.com\/sk\/wp-content\/uploads\/sites\/19\/2024\/11\/2024_Poinsettia_04000_Cosy_Cottage_Charm_21.jpg\" class=\"attachment-post-thumbnail size-post-thumbnail wp-post-image\" alt=\"Spr\u00e1vna starostlivos\u0165 o viano\u010dn\u00e9 ru\u017ee. S ak\u00fdmi rizikami sa m\u00f4\u017eete stretn\u00fa\u0165 a ako sa im vyhn\u00fa\u0165?\" style=\"width:100%;height:100%;object-fit:cover;\" srcset=\"https:\/\/starsforeurope.com\/sk\/wp-content\/uploads\/sites\/19\/2024\/11\/2024_Poinsettia_04000_Cosy_Cottage_Charm_21.jpg 875w, https:\/\/starsforeurope.com\/sk\/wp-content\/uploads\/sites\/19\/2024\/11\/2024_Poinsettia_04000_Cosy_Cottage_Charm_21-250x300.jpg 250w, https:\/\/starsforeurope.com\/sk\/wp-content\/uploads\/sites\/19\/2024\/11\/2024_Poinsettia_04000_Cosy_Cottage_Charm_21-853x1024.jpg 853w, https:\/\/starsforeurope.com\/sk\/wp-content\/uploads\/sites\/19\/2024\/11\/2024_Poinsettia_04000_Cosy_Cottage_Charm_21-768x922.jpg 768w, https:\/\/starsforeurope.com\/sk\/wp-content\/uploads\/sites\/19\/2024\/11\/2024_Poinsettia_04000_Cosy_Cottage_Charm_21-563x675.jpg 563w\" sizes=\"auto, (max-width: 875px) 100vw, 875px\" \/><\/a><\/figure>\n\n<h3 class=\"wp-block-post-title\"><a href=\"https:\/\/starsforeurope.com\/sk\/press\/spravna-starostlivost-o-vianocne-ruze-s-akymi-rizikami-sa-mozete-stretnut-a-ako-sa-im-vyhnut\/\" target=\"_self\" >Spr\u00e1vna starostlivos\u0165 o viano\u010dn\u00e9 ru\u017ee. S ak\u00fdmi rizikami sa m\u00f4\u017eete stretn\u00fa\u0165 a ako sa im vyhn\u00fa\u0165?<\/a><\/h3>\n\n\n<div class=\"wp-block-group postmetaline is-nowrap is-layout-flex wp-container-core-group-is-layout-6c531013 wp-block-group-is-layout-flex\"><div class=\"wp-block-post-date\"><time datetime=\"2024-11-07T06:00:18+01:00\">07. novembra 2024<\/time><\/div>\n\n<\/div>\n\n\n<div class=\"wp-block-post-excerpt\"><p class=\"wp-block-post-excerpt__excerpt\">Chcete ma\u0165 n\u00e1dhern\u00e9 viano\u010dn\u00e9 ru\u017ee? Ak viete, na \u010do s\u00fa citliv\u00e9, \u013eahko sa pri starostlivosti o ne vyhnete be\u017en\u00fdm chyb\u00e1m.<\/p><p class=\"wp-block-post-excerpt__more-text\"><a class=\"wp-block-post-excerpt__more-link\" href=\"https:\/\/starsforeurope.com\/sk\/press\/spravna-starostlivost-o-vianocne-ruze-s-akymi-rizikami-sa-mozete-stretnut-a-ako-sa-im-vyhnut\/\">Pre\u010d\u00edtajte si viac<\/a><\/p><\/div>\n<\/li><\/ul>\n\n<nav class=\"wp-block-query-pagination is-content-justification-center is-layout-flex wp-container-core-query-pagination-is-layout-a89b3969 wp-block-query-pagination-is-layout-flex\" aria-label=\"Str\u00e1nkovanie\">\n\n\n<div class=\"wp-block-query-pagination-numbers has-medium-font-size\"><span aria-current=\"page\" class=\"page-numbers current\">1<\/span>\n<a class=\"page-numbers\" href=\"?query-0-page=2\">2<\/a>\n<a class=\"page-numbers\" href=\"?query-0-page=3\">3<\/a><\/div>\n\n<a href=\"\/sk\/wp-json\/wp\/v2\/pages\/7429?query-0-page=2\" class=\"wp-block-query-pagination-next\">\u22b3<\/a>\n<\/nav>\n\n<\/div>\n\n\n\n<div style=\"height:3rem\" aria-hidden=\"true\" class=\"wp-block-spacer\"><\/div>\n<\/main>","protected":false},"excerpt":{"rendered":"<p>V\u010faka nieko\u013ek\u00fdm jednoduch\u00fdm krokom v\u00e1m viano\u010dn\u00e9 ru\u017ee dlh\u0161ie vydr\u017eia. Sta\u010d\u00ed sa dr\u017ea\u0165 na\u0161ich tipov, ako sa stara\u0165 o kvitn\u00face rastliny.<\/p>\n","protected":false},"author":26,"featured_media":4366,"parent":7,"menu_order":0,"comment_status":"closed","ping_status":"closed","template":"two-column-press","meta":{"_acf_changed":false,"footnotes":""},"class_list":["post-7429","page","type-page","status-publish","has-post-thumbnail","hentry"],"acf":[],"_links":{"self":[{"href":"https:\/\/starsforeurope.com\/sk\/wp-json\/wp\/v2\/pages\/7429","targetHints":{"allow":["GET"]}}],"collection":[{"href":"https:\/\/starsforeurope.com\/sk\/wp-json\/wp\/v2\/pages"}],"about":[{"href":"https:\/\/starsforeurope.com\/sk\/wp-json\/wp\/v2\/types\/page"}],"author":[{"embeddable":true,"href":"https:\/\/starsforeurope.com\/sk\/wp-json\/wp\/v2\/users\/26"}],"replies":[{"embeddable":true,"href":"https:\/\/starsforeurope.com\/sk\/wp-json\/wp\/v2\/comments?post=7429"}],"version-history":[{"count":2,"href":"https:\/\/starsforeurope.com\/sk\/wp-json\/wp\/v2\/pages\/7429\/revisions"}],"predecessor-version":[{"id":7486,"href":"https:\/\/starsforeurope.com\/sk\/wp-json\/wp\/v2\/pages\/7429\/revisions\/7486"}],"up":[{"embeddable":true,"href":"https:\/\/starsforeurope.com\/sk\/wp-json\/wp\/v2\/pages\/7"}],"wp:featuredmedia":[{"embeddable":true,"href":"https:\/\/starsforeurope.com\/sk\/wp-json\/wp\/v2\/media\/4366"}],"wp:attachment":[{"href":"https:\/\/starsforeurope.com\/sk\/wp-json\/wp\/v2\/media?parent=7429"}],"curies":[{"name":"wp","href":"https:\/\/api.w.org\/{rel}","templated":true}]}}