{"id":7416,"date":"2025-07-14T10:19:21","date_gmt":"2025-07-14T08:19:21","guid":{"rendered":"https:\/\/starsforeurope.com\/sk\/?page_id=7416"},"modified":"2025-09-23T16:15:42","modified_gmt":"2025-09-23T14:15:42","slug":"jesenne-dekoracie-zelene-byvanie","status":"publish","type":"page","link":"https:\/\/starsforeurope.com\/sk\/dekoracie\/jesenne-dekoracie-zelene-byvanie\/","title":{"rendered":"Jesenn\u00e9 dekor\u00e1cie s viano\u010dn\u00fdmi ru\u017eami"},"content":{"rendered":"<main class=\"wp-block-group postimage-half wide-content is-layout-flow wp-block-group-is-layout-flow\" style=\"margin-top:var(--wp--preset--spacing--50)\">\n<div style=\"height:3rem\" aria-hidden=\"true\" class=\"wp-block-spacer\"><\/div>\n\n\n\n<div class=\"wp-block-query is-layout-flow wp-block-query-is-layout-flow\"><ul class=\"columns-2 wp-block-post-template is-layout-grid wp-container-core-post-template-is-layout-37ef2942 wp-block-post-template-is-layout-grid\"><li class=\"wp-block-post post-6998 blog type-blog status-publish has-post-thumbnail hentry blog_cat-adventsdekoration blog_cat-herbstdeko-zimmerpflanze blog_main-dekoracie blog_main-jesenne-dekoracie-zelene-byvanie\">\n<figure style=\"aspect-ratio:1;\" class=\"featuredimage wp-block-post-featured-image\"><a href=\"https:\/\/starsforeurope.com\/sk\/blog\/vianocne-ruze-ako-jesenna-dekoracia\/\" target=\"_self\"  ><img loading=\"lazy\" decoding=\"async\" width=\"875\" height=\"1050\" src=\"https:\/\/starsforeurope.com\/sk\/wp-content\/uploads\/sites\/19\/2023\/10\/2023-poinsettia-02000-cottagecore-charm-12.jpg\" class=\"attachment-post-thumbnail size-post-thumbnail wp-post-image\" alt=\"Viano\u010dn\u00e9 ru\u017ee ako jesenn\u00e1 dekor\u00e1cia\" style=\"width:100%;height:100%;object-fit:cover;\" srcset=\"https:\/\/starsforeurope.com\/sk\/wp-content\/uploads\/sites\/19\/2023\/10\/2023-poinsettia-02000-cottagecore-charm-12.jpg 875w, https:\/\/starsforeurope.com\/sk\/wp-content\/uploads\/sites\/19\/2023\/10\/2023-poinsettia-02000-cottagecore-charm-12-250x300.jpg 250w, https:\/\/starsforeurope.com\/sk\/wp-content\/uploads\/sites\/19\/2023\/10\/2023-poinsettia-02000-cottagecore-charm-12-853x1024.jpg 853w, https:\/\/starsforeurope.com\/sk\/wp-content\/uploads\/sites\/19\/2023\/10\/2023-poinsettia-02000-cottagecore-charm-12-768x922.jpg 768w, https:\/\/starsforeurope.com\/sk\/wp-content\/uploads\/sites\/19\/2023\/10\/2023-poinsettia-02000-cottagecore-charm-12-563x675.jpg 563w\" sizes=\"auto, (max-width: 875px) 100vw, 875px\" \/><\/a><\/figure>\n\n<h3 class=\"wp-block-post-title\"><a href=\"https:\/\/starsforeurope.com\/sk\/blog\/vianocne-ruze-ako-jesenna-dekoracia\/\" target=\"_self\" >Viano\u010dn\u00e9 ru\u017ee ako jesenn\u00e1 dekor\u00e1cia<\/a><\/h3>\n\n\n<div class=\"wp-block-group postmetaline is-nowrap is-layout-flex wp-container-core-group-is-layout-6c531013 wp-block-group-is-layout-flex\"><div class=\"wp-block-post-date\"><time datetime=\"2023-11-02T01:38:55+01:00\">02. novembra 2023<\/time><\/div>\n\n<\/div>\n\n\n<div class=\"wp-block-post-excerpt\"><p class=\"wp-block-post-excerpt__excerpt\">Pod\u013eahnite t\u00fato jese\u0148 \u010daru viano\u010dn\u00fdch ru\u017e\u00ed! S\u00fa omnoho viac ne\u017e len symbolom Vianoc.<\/p><p class=\"wp-block-post-excerpt__more-text\"><a class=\"wp-block-post-excerpt__more-link\" href=\"https:\/\/starsforeurope.com\/sk\/blog\/vianocne-ruze-ako-jesenna-dekoracia\/\">Pre\u010d\u00edtajte si viac<\/a><\/p><\/div>\n<\/li><\/ul>\n\n\n\n<\/div>\n\n\n\n<div style=\"height:3rem\" aria-hidden=\"true\" class=\"wp-block-spacer\"><\/div>\n<\/main>","protected":false},"excerpt":{"rendered":"<p>Vneste do svojho domova tepl\u00e9 sez\u00f3nne farby s viano\u010dn\u00fdmi ru\u017eami. Objavte kreat\u00edvne sp\u00f4soby ich pou\u017eitia v p\u00f4vabn\u00fdch dekor\u00e1ci\u00e1ch in\u0161pirovan\u00fdch jese\u0148ou.<\/p>\n","protected":false},"author":26,"featured_media":4352,"parent":22,"menu_order":0,"comment_status":"closed","ping_status":"closed","template":"two-column-blog-single","meta":{"_acf_changed":false,"footnotes":""},"class_list":["post-7416","page","type-page","status-publish","has-post-thumbnail","hentry"],"acf":[],"_links":{"self":[{"href":"https:\/\/starsforeurope.com\/sk\/wp-json\/wp\/v2\/pages\/7416","targetHints":{"allow":["GET"]}}],"collection":[{"href":"https:\/\/starsforeurope.com\/sk\/wp-json\/wp\/v2\/pages"}],"about":[{"href":"https:\/\/starsforeurope.com\/sk\/wp-json\/wp\/v2\/types\/page"}],"author":[{"embeddable":true,"href":"https:\/\/starsforeurope.com\/sk\/wp-json\/wp\/v2\/users\/26"}],"replies":[{"embeddable":true,"href":"https:\/\/starsforeurope.com\/sk\/wp-json\/wp\/v2\/comments?post=7416"}],"version-history":[{"count":3,"href":"https:\/\/starsforeurope.com\/sk\/wp-json\/wp\/v2\/pages\/7416\/revisions"}],"predecessor-version":[{"id":7622,"href":"https:\/\/starsforeurope.com\/sk\/wp-json\/wp\/v2\/pages\/7416\/revisions\/7622"}],"up":[{"embeddable":true,"href":"https:\/\/starsforeurope.com\/sk\/wp-json\/wp\/v2\/pages\/22"}],"wp:featuredmedia":[{"embeddable":true,"href":"https:\/\/starsforeurope.com\/sk\/wp-json\/wp\/v2\/media\/4352"}],"wp:attachment":[{"href":"https:\/\/starsforeurope.com\/sk\/wp-json\/wp\/v2\/media?parent=7416"}],"curies":[{"name":"wp","href":"https:\/\/api.w.org\/{rel}","templated":true}]}}