{"id":7410,"date":"2025-07-14T10:04:59","date_gmt":"2025-07-14T08:04:59","guid":{"rendered":"https:\/\/starsforeurope.com\/sk\/?page_id=7410"},"modified":"2025-09-23T16:13:21","modified_gmt":"2025-09-23T14:13:21","slug":"adventna-vyzdoba","status":"publish","type":"page","link":"https:\/\/starsforeurope.com\/sk\/dekoracie\/adventna-vyzdoba\/","title":{"rendered":"Viano\u010dn\u00e9 ru\u017ee v adventnej v\u00fdzdobe"},"content":{"rendered":"<main class=\"wp-block-group postimage-half wide-content is-layout-flow wp-block-group-is-layout-flow\" style=\"margin-top:var(--wp--preset--spacing--50)\">\n<div style=\"height:3rem\" aria-hidden=\"true\" class=\"wp-block-spacer\"><\/div>\n\n\n\n<div class=\"wp-block-query is-layout-flow wp-block-query-is-layout-flow\"><ul class=\"columns-2 wp-block-post-template is-layout-grid wp-container-core-post-template-is-layout-37ef2942 wp-block-post-template-is-layout-grid\"><li class=\"wp-block-post post-7281 blog type-blog status-publish has-post-thumbnail hentry blog_cat-adventsdekoration blog_cat-tischdekoration blog_cat-tipy-na-dekoracie blog_cat-diy blog_main-adventna-vyzdoba blog_main-dekoracie blog_main-urob-si-sam-upcyklaciami\">\n<figure style=\"aspect-ratio:1;\" class=\"featuredimage wp-block-post-featured-image\"><a href=\"https:\/\/starsforeurope.com\/sk\/blog\/urob-si-sam-napady-na-dekoracie-s-vianocnymi-ruzami-pre-zaciatocnikov\/\" target=\"_self\"  ><img loading=\"lazy\" decoding=\"async\" width=\"1050\" height=\"875\" src=\"https:\/\/starsforeurope.com\/sk\/wp-content\/uploads\/sites\/19\/2024\/11\/asset-3-1-1.jpg\" class=\"attachment-post-thumbnail size-post-thumbnail wp-post-image\" alt=\"Urob si s\u00e1m n\u00e1pady na dekor\u00e1cie s viano\u010dn\u00fdmi ru\u017eami pre za\u010diato\u010dn\u00edkov\" style=\"width:100%;height:100%;object-fit:cover;\" srcset=\"https:\/\/starsforeurope.com\/sk\/wp-content\/uploads\/sites\/19\/2024\/11\/asset-3-1-1.jpg 1050w, https:\/\/starsforeurope.com\/sk\/wp-content\/uploads\/sites\/19\/2024\/11\/asset-3-1-1-300x250.jpg 300w, https:\/\/starsforeurope.com\/sk\/wp-content\/uploads\/sites\/19\/2024\/11\/asset-3-1-1-1024x853.jpg 1024w, https:\/\/starsforeurope.com\/sk\/wp-content\/uploads\/sites\/19\/2024\/11\/asset-3-1-1-768x640.jpg 768w, https:\/\/starsforeurope.com\/sk\/wp-content\/uploads\/sites\/19\/2024\/11\/asset-3-1-1-810x675.jpg 810w\" sizes=\"auto, (max-width: 1050px) 100vw, 1050px\" \/><\/a><\/figure>\n\n<h3 class=\"wp-block-post-title\"><a href=\"https:\/\/starsforeurope.com\/sk\/blog\/urob-si-sam-napady-na-dekoracie-s-vianocnymi-ruzami-pre-zaciatocnikov\/\" target=\"_self\" >Urob si s\u00e1m n\u00e1pady na dekor\u00e1cie s viano\u010dn\u00fdmi ru\u017eami pre za\u010diato\u010dn\u00edkov<\/a><\/h3>\n\n\n<div class=\"wp-block-group postmetaline is-nowrap is-layout-flex wp-container-core-group-is-layout-6c531013 wp-block-group-is-layout-flex\"><div class=\"wp-block-post-date\"><time datetime=\"2023-11-07T15:54:54+01:00\">07. novembra 2023<\/time><\/div>\n\n<\/div>\n\n\n<div class=\"wp-block-post-excerpt\"><p class=\"wp-block-post-excerpt__excerpt\">Prin\u00e1\u0161ame v\u00e1m \u0161es\u0165 urob si s\u00e1m n\u00e1padov na dekor\u00e1cie s vyu\u017eit\u00edm viano\u010dn\u00fdch ru\u017e\u00ed, ktor\u00e9 zvl\u00e1dne ka\u017ed\u00fd. Jednoduch\u00e9, no p\u00f4sobiv\u00e9 dekor\u00e1cie, ktor\u00e9 si nevy\u017eaduj\u00fa \u017eiadne \u0161peci\u00e1lne zru\u010dnosti ani sk\u00fasenosti! Viano\u010dn\u00e9 ru\u017ee a doma vyroben\u00e9 dekor\u00e1cie s\u00fa najlep\u0161\u00edm rie\u0161en\u00edm.<\/p><p class=\"wp-block-post-excerpt__more-text\"><a class=\"wp-block-post-excerpt__more-link\" href=\"https:\/\/starsforeurope.com\/sk\/blog\/urob-si-sam-napady-na-dekoracie-s-vianocnymi-ruzami-pre-zaciatocnikov\/\">Pre\u010d\u00edtajte si viac<\/a><\/p><\/div>\n<\/li><\/ul>\n\n\n\n<\/div>\n\n\n\n<div style=\"height:3rem\" aria-hidden=\"true\" class=\"wp-block-spacer\"><\/div>\n<\/main>","protected":false},"excerpt":{"rendered":"<p>Objavte elegantn\u00e9 a zmyslupln\u00e9 sp\u00f4soby, ako t\u00fato klasick\u00fa rastlinu zakomponova\u0165 do adventn\u00fdch vencov \u010di viano\u010dn\u00fdch dekor\u00e1ci\u00ed.<\/p>\n","protected":false},"author":26,"featured_media":4352,"parent":22,"menu_order":0,"comment_status":"closed","ping_status":"closed","template":"two-column-blog-single","meta":{"_acf_changed":false,"footnotes":""},"class_list":["post-7410","page","type-page","status-publish","has-post-thumbnail","hentry"],"acf":[],"_links":{"self":[{"href":"https:\/\/starsforeurope.com\/sk\/wp-json\/wp\/v2\/pages\/7410","targetHints":{"allow":["GET"]}}],"collection":[{"href":"https:\/\/starsforeurope.com\/sk\/wp-json\/wp\/v2\/pages"}],"about":[{"href":"https:\/\/starsforeurope.com\/sk\/wp-json\/wp\/v2\/types\/page"}],"author":[{"embeddable":true,"href":"https:\/\/starsforeurope.com\/sk\/wp-json\/wp\/v2\/users\/26"}],"replies":[{"embeddable":true,"href":"https:\/\/starsforeurope.com\/sk\/wp-json\/wp\/v2\/comments?post=7410"}],"version-history":[{"count":3,"href":"https:\/\/starsforeurope.com\/sk\/wp-json\/wp\/v2\/pages\/7410\/revisions"}],"predecessor-version":[{"id":7619,"href":"https:\/\/starsforeurope.com\/sk\/wp-json\/wp\/v2\/pages\/7410\/revisions\/7619"}],"up":[{"embeddable":true,"href":"https:\/\/starsforeurope.com\/sk\/wp-json\/wp\/v2\/pages\/22"}],"wp:featuredmedia":[{"embeddable":true,"href":"https:\/\/starsforeurope.com\/sk\/wp-json\/wp\/v2\/media\/4352"}],"wp:attachment":[{"href":"https:\/\/starsforeurope.com\/sk\/wp-json\/wp\/v2\/media?parent=7410"}],"curies":[{"name":"wp","href":"https:\/\/api.w.org\/{rel}","templated":true}]}}