{"id":7407,"date":"2025-07-14T10:01:43","date_gmt":"2025-07-14T08:01:43","guid":{"rendered":"https:\/\/starsforeurope.com\/sk\/?page_id=7407"},"modified":"2025-09-23T16:11:53","modified_gmt":"2025-09-23T14:11:53","slug":"umiestnenie","status":"publish","type":"page","link":"https:\/\/starsforeurope.com\/sk\/starostlivost\/umiestnenie\/","title":{"rendered":"H\u013eadanie ide\u00e1lneho miesta pre va\u0161e viano\u010dn\u00e9 ru\u017ee"},"content":{"rendered":"<main class=\"wp-block-group postimage-half wide-content is-layout-flow wp-block-group-is-layout-flow\" style=\"margin-top:var(--wp--preset--spacing--50)\">\n<div style=\"height:3rem\" aria-hidden=\"true\" class=\"wp-block-spacer\"><\/div>\n\n\n\n<div class=\"wp-block-query is-layout-flow wp-block-query-is-layout-flow\"><ul class=\"columns-2 wp-block-post-template is-layout-grid wp-container-core-post-template-is-layout-37ef2942 wp-block-post-template-is-layout-grid\"><li class=\"wp-block-post post-7220 blog type-blog status-publish has-post-thumbnail hentry blog_cat-pflege blog_main-starostlivost blog_main-umiestnenie blog_main-vseobecna-starostlivost\">\n<figure style=\"aspect-ratio:1;\" class=\"featuredimage wp-block-post-featured-image\"><a href=\"https:\/\/starsforeurope.com\/sk\/blog\/mozete-umiestnit-vianocne-ruze-na-okenny-parapet-na-co-si-treba-davat-pozor\/\" target=\"_self\"  ><img loading=\"lazy\" decoding=\"async\" width=\"875\" height=\"1050\" src=\"https:\/\/starsforeurope.com\/sk\/wp-content\/uploads\/sites\/19\/2024\/10\/2024-poinsettia-04000-cosy-cottage-charm-13.jpg\" class=\"attachment-post-thumbnail size-post-thumbnail wp-post-image\" alt=\"M\u00f4\u017eete umiestni\u0165 viano\u010dn\u00e9 ru\u017ee na okenn\u00fd parapet? Na \u010do si treba d\u00e1va\u0165 pozor\" style=\"width:100%;height:100%;object-fit:cover;\" srcset=\"https:\/\/starsforeurope.com\/sk\/wp-content\/uploads\/sites\/19\/2024\/10\/2024-poinsettia-04000-cosy-cottage-charm-13.jpg 875w, https:\/\/starsforeurope.com\/sk\/wp-content\/uploads\/sites\/19\/2024\/10\/2024-poinsettia-04000-cosy-cottage-charm-13-250x300.jpg 250w, https:\/\/starsforeurope.com\/sk\/wp-content\/uploads\/sites\/19\/2024\/10\/2024-poinsettia-04000-cosy-cottage-charm-13-853x1024.jpg 853w, https:\/\/starsforeurope.com\/sk\/wp-content\/uploads\/sites\/19\/2024\/10\/2024-poinsettia-04000-cosy-cottage-charm-13-768x922.jpg 768w, https:\/\/starsforeurope.com\/sk\/wp-content\/uploads\/sites\/19\/2024\/10\/2024-poinsettia-04000-cosy-cottage-charm-13-563x675.jpg 563w\" sizes=\"auto, (max-width: 875px) 100vw, 875px\" \/><\/a><\/figure>\n\n<h3 class=\"wp-block-post-title\"><a href=\"https:\/\/starsforeurope.com\/sk\/blog\/mozete-umiestnit-vianocne-ruze-na-okenny-parapet-na-co-si-treba-davat-pozor\/\" target=\"_self\" >M\u00f4\u017eete umiestni\u0165 viano\u010dn\u00e9 ru\u017ee na okenn\u00fd parapet? Na \u010do si treba d\u00e1va\u0165 pozor<\/a><\/h3>\n\n\n<div class=\"wp-block-group postmetaline is-nowrap is-layout-flex wp-container-core-group-is-layout-6c531013 wp-block-group-is-layout-flex\"><div class=\"wp-block-post-date\"><time datetime=\"2024-10-24T15:33:36+02:00\">24. okt\u00f3bra 2024<\/time><\/div>\n\n<\/div>\n\n\n<div class=\"wp-block-post-excerpt\"><p class=\"wp-block-post-excerpt__excerpt\">Ako sa o svoje viano\u010dn\u00e9 ru\u017ee na okennom parapete spr\u00e1vne stara\u0165 a ako ich necha\u0165 dokonale vynikn\u00fa\u0165? Dozviete sa, kam ich umiestni\u0165, ak\u00fa maj\u00fa rady teplotu, aj ako ich vyu\u017ei\u0165 v r\u00e1mci viano\u010dnej v\u00fdzdoby.<\/p><p class=\"wp-block-post-excerpt__more-text\"><a class=\"wp-block-post-excerpt__more-link\" href=\"https:\/\/starsforeurope.com\/sk\/blog\/mozete-umiestnit-vianocne-ruze-na-okenny-parapet-na-co-si-treba-davat-pozor\/\">Pre\u010d\u00edtajte si viac<\/a><\/p><\/div>\n<\/li><li class=\"wp-block-post post-7064 blog type-blog status-publish has-post-thumbnail hentry blog_cat-pflege blog_main-starostlivost blog_main-umiestnenie blog_main-vseobecna-starostlivost\">\n<figure style=\"aspect-ratio:1;\" class=\"featuredimage wp-block-post-featured-image\"><a href=\"https:\/\/starsforeurope.com\/sk\/blog\/idealne-miesto-pre-vasu-vianocnu-ruzu\/\" target=\"_self\"  ><img loading=\"lazy\" decoding=\"async\" width=\"1050\" height=\"875\" src=\"https:\/\/starsforeurope.com\/sk\/wp-content\/uploads\/sites\/19\/2023\/10\/2021-poinsettia-04000-autumnal-glow-08-1.jpg\" class=\"attachment-post-thumbnail size-post-thumbnail wp-post-image\" alt=\"Ide\u00e1lne miesto pre va\u0161u viano\u010dn\u00fa ru\u017eu\" style=\"width:100%;height:100%;object-fit:cover;\" srcset=\"https:\/\/starsforeurope.com\/sk\/wp-content\/uploads\/sites\/19\/2023\/10\/2021-poinsettia-04000-autumnal-glow-08-1.jpg 1050w, https:\/\/starsforeurope.com\/sk\/wp-content\/uploads\/sites\/19\/2023\/10\/2021-poinsettia-04000-autumnal-glow-08-1-300x250.jpg 300w, https:\/\/starsforeurope.com\/sk\/wp-content\/uploads\/sites\/19\/2023\/10\/2021-poinsettia-04000-autumnal-glow-08-1-1024x853.jpg 1024w, https:\/\/starsforeurope.com\/sk\/wp-content\/uploads\/sites\/19\/2023\/10\/2021-poinsettia-04000-autumnal-glow-08-1-768x640.jpg 768w, https:\/\/starsforeurope.com\/sk\/wp-content\/uploads\/sites\/19\/2023\/10\/2021-poinsettia-04000-autumnal-glow-08-1-810x675.jpg 810w\" sizes=\"auto, (max-width: 1050px) 100vw, 1050px\" \/><\/a><\/figure>\n\n<h3 class=\"wp-block-post-title\"><a href=\"https:\/\/starsforeurope.com\/sk\/blog\/idealne-miesto-pre-vasu-vianocnu-ruzu\/\" target=\"_self\" >Ide\u00e1lne miesto pre va\u0161u viano\u010dn\u00fa ru\u017eu<\/a><\/h3>\n\n\n<div class=\"wp-block-group postmetaline is-nowrap is-layout-flex wp-container-core-group-is-layout-6c531013 wp-block-group-is-layout-flex\"><div class=\"wp-block-post-date\"><time datetime=\"2023-11-09T01:00:51+01:00\">09. novembra 2023<\/time><\/div>\n\n<\/div>\n\n\n<div class=\"wp-block-post-excerpt\"><p class=\"wp-block-post-excerpt__excerpt\">Vhodn\u00e9 umiestnenie, primeran\u00e1 teplota a ide\u00e1lne sveteln\u00e9 podmienky: ujasnime si, \u010do viano\u010dn\u00e9 ru\u017ee potrebuj\u00fa, aby v\u00e1m v plnej kr\u00e1se vydr\u017eali \u010do najdlh\u0161ie.<\/p><p class=\"wp-block-post-excerpt__more-text\"><a class=\"wp-block-post-excerpt__more-link\" href=\"https:\/\/starsforeurope.com\/sk\/blog\/idealne-miesto-pre-vasu-vianocnu-ruzu\/\">Pre\u010d\u00edtajte si viac<\/a><\/p><\/div>\n<\/li><\/ul>\n\n\n\n<\/div>\n\n\n\n<div style=\"height:3rem\" aria-hidden=\"true\" class=\"wp-block-spacer\"><\/div>\n<\/main>","protected":false},"excerpt":{"rendered":"<p>Na umiestnen\u00ed z\u00e1le\u017e\u00ed! Objavte ide\u00e1lne miesto pre va\u0161e viano\u010dn\u00e9 ru\u017ee u v\u00e1s doma, aby boli \u0161\u0165astn\u00e9 a prekvitali.<\/p>\n","protected":false},"author":26,"featured_media":4350,"parent":20,"menu_order":0,"comment_status":"closed","ping_status":"closed","template":"two-column-blog-single","meta":{"_acf_changed":false,"footnotes":""},"class_list":["post-7407","page","type-page","status-publish","has-post-thumbnail","hentry"],"acf":[],"_links":{"self":[{"href":"https:\/\/starsforeurope.com\/sk\/wp-json\/wp\/v2\/pages\/7407","targetHints":{"allow":["GET"]}}],"collection":[{"href":"https:\/\/starsforeurope.com\/sk\/wp-json\/wp\/v2\/pages"}],"about":[{"href":"https:\/\/starsforeurope.com\/sk\/wp-json\/wp\/v2\/types\/page"}],"author":[{"embeddable":true,"href":"https:\/\/starsforeurope.com\/sk\/wp-json\/wp\/v2\/users\/26"}],"replies":[{"embeddable":true,"href":"https:\/\/starsforeurope.com\/sk\/wp-json\/wp\/v2\/comments?post=7407"}],"version-history":[{"count":3,"href":"https:\/\/starsforeurope.com\/sk\/wp-json\/wp\/v2\/pages\/7407\/revisions"}],"predecessor-version":[{"id":7617,"href":"https:\/\/starsforeurope.com\/sk\/wp-json\/wp\/v2\/pages\/7407\/revisions\/7617"}],"up":[{"embeddable":true,"href":"https:\/\/starsforeurope.com\/sk\/wp-json\/wp\/v2\/pages\/20"}],"wp:featuredmedia":[{"embeddable":true,"href":"https:\/\/starsforeurope.com\/sk\/wp-json\/wp\/v2\/media\/4350"}],"wp:attachment":[{"href":"https:\/\/starsforeurope.com\/sk\/wp-json\/wp\/v2\/media?parent=7407"}],"curies":[{"name":"wp","href":"https:\/\/api.w.org\/{rel}","templated":true}]}}