{"id":7405,"date":"2025-07-14T09:56:59","date_gmt":"2025-07-14T07:56:59","guid":{"rendered":"https:\/\/starsforeurope.com\/sk\/?page_id=7405"},"modified":"2025-07-15T22:01:52","modified_gmt":"2025-07-15T20:01:52","slug":"vseobecna-starostlivost","status":"publish","type":"page","link":"https:\/\/starsforeurope.com\/sk\/starostlivost\/vseobecna-starostlivost\/","title":{"rendered":"Z\u00e1klady starostlivosti o viano\u010dn\u00e9 ru\u017ee"},"content":{"rendered":"<main class=\"wp-block-group postimage-half wide-content is-layout-flow wp-block-group-is-layout-flow\" style=\"margin-top:var(--wp--preset--spacing--50)\">\n<div style=\"height:3rem\" aria-hidden=\"true\" class=\"wp-block-spacer\"><\/div>\n\n\n\n<div class=\"wp-block-query is-layout-flow wp-block-query-is-layout-flow\"><ul class=\"columns-2 wp-block-post-template is-layout-grid wp-container-core-post-template-is-layout-37ef2942 wp-block-post-template-is-layout-grid\"><li class=\"wp-block-post post-7233 blog type-blog status-publish has-post-thumbnail hentry blog_cat-pflege blog_main-informacie blog_main-starostlivost blog_main-stoji-za-to-vediet blog_main-vseobecna-starostlivost\">\n<figure style=\"aspect-ratio:1;\" class=\"featuredimage wp-block-post-featured-image\"><a href=\"https:\/\/starsforeurope.com\/sk\/blog\/starostlivost-o-vianocne-ruze-pocas-leta-a-co-robit-aby-opat-rozkvitli\/\" target=\"_self\"  ><img loading=\"lazy\" decoding=\"async\" width=\"875\" height=\"1050\" src=\"https:\/\/starsforeurope.com\/sk\/wp-content\/uploads\/sites\/19\/2024\/10\/2019-weihnachtsstern-2000-weihnachts-wunderland-38.jpg\" class=\"attachment-post-thumbnail size-post-thumbnail wp-post-image\" alt=\"Starostlivos\u0165 o viano\u010dn\u00e9 ru\u017ee po\u010das leta a \u010do robi\u0165, aby op\u00e4\u0165 rozkvitli\" style=\"width:100%;height:100%;object-fit:cover;\" srcset=\"https:\/\/starsforeurope.com\/sk\/wp-content\/uploads\/sites\/19\/2024\/10\/2019-weihnachtsstern-2000-weihnachts-wunderland-38.jpg 875w, https:\/\/starsforeurope.com\/sk\/wp-content\/uploads\/sites\/19\/2024\/10\/2019-weihnachtsstern-2000-weihnachts-wunderland-38-250x300.jpg 250w, https:\/\/starsforeurope.com\/sk\/wp-content\/uploads\/sites\/19\/2024\/10\/2019-weihnachtsstern-2000-weihnachts-wunderland-38-853x1024.jpg 853w, https:\/\/starsforeurope.com\/sk\/wp-content\/uploads\/sites\/19\/2024\/10\/2019-weihnachtsstern-2000-weihnachts-wunderland-38-768x922.jpg 768w, https:\/\/starsforeurope.com\/sk\/wp-content\/uploads\/sites\/19\/2024\/10\/2019-weihnachtsstern-2000-weihnachts-wunderland-38-563x675.jpg 563w\" sizes=\"auto, (max-width: 875px) 100vw, 875px\" \/><\/a><\/figure>\n\n<h3 class=\"wp-block-post-title\"><a href=\"https:\/\/starsforeurope.com\/sk\/blog\/starostlivost-o-vianocne-ruze-pocas-leta-a-co-robit-aby-opat-rozkvitli\/\" target=\"_self\" >Starostlivos\u0165 o viano\u010dn\u00e9 ru\u017ee po\u010das leta a \u010do robi\u0165, aby op\u00e4\u0165 rozkvitli<\/a><\/h3>\n\n\n<div class=\"wp-block-group postmetaline is-nowrap is-layout-flex wp-container-core-group-is-layout-6c531013 wp-block-group-is-layout-flex\"><div class=\"wp-block-post-date\"><time datetime=\"2024-10-31T16:32:01+01:00\">31. okt\u00f3bra 2024<\/time><\/div>\n\n<\/div>\n\n\n<div class=\"wp-block-post-excerpt\"><p class=\"wp-block-post-excerpt__excerpt\">Tipy a triky ako dosiahnu\u0165, aby va\u0161e viano\u010dn\u00e9 ru\u017ee op\u00e4\u0165 rozkvitli: spr\u00e1vne sa o ne starajte po\u010das letn\u00e9ho obdobia, presa\u010fte ich a pripravte ich na \u010fal\u0161ie kvitnutie.<\/p><p class=\"wp-block-post-excerpt__more-text\"><a class=\"wp-block-post-excerpt__more-link\" href=\"https:\/\/starsforeurope.com\/sk\/blog\/starostlivost-o-vianocne-ruze-pocas-leta-a-co-robit-aby-opat-rozkvitli\/\">Pre\u010d\u00edtajte si viac<\/a><\/p><\/div>\n<\/li><li class=\"wp-block-post post-7220 blog type-blog status-publish has-post-thumbnail hentry blog_cat-pflege blog_main-starostlivost blog_main-umiestnenie blog_main-vseobecna-starostlivost\">\n<figure style=\"aspect-ratio:1;\" class=\"featuredimage wp-block-post-featured-image\"><a href=\"https:\/\/starsforeurope.com\/sk\/blog\/mozete-umiestnit-vianocne-ruze-na-okenny-parapet-na-co-si-treba-davat-pozor\/\" target=\"_self\"  ><img loading=\"lazy\" decoding=\"async\" width=\"875\" height=\"1050\" src=\"https:\/\/starsforeurope.com\/sk\/wp-content\/uploads\/sites\/19\/2024\/10\/2024-poinsettia-04000-cosy-cottage-charm-13.jpg\" class=\"attachment-post-thumbnail size-post-thumbnail wp-post-image\" alt=\"M\u00f4\u017eete umiestni\u0165 viano\u010dn\u00e9 ru\u017ee na okenn\u00fd parapet? Na \u010do si treba d\u00e1va\u0165 pozor\" style=\"width:100%;height:100%;object-fit:cover;\" srcset=\"https:\/\/starsforeurope.com\/sk\/wp-content\/uploads\/sites\/19\/2024\/10\/2024-poinsettia-04000-cosy-cottage-charm-13.jpg 875w, https:\/\/starsforeurope.com\/sk\/wp-content\/uploads\/sites\/19\/2024\/10\/2024-poinsettia-04000-cosy-cottage-charm-13-250x300.jpg 250w, https:\/\/starsforeurope.com\/sk\/wp-content\/uploads\/sites\/19\/2024\/10\/2024-poinsettia-04000-cosy-cottage-charm-13-853x1024.jpg 853w, https:\/\/starsforeurope.com\/sk\/wp-content\/uploads\/sites\/19\/2024\/10\/2024-poinsettia-04000-cosy-cottage-charm-13-768x922.jpg 768w, https:\/\/starsforeurope.com\/sk\/wp-content\/uploads\/sites\/19\/2024\/10\/2024-poinsettia-04000-cosy-cottage-charm-13-563x675.jpg 563w\" sizes=\"auto, (max-width: 875px) 100vw, 875px\" \/><\/a><\/figure>\n\n<h3 class=\"wp-block-post-title\"><a href=\"https:\/\/starsforeurope.com\/sk\/blog\/mozete-umiestnit-vianocne-ruze-na-okenny-parapet-na-co-si-treba-davat-pozor\/\" target=\"_self\" >M\u00f4\u017eete umiestni\u0165 viano\u010dn\u00e9 ru\u017ee na okenn\u00fd parapet? Na \u010do si treba d\u00e1va\u0165 pozor<\/a><\/h3>\n\n\n<div class=\"wp-block-group postmetaline is-nowrap is-layout-flex wp-container-core-group-is-layout-6c531013 wp-block-group-is-layout-flex\"><div class=\"wp-block-post-date\"><time datetime=\"2024-10-24T15:33:36+02:00\">24. okt\u00f3bra 2024<\/time><\/div>\n\n<\/div>\n\n\n<div class=\"wp-block-post-excerpt\"><p class=\"wp-block-post-excerpt__excerpt\">Ako sa o svoje viano\u010dn\u00e9 ru\u017ee na okennom parapete spr\u00e1vne stara\u0165 a ako ich necha\u0165 dokonale vynikn\u00fa\u0165? Dozviete sa, kam ich umiestni\u0165, ak\u00fa maj\u00fa rady teplotu, aj ako ich vyu\u017ei\u0165 v r\u00e1mci viano\u010dnej v\u00fdzdoby.<\/p><p class=\"wp-block-post-excerpt__more-text\"><a class=\"wp-block-post-excerpt__more-link\" href=\"https:\/\/starsforeurope.com\/sk\/blog\/mozete-umiestnit-vianocne-ruze-na-okenny-parapet-na-co-si-treba-davat-pozor\/\">Pre\u010d\u00edtajte si viac<\/a><\/p><\/div>\n<\/li><li class=\"wp-block-post post-7206 blog type-blog status-publish has-post-thumbnail hentry blog_cat-pflege blog_main-starostlivost blog_main-vseobecna-starostlivost\">\n<figure style=\"aspect-ratio:1;\" class=\"featuredimage wp-block-post-featured-image\"><a href=\"https:\/\/starsforeurope.com\/sk\/blog\/zastrihavanie-vianocnych-ruzi-kedy-a-ako-to-robit\/\" target=\"_self\"  ><img loading=\"lazy\" decoding=\"async\" width=\"1050\" height=\"875\" src=\"https:\/\/starsforeurope.com\/sk\/wp-content\/uploads\/sites\/19\/2023\/10\/2021-poinsettia-01000-boho-green-living-01.jpg\" class=\"attachment-post-thumbnail size-post-thumbnail wp-post-image\" alt=\"Zastrih\u00e1vanie viano\u010dn\u00fdch ru\u017e\u00ed: kedy a ako to robi\u0165\" style=\"width:100%;height:100%;object-fit:cover;\" srcset=\"https:\/\/starsforeurope.com\/sk\/wp-content\/uploads\/sites\/19\/2023\/10\/2021-poinsettia-01000-boho-green-living-01.jpg 1050w, https:\/\/starsforeurope.com\/sk\/wp-content\/uploads\/sites\/19\/2023\/10\/2021-poinsettia-01000-boho-green-living-01-300x250.jpg 300w, https:\/\/starsforeurope.com\/sk\/wp-content\/uploads\/sites\/19\/2023\/10\/2021-poinsettia-01000-boho-green-living-01-1024x853.jpg 1024w, https:\/\/starsforeurope.com\/sk\/wp-content\/uploads\/sites\/19\/2023\/10\/2021-poinsettia-01000-boho-green-living-01-768x640.jpg 768w, https:\/\/starsforeurope.com\/sk\/wp-content\/uploads\/sites\/19\/2023\/10\/2021-poinsettia-01000-boho-green-living-01-810x675.jpg 810w\" sizes=\"auto, (max-width: 1050px) 100vw, 1050px\" \/><\/a><\/figure>\n\n<h3 class=\"wp-block-post-title\"><a href=\"https:\/\/starsforeurope.com\/sk\/blog\/zastrihavanie-vianocnych-ruzi-kedy-a-ako-to-robit\/\" target=\"_self\" >Zastrih\u00e1vanie viano\u010dn\u00fdch ru\u017e\u00ed: kedy a ako to robi\u0165<\/a><\/h3>\n\n\n<div class=\"wp-block-group postmetaline is-nowrap is-layout-flex wp-container-core-group-is-layout-6c531013 wp-block-group-is-layout-flex\"><div class=\"wp-block-post-date\"><time datetime=\"2024-10-24T14:21:58+02:00\">24. okt\u00f3bra 2024<\/time><\/div>\n\n<\/div>\n\n\n<div class=\"wp-block-post-excerpt\"><p class=\"wp-block-post-excerpt__excerpt\">Spr\u00e1vnym zastrih\u00e1van\u00edm d\u00e1vate viano\u010dn\u00fdm ru\u017eiam \u0161ancu op\u00e4\u0165 za\u017eiari\u0165: tu sa dozviete, ako ich spr\u00e1vne zastrihn\u00fa\u0165 na jar, aby na jese\u0148 znovu pekne r\u00e1stli.<\/p><p class=\"wp-block-post-excerpt__more-text\"><a class=\"wp-block-post-excerpt__more-link\" href=\"https:\/\/starsforeurope.com\/sk\/blog\/zastrihavanie-vianocnych-ruzi-kedy-a-ako-to-robit\/\">Pre\u010d\u00edtajte si viac<\/a><\/p><\/div>\n<\/li><li class=\"wp-block-post post-7046 blog type-blog status-publish has-post-thumbnail hentry blog_cat-pflege blog_cat-start-der-saison blog_main-starostlivost blog_main-vseobecna-starostlivost\">\n<figure style=\"aspect-ratio:1;\" class=\"featuredimage wp-block-post-featured-image\"><a href=\"https:\/\/starsforeurope.com\/sk\/blog\/ako-sa-spravne-starat-o-vianocne-ruze\/\" target=\"_self\"  ><img loading=\"lazy\" decoding=\"async\" width=\"875\" height=\"1050\" src=\"https:\/\/starsforeurope.com\/sk\/wp-content\/uploads\/sites\/19\/2023\/10\/2021-poinsettia-01000-boho-green-living-08-3.jpg\" class=\"attachment-post-thumbnail size-post-thumbnail wp-post-image\" alt=\"Ako sa spr\u00e1vne stara\u0165 o viano\u010dn\u00e9 ru\u017ee\" style=\"width:100%;height:100%;object-fit:cover;\" srcset=\"https:\/\/starsforeurope.com\/sk\/wp-content\/uploads\/sites\/19\/2023\/10\/2021-poinsettia-01000-boho-green-living-08-3.jpg 875w, https:\/\/starsforeurope.com\/sk\/wp-content\/uploads\/sites\/19\/2023\/10\/2021-poinsettia-01000-boho-green-living-08-3-250x300.jpg 250w, https:\/\/starsforeurope.com\/sk\/wp-content\/uploads\/sites\/19\/2023\/10\/2021-poinsettia-01000-boho-green-living-08-3-853x1024.jpg 853w, https:\/\/starsforeurope.com\/sk\/wp-content\/uploads\/sites\/19\/2023\/10\/2021-poinsettia-01000-boho-green-living-08-3-768x922.jpg 768w, https:\/\/starsforeurope.com\/sk\/wp-content\/uploads\/sites\/19\/2023\/10\/2021-poinsettia-01000-boho-green-living-08-3-563x675.jpg 563w\" sizes=\"auto, (max-width: 875px) 100vw, 875px\" \/><\/a><\/figure>\n\n<h3 class=\"wp-block-post-title\"><a href=\"https:\/\/starsforeurope.com\/sk\/blog\/ako-sa-spravne-starat-o-vianocne-ruze\/\" target=\"_self\" >Ako sa spr\u00e1vne stara\u0165 o viano\u010dn\u00e9 ru\u017ee<\/a><\/h3>\n\n\n<div class=\"wp-block-group postmetaline is-nowrap is-layout-flex wp-container-core-group-is-layout-6c531013 wp-block-group-is-layout-flex\"><div class=\"wp-block-post-date\"><time datetime=\"2023-11-15T01:31:07+01:00\">15. novembra 2023<\/time><\/div>\n\n<\/div>\n\n\n<div class=\"wp-block-post-excerpt\"><p class=\"wp-block-post-excerpt__excerpt\">Ako urobi\u0165 z va\u0161ej viano\u010dnej ru\u017ee hviezdu aj po skon\u010den\u00ed viano\u010dn\u00e9ho obdobia. V tomto blogu odhal\u00edme tajomstv\u00e1 dokonalej starostlivosti.<\/p><p class=\"wp-block-post-excerpt__more-text\"><a class=\"wp-block-post-excerpt__more-link\" href=\"https:\/\/starsforeurope.com\/sk\/blog\/ako-sa-spravne-starat-o-vianocne-ruze\/\">Pre\u010d\u00edtajte si viac<\/a><\/p><\/div>\n<\/li><\/ul>\n\n<nav class=\"wp-block-query-pagination is-content-justification-center is-layout-flex wp-container-core-query-pagination-is-layout-a89b3969 wp-block-query-pagination-is-layout-flex\" aria-label=\"Str\u00e1nkovanie\">\n\n\n<div class=\"wp-block-query-pagination-numbers has-medium-font-size\"><span aria-current=\"page\" class=\"page-numbers current\">1<\/span>\n<a class=\"page-numbers\" href=\"?query-0-page=2\">2<\/a><\/div>\n\n<a href=\"\/sk\/wp-json\/wp\/v2\/pages\/7405?query-0-page=2\" class=\"wp-block-query-pagination-next\">\u22b3<\/a>\n<\/nav>\n\n<\/div>\n\n\n\n<div style=\"height:3rem\" aria-hidden=\"true\" class=\"wp-block-spacer\"><\/div>\n<\/main>","protected":false},"excerpt":{"rendered":"<p>Udr\u017eujte svoje viano\u010dn\u00e9 ru\u017ee \u017eiv\u00e9 a zdrav\u00e9 pomocou jednoduch\u00fdch tipov na starostlivos\u0165. <\/p>\n","protected":false},"author":26,"featured_media":4350,"parent":20,"menu_order":0,"comment_status":"closed","ping_status":"closed","template":"two-column-blog-single","meta":{"_acf_changed":false,"footnotes":""},"class_list":["post-7405","page","type-page","status-publish","has-post-thumbnail","hentry"],"acf":[],"_links":{"self":[{"href":"https:\/\/starsforeurope.com\/sk\/wp-json\/wp\/v2\/pages\/7405","targetHints":{"allow":["GET"]}}],"collection":[{"href":"https:\/\/starsforeurope.com\/sk\/wp-json\/wp\/v2\/pages"}],"about":[{"href":"https:\/\/starsforeurope.com\/sk\/wp-json\/wp\/v2\/types\/page"}],"author":[{"embeddable":true,"href":"https:\/\/starsforeurope.com\/sk\/wp-json\/wp\/v2\/users\/26"}],"replies":[{"embeddable":true,"href":"https:\/\/starsforeurope.com\/sk\/wp-json\/wp\/v2\/comments?post=7405"}],"version-history":[{"count":2,"href":"https:\/\/starsforeurope.com\/sk\/wp-json\/wp\/v2\/pages\/7405\/revisions"}],"predecessor-version":[{"id":7497,"href":"https:\/\/starsforeurope.com\/sk\/wp-json\/wp\/v2\/pages\/7405\/revisions\/7497"}],"up":[{"embeddable":true,"href":"https:\/\/starsforeurope.com\/sk\/wp-json\/wp\/v2\/pages\/20"}],"wp:featuredmedia":[{"embeddable":true,"href":"https:\/\/starsforeurope.com\/sk\/wp-json\/wp\/v2\/media\/4350"}],"wp:attachment":[{"href":"https:\/\/starsforeurope.com\/sk\/wp-json\/wp\/v2\/media?parent=7405"}],"curies":[{"name":"wp","href":"https:\/\/api.w.org\/{rel}","templated":true}]}}