{"id":5,"date":"2021-11-17T18:26:06","date_gmt":"2021-11-17T17:26:06","guid":{"rendered":"https:\/\/weihnachtsstern.kinsta.cloud\/sk\/?page_id=5"},"modified":"2026-02-12T12:51:50","modified_gmt":"2026-02-12T11:51:50","slug":"domov","status":"publish","type":"page","link":"https:\/\/starsforeurope.com\/sk\/","title":{"rendered":"In\u0161pir\u00e1cie a inform\u00e1cie o viano\u010dn\u00fdch ru\u017eiach"},"content":{"rendered":"","protected":false},"excerpt":{"rendered":"<p>Viano\u010dn\u00e9 ru\u017ee dok\u00e1\u017eu roz\u017eiari\u0165 a spestri\u0165 dom\u00e1cnosti po\u010das chladnej jesene a zimy. Na tomto mieste n\u00e1jdete v\u0161etky potrebn\u00e9 inform\u00e1cie a n\u00e1vody na vytvorenie kr\u00e1snych adventn\u00fdch a viano\u010dn\u00fdch dekor\u00e1ci\u00ed.<\/p>\n","protected":false},"author":1,"featured_media":7788,"parent":0,"menu_order":0,"comment_status":"closed","ping_status":"closed","template":"two-column-blog-single","meta":{"_acf_changed":false,"footnotes":""},"class_list":["post-5","page","type-page","status-publish","has-post-thumbnail","hentry"],"acf":[],"_links":{"self":[{"href":"https:\/\/starsforeurope.com\/sk\/wp-json\/wp\/v2\/pages\/5","targetHints":{"allow":["GET"]}}],"collection":[{"href":"https:\/\/starsforeurope.com\/sk\/wp-json\/wp\/v2\/pages"}],"about":[{"href":"https:\/\/starsforeurope.com\/sk\/wp-json\/wp\/v2\/types\/page"}],"author":[{"embeddable":true,"href":"https:\/\/starsforeurope.com\/sk\/wp-json\/wp\/v2\/users\/1"}],"replies":[{"embeddable":true,"href":"https:\/\/starsforeurope.com\/sk\/wp-json\/wp\/v2\/comments?post=5"}],"version-history":[{"count":54,"href":"https:\/\/starsforeurope.com\/sk\/wp-json\/wp\/v2\/pages\/5\/revisions"}],"predecessor-version":[{"id":7387,"href":"https:\/\/starsforeurope.com\/sk\/wp-json\/wp\/v2\/pages\/5\/revisions\/7387"}],"wp:featuredmedia":[{"embeddable":true,"href":"https:\/\/starsforeurope.com\/sk\/wp-json\/wp\/v2\/media\/7788"}],"wp:attachment":[{"href":"https:\/\/starsforeurope.com\/sk\/wp-json\/wp\/v2\/media?parent=5"}],"curies":[{"name":"wp","href":"https:\/\/api.w.org\/{rel}","templated":true}]}}