{"id":487,"date":"2023-08-01T12:27:34","date_gmt":"2023-08-01T10:27:34","guid":{"rendered":"https:\/\/weihnachtsstern.kinsta.cloud\/sk\/?page_id=487"},"modified":"2025-07-14T07:59:03","modified_gmt":"2025-07-14T05:59:03","slug":"organizator","status":"publish","type":"page","link":"https:\/\/starsforeurope.com\/sk\/organizator\/","title":{"rendered":"Organiz\u00e1tor"},"content":{"rendered":"<div class=\"wp-block-columns is-layout-flex wp-container-core-columns-is-layout-28f84493 wp-block-columns-is-layout-flex\">\n<div class=\"wp-block-column is-layout-flow wp-block-column-is-layout-flow\">\n<h2 class=\"wp-block-heading\">V\u0161eobecn\u00e9 z\u00e1sady ochrany osobn\u00fdch \u00fadajov<\/h2>\n\n<p>Zodpovedn\u00fd v zmysle \u00a7 6 Teledienstgesetz, Mediendienste Staatsvertrag je:<\/p>\n\n<p>Stars for Europe GbR,\r<br>c\/o \u00dastredn\u00e9 z\u00e1hradn\u00edcke zdru\u017eenie,\r<br>Bornheimerstra\u00dfe 37\r<br>53111 Bonn\r<br>Nemecko\r<br>LuxV\u00fdkonn\u00fd riadite\u013e: Dr. Ulrich Sander \/ European Project Management: Dr. Susanne Lux<\/p>\n\n<p>Tel.: + 49 2644 981333\r<br>Email: susanne.lux(at)meclux.de<\/p>\n\n<p>I\u010c DPH: DE815617238\r<br>Da\u0148ov\u00e9 \u010d\u00edslo: 206\/5802\/0875<\/p>\n\n<h2 class=\"wp-block-heading\">Vyhl\u00e1senie<\/h2>\n\n<p>Vyjadren\u00e9 n\u00e1zory a postoje s\u00fa v\u0161ak len n\u00e1zormi a vyhl\u00e1seniami autora(-ov) a nemusia nevyhnutne odr\u00e1\u017ea\u0165 n\u00e1zory a stanovisk\u00e1 Eur\u00f3pskej \u00fanie alebo Eur\u00f3pskej v\u00fdkonnej agent\u00fary pre v\u00fdskum (REA). Eur\u00f3pska \u00fania ani org\u00e1n poskytuj\u00faci grant za ne nenes\u00fa zodpovednos\u0165.<\/p>\n<\/div>\n\n<\/div>","protected":false},"excerpt":{"rendered":"<p>V\u0161eobecn\u00e9 z\u00e1sady ochrany osobn\u00fdch \u00fadajov Zodpovedn\u00fd v zmysle \u00a7 6 Teledienstgesetz, Mediendienste Staatsvertrag je: Stars for Europe GbR, c\/o \u00dastredn\u00e9 z\u00e1hradn\u00edcke zdru\u017eenie, Bornheimerstra\u00dfe 37 53111 Bonn Nemecko LuxV\u00fdkonn\u00fd riadite\u013e: Dr. Ulrich Sander \/ European Project Management: Dr. Susanne Lux Tel.: + 49 2644 981333 Email: susanne.lux(at)meclux.de I\u010c DPH: DE815617238 Da\u0148ov\u00e9 \u010d\u00edslo: 206\/5802\/0875 Vyhl\u00e1senie Vyjadren\u00e9 n\u00e1zory [&hellip;]<\/p>\n","protected":false},"author":1,"featured_media":0,"parent":0,"menu_order":0,"comment_status":"closed","ping_status":"closed","template":"simple-post-no-header-image","meta":{"_acf_changed":false,"footnotes":""},"class_list":["post-487","page","type-page","status-publish","hentry"],"acf":[],"_links":{"self":[{"href":"https:\/\/starsforeurope.com\/sk\/wp-json\/wp\/v2\/pages\/487","targetHints":{"allow":["GET"]}}],"collection":[{"href":"https:\/\/starsforeurope.com\/sk\/wp-json\/wp\/v2\/pages"}],"about":[{"href":"https:\/\/starsforeurope.com\/sk\/wp-json\/wp\/v2\/types\/page"}],"author":[{"embeddable":true,"href":"https:\/\/starsforeurope.com\/sk\/wp-json\/wp\/v2\/users\/1"}],"replies":[{"embeddable":true,"href":"https:\/\/starsforeurope.com\/sk\/wp-json\/wp\/v2\/comments?post=487"}],"version-history":[{"count":25,"href":"https:\/\/starsforeurope.com\/sk\/wp-json\/wp\/v2\/pages\/487\/revisions"}],"predecessor-version":[{"id":7365,"href":"https:\/\/starsforeurope.com\/sk\/wp-json\/wp\/v2\/pages\/487\/revisions\/7365"}],"wp:attachment":[{"href":"https:\/\/starsforeurope.com\/sk\/wp-json\/wp\/v2\/media?parent=487"}],"curies":[{"name":"wp","href":"https:\/\/api.w.org\/{rel}","templated":true}]}}