{"id":26,"date":"2021-11-17T18:56:53","date_gmt":"2021-11-17T17:56:53","guid":{"rendered":"https:\/\/weihnachtsstern.kinsta.cloud\/sk\/?page_id=26"},"modified":"2025-09-23T14:49:31","modified_gmt":"2025-09-23T12:49:31","slug":"informacie","status":"publish","type":"page","link":"https:\/\/starsforeurope.com\/sk\/informacie\/","title":{"rendered":"Objavte v\u0161etko, \u010do potrebujete vedie\u0165, o tejto kr\u00e1sne kvitn\u00facej rastline"},"content":{"rendered":"<h2 class=\"wp-block-heading\">Z\u00e1kladn\u00e9 inform\u00e1cie o viano\u010dn\u00fdch ru\u017eiach<\/h2>\n\n\n\n<main class=\"wp-block-group postimage-half wide-content is-layout-flow wp-block-group-is-layout-flow\" style=\"margin-top:var(--wp--preset--spacing--50)\">\n<div style=\"height:3rem\" aria-hidden=\"true\" class=\"wp-block-spacer\"><\/div>\n\n\n\n<div class=\"wp-block-query is-layout-flow wp-block-query-is-layout-flow\"><ul class=\"columns-2 wp-block-post-template is-layout-grid wp-container-core-post-template-is-layout-37ef2942 wp-block-post-template-is-layout-grid\"><li class=\"wp-block-post post-7233 blog type-blog status-publish has-post-thumbnail hentry blog_cat-pflege blog_main-informacie blog_main-starostlivost blog_main-stoji-za-to-vediet blog_main-vseobecna-starostlivost\">\n<figure style=\"aspect-ratio:1;\" class=\"featuredimage wp-block-post-featured-image\"><a href=\"https:\/\/starsforeurope.com\/sk\/blog\/starostlivost-o-vianocne-ruze-pocas-leta-a-co-robit-aby-opat-rozkvitli\/\" target=\"_self\"  ><img loading=\"lazy\" decoding=\"async\" width=\"875\" height=\"1050\" src=\"https:\/\/starsforeurope.com\/sk\/wp-content\/uploads\/sites\/19\/2024\/10\/2019-weihnachtsstern-2000-weihnachts-wunderland-38.jpg\" class=\"attachment-post-thumbnail size-post-thumbnail wp-post-image\" alt=\"Starostlivos\u0165 o viano\u010dn\u00e9 ru\u017ee po\u010das leta a \u010do robi\u0165, aby op\u00e4\u0165 rozkvitli\" style=\"width:100%;height:100%;object-fit:cover;\" srcset=\"https:\/\/starsforeurope.com\/sk\/wp-content\/uploads\/sites\/19\/2024\/10\/2019-weihnachtsstern-2000-weihnachts-wunderland-38.jpg 875w, https:\/\/starsforeurope.com\/sk\/wp-content\/uploads\/sites\/19\/2024\/10\/2019-weihnachtsstern-2000-weihnachts-wunderland-38-250x300.jpg 250w, https:\/\/starsforeurope.com\/sk\/wp-content\/uploads\/sites\/19\/2024\/10\/2019-weihnachtsstern-2000-weihnachts-wunderland-38-853x1024.jpg 853w, https:\/\/starsforeurope.com\/sk\/wp-content\/uploads\/sites\/19\/2024\/10\/2019-weihnachtsstern-2000-weihnachts-wunderland-38-768x922.jpg 768w, https:\/\/starsforeurope.com\/sk\/wp-content\/uploads\/sites\/19\/2024\/10\/2019-weihnachtsstern-2000-weihnachts-wunderland-38-563x675.jpg 563w\" sizes=\"auto, (max-width: 875px) 100vw, 875px\" \/><\/a><\/figure>\n\n<h3 class=\"wp-block-post-title\"><a href=\"https:\/\/starsforeurope.com\/sk\/blog\/starostlivost-o-vianocne-ruze-pocas-leta-a-co-robit-aby-opat-rozkvitli\/\" target=\"_self\" >Starostlivos\u0165 o viano\u010dn\u00e9 ru\u017ee po\u010das leta a \u010do robi\u0165, aby op\u00e4\u0165 rozkvitli<\/a><\/h3>\n\n\n<div class=\"wp-block-group postmetaline is-nowrap is-layout-flex wp-container-core-group-is-layout-6c531013 wp-block-group-is-layout-flex\"><div class=\"wp-block-post-date\"><time datetime=\"2024-10-31T16:32:01+01:00\">31. okt\u00f3bra 2024<\/time><\/div>\n\n<\/div>\n\n\n<div class=\"wp-block-post-excerpt\"><p class=\"wp-block-post-excerpt__excerpt\">Tipy a triky ako dosiahnu\u0165, aby va\u0161e viano\u010dn\u00e9 ru\u017ee op\u00e4\u0165 rozkvitli: spr\u00e1vne sa o ne starajte po\u010das letn\u00e9ho obdobia, presa\u010fte ich a pripravte ich na \u010fal\u0161ie kvitnutie.<\/p><p class=\"wp-block-post-excerpt__more-text\"><a class=\"wp-block-post-excerpt__more-link\" href=\"https:\/\/starsforeurope.com\/sk\/blog\/starostlivost-o-vianocne-ruze-pocas-leta-a-co-robit-aby-opat-rozkvitli\/\">Pre\u010d\u00edtajte si viac<\/a><\/p><\/div>\n<\/li><li class=\"wp-block-post post-6996 blog type-blog status-publish has-post-thumbnail hentry blog_cat-pflege blog_main-informacie blog_main-novinky blog_main-stoji-za-to-vediet\">\n<figure style=\"aspect-ratio:1;\" class=\"featuredimage wp-block-post-featured-image\"><a href=\"https:\/\/starsforeurope.com\/sk\/blog\/tipy-na-nakup-vianocnych-ruzi\/\" target=\"_self\"  ><img loading=\"lazy\" decoding=\"async\" width=\"1050\" height=\"875\" src=\"https:\/\/starsforeurope.com\/sk\/wp-content\/uploads\/sites\/19\/2023\/10\/2021-poinsettia-01000-boho-green-living-01-1.jpg\" class=\"attachment-post-thumbnail size-post-thumbnail wp-post-image\" alt=\"Tipy na n\u00e1kup viano\u010dn\u00fdch ru\u017e\u00ed\" style=\"width:100%;height:100%;object-fit:cover;\" srcset=\"https:\/\/starsforeurope.com\/sk\/wp-content\/uploads\/sites\/19\/2023\/10\/2021-poinsettia-01000-boho-green-living-01-1.jpg 1050w, https:\/\/starsforeurope.com\/sk\/wp-content\/uploads\/sites\/19\/2023\/10\/2021-poinsettia-01000-boho-green-living-01-1-300x250.jpg 300w, https:\/\/starsforeurope.com\/sk\/wp-content\/uploads\/sites\/19\/2023\/10\/2021-poinsettia-01000-boho-green-living-01-1-1024x853.jpg 1024w, https:\/\/starsforeurope.com\/sk\/wp-content\/uploads\/sites\/19\/2023\/10\/2021-poinsettia-01000-boho-green-living-01-1-768x640.jpg 768w, https:\/\/starsforeurope.com\/sk\/wp-content\/uploads\/sites\/19\/2023\/10\/2021-poinsettia-01000-boho-green-living-01-1-810x675.jpg 810w\" sizes=\"auto, (max-width: 1050px) 100vw, 1050px\" \/><\/a><\/figure>\n\n<h3 class=\"wp-block-post-title\"><a href=\"https:\/\/starsforeurope.com\/sk\/blog\/tipy-na-nakup-vianocnych-ruzi\/\" target=\"_self\" >Tipy na n\u00e1kup viano\u010dn\u00fdch ru\u017e\u00ed<\/a><\/h3>\n\n\n<div class=\"wp-block-group postmetaline is-nowrap is-layout-flex wp-container-core-group-is-layout-6c531013 wp-block-group-is-layout-flex\"><div class=\"wp-block-post-date\"><time datetime=\"2023-11-07T01:31:47+01:00\">07. novembra 2023<\/time><\/div>\n\n<\/div>\n\n\n<div class=\"wp-block-post-excerpt\"><p class=\"wp-block-post-excerpt__excerpt\">Zistite, ako k\u00fapi\u0165 zdrav\u00fa viano\u010dn\u00fa ru\u017eu, ktor\u00e1 v\u00e1m dlho vydr\u017e\u00ed. V\u0161etko z\u00e1le\u017e\u00ed od toho, ak\u00fdm podmienkam bola rastlina vystaven\u00e1 na predajni a tie\u017e ako bola prepraven\u00e1 domov. \ud83d\ude03<\/p><p class=\"wp-block-post-excerpt__more-text\"><a class=\"wp-block-post-excerpt__more-link\" href=\"https:\/\/starsforeurope.com\/sk\/blog\/tipy-na-nakup-vianocnych-ruzi\/\">Pre\u010d\u00edtajte si viac<\/a><\/p><\/div>\n<\/li><\/ul>\n\n\n\n<\/div>\n\n\n\n<div style=\"height:3rem\" aria-hidden=\"true\" class=\"wp-block-spacer\"><\/div>\n<\/main>","protected":false},"excerpt":{"rendered":"<p>Ide o jednu z najob\u013e\u00fabenej\u0161\u00edch rastl\u00edn na svete, no ko\u013eko toho skuto\u010dne viete o viano\u010dn\u00fdch ru\u017eiach? Mo\u017eno v\u00e1s prekvapia! Presk\u00famajte ich fascinuj\u00facu hist\u00f3riu, p\u00f4vod, vyu\u017eitie, ako aj rozmanitos\u0165 odr\u00f4d.<\/p>\n","protected":false},"author":1,"featured_media":4353,"parent":0,"menu_order":0,"comment_status":"closed","ping_status":"closed","template":"two-column-blog-single","meta":{"_acf_changed":false,"footnotes":""},"class_list":["post-26","page","type-page","status-publish","has-post-thumbnail","hentry"],"acf":[],"_links":{"self":[{"href":"https:\/\/starsforeurope.com\/sk\/wp-json\/wp\/v2\/pages\/26","targetHints":{"allow":["GET"]}}],"collection":[{"href":"https:\/\/starsforeurope.com\/sk\/wp-json\/wp\/v2\/pages"}],"about":[{"href":"https:\/\/starsforeurope.com\/sk\/wp-json\/wp\/v2\/types\/page"}],"author":[{"embeddable":true,"href":"https:\/\/starsforeurope.com\/sk\/wp-json\/wp\/v2\/users\/1"}],"replies":[{"embeddable":true,"href":"https:\/\/starsforeurope.com\/sk\/wp-json\/wp\/v2\/comments?post=26"}],"version-history":[{"count":47,"href":"https:\/\/starsforeurope.com\/sk\/wp-json\/wp\/v2\/pages\/26\/revisions"}],"predecessor-version":[{"id":7504,"href":"https:\/\/starsforeurope.com\/sk\/wp-json\/wp\/v2\/pages\/26\/revisions\/7504"}],"wp:featuredmedia":[{"embeddable":true,"href":"https:\/\/starsforeurope.com\/sk\/wp-json\/wp\/v2\/media\/4353"}],"wp:attachment":[{"href":"https:\/\/starsforeurope.com\/sk\/wp-json\/wp\/v2\/media?parent=26"}],"curies":[{"name":"wp","href":"https:\/\/api.w.org\/{rel}","templated":true}]}}