{"id":22,"date":"2021-11-17T18:56:04","date_gmt":"2021-11-17T17:56:04","guid":{"rendered":"https:\/\/weihnachtsstern.kinsta.cloud\/sk\/?page_id=22"},"modified":"2025-07-15T22:03:30","modified_gmt":"2025-07-15T20:03:30","slug":"dekoracie","status":"publish","type":"page","link":"https:\/\/starsforeurope.com\/sk\/dekoracie\/","title":{"rendered":"Nespo\u010detn\u00e9 mno\u017estvo n\u00e1padov: vyu\u017eite viano\u010dn\u00e9 ru\u017ee na skr\u00e1\u0161lenie va\u0161ich priestorov"},"content":{"rendered":"<h2 class=\"wp-block-heading\">In\u0161pirujte sa tipmi a n\u00e1padmi ako naaran\u017eova\u0165 viano\u010dn\u00e9 ru\u017ee<\/h2>\n\n\n\n<main class=\"wp-block-group postimage-half wide-content is-layout-flow wp-block-group-is-layout-flow\" style=\"margin-top:var(--wp--preset--spacing--50)\">\n<div style=\"height:3rem\" aria-hidden=\"true\" class=\"wp-block-spacer\"><\/div>\n\n\n\n<div class=\"wp-block-query is-layout-flow wp-block-query-is-layout-flow\"><ul class=\"columns-2 wp-block-post-template is-layout-grid wp-container-core-post-template-is-layout-37ef2942 wp-block-post-template-is-layout-grid\"><li class=\"wp-block-post post-7281 blog type-blog status-publish has-post-thumbnail hentry blog_cat-adventsdekoration blog_cat-tischdekoration blog_cat-tipy-na-dekoracie blog_cat-diy blog_main-adventna-vyzdoba blog_main-dekoracie blog_main-urob-si-sam-upcyklaciami\">\n<figure style=\"aspect-ratio:1;\" class=\"featuredimage wp-block-post-featured-image\"><a href=\"https:\/\/starsforeurope.com\/sk\/blog\/urob-si-sam-napady-na-dekoracie-s-vianocnymi-ruzami-pre-zaciatocnikov\/\" target=\"_self\"  ><img loading=\"lazy\" decoding=\"async\" width=\"1050\" height=\"875\" src=\"https:\/\/starsforeurope.com\/sk\/wp-content\/uploads\/sites\/19\/2024\/11\/asset-3-1-1.jpg\" class=\"attachment-post-thumbnail size-post-thumbnail wp-post-image\" alt=\"Urob si s\u00e1m n\u00e1pady na dekor\u00e1cie s viano\u010dn\u00fdmi ru\u017eami pre za\u010diato\u010dn\u00edkov\" style=\"width:100%;height:100%;object-fit:cover;\" srcset=\"https:\/\/starsforeurope.com\/sk\/wp-content\/uploads\/sites\/19\/2024\/11\/asset-3-1-1.jpg 1050w, https:\/\/starsforeurope.com\/sk\/wp-content\/uploads\/sites\/19\/2024\/11\/asset-3-1-1-300x250.jpg 300w, https:\/\/starsforeurope.com\/sk\/wp-content\/uploads\/sites\/19\/2024\/11\/asset-3-1-1-1024x853.jpg 1024w, https:\/\/starsforeurope.com\/sk\/wp-content\/uploads\/sites\/19\/2024\/11\/asset-3-1-1-768x640.jpg 768w, https:\/\/starsforeurope.com\/sk\/wp-content\/uploads\/sites\/19\/2024\/11\/asset-3-1-1-810x675.jpg 810w\" sizes=\"auto, (max-width: 1050px) 100vw, 1050px\" \/><\/a><\/figure>\n\n<h3 class=\"wp-block-post-title\"><a href=\"https:\/\/starsforeurope.com\/sk\/blog\/urob-si-sam-napady-na-dekoracie-s-vianocnymi-ruzami-pre-zaciatocnikov\/\" target=\"_self\" >Urob si s\u00e1m n\u00e1pady na dekor\u00e1cie s viano\u010dn\u00fdmi ru\u017eami pre za\u010diato\u010dn\u00edkov<\/a><\/h3>\n\n\n<div class=\"wp-block-group postmetaline is-nowrap is-layout-flex wp-container-core-group-is-layout-6c531013 wp-block-group-is-layout-flex\"><div class=\"wp-block-post-date\"><time datetime=\"2023-11-07T15:54:54+01:00\">07. novembra 2023<\/time><\/div>\n\n<\/div>\n\n\n<div class=\"wp-block-post-excerpt\"><p class=\"wp-block-post-excerpt__excerpt\">Prin\u00e1\u0161ame v\u00e1m \u0161es\u0165 urob si s\u00e1m n\u00e1padov na dekor\u00e1cie s vyu\u017eit\u00edm viano\u010dn\u00fdch ru\u017e\u00ed, ktor\u00e9 zvl\u00e1dne ka\u017ed\u00fd. Jednoduch\u00e9, no p\u00f4sobiv\u00e9 dekor\u00e1cie, ktor\u00e9 si nevy\u017eaduj\u00fa \u017eiadne \u0161peci\u00e1lne zru\u010dnosti ani sk\u00fasenosti! Viano\u010dn\u00e9 ru\u017ee a doma vyroben\u00e9 dekor\u00e1cie s\u00fa najlep\u0161\u00edm rie\u0161en\u00edm.<\/p><p class=\"wp-block-post-excerpt__more-text\"><a class=\"wp-block-post-excerpt__more-link\" href=\"https:\/\/starsforeurope.com\/sk\/blog\/urob-si-sam-napady-na-dekoracie-s-vianocnymi-ruzami-pre-zaciatocnikov\/\">Pre\u010d\u00edtajte si viac<\/a><\/p><\/div>\n<\/li><li class=\"wp-block-post post-6998 blog type-blog status-publish has-post-thumbnail hentry blog_cat-adventsdekoration blog_cat-herbstdeko-zimmerpflanze blog_main-dekoracie blog_main-jesenne-dekoracie-zelene-byvanie\">\n<figure style=\"aspect-ratio:1;\" class=\"featuredimage wp-block-post-featured-image\"><a href=\"https:\/\/starsforeurope.com\/sk\/blog\/vianocne-ruze-ako-jesenna-dekoracia\/\" target=\"_self\"  ><img loading=\"lazy\" decoding=\"async\" width=\"875\" height=\"1050\" src=\"https:\/\/starsforeurope.com\/sk\/wp-content\/uploads\/sites\/19\/2023\/10\/2023-poinsettia-02000-cottagecore-charm-12.jpg\" class=\"attachment-post-thumbnail size-post-thumbnail wp-post-image\" alt=\"Viano\u010dn\u00e9 ru\u017ee ako jesenn\u00e1 dekor\u00e1cia\" style=\"width:100%;height:100%;object-fit:cover;\" srcset=\"https:\/\/starsforeurope.com\/sk\/wp-content\/uploads\/sites\/19\/2023\/10\/2023-poinsettia-02000-cottagecore-charm-12.jpg 875w, https:\/\/starsforeurope.com\/sk\/wp-content\/uploads\/sites\/19\/2023\/10\/2023-poinsettia-02000-cottagecore-charm-12-250x300.jpg 250w, https:\/\/starsforeurope.com\/sk\/wp-content\/uploads\/sites\/19\/2023\/10\/2023-poinsettia-02000-cottagecore-charm-12-853x1024.jpg 853w, https:\/\/starsforeurope.com\/sk\/wp-content\/uploads\/sites\/19\/2023\/10\/2023-poinsettia-02000-cottagecore-charm-12-768x922.jpg 768w, https:\/\/starsforeurope.com\/sk\/wp-content\/uploads\/sites\/19\/2023\/10\/2023-poinsettia-02000-cottagecore-charm-12-563x675.jpg 563w\" sizes=\"auto, (max-width: 875px) 100vw, 875px\" \/><\/a><\/figure>\n\n<h3 class=\"wp-block-post-title\"><a href=\"https:\/\/starsforeurope.com\/sk\/blog\/vianocne-ruze-ako-jesenna-dekoracia\/\" target=\"_self\" >Viano\u010dn\u00e9 ru\u017ee ako jesenn\u00e1 dekor\u00e1cia<\/a><\/h3>\n\n\n<div class=\"wp-block-group postmetaline is-nowrap is-layout-flex wp-container-core-group-is-layout-6c531013 wp-block-group-is-layout-flex\"><div class=\"wp-block-post-date\"><time datetime=\"2023-11-02T01:38:55+01:00\">02. novembra 2023<\/time><\/div>\n\n<\/div>\n\n\n<div class=\"wp-block-post-excerpt\"><p class=\"wp-block-post-excerpt__excerpt\">Pod\u013eahnite t\u00fato jese\u0148 \u010daru viano\u010dn\u00fdch ru\u017e\u00ed! S\u00fa omnoho viac ne\u017e len symbolom Vianoc.<\/p><p class=\"wp-block-post-excerpt__more-text\"><a class=\"wp-block-post-excerpt__more-link\" href=\"https:\/\/starsforeurope.com\/sk\/blog\/vianocne-ruze-ako-jesenna-dekoracia\/\">Pre\u010d\u00edtajte si viac<\/a><\/p><\/div>\n<\/li><\/ul>\n\n\n\n<\/div>\n\n\n\n<div style=\"height:3rem\" aria-hidden=\"true\" class=\"wp-block-spacer\"><\/div>\n<\/main>","protected":false},"excerpt":{"rendered":"<p>N\u00e1jdete tu mno\u017estvo in\u0161pirat\u00edvnych n\u00e1padov na dekor\u00e1cie a urob-si-s\u00e1m projekty po\u010das najkraj\u0161ieho obdobia roka \u2013 Vianoc. Viano\u010dn\u00e9 ru\u017ee, zn\u00e1me v mnoh\u00fdch krajin\u00e1ch aj ako viano\u010dn\u00e9 hviezdy, v\u00e1s v mnohom prekvapia: s\u00fa dostupn\u00e9 v r\u00f4znych tvaroch a form\u00e1ch, v\u010faka \u010domu dok\u00e1\u017eu vyhovie\u0165 rozli\u010dn\u00e9mu vkusu z\u00e1kazn\u00edkov a priestorom r\u00f4znych \u0161t\u00fdlov, \u010di u\u017e ide o upcyklovan\u00e9, rustik\u00e1lne, boh\u00e9mske, mestsk\u00fa d\u017eung\u013eu a in\u00e9.<\/p>\n","protected":false},"author":1,"featured_media":4352,"parent":0,"menu_order":0,"comment_status":"closed","ping_status":"closed","template":"two-column-blog-single","meta":{"_acf_changed":false,"footnotes":""},"class_list":["post-22","page","type-page","status-publish","has-post-thumbnail","hentry"],"acf":[],"_links":{"self":[{"href":"https:\/\/starsforeurope.com\/sk\/wp-json\/wp\/v2\/pages\/22","targetHints":{"allow":["GET"]}}],"collection":[{"href":"https:\/\/starsforeurope.com\/sk\/wp-json\/wp\/v2\/pages"}],"about":[{"href":"https:\/\/starsforeurope.com\/sk\/wp-json\/wp\/v2\/types\/page"}],"author":[{"embeddable":true,"href":"https:\/\/starsforeurope.com\/sk\/wp-json\/wp\/v2\/users\/1"}],"replies":[{"embeddable":true,"href":"https:\/\/starsforeurope.com\/sk\/wp-json\/wp\/v2\/comments?post=22"}],"version-history":[{"count":56,"href":"https:\/\/starsforeurope.com\/sk\/wp-json\/wp\/v2\/pages\/22\/revisions"}],"predecessor-version":[{"id":7499,"href":"https:\/\/starsforeurope.com\/sk\/wp-json\/wp\/v2\/pages\/22\/revisions\/7499"}],"wp:featuredmedia":[{"embeddable":true,"href":"https:\/\/starsforeurope.com\/sk\/wp-json\/wp\/v2\/media\/4352"}],"wp:attachment":[{"href":"https:\/\/starsforeurope.com\/sk\/wp-json\/wp\/v2\/media?parent=22"}],"curies":[{"name":"wp","href":"https:\/\/api.w.org\/{rel}","templated":true}]}}