{"id":7792,"date":"2025-08-27T14:57:21","date_gmt":"2025-08-27T12:57:21","guid":{"rendered":"https:\/\/starsforeurope.com\/se\/?page_id=7792"},"modified":"2025-08-28T21:42:03","modified_gmt":"2025-08-28T19:42:03","slug":"bordsdekorationer","status":"publish","type":"page","link":"https:\/\/starsforeurope.com\/se\/dekoration\/bordsdekorationer\/","title":{"rendered":"Julstj\u00e4rnor som bordsdekoration"},"content":{"rendered":"<div class=\"wp-block-group postimage-half wide-content is-layout-flow wp-block-group-is-layout-flow\" style=\"margin-top:var(--wp--preset--spacing--50)\">\n<div style=\"height:3rem\" aria-hidden=\"true\" class=\"wp-block-spacer\"><\/div>\n\n\n\n<div class=\"wp-block-query is-layout-flow wp-block-query-is-layout-flow\"><ul class=\"columns-2 wp-block-post-template is-layout-grid wp-container-core-post-template-is-layout-37ef2942 wp-block-post-template-is-layout-grid\"><li class=\"wp-block-post post-7405 blog type-blog status-publish has-post-thumbnail hentry blog_cat-advent-decoration blog_cat-decoration-tips blog_cat-diy blog_cat-cut-flower blog_main-bordsdekorationer blog_main-dekoration\">\n<figure style=\"aspect-ratio:1;\" class=\"featuredimage wp-block-post-featured-image\"><a href=\"https:\/\/starsforeurope.com\/se\/blog\/festliga-bordsdekorationer-med-julstjarnor\/\" target=\"_self\"  ><img loading=\"lazy\" decoding=\"async\" width=\"1050\" height=\"875\" src=\"https:\/\/starsforeurope.com\/se\/wp-content\/uploads\/sites\/15\/2023\/10\/2015_Weihnachtsstern_Familie_03.jpg\" class=\"attachment-post-thumbnail size-post-thumbnail wp-post-image\" alt=\"Festliga bordsdekorationer med julstj\u00e4rnor\" style=\"width:100%;height:100%;object-fit:cover;\" srcset=\"https:\/\/starsforeurope.com\/se\/wp-content\/uploads\/sites\/15\/2023\/10\/2015_Weihnachtsstern_Familie_03.jpg 1050w, https:\/\/starsforeurope.com\/se\/wp-content\/uploads\/sites\/15\/2023\/10\/2015_Weihnachtsstern_Familie_03-300x250.jpg 300w, https:\/\/starsforeurope.com\/se\/wp-content\/uploads\/sites\/15\/2023\/10\/2015_Weihnachtsstern_Familie_03-1024x853.jpg 1024w, https:\/\/starsforeurope.com\/se\/wp-content\/uploads\/sites\/15\/2023\/10\/2015_Weihnachtsstern_Familie_03-768x640.jpg 768w, https:\/\/starsforeurope.com\/se\/wp-content\/uploads\/sites\/15\/2023\/10\/2015_Weihnachtsstern_Familie_03-810x675.jpg 810w\" sizes=\"auto, (max-width: 1050px) 100vw, 1050px\" \/><\/a><\/figure>\n\n<h3 class=\"wp-block-post-title\"><a href=\"https:\/\/starsforeurope.com\/se\/blog\/festliga-bordsdekorationer-med-julstjarnor\/\" target=\"_self\" >Festliga bordsdekorationer med julstj\u00e4rnor<\/a><\/h3>\n\n\n<div class=\"wp-block-group postmetaline is-nowrap is-layout-flex wp-container-core-group-is-layout-6c531013 wp-block-group-is-layout-flex\"><div class=\"wp-block-post-date\"><time datetime=\"2023-11-16T01:11:39+01:00\">16. november 2023<\/time><\/div>\n\n<\/div>\n\n\n<div class=\"wp-block-post-excerpt\"><p class=\"wp-block-post-excerpt__excerpt\">Vad \u00e4r speciellt med en bordsdekoration med julstj\u00e4rnor? M\u00e5ngfalden och kreativiteten! Julstj\u00e4rnor tillf\u00f6r mycket charm till din dekoration.<\/p><p class=\"wp-block-post-excerpt__more-text\"><a class=\"wp-block-post-excerpt__more-link\" href=\"https:\/\/starsforeurope.com\/se\/blog\/festliga-bordsdekorationer-med-julstjarnor\/\">L\u00e4s mer<\/a><\/p><\/div>\n<\/li><li class=\"wp-block-post post-6973 blog type-blog status-publish has-post-thumbnail hentry blog_cat-advent-decoration blog_main-bordsdekorationer blog_main-dekoration blog_main-kunskap blog_main-vart-att-veta\">\n<figure style=\"aspect-ratio:1;\" class=\"featuredimage wp-block-post-featured-image\"><a href=\"https:\/\/starsforeurope.com\/se\/blog\/johan-munters-basta-jultips\/\" target=\"_self\"  ><img loading=\"lazy\" decoding=\"async\" width=\"875\" height=\"1050\" src=\"https:\/\/starsforeurope.com\/se\/wp-content\/uploads\/sites\/15\/2022\/11\/johan-munter.jpg\" class=\"attachment-post-thumbnail size-post-thumbnail wp-post-image\" alt=\"Johan Munters B\u00e4sta Jultips\" style=\"width:100%;height:100%;object-fit:cover;\" srcset=\"https:\/\/starsforeurope.com\/se\/wp-content\/uploads\/sites\/15\/2022\/11\/johan-munter.jpg 875w, https:\/\/starsforeurope.com\/se\/wp-content\/uploads\/sites\/15\/2022\/11\/johan-munter-250x300.jpg 250w, https:\/\/starsforeurope.com\/se\/wp-content\/uploads\/sites\/15\/2022\/11\/johan-munter-853x1024.jpg 853w, https:\/\/starsforeurope.com\/se\/wp-content\/uploads\/sites\/15\/2022\/11\/johan-munter-768x922.jpg 768w, https:\/\/starsforeurope.com\/se\/wp-content\/uploads\/sites\/15\/2022\/11\/johan-munter-563x675.jpg 563w\" sizes=\"auto, (max-width: 875px) 100vw, 875px\" \/><\/a><\/figure>\n\n<h3 class=\"wp-block-post-title\"><a href=\"https:\/\/starsforeurope.com\/se\/blog\/johan-munters-basta-jultips\/\" target=\"_self\" >Johan Munters B\u00e4sta Jultips<\/a><\/h3>\n\n\n<div class=\"wp-block-group postmetaline is-nowrap is-layout-flex wp-container-core-group-is-layout-6c531013 wp-block-group-is-layout-flex\"><div class=\"wp-block-post-date\"><time datetime=\"2021-12-06T10:32:13+01:00\">06. december 2021<\/time><\/div>\n\n<\/div>\n\n\n<div class=\"wp-block-post-excerpt\"><p class=\"wp-block-post-excerpt__excerpt\">Johan Munter p\u00e5 Floristkompaniet i Stockholm \u00e4r k\u00e4nd fr\u00e5n TV4 Nyhetsmorgon f\u00f6r sina fantastiska arrangemang och sin gedigna kunskap om v\u00e4xter. Han har ett s\u00e4kert \u00f6ga f\u00f6r estetik samtidigt som han \u00e4r otroligt pedagogisk och duktig p\u00e5 att l\u00e4ra ut. H\u00e4r kommer Johans b\u00e4sta tips med julstj\u00e4rnor. Johan Munter p\u00e5 Floristkompaniet har helst sina julstj\u00e4rnor<\/p><p class=\"wp-block-post-excerpt__more-text\"><a class=\"wp-block-post-excerpt__more-link\" href=\"https:\/\/starsforeurope.com\/se\/blog\/johan-munters-basta-jultips\/\">L\u00e4s mer<\/a><\/p><\/div>\n<\/li><\/ul>\n\n\n\n<\/div>\n\n\n\n<div style=\"height:3rem\" aria-hidden=\"true\" class=\"wp-block-spacer\"><\/div>\n<\/div>","protected":false},"excerpt":{"rendered":"<p>F\u00f6rh\u00f6j din matupplevelse med fantastiska julstj\u00e4rna mittstycken och accenter. Perfekt f\u00f6r att ge festlig k\u00e4nsla till alla dukningar.<\/p>\n","protected":false},"author":26,"featured_media":4352,"parent":22,"menu_order":0,"comment_status":"closed","ping_status":"closed","template":"two-column-blog-single","meta":{"_acf_changed":false,"footnotes":""},"class_list":["post-7792","page","type-page","status-publish","has-post-thumbnail","hentry"],"acf":[],"_links":{"self":[{"href":"https:\/\/starsforeurope.com\/se\/wp-json\/wp\/v2\/pages\/7792","targetHints":{"allow":["GET"]}}],"collection":[{"href":"https:\/\/starsforeurope.com\/se\/wp-json\/wp\/v2\/pages"}],"about":[{"href":"https:\/\/starsforeurope.com\/se\/wp-json\/wp\/v2\/types\/page"}],"author":[{"embeddable":true,"href":"https:\/\/starsforeurope.com\/se\/wp-json\/wp\/v2\/users\/26"}],"replies":[{"embeddable":true,"href":"https:\/\/starsforeurope.com\/se\/wp-json\/wp\/v2\/comments?post=7792"}],"version-history":[{"count":1,"href":"https:\/\/starsforeurope.com\/se\/wp-json\/wp\/v2\/pages\/7792\/revisions"}],"predecessor-version":[{"id":7793,"href":"https:\/\/starsforeurope.com\/se\/wp-json\/wp\/v2\/pages\/7792\/revisions\/7793"}],"up":[{"embeddable":true,"href":"https:\/\/starsforeurope.com\/se\/wp-json\/wp\/v2\/pages\/22"}],"wp:featuredmedia":[{"embeddable":true,"href":"https:\/\/starsforeurope.com\/se\/wp-json\/wp\/v2\/media\/4352"}],"wp:attachment":[{"href":"https:\/\/starsforeurope.com\/se\/wp-json\/wp\/v2\/media?parent=7792"}],"curies":[{"name":"wp","href":"https:\/\/api.w.org\/{rel}","templated":true}]}}