{"id":7784,"date":"2025-08-27T14:48:18","date_gmt":"2025-08-27T12:48:18","guid":{"rendered":"https:\/\/starsforeurope.com\/se\/?page_id=7784"},"modified":"2025-08-28T21:42:03","modified_gmt":"2025-08-28T19:42:03","slug":"diy-upcycling","status":"publish","type":"page","link":"https:\/\/starsforeurope.com\/se\/dekoration\/diy-upcycling\/","title":{"rendered":"DIY &amp; Upcycling med julstj\u00e4rnor"},"content":{"rendered":"<div class=\"wp-block-group postimage-half wide-content is-layout-flow wp-block-group-is-layout-flow\" style=\"margin-top:var(--wp--preset--spacing--50)\">\n<div style=\"height:3rem\" aria-hidden=\"true\" class=\"wp-block-spacer\"><\/div>\n\n\n\n<div class=\"wp-block-query is-layout-flow wp-block-query-is-layout-flow\"><ul class=\"columns-2 wp-block-post-template is-layout-grid wp-container-core-post-template-is-layout-37ef2942 wp-block-post-template-is-layout-grid\"><li class=\"wp-block-post post-7389 blog type-blog status-publish has-post-thumbnail hentry blog_cat-advent-decoration blog_cat-decoration-tips blog_cat-diy blog_main-adventsdekorationer blog_main-dekoration blog_main-diy-upcycling\">\n<figure style=\"aspect-ratio:1;\" class=\"featuredimage wp-block-post-featured-image\"><a href=\"https:\/\/starsforeurope.com\/se\/blog\/diy-ideer-med-julstjarnor-perfekt-for-nyborjare\/\" target=\"_self\"  ><img loading=\"lazy\" decoding=\"async\" width=\"1050\" height=\"875\" src=\"https:\/\/starsforeurope.com\/se\/wp-content\/uploads\/sites\/15\/2023\/10\/asset-3-2.jpg\" class=\"attachment-post-thumbnail size-post-thumbnail wp-post-image\" alt=\"DIY id\u00e9er med julstj\u00e4rnor: perfekt f\u00f6r nyb\u00f6rjare\" style=\"width:100%;height:100%;object-fit:cover;\" srcset=\"https:\/\/starsforeurope.com\/se\/wp-content\/uploads\/sites\/15\/2023\/10\/asset-3-2.jpg 1050w, https:\/\/starsforeurope.com\/se\/wp-content\/uploads\/sites\/15\/2023\/10\/asset-3-2-300x250.jpg 300w, https:\/\/starsforeurope.com\/se\/wp-content\/uploads\/sites\/15\/2023\/10\/asset-3-2-1024x853.jpg 1024w, https:\/\/starsforeurope.com\/se\/wp-content\/uploads\/sites\/15\/2023\/10\/asset-3-2-768x640.jpg 768w, https:\/\/starsforeurope.com\/se\/wp-content\/uploads\/sites\/15\/2023\/10\/asset-3-2-810x675.jpg 810w\" sizes=\"auto, (max-width: 1050px) 100vw, 1050px\" \/><\/a><\/figure>\n\n<h3 class=\"wp-block-post-title\"><a href=\"https:\/\/starsforeurope.com\/se\/blog\/diy-ideer-med-julstjarnor-perfekt-for-nyborjare\/\" target=\"_self\" >DIY id\u00e9er med julstj\u00e4rnor: perfekt f\u00f6r nyb\u00f6rjare<\/a><\/h3>\n\n\n<div class=\"wp-block-group postmetaline is-nowrap is-layout-flex wp-container-core-group-is-layout-6c531013 wp-block-group-is-layout-flex\"><div class=\"wp-block-post-date\"><time datetime=\"2023-11-15T01:40:31+01:00\">15. november 2023<\/time><\/div>\n\n<\/div>\n\n\n<div class=\"wp-block-post-excerpt\"><p class=\"wp-block-post-excerpt__excerpt\">Alla kan g\u00f6ra dessa magiska hemgjorda dekorationer med julstj\u00e4rnor<\/p><p class=\"wp-block-post-excerpt__more-text\"><a class=\"wp-block-post-excerpt__more-link\" href=\"https:\/\/starsforeurope.com\/se\/blog\/diy-ideer-med-julstjarnor-perfekt-for-nyborjare\/\">L\u00e4s mer<\/a><\/p><\/div>\n<\/li><li class=\"wp-block-post post-7386 blog type-blog status-publish has-post-thumbnail hentry blog_cat-advent-decoration blog_cat-wedding-decoration blog_cat-diy blog_main-adventsdekorationer blog_main-dekoration blog_main-diy-upcycling\">\n<figure style=\"aspect-ratio:1;\" class=\"featuredimage wp-block-post-featured-image\"><a href=\"https:\/\/starsforeurope.com\/se\/blog\/sex-speciella-diy-adventskransideer-med-julstjarnor\/\" target=\"_self\"  ><img loading=\"lazy\" decoding=\"async\" width=\"875\" height=\"1050\" src=\"https:\/\/starsforeurope.com\/se\/wp-content\/uploads\/sites\/15\/2022\/09\/2019_poinsettia_02000_christmas_wonderland_08.jpg\" class=\"attachment-post-thumbnail size-post-thumbnail wp-post-image\" alt=\"DIY adventskransar med julstj\u00e4rnor\" style=\"width:100%;height:100%;object-fit:cover;\" srcset=\"https:\/\/starsforeurope.com\/se\/wp-content\/uploads\/sites\/15\/2022\/09\/2019_poinsettia_02000_christmas_wonderland_08.jpg 875w, https:\/\/starsforeurope.com\/se\/wp-content\/uploads\/sites\/15\/2022\/09\/2019_poinsettia_02000_christmas_wonderland_08-250x300.jpg 250w, https:\/\/starsforeurope.com\/se\/wp-content\/uploads\/sites\/15\/2022\/09\/2019_poinsettia_02000_christmas_wonderland_08-853x1024.jpg 853w, https:\/\/starsforeurope.com\/se\/wp-content\/uploads\/sites\/15\/2022\/09\/2019_poinsettia_02000_christmas_wonderland_08-768x922.jpg 768w, https:\/\/starsforeurope.com\/se\/wp-content\/uploads\/sites\/15\/2022\/09\/2019_poinsettia_02000_christmas_wonderland_08-563x675.jpg 563w\" sizes=\"auto, (max-width: 875px) 100vw, 875px\" \/><\/a><\/figure>\n\n<h3 class=\"wp-block-post-title\"><a href=\"https:\/\/starsforeurope.com\/se\/blog\/sex-speciella-diy-adventskransideer-med-julstjarnor\/\" target=\"_self\" >DIY adventskransar med julstj\u00e4rnor<\/a><\/h3>\n\n\n<div class=\"wp-block-group postmetaline is-nowrap is-layout-flex wp-container-core-group-is-layout-6c531013 wp-block-group-is-layout-flex\"><div class=\"wp-block-post-date\"><time datetime=\"2023-11-13T01:23:43+01:00\">13. november 2023<\/time><\/div>\n\n<\/div>\n\n\n<div class=\"wp-block-post-excerpt\"><p class=\"wp-block-post-excerpt__excerpt\">DIY adventskransar med julstj\u00e4rnor \u00e4r i\u00f6gonfallande men \u00e4nd\u00e5 enkla att g\u00f6ra. L\u00e5t dig inspireras av v\u00e5ra id\u00e9er. Julen \u00e4r i ant\u00e5gande!<\/p><p class=\"wp-block-post-excerpt__more-text\"><a class=\"wp-block-post-excerpt__more-link\" href=\"https:\/\/starsforeurope.com\/se\/blog\/sex-speciella-diy-adventskransideer-med-julstjarnor\/\">L\u00e4s mer<\/a><\/p><\/div>\n<\/li><\/ul>\n\n\n\n<\/div>\n\n\n\n<div style=\"height:3rem\" aria-hidden=\"true\" class=\"wp-block-spacer\"><\/div>\n<\/div>","protected":false},"excerpt":{"rendered":"<p>Bli kreativ med roliga, festliga projekt med julstj\u00e4rnor &#8211; perfekt f\u00f6r julhantverk och milj\u00f6v\u00e4nlig inredning!<\/p>\n","protected":false},"author":26,"featured_media":4352,"parent":22,"menu_order":0,"comment_status":"closed","ping_status":"closed","template":"two-column-blog-single","meta":{"_acf_changed":false,"footnotes":""},"class_list":["post-7784","page","type-page","status-publish","has-post-thumbnail","hentry"],"acf":[],"_links":{"self":[{"href":"https:\/\/starsforeurope.com\/se\/wp-json\/wp\/v2\/pages\/7784","targetHints":{"allow":["GET"]}}],"collection":[{"href":"https:\/\/starsforeurope.com\/se\/wp-json\/wp\/v2\/pages"}],"about":[{"href":"https:\/\/starsforeurope.com\/se\/wp-json\/wp\/v2\/types\/page"}],"author":[{"embeddable":true,"href":"https:\/\/starsforeurope.com\/se\/wp-json\/wp\/v2\/users\/26"}],"replies":[{"embeddable":true,"href":"https:\/\/starsforeurope.com\/se\/wp-json\/wp\/v2\/comments?post=7784"}],"version-history":[{"count":1,"href":"https:\/\/starsforeurope.com\/se\/wp-json\/wp\/v2\/pages\/7784\/revisions"}],"predecessor-version":[{"id":7785,"href":"https:\/\/starsforeurope.com\/se\/wp-json\/wp\/v2\/pages\/7784\/revisions\/7785"}],"up":[{"embeddable":true,"href":"https:\/\/starsforeurope.com\/se\/wp-json\/wp\/v2\/pages\/22"}],"wp:featuredmedia":[{"embeddable":true,"href":"https:\/\/starsforeurope.com\/se\/wp-json\/wp\/v2\/media\/4352"}],"wp:attachment":[{"href":"https:\/\/starsforeurope.com\/se\/wp-json\/wp\/v2\/media?parent=7784"}],"curies":[{"name":"wp","href":"https:\/\/api.w.org\/{rel}","templated":true}]}}