{"id":7780,"date":"2025-08-27T13:28:57","date_gmt":"2025-08-27T11:28:57","guid":{"rendered":"https:\/\/starsforeurope.com\/se\/?page_id=7780"},"modified":"2025-08-28T21:42:03","modified_gmt":"2025-08-28T19:42:03","slug":"plats","status":"publish","type":"page","link":"https:\/\/starsforeurope.com\/se\/skotsel\/plats\/","title":{"rendered":"Hitta den perfekta platsen f\u00f6r din julstj\u00e4rna"},"content":{"rendered":"<div class=\"wp-block-group postimage-half wide-content is-layout-flow wp-block-group-is-layout-flow\" style=\"margin-top:var(--wp--preset--spacing--50)\">\n<div style=\"height:3rem\" aria-hidden=\"true\" class=\"wp-block-spacer\"><\/div>\n\n\n\n<div class=\"wp-block-query is-layout-flow wp-block-query-is-layout-flow\"><ul class=\"columns-2 wp-block-post-template is-layout-grid wp-container-core-post-template-is-layout-37ef2942 wp-block-post-template-is-layout-grid\"><li class=\"wp-block-post post-7372 blog type-blog status-publish has-post-thumbnail hentry blog_cat-care blog_main-allman-skotsel blog_main-plats blog_main-skotsel\">\n<figure style=\"aspect-ratio:1;\" class=\"featuredimage wp-block-post-featured-image\"><a href=\"https:\/\/starsforeurope.com\/se\/blog\/den-idealiska-platsen-for-din-julstjarna\/\" target=\"_self\"  ><img loading=\"lazy\" decoding=\"async\" width=\"1050\" height=\"875\" src=\"https:\/\/starsforeurope.com\/se\/wp-content\/uploads\/sites\/15\/2022\/08\/2021-poinsettia-04000-autumnal-glow-08.jpg\" class=\"attachment-post-thumbnail size-post-thumbnail wp-post-image\" alt=\"Den idealiska platsen f\u00f6r din julstj\u00e4rna\" style=\"width:100%;height:100%;object-fit:cover;\" srcset=\"https:\/\/starsforeurope.com\/se\/wp-content\/uploads\/sites\/15\/2022\/08\/2021-poinsettia-04000-autumnal-glow-08.jpg 1050w, https:\/\/starsforeurope.com\/se\/wp-content\/uploads\/sites\/15\/2022\/08\/2021-poinsettia-04000-autumnal-glow-08-300x250.jpg 300w, https:\/\/starsforeurope.com\/se\/wp-content\/uploads\/sites\/15\/2022\/08\/2021-poinsettia-04000-autumnal-glow-08-1024x853.jpg 1024w, https:\/\/starsforeurope.com\/se\/wp-content\/uploads\/sites\/15\/2022\/08\/2021-poinsettia-04000-autumnal-glow-08-768x640.jpg 768w, https:\/\/starsforeurope.com\/se\/wp-content\/uploads\/sites\/15\/2022\/08\/2021-poinsettia-04000-autumnal-glow-08-810x675.jpg 810w\" sizes=\"auto, (max-width: 1050px) 100vw, 1050px\" \/><\/a><\/figure>\n\n<h3 class=\"wp-block-post-title\"><a href=\"https:\/\/starsforeurope.com\/se\/blog\/den-idealiska-platsen-for-din-julstjarna\/\" target=\"_self\" >Den idealiska platsen f\u00f6r din julstj\u00e4rna<\/a><\/h3>\n\n\n<div class=\"wp-block-group postmetaline is-nowrap is-layout-flex wp-container-core-group-is-layout-6c531013 wp-block-group-is-layout-flex\"><div class=\"wp-block-post-date\"><time datetime=\"2023-11-05T11:44:24+01:00\">05. november 2023<\/time><\/div>\n\n<\/div>\n\n\n<div class=\"wp-block-post-excerpt\"><p class=\"wp-block-post-excerpt__excerpt\">Det perfekta l\u00e4get, r\u00e4tt temperatur och idealiska ljusf\u00f6rh\u00e5llanden: l\u00e5t oss klarg\u00f6ra vad julstj\u00e4rnor verkligen beh\u00f6ver f\u00f6r att se b\u00e4st ut under l\u00e4ngst tid.<\/p><p class=\"wp-block-post-excerpt__more-text\"><a class=\"wp-block-post-excerpt__more-link\" href=\"https:\/\/starsforeurope.com\/se\/blog\/den-idealiska-platsen-for-din-julstjarna\/\">L\u00e4s mer<\/a><\/p><\/div>\n<\/li><\/ul>\n\n\n\n<\/div>\n\n\n\n<div style=\"height:3rem\" aria-hidden=\"true\" class=\"wp-block-spacer\"><\/div>\n<\/div>","protected":false},"excerpt":{"rendered":"<p>Platsen \u00e4r viktig! Uppt\u00e4ck den perfekta platsen i ditt hem eller din tr\u00e4dg\u00e5rd f\u00f6r att h\u00e5lla din julstj\u00e4rna glad och blomstrande. <\/p>\n","protected":false},"author":26,"featured_media":4350,"parent":20,"menu_order":0,"comment_status":"closed","ping_status":"closed","template":"two-column-blog-single","meta":{"_acf_changed":false,"footnotes":""},"class_list":["post-7780","page","type-page","status-publish","has-post-thumbnail","hentry"],"acf":[],"_links":{"self":[{"href":"https:\/\/starsforeurope.com\/se\/wp-json\/wp\/v2\/pages\/7780","targetHints":{"allow":["GET"]}}],"collection":[{"href":"https:\/\/starsforeurope.com\/se\/wp-json\/wp\/v2\/pages"}],"about":[{"href":"https:\/\/starsforeurope.com\/se\/wp-json\/wp\/v2\/types\/page"}],"author":[{"embeddable":true,"href":"https:\/\/starsforeurope.com\/se\/wp-json\/wp\/v2\/users\/26"}],"replies":[{"embeddable":true,"href":"https:\/\/starsforeurope.com\/se\/wp-json\/wp\/v2\/comments?post=7780"}],"version-history":[{"count":1,"href":"https:\/\/starsforeurope.com\/se\/wp-json\/wp\/v2\/pages\/7780\/revisions"}],"predecessor-version":[{"id":7781,"href":"https:\/\/starsforeurope.com\/se\/wp-json\/wp\/v2\/pages\/7780\/revisions\/7781"}],"up":[{"embeddable":true,"href":"https:\/\/starsforeurope.com\/se\/wp-json\/wp\/v2\/pages\/20"}],"wp:featuredmedia":[{"embeddable":true,"href":"https:\/\/starsforeurope.com\/se\/wp-json\/wp\/v2\/media\/4350"}],"wp:attachment":[{"href":"https:\/\/starsforeurope.com\/se\/wp-json\/wp\/v2\/media?parent=7780"}],"curies":[{"name":"wp","href":"https:\/\/api.w.org\/{rel}","templated":true}]}}