{"id":7778,"date":"2025-08-27T13:19:01","date_gmt":"2025-08-27T11:19:01","guid":{"rendered":"https:\/\/starsforeurope.com\/se\/?page_id=7778"},"modified":"2025-08-28T21:42:03","modified_gmt":"2025-08-28T19:42:03","slug":"allman-skotsel","status":"publish","type":"page","link":"https:\/\/starsforeurope.com\/se\/skotsel\/allman-skotsel\/","title":{"rendered":"Grundl\u00e4ggande sk\u00f6tsel av julstj\u00e4rnor"},"content":{"rendered":"<div class=\"wp-block-group postimage-half wide-content is-layout-flow wp-block-group-is-layout-flow\" style=\"margin-top:var(--wp--preset--spacing--50)\">\n<div style=\"height:3rem\" aria-hidden=\"true\" class=\"wp-block-spacer\"><\/div>\n\n\n\n<div class=\"wp-block-query is-layout-flow wp-block-query-is-layout-flow\"><ul class=\"columns-2 wp-block-post-template is-layout-grid wp-container-core-post-template-is-layout-37ef2942 wp-block-post-template-is-layout-grid\"><li class=\"wp-block-post post-7399 blog type-blog status-publish has-post-thumbnail hentry blog_cat-advent-decoration blog_cat-decoration-tips blog_cat-diy blog_main-allman-skotsel blog_main-dekoration blog_main-presentideer blog_main-skotsel\">\n<figure style=\"aspect-ratio:1;\" class=\"featuredimage wp-block-post-featured-image\"><a href=\"https:\/\/starsforeurope.com\/se\/blog\/diy-hur-man-gor-en-present-av-minijulstjarnor\/\" target=\"_self\"  ><img loading=\"lazy\" decoding=\"async\" width=\"1050\" height=\"875\" src=\"https:\/\/starsforeurope.com\/se\/wp-content\/uploads\/sites\/15\/2023\/10\/2022_poinsettia_03000_varieties_05.jpg\" class=\"attachment-post-thumbnail size-post-thumbnail wp-post-image\" alt=\"Minijulstj\u00e4rnor: presenttips och sk\u00f6tseltips\" style=\"width:100%;height:100%;object-fit:cover;\" srcset=\"https:\/\/starsforeurope.com\/se\/wp-content\/uploads\/sites\/15\/2023\/10\/2022_poinsettia_03000_varieties_05.jpg 1050w, https:\/\/starsforeurope.com\/se\/wp-content\/uploads\/sites\/15\/2023\/10\/2022_poinsettia_03000_varieties_05-300x250.jpg 300w, https:\/\/starsforeurope.com\/se\/wp-content\/uploads\/sites\/15\/2023\/10\/2022_poinsettia_03000_varieties_05-1024x853.jpg 1024w, https:\/\/starsforeurope.com\/se\/wp-content\/uploads\/sites\/15\/2023\/10\/2022_poinsettia_03000_varieties_05-768x640.jpg 768w, https:\/\/starsforeurope.com\/se\/wp-content\/uploads\/sites\/15\/2023\/10\/2022_poinsettia_03000_varieties_05-810x675.jpg 810w\" sizes=\"auto, (max-width: 1050px) 100vw, 1050px\" \/><\/a><\/figure>\n\n<h3 class=\"wp-block-post-title\"><a href=\"https:\/\/starsforeurope.com\/se\/blog\/diy-hur-man-gor-en-present-av-minijulstjarnor\/\" target=\"_self\" >Minijulstj\u00e4rnor: presenttips och sk\u00f6tseltips<\/a><\/h3>\n\n\n<div class=\"wp-block-group postmetaline is-nowrap is-layout-flex wp-container-core-group-is-layout-6c531013 wp-block-group-is-layout-flex\"><div class=\"wp-block-post-date\"><time datetime=\"2023-11-16T01:00:31+01:00\">16. november 2023<\/time><\/div>\n\n<\/div>\n\n\n<div class=\"wp-block-post-excerpt\"><p class=\"wp-block-post-excerpt__excerpt\">F\u00e4rgglada minijulstj\u00e4rnor \u00e4r fantastiska presenter under julhelgen. Klicka p\u00e5 inl\u00e4gget f\u00f6r riktigt bra presenttips fr\u00e5n enkla till ambiti\u00f6sa.<\/p><p class=\"wp-block-post-excerpt__more-text\"><a class=\"wp-block-post-excerpt__more-link\" href=\"https:\/\/starsforeurope.com\/se\/blog\/diy-hur-man-gor-en-present-av-minijulstjarnor\/\">L\u00e4s mer<\/a><\/p><\/div>\n<\/li><li class=\"wp-block-post post-7376 blog type-blog status-publish has-post-thumbnail hentry blog_cat-care blog_main-allman-skotsel blog_main-skotsel\">\n<figure style=\"aspect-ratio:1;\" class=\"featuredimage wp-block-post-featured-image\"><a href=\"https:\/\/starsforeurope.com\/se\/blog\/sa-skoter-du-din-julstjarna\/\" target=\"_self\"  ><img loading=\"lazy\" decoding=\"async\" width=\"875\" height=\"1050\" src=\"https:\/\/starsforeurope.com\/se\/wp-content\/uploads\/sites\/15\/2023\/10\/2021-poinsettia-01000-boho-green-living-08-2.jpg\" class=\"attachment-post-thumbnail size-post-thumbnail wp-post-image\" alt=\"Ta hand om dina julstj\u00e4rnor p\u00e5 r\u00e4tt s\u00e4tt\" style=\"width:100%;height:100%;object-fit:cover;\" srcset=\"https:\/\/starsforeurope.com\/se\/wp-content\/uploads\/sites\/15\/2023\/10\/2021-poinsettia-01000-boho-green-living-08-2.jpg 875w, https:\/\/starsforeurope.com\/se\/wp-content\/uploads\/sites\/15\/2023\/10\/2021-poinsettia-01000-boho-green-living-08-2-250x300.jpg 250w, https:\/\/starsforeurope.com\/se\/wp-content\/uploads\/sites\/15\/2023\/10\/2021-poinsettia-01000-boho-green-living-08-2-853x1024.jpg 853w, https:\/\/starsforeurope.com\/se\/wp-content\/uploads\/sites\/15\/2023\/10\/2021-poinsettia-01000-boho-green-living-08-2-768x922.jpg 768w, https:\/\/starsforeurope.com\/se\/wp-content\/uploads\/sites\/15\/2023\/10\/2021-poinsettia-01000-boho-green-living-08-2-563x675.jpg 563w\" sizes=\"auto, (max-width: 875px) 100vw, 875px\" \/><\/a><\/figure>\n\n<h3 class=\"wp-block-post-title\"><a href=\"https:\/\/starsforeurope.com\/se\/blog\/sa-skoter-du-din-julstjarna\/\" target=\"_self\" >Ta hand om dina julstj\u00e4rnor p\u00e5 r\u00e4tt s\u00e4tt<\/a><\/h3>\n\n\n<div class=\"wp-block-group postmetaline is-nowrap is-layout-flex wp-container-core-group-is-layout-6c531013 wp-block-group-is-layout-flex\"><div class=\"wp-block-post-date\"><time datetime=\"2023-11-07T01:55:07+01:00\">07. november 2023<\/time><\/div>\n\n<\/div>\n\n\n<div class=\"wp-block-post-excerpt\"><p class=\"wp-block-post-excerpt__excerpt\">S\u00e5 h\u00e4r g\u00f6r du din julstj\u00e4rna till stj\u00e4rnattraktionen under den festliga s\u00e4songen och d\u00e4refter. V\u00e5r guide avsl\u00f6jar hemligheterna bakom perfekt sk\u00f6tsel. Klicka h\u00e4r f\u00f6r att g\u00f6ra din julstj\u00e4rna till stj\u00e4rnan i showen!<\/p><p class=\"wp-block-post-excerpt__more-text\"><a class=\"wp-block-post-excerpt__more-link\" href=\"https:\/\/starsforeurope.com\/se\/blog\/sa-skoter-du-din-julstjarna\/\">L\u00e4s mer<\/a><\/p><\/div>\n<\/li><li class=\"wp-block-post post-7372 blog type-blog status-publish has-post-thumbnail hentry blog_cat-care blog_main-allman-skotsel blog_main-plats blog_main-skotsel\">\n<figure style=\"aspect-ratio:1;\" class=\"featuredimage wp-block-post-featured-image\"><a href=\"https:\/\/starsforeurope.com\/se\/blog\/den-idealiska-platsen-for-din-julstjarna\/\" target=\"_self\"  ><img loading=\"lazy\" decoding=\"async\" width=\"1050\" height=\"875\" src=\"https:\/\/starsforeurope.com\/se\/wp-content\/uploads\/sites\/15\/2022\/08\/2021-poinsettia-04000-autumnal-glow-08.jpg\" class=\"attachment-post-thumbnail size-post-thumbnail wp-post-image\" alt=\"Den idealiska platsen f\u00f6r din julstj\u00e4rna\" style=\"width:100%;height:100%;object-fit:cover;\" srcset=\"https:\/\/starsforeurope.com\/se\/wp-content\/uploads\/sites\/15\/2022\/08\/2021-poinsettia-04000-autumnal-glow-08.jpg 1050w, https:\/\/starsforeurope.com\/se\/wp-content\/uploads\/sites\/15\/2022\/08\/2021-poinsettia-04000-autumnal-glow-08-300x250.jpg 300w, https:\/\/starsforeurope.com\/se\/wp-content\/uploads\/sites\/15\/2022\/08\/2021-poinsettia-04000-autumnal-glow-08-1024x853.jpg 1024w, https:\/\/starsforeurope.com\/se\/wp-content\/uploads\/sites\/15\/2022\/08\/2021-poinsettia-04000-autumnal-glow-08-768x640.jpg 768w, https:\/\/starsforeurope.com\/se\/wp-content\/uploads\/sites\/15\/2022\/08\/2021-poinsettia-04000-autumnal-glow-08-810x675.jpg 810w\" sizes=\"auto, (max-width: 1050px) 100vw, 1050px\" \/><\/a><\/figure>\n\n<h3 class=\"wp-block-post-title\"><a href=\"https:\/\/starsforeurope.com\/se\/blog\/den-idealiska-platsen-for-din-julstjarna\/\" target=\"_self\" >Den idealiska platsen f\u00f6r din julstj\u00e4rna<\/a><\/h3>\n\n\n<div class=\"wp-block-group postmetaline is-nowrap is-layout-flex wp-container-core-group-is-layout-6c531013 wp-block-group-is-layout-flex\"><div class=\"wp-block-post-date\"><time datetime=\"2023-11-05T11:44:24+01:00\">05. november 2023<\/time><\/div>\n\n<\/div>\n\n\n<div class=\"wp-block-post-excerpt\"><p class=\"wp-block-post-excerpt__excerpt\">Det perfekta l\u00e4get, r\u00e4tt temperatur och idealiska ljusf\u00f6rh\u00e5llanden: l\u00e5t oss klarg\u00f6ra vad julstj\u00e4rnor verkligen beh\u00f6ver f\u00f6r att se b\u00e4st ut under l\u00e4ngst tid.<\/p><p class=\"wp-block-post-excerpt__more-text\"><a class=\"wp-block-post-excerpt__more-link\" href=\"https:\/\/starsforeurope.com\/se\/blog\/den-idealiska-platsen-for-din-julstjarna\/\">L\u00e4s mer<\/a><\/p><\/div>\n<\/li><li class=\"wp-block-post post-6959 blog type-blog status-publish has-post-thumbnail hentry blog_cat-care blog_main-allman-skotsel blog_main-kunskap blog_main-skotsel blog_main-vart-att-veta\">\n<figure style=\"aspect-ratio:1;\" class=\"featuredimage wp-block-post-featured-image\"><a href=\"https:\/\/starsforeurope.com\/se\/blog\/tradgardsmastarnas-basta-julstjarnetips\/\" target=\"_self\"  ><img loading=\"lazy\" decoding=\"async\" width=\"875\" height=\"1050\" src=\"https:\/\/starsforeurope.com\/se\/wp-content\/uploads\/sites\/15\/2022\/11\/h-4858.jpg\" class=\"attachment-post-thumbnail size-post-thumbnail wp-post-image\" alt=\"Tr\u00e4dg\u00e5rdsm\u00e4starnas B\u00e4sta Julstj\u00e4rnetips\" style=\"width:100%;height:100%;object-fit:cover;\" srcset=\"https:\/\/starsforeurope.com\/se\/wp-content\/uploads\/sites\/15\/2022\/11\/h-4858.jpg 875w, https:\/\/starsforeurope.com\/se\/wp-content\/uploads\/sites\/15\/2022\/11\/h-4858-250x300.jpg 250w, https:\/\/starsforeurope.com\/se\/wp-content\/uploads\/sites\/15\/2022\/11\/h-4858-853x1024.jpg 853w, https:\/\/starsforeurope.com\/se\/wp-content\/uploads\/sites\/15\/2022\/11\/h-4858-768x922.jpg 768w, https:\/\/starsforeurope.com\/se\/wp-content\/uploads\/sites\/15\/2022\/11\/h-4858-563x675.jpg 563w\" sizes=\"auto, (max-width: 875px) 100vw, 875px\" \/><\/a><\/figure>\n\n<h3 class=\"wp-block-post-title\"><a href=\"https:\/\/starsforeurope.com\/se\/blog\/tradgardsmastarnas-basta-julstjarnetips\/\" target=\"_self\" >Tr\u00e4dg\u00e5rdsm\u00e4starnas B\u00e4sta Julstj\u00e4rnetips<\/a><\/h3>\n\n\n<div class=\"wp-block-group postmetaline is-nowrap is-layout-flex wp-container-core-group-is-layout-6c531013 wp-block-group-is-layout-flex\"><div class=\"wp-block-post-date\"><time datetime=\"2022-11-16T07:43:07+01:00\">16. november 2022<\/time><\/div>\n\n<\/div>\n\n\n<div class=\"wp-block-post-excerpt\"><p class=\"wp-block-post-excerpt__excerpt\">&#8221;It\u2019s the most wonderful time of the year&#8221; lyder namnet p\u00e5 den popul\u00e4ra s\u00e5ngen som skrevs av Edward Pola och George Wyle 1963. Det \u00e4r fortfarande en av de mest spelade l\u00e5tarna p\u00e5 radion och det \u00e4r inte s\u00e5 konstigt, julen \u00e4r m\u00e5ngas absoluta favorith\u00f6gtid. Att t\u00e4nda ljus, dricka gl\u00f6gg tillsammans och g\u00f6ra det mysigt<\/p><p class=\"wp-block-post-excerpt__more-text\"><a class=\"wp-block-post-excerpt__more-link\" href=\"https:\/\/starsforeurope.com\/se\/blog\/tradgardsmastarnas-basta-julstjarnetips\/\">L\u00e4s mer<\/a><\/p><\/div>\n<\/li><\/ul>\n\n<nav class=\"wp-block-query-pagination is-content-justification-center is-layout-flex wp-container-core-query-pagination-is-layout-a89b3969 wp-block-query-pagination-is-layout-flex\" aria-label=\"Sidonumrering\">\n\n\n<div class=\"wp-block-query-pagination-numbers has-medium-font-size\"><span aria-current=\"page\" class=\"page-numbers current\">1<\/span>\n<a class=\"page-numbers\" href=\"?query-0-page=2\">2<\/a><\/div>\n\n<a href=\"\/se\/wp-json\/wp\/v2\/pages\/7778?query-0-page=2\" class=\"wp-block-query-pagination-next\">\u22b3<\/a>\n<\/nav>\n\n<\/div>\n\n\n\n<div style=\"height:3rem\" aria-hidden=\"true\" class=\"wp-block-spacer\"><\/div>\n<\/div>","protected":false},"excerpt":{"rendered":"<p>H\u00e5ll dina julstj\u00e4rnor livfulla och friska med enkla sk\u00f6tselr\u00e5d. <\/p>\n","protected":false},"author":26,"featured_media":4350,"parent":20,"menu_order":0,"comment_status":"closed","ping_status":"closed","template":"two-column-blog-single","meta":{"_acf_changed":false,"footnotes":""},"class_list":["post-7778","page","type-page","status-publish","has-post-thumbnail","hentry"],"acf":[],"_links":{"self":[{"href":"https:\/\/starsforeurope.com\/se\/wp-json\/wp\/v2\/pages\/7778","targetHints":{"allow":["GET"]}}],"collection":[{"href":"https:\/\/starsforeurope.com\/se\/wp-json\/wp\/v2\/pages"}],"about":[{"href":"https:\/\/starsforeurope.com\/se\/wp-json\/wp\/v2\/types\/page"}],"author":[{"embeddable":true,"href":"https:\/\/starsforeurope.com\/se\/wp-json\/wp\/v2\/users\/26"}],"replies":[{"embeddable":true,"href":"https:\/\/starsforeurope.com\/se\/wp-json\/wp\/v2\/comments?post=7778"}],"version-history":[{"count":1,"href":"https:\/\/starsforeurope.com\/se\/wp-json\/wp\/v2\/pages\/7778\/revisions"}],"predecessor-version":[{"id":7779,"href":"https:\/\/starsforeurope.com\/se\/wp-json\/wp\/v2\/pages\/7778\/revisions\/7779"}],"up":[{"embeddable":true,"href":"https:\/\/starsforeurope.com\/se\/wp-json\/wp\/v2\/pages\/20"}],"wp:featuredmedia":[{"embeddable":true,"href":"https:\/\/starsforeurope.com\/se\/wp-json\/wp\/v2\/media\/4350"}],"wp:attachment":[{"href":"https:\/\/starsforeurope.com\/se\/wp-json\/wp\/v2\/media?parent=7778"}],"curies":[{"name":"wp","href":"https:\/\/api.w.org\/{rel}","templated":true}]}}