{"id":7774,"date":"2025-08-27T12:49:45","date_gmt":"2025-08-27T10:49:45","guid":{"rendered":"https:\/\/starsforeurope.com\/se\/?page_id=7774"},"modified":"2025-08-28T21:42:03","modified_gmt":"2025-08-28T19:42:03","slug":"vart-att-veta","status":"publish","type":"page","link":"https:\/\/starsforeurope.com\/se\/kunskap\/vart-att-veta\/","title":{"rendered":"Allt om julstj\u00e4rnor"},"content":{"rendered":"<main class=\"wp-block-group postimage-half wide-content is-layout-flow wp-block-group-is-layout-flow\" style=\"margin-top:var(--wp--preset--spacing--50)\">\n<div style=\"height:3rem\" aria-hidden=\"true\" class=\"wp-block-spacer\"><\/div>\n\n\n\n<div class=\"wp-block-query is-layout-flow wp-block-query-is-layout-flow\"><ul class=\"columns-2 wp-block-post-template is-layout-grid wp-container-core-post-template-is-layout-37ef2942 wp-block-post-template-is-layout-grid\"><li class=\"wp-block-post post-6959 blog type-blog status-publish has-post-thumbnail hentry blog_cat-care blog_main-allman-skotsel blog_main-kunskap blog_main-skotsel blog_main-vart-att-veta\">\n<figure style=\"aspect-ratio:1;\" class=\"featuredimage wp-block-post-featured-image\"><a href=\"https:\/\/starsforeurope.com\/se\/blog\/tradgardsmastarnas-basta-julstjarnetips\/\" target=\"_self\"  ><img loading=\"lazy\" decoding=\"async\" width=\"875\" height=\"1050\" src=\"https:\/\/starsforeurope.com\/se\/wp-content\/uploads\/sites\/15\/2022\/11\/h-4858.jpg\" class=\"attachment-post-thumbnail size-post-thumbnail wp-post-image\" alt=\"Tr\u00e4dg\u00e5rdsm\u00e4starnas B\u00e4sta Julstj\u00e4rnetips\" style=\"width:100%;height:100%;object-fit:cover;\" srcset=\"https:\/\/starsforeurope.com\/se\/wp-content\/uploads\/sites\/15\/2022\/11\/h-4858.jpg 875w, https:\/\/starsforeurope.com\/se\/wp-content\/uploads\/sites\/15\/2022\/11\/h-4858-250x300.jpg 250w, https:\/\/starsforeurope.com\/se\/wp-content\/uploads\/sites\/15\/2022\/11\/h-4858-853x1024.jpg 853w, https:\/\/starsforeurope.com\/se\/wp-content\/uploads\/sites\/15\/2022\/11\/h-4858-768x922.jpg 768w, https:\/\/starsforeurope.com\/se\/wp-content\/uploads\/sites\/15\/2022\/11\/h-4858-563x675.jpg 563w\" sizes=\"auto, (max-width: 875px) 100vw, 875px\" \/><\/a><\/figure>\n\n<h3 class=\"wp-block-post-title\"><a href=\"https:\/\/starsforeurope.com\/se\/blog\/tradgardsmastarnas-basta-julstjarnetips\/\" target=\"_self\" >Tr\u00e4dg\u00e5rdsm\u00e4starnas B\u00e4sta Julstj\u00e4rnetips<\/a><\/h3>\n\n\n<div class=\"wp-block-group postmetaline is-nowrap is-layout-flex wp-container-core-group-is-layout-6c531013 wp-block-group-is-layout-flex\"><div class=\"wp-block-post-date\"><time datetime=\"2022-11-16T07:43:07+01:00\">16. november 2022<\/time><\/div>\n\n<\/div>\n\n\n<div class=\"wp-block-post-excerpt\"><p class=\"wp-block-post-excerpt__excerpt\">&#8221;It\u2019s the most wonderful time of the year&#8221; lyder namnet p\u00e5 den popul\u00e4ra s\u00e5ngen som skrevs av Edward Pola och George Wyle 1963. Det \u00e4r fortfarande en av de mest spelade l\u00e5tarna p\u00e5 radion och det \u00e4r inte s\u00e5 konstigt, julen \u00e4r m\u00e5ngas absoluta favorith\u00f6gtid. Att t\u00e4nda ljus, dricka gl\u00f6gg tillsammans och g\u00f6ra det mysigt<\/p><p class=\"wp-block-post-excerpt__more-text\"><a class=\"wp-block-post-excerpt__more-link\" href=\"https:\/\/starsforeurope.com\/se\/blog\/tradgardsmastarnas-basta-julstjarnetips\/\">L\u00e4s mer<\/a><\/p><\/div>\n<\/li><li class=\"wp-block-post post-6991 blog type-blog status-publish has-post-thumbnail hentry blog_cat-history blog_main-kunskap blog_main-vart-att-veta\">\n<figure style=\"aspect-ratio:1;\" class=\"featuredimage wp-block-post-featured-image\"><a href=\"https:\/\/starsforeurope.com\/se\/blog\/julstjarnans-dag-12-12\/\" target=\"_self\"  ><img loading=\"lazy\" decoding=\"async\" width=\"875\" height=\"1050\" src=\"https:\/\/starsforeurope.com\/se\/wp-content\/uploads\/sites\/15\/2021\/12\/lina-arvidsson-fotograf-blomsterfra\u0308mjandet-julstja\u0308rna-press-11-web.jpg\" class=\"attachment-post-thumbnail size-post-thumbnail wp-post-image\" alt=\"Julstj\u00e4rnans Dag 12\/12\" style=\"width:100%;height:100%;object-fit:cover;\" srcset=\"https:\/\/starsforeurope.com\/se\/wp-content\/uploads\/sites\/15\/2021\/12\/lina-arvidsson-fotograf-blomsterfra\u0308mjandet-julstja\u0308rna-press-11-web.jpg 875w, https:\/\/starsforeurope.com\/se\/wp-content\/uploads\/sites\/15\/2021\/12\/lina-arvidsson-fotograf-blomsterfra\u0308mjandet-julstja\u0308rna-press-11-web-250x300.jpg 250w, https:\/\/starsforeurope.com\/se\/wp-content\/uploads\/sites\/15\/2021\/12\/lina-arvidsson-fotograf-blomsterfra\u0308mjandet-julstja\u0308rna-press-11-web-853x1024.jpg 853w, https:\/\/starsforeurope.com\/se\/wp-content\/uploads\/sites\/15\/2021\/12\/lina-arvidsson-fotograf-blomsterfra\u0308mjandet-julstja\u0308rna-press-11-web-768x922.jpg 768w, https:\/\/starsforeurope.com\/se\/wp-content\/uploads\/sites\/15\/2021\/12\/lina-arvidsson-fotograf-blomsterfra\u0308mjandet-julstja\u0308rna-press-11-web-563x675.jpg 563w\" sizes=\"auto, (max-width: 875px) 100vw, 875px\" \/><\/a><\/figure>\n\n<h3 class=\"wp-block-post-title\"><a href=\"https:\/\/starsforeurope.com\/se\/blog\/julstjarnans-dag-12-12\/\" target=\"_self\" >Julstj\u00e4rnans Dag 12\/12<\/a><\/h3>\n\n\n<div class=\"wp-block-group postmetaline is-nowrap is-layout-flex wp-container-core-group-is-layout-6c531013 wp-block-group-is-layout-flex\"><div class=\"wp-block-post-date\"><time datetime=\"2021-12-10T11:34:23+01:00\">10. december 2021<\/time><\/div>\n\n<\/div>\n\n\n<div class=\"wp-block-post-excerpt\"><p class=\"wp-block-post-excerpt__excerpt\">Den 12 december firar vi julstj\u00e4rnans dag. I \u00e5r kommer det att finnas m\u00f6jlighet att se tv\u00e5 olika installationer som Stars for Europe skapar tillsammans med m\u00e4sterfloristerna Sofie Danielsson och Johan Munter. \u00a0 Plats: Hotel At Six, Brunkebergstorg 6, 111 51 Stockholm Tid: 12\/12 fr\u00e5n klockan 15.00 \u2013 och s\u00e5 l\u00e4nge installationen h\u00e5ller Kreat\u00f6r: Johan<\/p><p class=\"wp-block-post-excerpt__more-text\"><a class=\"wp-block-post-excerpt__more-link\" href=\"https:\/\/starsforeurope.com\/se\/blog\/julstjarnans-dag-12-12\/\">L\u00e4s mer<\/a><\/p><\/div>\n<\/li><li class=\"wp-block-post post-6973 blog type-blog status-publish has-post-thumbnail hentry blog_cat-advent-decoration blog_main-bordsdekorationer blog_main-dekoration blog_main-kunskap blog_main-vart-att-veta\">\n<figure style=\"aspect-ratio:1;\" class=\"featuredimage wp-block-post-featured-image\"><a href=\"https:\/\/starsforeurope.com\/se\/blog\/johan-munters-basta-jultips\/\" target=\"_self\"  ><img loading=\"lazy\" decoding=\"async\" width=\"875\" height=\"1050\" src=\"https:\/\/starsforeurope.com\/se\/wp-content\/uploads\/sites\/15\/2022\/11\/johan-munter.jpg\" class=\"attachment-post-thumbnail size-post-thumbnail wp-post-image\" alt=\"Johan Munters B\u00e4sta Jultips\" style=\"width:100%;height:100%;object-fit:cover;\" srcset=\"https:\/\/starsforeurope.com\/se\/wp-content\/uploads\/sites\/15\/2022\/11\/johan-munter.jpg 875w, https:\/\/starsforeurope.com\/se\/wp-content\/uploads\/sites\/15\/2022\/11\/johan-munter-250x300.jpg 250w, https:\/\/starsforeurope.com\/se\/wp-content\/uploads\/sites\/15\/2022\/11\/johan-munter-853x1024.jpg 853w, https:\/\/starsforeurope.com\/se\/wp-content\/uploads\/sites\/15\/2022\/11\/johan-munter-768x922.jpg 768w, https:\/\/starsforeurope.com\/se\/wp-content\/uploads\/sites\/15\/2022\/11\/johan-munter-563x675.jpg 563w\" sizes=\"auto, (max-width: 875px) 100vw, 875px\" \/><\/a><\/figure>\n\n<h3 class=\"wp-block-post-title\"><a href=\"https:\/\/starsforeurope.com\/se\/blog\/johan-munters-basta-jultips\/\" target=\"_self\" >Johan Munters B\u00e4sta Jultips<\/a><\/h3>\n\n\n<div class=\"wp-block-group postmetaline is-nowrap is-layout-flex wp-container-core-group-is-layout-6c531013 wp-block-group-is-layout-flex\"><div class=\"wp-block-post-date\"><time datetime=\"2021-12-06T10:32:13+01:00\">06. december 2021<\/time><\/div>\n\n<\/div>\n\n\n<div class=\"wp-block-post-excerpt\"><p class=\"wp-block-post-excerpt__excerpt\">Johan Munter p\u00e5 Floristkompaniet i Stockholm \u00e4r k\u00e4nd fr\u00e5n TV4 Nyhetsmorgon f\u00f6r sina fantastiska arrangemang och sin gedigna kunskap om v\u00e4xter. Han har ett s\u00e4kert \u00f6ga f\u00f6r estetik samtidigt som han \u00e4r otroligt pedagogisk och duktig p\u00e5 att l\u00e4ra ut. H\u00e4r kommer Johans b\u00e4sta tips med julstj\u00e4rnor. Johan Munter p\u00e5 Floristkompaniet har helst sina julstj\u00e4rnor<\/p><p class=\"wp-block-post-excerpt__more-text\"><a class=\"wp-block-post-excerpt__more-link\" href=\"https:\/\/starsforeurope.com\/se\/blog\/johan-munters-basta-jultips\/\">L\u00e4s mer<\/a><\/p><\/div>\n<\/li><li class=\"wp-block-post post-4605 blog type-blog status-publish has-post-thumbnail hentry blog_cat-history blog_main-kunskap blog_main-vart-att-veta\">\n<figure style=\"aspect-ratio:1;\" class=\"featuredimage wp-block-post-featured-image\"><a href=\"https:\/\/starsforeurope.com\/se\/blog\/julstjarnor-en-julsymbol-over-hela-varlden\/\" target=\"_self\"  ><img loading=\"lazy\" decoding=\"async\" width=\"875\" height=\"1050\" src=\"https:\/\/starsforeurope.com\/se\/wp-content\/uploads\/sites\/15\/2022\/08\/2019-poinsettia-02000-christmas-wonderland-21.jpg\" class=\"attachment-post-thumbnail size-post-thumbnail wp-post-image\" alt=\"Julstj\u00e4rnor: En Julsymbol \u00d6ver Hela V\u00e4rlden\" style=\"width:100%;height:100%;object-fit:cover;\" srcset=\"https:\/\/starsforeurope.com\/se\/wp-content\/uploads\/sites\/15\/2022\/08\/2019-poinsettia-02000-christmas-wonderland-21.jpg 875w, https:\/\/starsforeurope.com\/se\/wp-content\/uploads\/sites\/15\/2022\/08\/2019-poinsettia-02000-christmas-wonderland-21-250x300.jpg 250w, https:\/\/starsforeurope.com\/se\/wp-content\/uploads\/sites\/15\/2022\/08\/2019-poinsettia-02000-christmas-wonderland-21-853x1024.jpg 853w, https:\/\/starsforeurope.com\/se\/wp-content\/uploads\/sites\/15\/2022\/08\/2019-poinsettia-02000-christmas-wonderland-21-768x922.jpg 768w, https:\/\/starsforeurope.com\/se\/wp-content\/uploads\/sites\/15\/2022\/08\/2019-poinsettia-02000-christmas-wonderland-21-563x675.jpg 563w\" sizes=\"auto, (max-width: 875px) 100vw, 875px\" \/><\/a><\/figure>\n\n<h3 class=\"wp-block-post-title\"><a href=\"https:\/\/starsforeurope.com\/se\/blog\/julstjarnor-en-julsymbol-over-hela-varlden\/\" target=\"_self\" >Julstj\u00e4rnor: En Julsymbol \u00d6ver Hela V\u00e4rlden<\/a><\/h3>\n\n\n<div class=\"wp-block-group postmetaline is-nowrap is-layout-flex wp-container-core-group-is-layout-6c531013 wp-block-group-is-layout-flex\"><div class=\"wp-block-post-date\"><time datetime=\"2021-11-19T13:48:00+01:00\">19. november 2021<\/time><\/div>\n\n<\/div>\n\n\n<div class=\"wp-block-post-excerpt\"><p class=\"wp-block-post-excerpt__excerpt\">I m\u00e5nga l\u00e4nder runtom i v\u00e4rlden \u00e4r julstj\u00e4rnan en symbol f\u00f6r julen. H\u00e4r kan du l\u00e4sa mer om dess kulturella betydelse.<\/p><p class=\"wp-block-post-excerpt__more-text\"><a class=\"wp-block-post-excerpt__more-link\" href=\"https:\/\/starsforeurope.com\/se\/blog\/julstjarnor-en-julsymbol-over-hela-varlden\/\">L\u00e4s mer<\/a><\/p><\/div>\n<\/li><\/ul>\n\n<nav class=\"wp-block-query-pagination is-content-justification-center is-layout-flex wp-container-core-query-pagination-is-layout-a89b3969 wp-block-query-pagination-is-layout-flex\" aria-label=\"Sidonumrering\">\n\n\n<div class=\"wp-block-query-pagination-numbers has-medium-font-size\"><span aria-current=\"page\" class=\"page-numbers current\">1<\/span>\n<a class=\"page-numbers\" href=\"?query-0-page=2\">2<\/a><\/div>\n\n<a href=\"\/se\/wp-json\/wp\/v2\/pages\/7774?query-0-page=2\" class=\"wp-block-query-pagination-next\">\u22b3<\/a>\n<\/nav>\n\n<\/div>\n\n\n\n<div style=\"height:3rem\" aria-hidden=\"true\" class=\"wp-block-spacer\"><\/div>\n<\/main>","protected":false},"excerpt":{"rendered":"<p>Uppt\u00e4ck ursprung, betydelser och roliga fakta bakom julens favoritblomma.<\/p>\n","protected":false},"author":26,"featured_media":4353,"parent":26,"menu_order":0,"comment_status":"closed","ping_status":"closed","template":"two-column-blog-single","meta":{"_acf_changed":false,"footnotes":""},"class_list":["post-7774","page","type-page","status-publish","has-post-thumbnail","hentry"],"acf":[],"_links":{"self":[{"href":"https:\/\/starsforeurope.com\/se\/wp-json\/wp\/v2\/pages\/7774","targetHints":{"allow":["GET"]}}],"collection":[{"href":"https:\/\/starsforeurope.com\/se\/wp-json\/wp\/v2\/pages"}],"about":[{"href":"https:\/\/starsforeurope.com\/se\/wp-json\/wp\/v2\/types\/page"}],"author":[{"embeddable":true,"href":"https:\/\/starsforeurope.com\/se\/wp-json\/wp\/v2\/users\/26"}],"replies":[{"embeddable":true,"href":"https:\/\/starsforeurope.com\/se\/wp-json\/wp\/v2\/comments?post=7774"}],"version-history":[{"count":1,"href":"https:\/\/starsforeurope.com\/se\/wp-json\/wp\/v2\/pages\/7774\/revisions"}],"predecessor-version":[{"id":7775,"href":"https:\/\/starsforeurope.com\/se\/wp-json\/wp\/v2\/pages\/7774\/revisions\/7775"}],"up":[{"embeddable":true,"href":"https:\/\/starsforeurope.com\/se\/wp-json\/wp\/v2\/pages\/26"}],"wp:featuredmedia":[{"embeddable":true,"href":"https:\/\/starsforeurope.com\/se\/wp-json\/wp\/v2\/media\/4353"}],"wp:attachment":[{"href":"https:\/\/starsforeurope.com\/se\/wp-json\/wp\/v2\/media?parent=7774"}],"curies":[{"name":"wp","href":"https:\/\/api.w.org\/{rel}","templated":true}]}}