{"id":7772,"date":"2025-08-27T09:50:08","date_gmt":"2025-08-27T07:50:08","guid":{"rendered":"https:\/\/starsforeurope.com\/se\/?page_id=7772"},"modified":"2025-08-28T21:42:03","modified_gmt":"2025-08-28T19:42:03","slug":"variation","status":"publish","type":"page","link":"https:\/\/starsforeurope.com\/se\/kunskap\/variation\/","title":{"rendered":"Uppt\u00e4ck julstj\u00e4rnesorter"},"content":{"rendered":"<main class=\"wp-block-group postimage-half wide-content is-layout-flow wp-block-group-is-layout-flow\" style=\"margin-top:var(--wp--preset--spacing--50)\">\n<div style=\"height:3rem\" aria-hidden=\"true\" class=\"wp-block-spacer\"><\/div>\n\n\n\n<div class=\"wp-block-query is-layout-flow wp-block-query-is-layout-flow\"><ul class=\"columns-2 wp-block-post-template is-layout-grid wp-container-core-post-template-is-layout-37ef2942 wp-block-post-template-is-layout-grid\"><li class=\"wp-block-post post-6966 blog type-blog status-publish has-post-thumbnail hentry blog_cat-variety blog_main-kunskap blog_main-variation\">\n<figure style=\"aspect-ratio:1;\" class=\"featuredimage wp-block-post-featured-image\"><a href=\"https:\/\/starsforeurope.com\/se\/blog\/julstjarnan-har-manga-sidor\/\" target=\"_self\"  ><img loading=\"lazy\" decoding=\"async\" width=\"1050\" height=\"875\" src=\"https:\/\/starsforeurope.com\/se\/wp-content\/uploads\/sites\/15\/2022\/08\/2021-poinsettia-01000-boho-green-living-01.jpg\" class=\"attachment-post-thumbnail size-post-thumbnail wp-post-image\" alt=\"Julstj\u00e4rnan Har M\u00e5nga Sidor\" style=\"width:100%;height:100%;object-fit:cover;\" srcset=\"https:\/\/starsforeurope.com\/se\/wp-content\/uploads\/sites\/15\/2022\/08\/2021-poinsettia-01000-boho-green-living-01.jpg 1050w, https:\/\/starsforeurope.com\/se\/wp-content\/uploads\/sites\/15\/2022\/08\/2021-poinsettia-01000-boho-green-living-01-300x250.jpg 300w, https:\/\/starsforeurope.com\/se\/wp-content\/uploads\/sites\/15\/2022\/08\/2021-poinsettia-01000-boho-green-living-01-1024x853.jpg 1024w, https:\/\/starsforeurope.com\/se\/wp-content\/uploads\/sites\/15\/2022\/08\/2021-poinsettia-01000-boho-green-living-01-768x640.jpg 768w, https:\/\/starsforeurope.com\/se\/wp-content\/uploads\/sites\/15\/2022\/08\/2021-poinsettia-01000-boho-green-living-01-810x675.jpg 810w\" sizes=\"auto, (max-width: 1050px) 100vw, 1050px\" \/><\/a><\/figure>\n\n<h3 class=\"wp-block-post-title\"><a href=\"https:\/\/starsforeurope.com\/se\/blog\/julstjarnan-har-manga-sidor\/\" target=\"_self\" >Julstj\u00e4rnan Har M\u00e5nga Sidor<\/a><\/h3>\n\n\n<div class=\"wp-block-group postmetaline is-nowrap is-layout-flex wp-container-core-group-is-layout-6c531013 wp-block-group-is-layout-flex\"><div class=\"wp-block-post-date\"><time datetime=\"2021-11-19T08:08:32+01:00\">19. november 2021<\/time><\/div>\n\n<\/div>\n\n\n<div class=\"wp-block-post-excerpt\"><p class=\"wp-block-post-excerpt__excerpt\">Alla k\u00e4nner till den klassiska r\u00f6da julstj\u00e4rnan \u2013 men julstj\u00e4rnor har mycket mer att erbjuda. V\u00e4xten, Euphorbia pulcherrima finns i olika sorter, i m\u00e5nga olika f\u00e4rgnyanser, former och storlekar. De flesta av oss vet hur en klassisk julstj\u00e4rna ser ut \u2013 den \u00e4r relativt liten, m\u00f6rkgr\u00f6n och har frodiga r\u00f6da h\u00f6gblad i mitten. Men v\u00e5r<\/p><p class=\"wp-block-post-excerpt__more-text\"><a class=\"wp-block-post-excerpt__more-link\" href=\"https:\/\/starsforeurope.com\/se\/blog\/julstjarnan-har-manga-sidor\/\">L\u00e4s mer<\/a><\/p><\/div>\n<\/li><li class=\"wp-block-post post-4564 blog type-blog status-publish has-post-thumbnail hentry blog_cat-history blog_cat-variety blog_main-kunskap blog_main-variation blog_main-vart-att-veta\">\n<figure style=\"aspect-ratio:1;\" class=\"featuredimage wp-block-post-featured-image\"><a href=\"https:\/\/starsforeurope.com\/se\/blog\/julstjarnans-historia\/\" target=\"_self\"  ><img loading=\"lazy\" decoding=\"async\" width=\"875\" height=\"1050\" src=\"https:\/\/starsforeurope.com\/se\/wp-content\/uploads\/sites\/15\/2022\/08\/2020-poinsetti-01000-christmas-green-spirit-30.jpg\" class=\"attachment-post-thumbnail size-post-thumbnail wp-post-image\" alt=\"Julstj\u00e4rnans Historia\" style=\"width:100%;height:100%;object-fit:cover;\" srcset=\"https:\/\/starsforeurope.com\/se\/wp-content\/uploads\/sites\/15\/2022\/08\/2020-poinsetti-01000-christmas-green-spirit-30.jpg 875w, https:\/\/starsforeurope.com\/se\/wp-content\/uploads\/sites\/15\/2022\/08\/2020-poinsetti-01000-christmas-green-spirit-30-250x300.jpg 250w, https:\/\/starsforeurope.com\/se\/wp-content\/uploads\/sites\/15\/2022\/08\/2020-poinsetti-01000-christmas-green-spirit-30-853x1024.jpg 853w, https:\/\/starsforeurope.com\/se\/wp-content\/uploads\/sites\/15\/2022\/08\/2020-poinsetti-01000-christmas-green-spirit-30-768x922.jpg 768w, https:\/\/starsforeurope.com\/se\/wp-content\/uploads\/sites\/15\/2022\/08\/2020-poinsetti-01000-christmas-green-spirit-30-563x675.jpg 563w\" sizes=\"auto, (max-width: 875px) 100vw, 875px\" \/><\/a><\/figure>\n\n<h3 class=\"wp-block-post-title\"><a href=\"https:\/\/starsforeurope.com\/se\/blog\/julstjarnans-historia\/\" target=\"_self\" >Julstj\u00e4rnans Historia<\/a><\/h3>\n\n\n<div class=\"wp-block-group postmetaline is-nowrap is-layout-flex wp-container-core-group-is-layout-6c531013 wp-block-group-is-layout-flex\"><div class=\"wp-block-post-date\"><time datetime=\"2021-11-19T07:49:29+01:00\">19. november 2021<\/time><\/div>\n\n<\/div>\n\n\n<div class=\"wp-block-post-excerpt\"><p class=\"wp-block-post-excerpt__excerpt\">Vill du veta hur en centralamerikansk buske blev en av de mest popul\u00e4ra krukv\u00e4xterna i Europa och en v\u00e4rldsomsp\u00e4nnande julsymbol? I den h\u00e4r artikeln ska vi ber\u00e4tta det f\u00f6r dig.<\/p><p class=\"wp-block-post-excerpt__more-text\"><a class=\"wp-block-post-excerpt__more-link\" href=\"https:\/\/starsforeurope.com\/se\/blog\/julstjarnans-historia\/\">L\u00e4s mer<\/a><\/p><\/div>\n<\/li><\/ul>\n\n\n\n<\/div>\n\n\n\n<div style=\"height:3rem\" aria-hidden=\"true\" class=\"wp-block-spacer\"><\/div>\n<\/main>","protected":false},"excerpt":{"rendered":"<p>Fr\u00e5n klassiskt r\u00f6tt till bl\u00e4ndande rosa och marmorerade nyanser &#8211; uppt\u00e4ck det fantastiska utbudet av julstj\u00e4rnor som passar perfekt f\u00f6r varje julstil.<\/p>\n","protected":false},"author":26,"featured_media":4353,"parent":26,"menu_order":0,"comment_status":"closed","ping_status":"closed","template":"two-column-blog-single","meta":{"_acf_changed":false,"footnotes":""},"class_list":["post-7772","page","type-page","status-publish","has-post-thumbnail","hentry"],"acf":[],"_links":{"self":[{"href":"https:\/\/starsforeurope.com\/se\/wp-json\/wp\/v2\/pages\/7772","targetHints":{"allow":["GET"]}}],"collection":[{"href":"https:\/\/starsforeurope.com\/se\/wp-json\/wp\/v2\/pages"}],"about":[{"href":"https:\/\/starsforeurope.com\/se\/wp-json\/wp\/v2\/types\/page"}],"author":[{"embeddable":true,"href":"https:\/\/starsforeurope.com\/se\/wp-json\/wp\/v2\/users\/26"}],"replies":[{"embeddable":true,"href":"https:\/\/starsforeurope.com\/se\/wp-json\/wp\/v2\/comments?post=7772"}],"version-history":[{"count":1,"href":"https:\/\/starsforeurope.com\/se\/wp-json\/wp\/v2\/pages\/7772\/revisions"}],"predecessor-version":[{"id":7773,"href":"https:\/\/starsforeurope.com\/se\/wp-json\/wp\/v2\/pages\/7772\/revisions\/7773"}],"up":[{"embeddable":true,"href":"https:\/\/starsforeurope.com\/se\/wp-json\/wp\/v2\/pages\/26"}],"wp:featuredmedia":[{"embeddable":true,"href":"https:\/\/starsforeurope.com\/se\/wp-json\/wp\/v2\/media\/4353"}],"wp:attachment":[{"href":"https:\/\/starsforeurope.com\/se\/wp-json\/wp\/v2\/media?parent=7772"}],"curies":[{"name":"wp","href":"https:\/\/api.w.org\/{rel}","templated":true}]}}