{"id":7760,"date":"2025-08-26T15:17:48","date_gmt":"2025-08-26T13:17:48","guid":{"rendered":"https:\/\/starsforeurope.com\/se\/?page_id=7760"},"modified":"2025-08-28T21:42:03","modified_gmt":"2025-08-28T19:42:03","slug":"presentideer-pr","status":"publish","type":"page","link":"https:\/\/starsforeurope.com\/se\/pressmeddelanden\/dekoration-pr\/presentideer-pr\/","title":{"rendered":"Julstj\u00e4rnor som presentid\u00e9er"},"content":{"rendered":"<div class=\"wp-block-group postimage-half wide-content is-layout-flow wp-block-group-is-layout-flow\" style=\"margin-top:var(--wp--preset--spacing--50)\">\n<div style=\"height:3rem\" aria-hidden=\"true\" class=\"wp-block-spacer\"><\/div>\n\n\n\n<div class=\"wp-block-query is-layout-flow wp-block-query-is-layout-flow\"><ul class=\"columns-2 wp-block-post-template is-layout-grid wp-container-core-post-template-is-layout-37ef2942 wp-block-post-template-is-layout-grid\"><li class=\"wp-block-post post-7174 press type-press status-publish has-post-thumbnail hentry press_cat-advent-decoration press_cat-decoration-tips press_cat-diy press_cat-christmas-tree-decorations press_main-dekoration press_main-julgransdekorationer press_main-presentideer press_main-pressmeddelanden\">\n<figure style=\"aspect-ratio:1;\" class=\"featuredimage wp-block-post-featured-image\"><a href=\"https:\/\/starsforeurope.com\/se\/press\/en-stjarnspackad-jul-hur-julstjarnor-skapar-magi\/\" target=\"_self\"  ><img loading=\"lazy\" decoding=\"async\" width=\"875\" height=\"1050\" src=\"https:\/\/starsforeurope.com\/se\/wp-content\/uploads\/sites\/15\/2023\/08\/2023_poinsettia_02000_Cottagecore_Charm_37.jpg\" class=\"attachment-post-thumbnail size-post-thumbnail wp-post-image\" alt=\"En stj\u00e4rnsp\u00e4ckad jul. Hur julstj\u00e4rnor skapar magi\" style=\"width:100%;height:100%;object-fit:cover;\" srcset=\"https:\/\/starsforeurope.com\/se\/wp-content\/uploads\/sites\/15\/2023\/08\/2023_poinsettia_02000_Cottagecore_Charm_37.jpg 875w, https:\/\/starsforeurope.com\/se\/wp-content\/uploads\/sites\/15\/2023\/08\/2023_poinsettia_02000_Cottagecore_Charm_37-250x300.jpg 250w, https:\/\/starsforeurope.com\/se\/wp-content\/uploads\/sites\/15\/2023\/08\/2023_poinsettia_02000_Cottagecore_Charm_37-853x1024.jpg 853w, https:\/\/starsforeurope.com\/se\/wp-content\/uploads\/sites\/15\/2023\/08\/2023_poinsettia_02000_Cottagecore_Charm_37-768x922.jpg 768w, https:\/\/starsforeurope.com\/se\/wp-content\/uploads\/sites\/15\/2023\/08\/2023_poinsettia_02000_Cottagecore_Charm_37-563x675.jpg 563w\" sizes=\"auto, (max-width: 875px) 100vw, 875px\" \/><\/a><\/figure>\n\n<h3 class=\"wp-block-post-title\"><a href=\"https:\/\/starsforeurope.com\/se\/press\/en-stjarnspackad-jul-hur-julstjarnor-skapar-magi\/\" target=\"_self\" >En stj\u00e4rnsp\u00e4ckad jul. Hur julstj\u00e4rnor skapar magi<\/a><\/h3>\n\n\n<div class=\"wp-block-group postmetaline is-nowrap is-layout-flex wp-container-core-group-is-layout-6c531013 wp-block-group-is-layout-flex\"><div class=\"wp-block-post-date\"><time datetime=\"2023-11-09T03:28:17+01:00\">09. november 2023<\/time><\/div>\n\n<\/div>\n\n\n<div class=\"wp-block-post-excerpt\"><p class=\"wp-block-post-excerpt__excerpt\">Som krukv\u00e4xt eller snittblomma lyser julstj\u00e4rnor upp rummen och l\u00e4gger till festlig elegans till julgranar, presenter och dukningar. Ta en titt p\u00e5 v\u00e5ra magiska nya juldekorationsid\u00e9er<\/p><p class=\"wp-block-post-excerpt__more-text\"><a class=\"wp-block-post-excerpt__more-link\" href=\"https:\/\/starsforeurope.com\/se\/press\/en-stjarnspackad-jul-hur-julstjarnor-skapar-magi\/\">L\u00e4s mer<\/a><\/p><\/div>\n<\/li><li class=\"wp-block-post post-7207 press type-press status-publish has-post-thumbnail hentry press_cat-decoration-tips press_cat-diy press_cat-autumn-decor-houseplants press_cat-cut-flower press_cat-winter-decor press_main-dekoration press_main-diy-upcycling press_main-presentideer press_main-pressmeddelanden\">\n<figure style=\"aspect-ratio:1;\" class=\"featuredimage wp-block-post-featured-image\"><a href=\"https:\/\/starsforeurope.com\/se\/press\/skapa-farg-och-gladje-under-host-och-vinter-presentideer-i-massa-av-variation-med-julstjarnor\/\" target=\"_self\"  ><img loading=\"lazy\" decoding=\"async\" width=\"875\" height=\"1050\" src=\"https:\/\/starsforeurope.com\/se\/wp-content\/uploads\/sites\/15\/2023\/08\/2023_poinsettia_03140_DIY_Mini_Nut_Vases_02.jpg\" class=\"attachment-post-thumbnail size-post-thumbnail wp-post-image\" alt=\"Skapa f\u00e4rg och gl\u00e4dje under h\u00f6st och vinter. Presentid\u00e9er i massa av variation med julstj\u00e4rnor\" style=\"width:100%;height:100%;object-fit:cover;\" srcset=\"https:\/\/starsforeurope.com\/se\/wp-content\/uploads\/sites\/15\/2023\/08\/2023_poinsettia_03140_DIY_Mini_Nut_Vases_02.jpg 875w, https:\/\/starsforeurope.com\/se\/wp-content\/uploads\/sites\/15\/2023\/08\/2023_poinsettia_03140_DIY_Mini_Nut_Vases_02-250x300.jpg 250w, https:\/\/starsforeurope.com\/se\/wp-content\/uploads\/sites\/15\/2023\/08\/2023_poinsettia_03140_DIY_Mini_Nut_Vases_02-853x1024.jpg 853w, https:\/\/starsforeurope.com\/se\/wp-content\/uploads\/sites\/15\/2023\/08\/2023_poinsettia_03140_DIY_Mini_Nut_Vases_02-768x922.jpg 768w, https:\/\/starsforeurope.com\/se\/wp-content\/uploads\/sites\/15\/2023\/08\/2023_poinsettia_03140_DIY_Mini_Nut_Vases_02-563x675.jpg 563w\" sizes=\"auto, (max-width: 875px) 100vw, 875px\" \/><\/a><\/figure>\n\n<h3 class=\"wp-block-post-title\"><a href=\"https:\/\/starsforeurope.com\/se\/press\/skapa-farg-och-gladje-under-host-och-vinter-presentideer-i-massa-av-variation-med-julstjarnor\/\" target=\"_self\" >Skapa f\u00e4rg och gl\u00e4dje under h\u00f6st och vinter. Presentid\u00e9er i massa av variation med julstj\u00e4rnor<\/a><\/h3>\n\n\n<div class=\"wp-block-group postmetaline is-nowrap is-layout-flex wp-container-core-group-is-layout-6c531013 wp-block-group-is-layout-flex\"><div class=\"wp-block-post-date\"><time datetime=\"2023-11-02T00:14:16+01:00\">02. november 2023<\/time><\/div>\n\n<\/div>\n\n\n<div class=\"wp-block-post-excerpt\"><p class=\"wp-block-post-excerpt__excerpt\">Uppt\u00e4ck v\u00e5ra presentid\u00e9er med julstj\u00e4rnor som skapar f\u00e4rg och gl\u00e4dje i de m\u00f6rkare m\u00e5naderna och som s\u00e4kerligen kommer att gl\u00e4dja alla blomster\u00e4lskare<\/p><p class=\"wp-block-post-excerpt__more-text\"><a class=\"wp-block-post-excerpt__more-link\" href=\"https:\/\/starsforeurope.com\/se\/press\/skapa-farg-och-gladje-under-host-och-vinter-presentideer-i-massa-av-variation-med-julstjarnor\/\">L\u00e4s mer<\/a><\/p><\/div>\n<\/li><li class=\"wp-block-post post-5039 press type-press status-publish has-post-thumbnail hentry press_cat-diy press_cat-gift-ideas press_main-dekoration press_main-diy-upcycling press_main-presentideer press_main-pressmeddelanden\">\n<figure style=\"aspect-ratio:1;\" class=\"featuredimage wp-block-post-featured-image\"><a href=\"https:\/\/starsforeurope.com\/se\/press\/sag-det-med-stjarnor-present-och-inslagningsideer-med-julstjarnor\/\" target=\"_self\"  ><img loading=\"lazy\" decoding=\"async\" width=\"875\" height=\"1050\" src=\"https:\/\/starsforeurope.com\/se\/wp-content\/uploads\/sites\/15\/2022\/08\/2022-poinsettia-02000-urban-loft-christmas-15.jpg\" class=\"attachment-post-thumbnail size-post-thumbnail wp-post-image\" alt=\"S\u00e4g det med stj\u00e4rnor. Present- och inslagningsid\u00e9er med julstj\u00e4rnor\" style=\"width:100%;height:100%;object-fit:cover;\" srcset=\"https:\/\/starsforeurope.com\/se\/wp-content\/uploads\/sites\/15\/2022\/08\/2022-poinsettia-02000-urban-loft-christmas-15.jpg 875w, https:\/\/starsforeurope.com\/se\/wp-content\/uploads\/sites\/15\/2022\/08\/2022-poinsettia-02000-urban-loft-christmas-15-250x300.jpg 250w, https:\/\/starsforeurope.com\/se\/wp-content\/uploads\/sites\/15\/2022\/08\/2022-poinsettia-02000-urban-loft-christmas-15-853x1024.jpg 853w, https:\/\/starsforeurope.com\/se\/wp-content\/uploads\/sites\/15\/2022\/08\/2022-poinsettia-02000-urban-loft-christmas-15-768x922.jpg 768w, https:\/\/starsforeurope.com\/se\/wp-content\/uploads\/sites\/15\/2022\/08\/2022-poinsettia-02000-urban-loft-christmas-15-563x675.jpg 563w\" sizes=\"auto, (max-width: 875px) 100vw, 875px\" \/><\/a><\/figure>\n\n<h3 class=\"wp-block-post-title\"><a href=\"https:\/\/starsforeurope.com\/se\/press\/sag-det-med-stjarnor-present-och-inslagningsideer-med-julstjarnor\/\" target=\"_self\" >S\u00e4g det med stj\u00e4rnor. Present- och inslagningsid\u00e9er med julstj\u00e4rnor<\/a><\/h3>\n\n\n<div class=\"wp-block-group postmetaline is-nowrap is-layout-flex wp-container-core-group-is-layout-6c531013 wp-block-group-is-layout-flex\"><div class=\"wp-block-post-date\"><time datetime=\"2022-11-19T10:38:38+01:00\">19. november 2022<\/time><\/div>\n\n<\/div>\n\n\n<div class=\"wp-block-post-excerpt\"><p class=\"wp-block-post-excerpt__excerpt\">Julstj\u00e4rnor \u00e4r en idealisk g\u00e5va. Vi delar med oss av n\u00e5gra blommiga g\u00e5void\u00e9er och visar hur vackra f\u00f6rpackningar med snittade julstj\u00e4rnor ser ut.<\/p><p class=\"wp-block-post-excerpt__more-text\"><a class=\"wp-block-post-excerpt__more-link\" href=\"https:\/\/starsforeurope.com\/se\/press\/sag-det-med-stjarnor-present-och-inslagningsideer-med-julstjarnor\/\">L\u00e4s mer<\/a><\/p><\/div>\n<\/li><li class=\"wp-block-post post-5769 press type-press status-publish has-post-thumbnail hentry press_cat-diy press_cat-gift-ideas press_main-dekoration press_main-diy-upcycling press_main-presentideer press_main-pressmeddelanden\">\n<figure style=\"aspect-ratio:1;\" class=\"featuredimage wp-block-post-featured-image\"><a href=\"https:\/\/starsforeurope.com\/se\/press\/presenttips-med-julstjarnor\/\" target=\"_self\"  ><img loading=\"lazy\" decoding=\"async\" width=\"875\" height=\"1050\" src=\"https:\/\/starsforeurope.com\/se\/wp-content\/uploads\/sites\/15\/2022\/09\/2017_Weihnachtsstern_People_13.jpg\" class=\"attachment-post-thumbnail size-post-thumbnail wp-post-image\" alt=\"Presenttips med julstj\u00e4rnor\" style=\"width:100%;height:100%;object-fit:cover;\" srcset=\"https:\/\/starsforeurope.com\/se\/wp-content\/uploads\/sites\/15\/2022\/09\/2017_Weihnachtsstern_People_13.jpg 875w, https:\/\/starsforeurope.com\/se\/wp-content\/uploads\/sites\/15\/2022\/09\/2017_Weihnachtsstern_People_13-250x300.jpg 250w, https:\/\/starsforeurope.com\/se\/wp-content\/uploads\/sites\/15\/2022\/09\/2017_Weihnachtsstern_People_13-853x1024.jpg 853w, https:\/\/starsforeurope.com\/se\/wp-content\/uploads\/sites\/15\/2022\/09\/2017_Weihnachtsstern_People_13-768x922.jpg 768w, https:\/\/starsforeurope.com\/se\/wp-content\/uploads\/sites\/15\/2022\/09\/2017_Weihnachtsstern_People_13-563x675.jpg 563w\" sizes=\"auto, (max-width: 875px) 100vw, 875px\" \/><\/a><\/figure>\n\n<h3 class=\"wp-block-post-title\"><a href=\"https:\/\/starsforeurope.com\/se\/press\/presenttips-med-julstjarnor\/\" target=\"_self\" >Presenttips med julstj\u00e4rnor<\/a><\/h3>\n\n\n<div class=\"wp-block-group postmetaline is-nowrap is-layout-flex wp-container-core-group-is-layout-6c531013 wp-block-group-is-layout-flex\"><div class=\"wp-block-post-date\"><time datetime=\"2017-12-14T10:10:29+01:00\">14. december 2017<\/time><\/div>\n\n<\/div>\n\n\n<div class=\"wp-block-post-excerpt\"><p class=\"wp-block-post-excerpt__excerpt\">En julstj\u00e4rna i ett vackert paket eller i en sj\u00e4lvgjord kruka \u00e4r en fantastisk personlig g\u00e5va. Uppt\u00e4ck snabba DIY-presenter fr\u00e5n hj\u00e4rtat.<\/p><p class=\"wp-block-post-excerpt__more-text\"><a class=\"wp-block-post-excerpt__more-link\" href=\"https:\/\/starsforeurope.com\/se\/press\/presenttips-med-julstjarnor\/\">L\u00e4s mer<\/a><\/p><\/div>\n<\/li><\/ul>\n\n<nav class=\"wp-block-query-pagination is-content-justification-center is-layout-flex wp-container-core-query-pagination-is-layout-a89b3969 wp-block-query-pagination-is-layout-flex\" aria-label=\"Sidonumrering\">\n\n\n<div class=\"wp-block-query-pagination-numbers has-medium-font-size\"><span aria-current=\"page\" class=\"page-numbers current\">1<\/span>\n<a class=\"page-numbers\" href=\"?query-0-page=2\">2<\/a><\/div>\n\n<a href=\"\/se\/wp-json\/wp\/v2\/pages\/7760?query-0-page=2\" class=\"wp-block-query-pagination-next\">\u22b3<\/a>\n<\/nav>\n\n<\/div>\n\n\n\n<div style=\"height:3rem\" aria-hidden=\"true\" class=\"wp-block-spacer\"><\/div>\n<\/div>","protected":false},"excerpt":{"rendered":"<p>Hitta de perfekta julstj\u00e4rna-inspirerade presenterna f\u00f6r att lysa upp din semesters\u00e4song med stil och gl\u00e4dje.<\/p>\n","protected":false},"author":26,"featured_media":4366,"parent":7740,"menu_order":0,"comment_status":"closed","ping_status":"closed","template":"two-column-press","meta":{"_acf_changed":false,"footnotes":""},"class_list":["post-7760","page","type-page","status-publish","has-post-thumbnail","hentry"],"acf":[],"_links":{"self":[{"href":"https:\/\/starsforeurope.com\/se\/wp-json\/wp\/v2\/pages\/7760","targetHints":{"allow":["GET"]}}],"collection":[{"href":"https:\/\/starsforeurope.com\/se\/wp-json\/wp\/v2\/pages"}],"about":[{"href":"https:\/\/starsforeurope.com\/se\/wp-json\/wp\/v2\/types\/page"}],"author":[{"embeddable":true,"href":"https:\/\/starsforeurope.com\/se\/wp-json\/wp\/v2\/users\/26"}],"replies":[{"embeddable":true,"href":"https:\/\/starsforeurope.com\/se\/wp-json\/wp\/v2\/comments?post=7760"}],"version-history":[{"count":1,"href":"https:\/\/starsforeurope.com\/se\/wp-json\/wp\/v2\/pages\/7760\/revisions"}],"predecessor-version":[{"id":7761,"href":"https:\/\/starsforeurope.com\/se\/wp-json\/wp\/v2\/pages\/7760\/revisions\/7761"}],"up":[{"embeddable":true,"href":"https:\/\/starsforeurope.com\/se\/wp-json\/wp\/v2\/pages\/7740"}],"wp:featuredmedia":[{"embeddable":true,"href":"https:\/\/starsforeurope.com\/se\/wp-json\/wp\/v2\/media\/4366"}],"wp:attachment":[{"href":"https:\/\/starsforeurope.com\/se\/wp-json\/wp\/v2\/media?parent=7760"}],"curies":[{"name":"wp","href":"https:\/\/api.w.org\/{rel}","templated":true}]}}