{"id":7754,"date":"2025-08-26T15:07:53","date_gmt":"2025-08-26T13:07:53","guid":{"rendered":"https:\/\/starsforeurope.com\/se\/?page_id=7754"},"modified":"2025-08-28T21:42:03","modified_gmt":"2025-08-28T19:42:03","slug":"julgransdekorationer-pr","status":"publish","type":"page","link":"https:\/\/starsforeurope.com\/se\/pressmeddelanden\/dekoration-pr\/julgransdekorationer-pr\/","title":{"rendered":"Julstj\u00e4rnor som julgransdekorationer"},"content":{"rendered":"<div class=\"wp-block-group postimage-half wide-content is-layout-flow wp-block-group-is-layout-flow\" style=\"margin-top:var(--wp--preset--spacing--50)\">\n<div style=\"height:3rem\" aria-hidden=\"true\" class=\"wp-block-spacer\"><\/div>\n\n\n\n<div class=\"wp-block-query is-layout-flow wp-block-query-is-layout-flow\"><ul class=\"columns-2 wp-block-post-template is-layout-grid wp-container-core-post-template-is-layout-37ef2942 wp-block-post-template-is-layout-grid\"><li class=\"wp-block-post post-4956 press type-press status-publish has-post-thumbnail hentry press_cat-advent-decoration press_cat-cut-flower press_cat-winter-decor press_main-dekoration press_main-diy-upcycling press_main-julgransdekorationer press_main-pressmeddelanden\">\n<figure style=\"aspect-ratio:1;\" class=\"featuredimage wp-block-post-featured-image\"><a href=\"https:\/\/starsforeurope.com\/se\/press\/stjarnorna-kommer-fram-pa-julen-julstjarnor-ger-extra-glans-at-jultraditionerna\/\" target=\"_self\"  ><img loading=\"lazy\" decoding=\"async\" width=\"875\" height=\"1050\" src=\"https:\/\/starsforeurope.com\/se\/wp-content\/uploads\/sites\/15\/2024\/07\/2024_Poinsettia_04000_Cosy_Cottage_Charm_19.jpg\" class=\"attachment-post-thumbnail size-post-thumbnail wp-post-image\" alt=\"Stj\u00e4rnorna kommer fram p\u00e5 julen. Julstj\u00e4rnor ger extra glans \u00e5t jultraditionerna\" style=\"width:100%;height:100%;object-fit:cover;\" srcset=\"https:\/\/starsforeurope.com\/se\/wp-content\/uploads\/sites\/15\/2024\/07\/2024_Poinsettia_04000_Cosy_Cottage_Charm_19.jpg 875w, https:\/\/starsforeurope.com\/se\/wp-content\/uploads\/sites\/15\/2024\/07\/2024_Poinsettia_04000_Cosy_Cottage_Charm_19-250x300.jpg 250w, https:\/\/starsforeurope.com\/se\/wp-content\/uploads\/sites\/15\/2024\/07\/2024_Poinsettia_04000_Cosy_Cottage_Charm_19-853x1024.jpg 853w, https:\/\/starsforeurope.com\/se\/wp-content\/uploads\/sites\/15\/2024\/07\/2024_Poinsettia_04000_Cosy_Cottage_Charm_19-768x922.jpg 768w, https:\/\/starsforeurope.com\/se\/wp-content\/uploads\/sites\/15\/2024\/07\/2024_Poinsettia_04000_Cosy_Cottage_Charm_19-563x675.jpg 563w\" sizes=\"auto, (max-width: 875px) 100vw, 875px\" \/><\/a><\/figure>\n\n<h3 class=\"wp-block-post-title\"><a href=\"https:\/\/starsforeurope.com\/se\/press\/stjarnorna-kommer-fram-pa-julen-julstjarnor-ger-extra-glans-at-jultraditionerna\/\" target=\"_self\" >Stj\u00e4rnorna kommer fram p\u00e5 julen. Julstj\u00e4rnor ger extra glans \u00e5t jultraditionerna<\/a><\/h3>\n\n\n<div class=\"wp-block-group postmetaline is-nowrap is-layout-flex wp-container-core-group-is-layout-6c531013 wp-block-group-is-layout-flex\"><div class=\"wp-block-post-date\"><time datetime=\"2024-11-25T06:00:00+01:00\">25. november 2024<\/time><\/div>\n\n<\/div>\n\n\n<div class=\"wp-block-post-excerpt\"><p class=\"wp-block-post-excerpt__excerpt\">Uppt\u00e4ck julstj\u00e4rnans historia och f\u00f6rundras \u00f6ver hur moderna sorter f\u00e5r traditionella seder och dekorationer att lysa<\/p><p class=\"wp-block-post-excerpt__more-text\"><a class=\"wp-block-post-excerpt__more-link\" href=\"https:\/\/starsforeurope.com\/se\/press\/stjarnorna-kommer-fram-pa-julen-julstjarnor-ger-extra-glans-at-jultraditionerna\/\">L\u00e4s mer<\/a><\/p><\/div>\n<\/li><li class=\"wp-block-post post-7174 press type-press status-publish has-post-thumbnail hentry press_cat-advent-decoration press_cat-decoration-tips press_cat-diy press_cat-christmas-tree-decorations press_main-dekoration press_main-julgransdekorationer press_main-presentideer press_main-pressmeddelanden\">\n<figure style=\"aspect-ratio:1;\" class=\"featuredimage wp-block-post-featured-image\"><a href=\"https:\/\/starsforeurope.com\/se\/press\/en-stjarnspackad-jul-hur-julstjarnor-skapar-magi\/\" target=\"_self\"  ><img loading=\"lazy\" decoding=\"async\" width=\"875\" height=\"1050\" src=\"https:\/\/starsforeurope.com\/se\/wp-content\/uploads\/sites\/15\/2023\/08\/2023_poinsettia_02000_Cottagecore_Charm_37.jpg\" class=\"attachment-post-thumbnail size-post-thumbnail wp-post-image\" alt=\"En stj\u00e4rnsp\u00e4ckad jul. Hur julstj\u00e4rnor skapar magi\" style=\"width:100%;height:100%;object-fit:cover;\" srcset=\"https:\/\/starsforeurope.com\/se\/wp-content\/uploads\/sites\/15\/2023\/08\/2023_poinsettia_02000_Cottagecore_Charm_37.jpg 875w, https:\/\/starsforeurope.com\/se\/wp-content\/uploads\/sites\/15\/2023\/08\/2023_poinsettia_02000_Cottagecore_Charm_37-250x300.jpg 250w, https:\/\/starsforeurope.com\/se\/wp-content\/uploads\/sites\/15\/2023\/08\/2023_poinsettia_02000_Cottagecore_Charm_37-853x1024.jpg 853w, https:\/\/starsforeurope.com\/se\/wp-content\/uploads\/sites\/15\/2023\/08\/2023_poinsettia_02000_Cottagecore_Charm_37-768x922.jpg 768w, https:\/\/starsforeurope.com\/se\/wp-content\/uploads\/sites\/15\/2023\/08\/2023_poinsettia_02000_Cottagecore_Charm_37-563x675.jpg 563w\" sizes=\"auto, (max-width: 875px) 100vw, 875px\" \/><\/a><\/figure>\n\n<h3 class=\"wp-block-post-title\"><a href=\"https:\/\/starsforeurope.com\/se\/press\/en-stjarnspackad-jul-hur-julstjarnor-skapar-magi\/\" target=\"_self\" >En stj\u00e4rnsp\u00e4ckad jul. Hur julstj\u00e4rnor skapar magi<\/a><\/h3>\n\n\n<div class=\"wp-block-group postmetaline is-nowrap is-layout-flex wp-container-core-group-is-layout-6c531013 wp-block-group-is-layout-flex\"><div class=\"wp-block-post-date\"><time datetime=\"2023-11-09T03:28:17+01:00\">09. november 2023<\/time><\/div>\n\n<\/div>\n\n\n<div class=\"wp-block-post-excerpt\"><p class=\"wp-block-post-excerpt__excerpt\">Som krukv\u00e4xt eller snittblomma lyser julstj\u00e4rnor upp rummen och l\u00e4gger till festlig elegans till julgranar, presenter och dukningar. Ta en titt p\u00e5 v\u00e5ra magiska nya juldekorationsid\u00e9er<\/p><p class=\"wp-block-post-excerpt__more-text\"><a class=\"wp-block-post-excerpt__more-link\" href=\"https:\/\/starsforeurope.com\/se\/press\/en-stjarnspackad-jul-hur-julstjarnor-skapar-magi\/\">L\u00e4s mer<\/a><\/p><\/div>\n<\/li><li class=\"wp-block-post post-5046 press type-press status-publish has-post-thumbnail hentry press_cat-diy press_cat-christmas-tree-decorations press_main-dekoration press_main-diy-upcycling press_main-julgransdekorationer press_main-pressmeddelanden\">\n<figure style=\"aspect-ratio:1;\" class=\"featuredimage wp-block-post-featured-image\"><a href=\"https:\/\/starsforeurope.com\/se\/press\/stjarnklara-trad-med-en-skillnad-nya-ideer-for-julgranar-med-julstjarnor\/\" target=\"_self\"  ><img loading=\"lazy\" decoding=\"async\" width=\"875\" height=\"1050\" src=\"https:\/\/starsforeurope.com\/se\/wp-content\/uploads\/sites\/15\/2022\/09\/2022_poinsettia_04000_Christmas_Fairy_Tale_34.jpg\" class=\"attachment-post-thumbnail size-post-thumbnail wp-post-image\" alt=\"Stj\u00e4rnklara tr\u00e4d med en skillnad. Nya id\u00e9er f\u00f6r julgranar med julstj\u00e4rnor\" style=\"width:100%;height:100%;object-fit:cover;\" srcset=\"https:\/\/starsforeurope.com\/se\/wp-content\/uploads\/sites\/15\/2022\/09\/2022_poinsettia_04000_Christmas_Fairy_Tale_34.jpg 875w, https:\/\/starsforeurope.com\/se\/wp-content\/uploads\/sites\/15\/2022\/09\/2022_poinsettia_04000_Christmas_Fairy_Tale_34-250x300.jpg 250w, https:\/\/starsforeurope.com\/se\/wp-content\/uploads\/sites\/15\/2022\/09\/2022_poinsettia_04000_Christmas_Fairy_Tale_34-853x1024.jpg 853w, https:\/\/starsforeurope.com\/se\/wp-content\/uploads\/sites\/15\/2022\/09\/2022_poinsettia_04000_Christmas_Fairy_Tale_34-768x922.jpg 768w, https:\/\/starsforeurope.com\/se\/wp-content\/uploads\/sites\/15\/2022\/09\/2022_poinsettia_04000_Christmas_Fairy_Tale_34-563x675.jpg 563w\" sizes=\"auto, (max-width: 875px) 100vw, 875px\" \/><\/a><\/figure>\n\n<h3 class=\"wp-block-post-title\"><a href=\"https:\/\/starsforeurope.com\/se\/press\/stjarnklara-trad-med-en-skillnad-nya-ideer-for-julgranar-med-julstjarnor\/\" target=\"_self\" >Stj\u00e4rnklara tr\u00e4d med en skillnad. Nya id\u00e9er f\u00f6r julgranar med julstj\u00e4rnor<\/a><\/h3>\n\n\n<div class=\"wp-block-group postmetaline is-nowrap is-layout-flex wp-container-core-group-is-layout-6c531013 wp-block-group-is-layout-flex\"><div class=\"wp-block-post-date\"><time datetime=\"2022-11-28T11:24:21+01:00\">28. november 2022<\/time><\/div>\n\n<\/div>\n\n\n<div class=\"wp-block-post-excerpt\"><p class=\"wp-block-post-excerpt__excerpt\">Vi demonstrerar med julstj\u00e4rendekorationer f\u00f6r riktiga julgranar och kreativa DIY-alternativ.<\/p><p class=\"wp-block-post-excerpt__more-text\"><a class=\"wp-block-post-excerpt__more-link\" href=\"https:\/\/starsforeurope.com\/se\/press\/stjarnklara-trad-med-en-skillnad-nya-ideer-for-julgranar-med-julstjarnor\/\">L\u00e4s mer<\/a><\/p><\/div>\n<\/li><li class=\"wp-block-post post-5714 press type-press status-publish has-post-thumbnail hentry press_cat-advent-decoration press_cat-christmas-tree-decorations press_main-adventsdekorationer press_main-dekoration press_main-julgransdekorationer press_main-pressmeddelanden\">\n<figure style=\"aspect-ratio:1;\" class=\"featuredimage wp-block-post-featured-image\"><a href=\"https:\/\/starsforeurope.com\/se\/press\/nar-barndomsdrommar-blir-sanna-magiska-stunder-med-julstjarnan\/\" target=\"_self\"  ><img loading=\"lazy\" decoding=\"async\" width=\"875\" height=\"1050\" src=\"https:\/\/starsforeurope.com\/se\/wp-content\/uploads\/sites\/15\/2022\/09\/2018_poinsettia_0100_Christmas_Tales_04.jpg\" class=\"attachment-post-thumbnail size-post-thumbnail wp-post-image\" alt=\"N\u00e4r barndomsdr\u00f6mmar blir sanna. Magiska stunder med julstj\u00e4rnan\" style=\"width:100%;height:100%;object-fit:cover;\" srcset=\"https:\/\/starsforeurope.com\/se\/wp-content\/uploads\/sites\/15\/2022\/09\/2018_poinsettia_0100_Christmas_Tales_04.jpg 875w, https:\/\/starsforeurope.com\/se\/wp-content\/uploads\/sites\/15\/2022\/09\/2018_poinsettia_0100_Christmas_Tales_04-250x300.jpg 250w, https:\/\/starsforeurope.com\/se\/wp-content\/uploads\/sites\/15\/2022\/09\/2018_poinsettia_0100_Christmas_Tales_04-853x1024.jpg 853w, https:\/\/starsforeurope.com\/se\/wp-content\/uploads\/sites\/15\/2022\/09\/2018_poinsettia_0100_Christmas_Tales_04-768x922.jpg 768w, https:\/\/starsforeurope.com\/se\/wp-content\/uploads\/sites\/15\/2022\/09\/2018_poinsettia_0100_Christmas_Tales_04-563x675.jpg 563w\" sizes=\"auto, (max-width: 875px) 100vw, 875px\" \/><\/a><\/figure>\n\n<h3 class=\"wp-block-post-title\"><a href=\"https:\/\/starsforeurope.com\/se\/press\/nar-barndomsdrommar-blir-sanna-magiska-stunder-med-julstjarnan\/\" target=\"_self\" >N\u00e4r barndomsdr\u00f6mmar blir sanna. Magiska stunder med julstj\u00e4rnan<\/a><\/h3>\n\n\n<div class=\"wp-block-group postmetaline is-nowrap is-layout-flex wp-container-core-group-is-layout-6c531013 wp-block-group-is-layout-flex\"><div class=\"wp-block-post-date\"><time datetime=\"2018-10-31T14:52:43+01:00\">31. oktober 2018<\/time><\/div>\n\n<\/div>\n\n\n<div class=\"wp-block-post-excerpt\"><p class=\"wp-block-post-excerpt__excerpt\">F\u00f6rutom julstj\u00e4rnan finns det andra viktiga symboler f\u00f6r julen som julgranen, adventskalendern och adventskransen. Tillsammans skapar de en underbar effekt.<\/p><p class=\"wp-block-post-excerpt__more-text\"><a class=\"wp-block-post-excerpt__more-link\" href=\"https:\/\/starsforeurope.com\/se\/press\/nar-barndomsdrommar-blir-sanna-magiska-stunder-med-julstjarnan\/\">L\u00e4s mer<\/a><\/p><\/div>\n<\/li><\/ul>\n\n\n\n<\/div>\n\n\n\n<div style=\"height:3rem\" aria-hidden=\"true\" class=\"wp-block-spacer\"><\/div>\n<\/div>","protected":false},"excerpt":{"rendered":"<p>Ge liv \u00e5t ditt tr\u00e4d med julstj\u00e4rnornas livfulla sk\u00f6nhet. En tidl\u00f6s touch f\u00f6r en varm och festlig look.<\/p>\n","protected":false},"author":26,"featured_media":4366,"parent":7740,"menu_order":0,"comment_status":"closed","ping_status":"closed","template":"two-column-press","meta":{"_acf_changed":false,"footnotes":""},"class_list":["post-7754","page","type-page","status-publish","has-post-thumbnail","hentry"],"acf":[],"_links":{"self":[{"href":"https:\/\/starsforeurope.com\/se\/wp-json\/wp\/v2\/pages\/7754","targetHints":{"allow":["GET"]}}],"collection":[{"href":"https:\/\/starsforeurope.com\/se\/wp-json\/wp\/v2\/pages"}],"about":[{"href":"https:\/\/starsforeurope.com\/se\/wp-json\/wp\/v2\/types\/page"}],"author":[{"embeddable":true,"href":"https:\/\/starsforeurope.com\/se\/wp-json\/wp\/v2\/users\/26"}],"replies":[{"embeddable":true,"href":"https:\/\/starsforeurope.com\/se\/wp-json\/wp\/v2\/comments?post=7754"}],"version-history":[{"count":1,"href":"https:\/\/starsforeurope.com\/se\/wp-json\/wp\/v2\/pages\/7754\/revisions"}],"predecessor-version":[{"id":7755,"href":"https:\/\/starsforeurope.com\/se\/wp-json\/wp\/v2\/pages\/7754\/revisions\/7755"}],"up":[{"embeddable":true,"href":"https:\/\/starsforeurope.com\/se\/wp-json\/wp\/v2\/pages\/7740"}],"wp:featuredmedia":[{"embeddable":true,"href":"https:\/\/starsforeurope.com\/se\/wp-json\/wp\/v2\/media\/4366"}],"wp:attachment":[{"href":"https:\/\/starsforeurope.com\/se\/wp-json\/wp\/v2\/media?parent=7754"}],"curies":[{"name":"wp","href":"https:\/\/api.w.org\/{rel}","templated":true}]}}