{"id":7752,"date":"2025-08-26T15:06:25","date_gmt":"2025-08-26T13:06:25","guid":{"rendered":"https:\/\/starsforeurope.com\/se\/?page_id=7752"},"modified":"2025-08-28T21:42:03","modified_gmt":"2025-08-28T19:42:03","slug":"hostdekorationer-green-living-pr","status":"publish","type":"page","link":"https:\/\/starsforeurope.com\/se\/pressmeddelanden\/dekoration-pr\/hostdekorationer-green-living-pr\/","title":{"rendered":"Julstj\u00e4rnor i h\u00f6stdekorationer"},"content":{"rendered":"<div class=\"wp-block-group postimage-half wide-content is-layout-flow wp-block-group-is-layout-flow\" style=\"margin-top:var(--wp--preset--spacing--50)\">\n<div style=\"height:3rem\" aria-hidden=\"true\" class=\"wp-block-spacer\"><\/div>\n\n\n\n<div class=\"wp-block-query is-layout-flow wp-block-query-is-layout-flow\"><ul class=\"columns-2 wp-block-post-template is-layout-grid wp-container-core-post-template-is-layout-37ef2942 wp-block-post-template-is-layout-grid\"><li class=\"wp-block-post post-7154 press type-press status-publish has-post-thumbnail hentry press_cat-advent-decoration press_cat-autumn-decor-houseplants press_main-bordsdekorationer press_main-dekoration press_main-hostdekorationer-green-living press_main-pressmeddelanden\">\n<figure style=\"aspect-ratio:1;\" class=\"featuredimage wp-block-post-featured-image\"><a href=\"https:\/\/starsforeurope.com\/se\/press\/skapa-en-positiv-kansla-i-inredningen-julstjarnor-skapar-farg-i-hostmorkret\/\" target=\"_self\"  ><img loading=\"lazy\" decoding=\"async\" width=\"875\" height=\"1050\" src=\"https:\/\/starsforeurope.com\/se\/wp-content\/uploads\/sites\/15\/2023\/08\/2023_poinsettia_02000_Cottagecore_Charm_05.jpg\" class=\"attachment-post-thumbnail size-post-thumbnail wp-post-image\" alt=\"Skapa en positiv k\u00e4nsla i inredningen. Julstj\u00e4rnor skapar f\u00e4rg i h\u00f6stm\u00f6rkret\" style=\"width:100%;height:100%;object-fit:cover;\" srcset=\"https:\/\/starsforeurope.com\/se\/wp-content\/uploads\/sites\/15\/2023\/08\/2023_poinsettia_02000_Cottagecore_Charm_05.jpg 875w, https:\/\/starsforeurope.com\/se\/wp-content\/uploads\/sites\/15\/2023\/08\/2023_poinsettia_02000_Cottagecore_Charm_05-250x300.jpg 250w, https:\/\/starsforeurope.com\/se\/wp-content\/uploads\/sites\/15\/2023\/08\/2023_poinsettia_02000_Cottagecore_Charm_05-853x1024.jpg 853w, https:\/\/starsforeurope.com\/se\/wp-content\/uploads\/sites\/15\/2023\/08\/2023_poinsettia_02000_Cottagecore_Charm_05-768x922.jpg 768w, https:\/\/starsforeurope.com\/se\/wp-content\/uploads\/sites\/15\/2023\/08\/2023_poinsettia_02000_Cottagecore_Charm_05-563x675.jpg 563w\" sizes=\"auto, (max-width: 875px) 100vw, 875px\" \/><\/a><\/figure>\n\n<h3 class=\"wp-block-post-title\"><a href=\"https:\/\/starsforeurope.com\/se\/press\/skapa-en-positiv-kansla-i-inredningen-julstjarnor-skapar-farg-i-hostmorkret\/\" target=\"_self\" >Skapa en positiv k\u00e4nsla i inredningen. Julstj\u00e4rnor skapar f\u00e4rg i h\u00f6stm\u00f6rkret<\/a><\/h3>\n\n\n<div class=\"wp-block-group postmetaline is-nowrap is-layout-flex wp-container-core-group-is-layout-6c531013 wp-block-group-is-layout-flex\"><div class=\"wp-block-post-date\"><time datetime=\"2023-11-11T09:21:11+01:00\">11. november 2023<\/time><\/div>\n\n<\/div>\n\n\n<div class=\"wp-block-post-excerpt\"><p class=\"wp-block-post-excerpt__excerpt\">De varma tonerna p\u00e5 deras f\u00e4rgglada h\u00f6gblad f\u00f6rh\u00f6jer varje inredning, skapar en hemtrevnad och en positiv k\u00e4nsla under gr\u00e5a h\u00f6stdagar. Uppt\u00e4ck v\u00e5ra s\u00e4songsbetonade dekorationer som kommer att liva upp<\/p><p class=\"wp-block-post-excerpt__more-text\"><a class=\"wp-block-post-excerpt__more-link\" href=\"https:\/\/starsforeurope.com\/se\/press\/skapa-en-positiv-kansla-i-inredningen-julstjarnor-skapar-farg-i-hostmorkret\/\">L\u00e4s mer<\/a><\/p><\/div>\n<\/li><li class=\"wp-block-post post-4999 press type-press status-publish has-post-thumbnail hentry press_cat-autumn-decor-houseplants press_main-dekoration press_main-hostdekorationer-green-living press_main-kunskap press_main-pressmeddelanden press_main-variation\">\n<figure style=\"aspect-ratio:1;\" class=\"featuredimage wp-block-post-featured-image\"><a href=\"https:\/\/starsforeurope.com\/se\/press\/stjarnor-piggar-upp-i-hostmorkret\/\" target=\"_self\"  ><img loading=\"lazy\" decoding=\"async\" width=\"875\" height=\"1050\" src=\"https:\/\/starsforeurope.com\/se\/wp-content\/uploads\/sites\/15\/2022\/08\/2021-poinsettia-01000-boho-green-living-02.jpg\" class=\"attachment-post-thumbnail size-post-thumbnail wp-post-image\" alt=\"Stj\u00e4rnor piggar upp i h\u00f6stm\u00f6rkret\" style=\"width:100%;height:100%;object-fit:cover;\" srcset=\"https:\/\/starsforeurope.com\/se\/wp-content\/uploads\/sites\/15\/2022\/08\/2021-poinsettia-01000-boho-green-living-02.jpg 875w, https:\/\/starsforeurope.com\/se\/wp-content\/uploads\/sites\/15\/2022\/08\/2021-poinsettia-01000-boho-green-living-02-250x300.jpg 250w, https:\/\/starsforeurope.com\/se\/wp-content\/uploads\/sites\/15\/2022\/08\/2021-poinsettia-01000-boho-green-living-02-853x1024.jpg 853w, https:\/\/starsforeurope.com\/se\/wp-content\/uploads\/sites\/15\/2022\/08\/2021-poinsettia-01000-boho-green-living-02-768x922.jpg 768w, https:\/\/starsforeurope.com\/se\/wp-content\/uploads\/sites\/15\/2022\/08\/2021-poinsettia-01000-boho-green-living-02-563x675.jpg 563w\" sizes=\"auto, (max-width: 875px) 100vw, 875px\" \/><\/a><\/figure>\n\n<h3 class=\"wp-block-post-title\"><a href=\"https:\/\/starsforeurope.com\/se\/press\/stjarnor-piggar-upp-i-hostmorkret\/\" target=\"_self\" >Stj\u00e4rnor piggar upp i h\u00f6stm\u00f6rkret<\/a><\/h3>\n\n\n<div class=\"wp-block-group postmetaline is-nowrap is-layout-flex wp-container-core-group-is-layout-6c531013 wp-block-group-is-layout-flex\"><div class=\"wp-block-post-date\"><time datetime=\"2021-09-24T12:46:39+02:00\">24. september 2021<\/time><\/div>\n\n<\/div>\n\n\n<div class=\"wp-block-post-excerpt\"><p class=\"wp-block-post-excerpt__excerpt\">Julstj\u00e4rnor med sina f\u00e4rgglada blad f\u00f6rvandlar rummen till lyckans paradis. Vi tittar p\u00e5 effekten av de olika f\u00e4rgerna.<\/p><p class=\"wp-block-post-excerpt__more-text\"><a class=\"wp-block-post-excerpt__more-link\" href=\"https:\/\/starsforeurope.com\/se\/press\/stjarnor-piggar-upp-i-hostmorkret\/\">L\u00e4s mer<\/a><\/p><\/div>\n<\/li><li class=\"wp-block-post post-5724 press type-press status-publish has-post-thumbnail hentry press_cat-autumn-decor-houseplants press_main-dekoration press_main-hostdekorationer-green-living press_main-pressmeddelanden\">\n<figure style=\"aspect-ratio:1;\" class=\"featuredimage wp-block-post-featured-image\"><a href=\"https:\/\/starsforeurope.com\/se\/press\/inte-bara-jul-hostmagi-med-julstjarnor\/\" target=\"_self\"  ><img loading=\"lazy\" decoding=\"async\" width=\"875\" height=\"1050\" src=\"https:\/\/starsforeurope.com\/se\/wp-content\/uploads\/sites\/15\/2022\/09\/2019_poinsettia_05530_DIY_table_centrepiece_01.jpg\" class=\"attachment-post-thumbnail size-post-thumbnail wp-post-image\" alt=\"Inte bara jul. H\u00f6stmagi med julstj\u00e4rnor\" style=\"width:100%;height:100%;object-fit:cover;\" srcset=\"https:\/\/starsforeurope.com\/se\/wp-content\/uploads\/sites\/15\/2022\/09\/2019_poinsettia_05530_DIY_table_centrepiece_01.jpg 875w, https:\/\/starsforeurope.com\/se\/wp-content\/uploads\/sites\/15\/2022\/09\/2019_poinsettia_05530_DIY_table_centrepiece_01-250x300.jpg 250w, https:\/\/starsforeurope.com\/se\/wp-content\/uploads\/sites\/15\/2022\/09\/2019_poinsettia_05530_DIY_table_centrepiece_01-853x1024.jpg 853w, https:\/\/starsforeurope.com\/se\/wp-content\/uploads\/sites\/15\/2022\/09\/2019_poinsettia_05530_DIY_table_centrepiece_01-768x922.jpg 768w, https:\/\/starsforeurope.com\/se\/wp-content\/uploads\/sites\/15\/2022\/09\/2019_poinsettia_05530_DIY_table_centrepiece_01-563x675.jpg 563w\" sizes=\"auto, (max-width: 875px) 100vw, 875px\" \/><\/a><\/figure>\n\n<h3 class=\"wp-block-post-title\"><a href=\"https:\/\/starsforeurope.com\/se\/press\/inte-bara-jul-hostmagi-med-julstjarnor\/\" target=\"_self\" >Inte bara jul. H\u00f6stmagi med julstj\u00e4rnor<\/a><\/h3>\n\n\n<div class=\"wp-block-group postmetaline is-nowrap is-layout-flex wp-container-core-group-is-layout-6c531013 wp-block-group-is-layout-flex\"><div class=\"wp-block-post-date\"><time datetime=\"2019-09-13T15:15:36+02:00\">13. september 2019<\/time><\/div>\n\n<\/div>\n\n\n<div class=\"wp-block-post-excerpt\"><p class=\"wp-block-post-excerpt__excerpt\">Visste du att med poinsettia denna vackra v\u00e4xt kan du ocks\u00e5 g\u00f6ra fantastiska h\u00f6stdekorationer?<\/p><p class=\"wp-block-post-excerpt__more-text\"><a class=\"wp-block-post-excerpt__more-link\" href=\"https:\/\/starsforeurope.com\/se\/press\/inte-bara-jul-hostmagi-med-julstjarnor\/\">L\u00e4s mer<\/a><\/p><\/div>\n<\/li><\/ul>\n\n\n\n<\/div>\n\n\n\n<div style=\"height:3rem\" aria-hidden=\"true\" class=\"wp-block-spacer\"><\/div>\n<\/div>","protected":false},"excerpt":{"rendered":"<p>Dj\u00e4rv, varm och ov\u00e4ntad &#8211; uppt\u00e4ck hur julstj\u00e4rnor ger h\u00f6stens inredningstrender en s\u00e4songsbetonad k\u00e4nsla med rika f\u00e4rger och kreativa arrangemang.<\/p>\n","protected":false},"author":26,"featured_media":4366,"parent":7740,"menu_order":0,"comment_status":"closed","ping_status":"closed","template":"two-column-press","meta":{"_acf_changed":false,"footnotes":""},"class_list":["post-7752","page","type-page","status-publish","has-post-thumbnail","hentry"],"acf":[],"_links":{"self":[{"href":"https:\/\/starsforeurope.com\/se\/wp-json\/wp\/v2\/pages\/7752","targetHints":{"allow":["GET"]}}],"collection":[{"href":"https:\/\/starsforeurope.com\/se\/wp-json\/wp\/v2\/pages"}],"about":[{"href":"https:\/\/starsforeurope.com\/se\/wp-json\/wp\/v2\/types\/page"}],"author":[{"embeddable":true,"href":"https:\/\/starsforeurope.com\/se\/wp-json\/wp\/v2\/users\/26"}],"replies":[{"embeddable":true,"href":"https:\/\/starsforeurope.com\/se\/wp-json\/wp\/v2\/comments?post=7752"}],"version-history":[{"count":1,"href":"https:\/\/starsforeurope.com\/se\/wp-json\/wp\/v2\/pages\/7752\/revisions"}],"predecessor-version":[{"id":7753,"href":"https:\/\/starsforeurope.com\/se\/wp-json\/wp\/v2\/pages\/7752\/revisions\/7753"}],"up":[{"embeddable":true,"href":"https:\/\/starsforeurope.com\/se\/wp-json\/wp\/v2\/pages\/7740"}],"wp:featuredmedia":[{"embeddable":true,"href":"https:\/\/starsforeurope.com\/se\/wp-json\/wp\/v2\/media\/4366"}],"wp:attachment":[{"href":"https:\/\/starsforeurope.com\/se\/wp-json\/wp\/v2\/media?parent=7752"}],"curies":[{"name":"wp","href":"https:\/\/api.w.org\/{rel}","templated":true}]}}