{"id":7748,"date":"2025-08-26T14:50:29","date_gmt":"2025-08-26T12:50:29","guid":{"rendered":"https:\/\/starsforeurope.com\/se\/?page_id=7748"},"modified":"2025-08-28T21:42:03","modified_gmt":"2025-08-28T19:42:03","slug":"vart-att-veta-pr","status":"publish","type":"page","link":"https:\/\/starsforeurope.com\/se\/pressmeddelanden\/kunskap-pr\/vart-att-veta-pr\/","title":{"rendered":"Allt du beh\u00f6ver veta om julstj\u00e4rnor"},"content":{"rendered":"<main class=\"wp-block-group postimage-half wide-content is-layout-flow wp-block-group-is-layout-flow\" style=\"margin-top:var(--wp--preset--spacing--50)\">\n<div style=\"height:3rem\" aria-hidden=\"true\" class=\"wp-block-spacer\"><\/div>\n\n\n\n<div class=\"wp-block-query is-layout-flow wp-block-query-is-layout-flow\"><ul class=\"columns-2 wp-block-post-template is-layout-grid wp-container-core-post-template-is-layout-37ef2942 wp-block-post-template-is-layout-grid\"><li class=\"wp-block-post post-5033 press type-press status-publish has-post-thumbnail hentry press_cat-decoration-tips press_cat-diy press_cat-history press_main-dekoration press_main-diy-upcycling press_main-kunskap press_main-pressmeddelanden press_main-vart-att-veta\">\n<figure style=\"aspect-ratio:1;\" class=\"featuredimage wp-block-post-featured-image\"><a href=\"https:\/\/starsforeurope.com\/se\/press\/50-talets-julstjarnor-julstjarnor-kombinerar-tradition-och-nutid\/\" target=\"_self\"  ><img loading=\"lazy\" decoding=\"async\" width=\"875\" height=\"1050\" src=\"https:\/\/starsforeurope.com\/se\/wp-content\/uploads\/sites\/15\/2022\/08\/2022-poinsettia-05000-mid-century-cheer-08.jpg\" class=\"attachment-post-thumbnail size-post-thumbnail wp-post-image\" alt=\"50 talets julstj\u00e4rnor. Julstj\u00e4rnor kombinerar tradition och nutid\" style=\"width:100%;height:100%;object-fit:cover;\" srcset=\"https:\/\/starsforeurope.com\/se\/wp-content\/uploads\/sites\/15\/2022\/08\/2022-poinsettia-05000-mid-century-cheer-08.jpg 875w, https:\/\/starsforeurope.com\/se\/wp-content\/uploads\/sites\/15\/2022\/08\/2022-poinsettia-05000-mid-century-cheer-08-250x300.jpg 250w, https:\/\/starsforeurope.com\/se\/wp-content\/uploads\/sites\/15\/2022\/08\/2022-poinsettia-05000-mid-century-cheer-08-853x1024.jpg 853w, https:\/\/starsforeurope.com\/se\/wp-content\/uploads\/sites\/15\/2022\/08\/2022-poinsettia-05000-mid-century-cheer-08-768x922.jpg 768w, https:\/\/starsforeurope.com\/se\/wp-content\/uploads\/sites\/15\/2022\/08\/2022-poinsettia-05000-mid-century-cheer-08-563x675.jpg 563w\" sizes=\"auto, (max-width: 875px) 100vw, 875px\" \/><\/a><\/figure>\n\n<h3 class=\"wp-block-post-title\"><a href=\"https:\/\/starsforeurope.com\/se\/press\/50-talets-julstjarnor-julstjarnor-kombinerar-tradition-och-nutid\/\" target=\"_self\" >50 talets julstj\u00e4rnor. Julstj\u00e4rnor kombinerar tradition och nutid<\/a><\/h3>\n\n\n<div class=\"wp-block-group postmetaline is-nowrap is-layout-flex wp-container-core-group-is-layout-6c531013 wp-block-group-is-layout-flex\"><div class=\"wp-block-post-date\"><time datetime=\"2022-11-23T10:22:39+01:00\">23. november 2022<\/time><\/div>\n\n<\/div>\n\n\n<div class=\"wp-block-post-excerpt\"><p class=\"wp-block-post-excerpt__excerpt\">Julstj\u00e4rnor passar in i alla typer av inredningar. De passar dock s\u00e4rskilt bra ihop med den moderna mid-century-stilen. Vi f\u00f6rklarar varf\u00f6r.<\/p><p class=\"wp-block-post-excerpt__more-text\"><a class=\"wp-block-post-excerpt__more-link\" href=\"https:\/\/starsforeurope.com\/se\/press\/50-talets-julstjarnor-julstjarnor-kombinerar-tradition-och-nutid\/\">L\u00e4s mer<\/a><\/p><\/div>\n<\/li><li class=\"wp-block-post post-7062 press type-press status-publish has-post-thumbnail hentry press_cat-care press_main-kunskap press_main-pressmeddelanden press_main-vart-att-veta\">\n<figure style=\"aspect-ratio:1;\" class=\"featuredimage wp-block-post-featured-image\"><a href=\"https:\/\/starsforeurope.com\/se\/press\/masterflorist-johan-munters-basta-tips-infor-jul\/\" target=\"_self\"  ><img loading=\"lazy\" decoding=\"async\" width=\"875\" height=\"1050\" src=\"https:\/\/starsforeurope.com\/se\/wp-content\/uploads\/sites\/15\/2022\/11\/snsayuwipsbreksrifjv.jpg\" class=\"attachment-post-thumbnail size-post-thumbnail wp-post-image\" alt=\"M\u00e4sterflorist Johan Munters b\u00e4sta tips inf\u00f6r jul\" style=\"width:100%;height:100%;object-fit:cover;\" srcset=\"https:\/\/starsforeurope.com\/se\/wp-content\/uploads\/sites\/15\/2022\/11\/snsayuwipsbreksrifjv.jpg 875w, https:\/\/starsforeurope.com\/se\/wp-content\/uploads\/sites\/15\/2022\/11\/snsayuwipsbreksrifjv-250x300.jpg 250w, https:\/\/starsforeurope.com\/se\/wp-content\/uploads\/sites\/15\/2022\/11\/snsayuwipsbreksrifjv-853x1024.jpg 853w, https:\/\/starsforeurope.com\/se\/wp-content\/uploads\/sites\/15\/2022\/11\/snsayuwipsbreksrifjv-768x922.jpg 768w, https:\/\/starsforeurope.com\/se\/wp-content\/uploads\/sites\/15\/2022\/11\/snsayuwipsbreksrifjv-563x675.jpg 563w\" sizes=\"auto, (max-width: 875px) 100vw, 875px\" \/><\/a><\/figure>\n\n<h3 class=\"wp-block-post-title\"><a href=\"https:\/\/starsforeurope.com\/se\/press\/masterflorist-johan-munters-basta-tips-infor-jul\/\" target=\"_self\" >M\u00e4sterflorist Johan Munters b\u00e4sta tips inf\u00f6r jul<\/a><\/h3>\n\n\n<div class=\"wp-block-group postmetaline is-nowrap is-layout-flex wp-container-core-group-is-layout-6c531013 wp-block-group-is-layout-flex\"><div class=\"wp-block-post-date\"><time datetime=\"2021-12-02T10:45:57+01:00\">02. december 2021<\/time><\/div>\n\n<\/div>\n\n\n<div class=\"wp-block-post-excerpt\"><p class=\"wp-block-post-excerpt__excerpt\">Johan Munter p\u00e5 Floristkompaniet har helst sina julstj\u00e4rnor i kruka men skapar ocks\u00e5 fantastiska kreationer med julstj\u00e4rnor som snittblommor.\u00a0<\/p><p class=\"wp-block-post-excerpt__more-text\"><a class=\"wp-block-post-excerpt__more-link\" href=\"https:\/\/starsforeurope.com\/se\/press\/masterflorist-johan-munters-basta-tips-infor-jul\/\">L\u00e4s mer<\/a><\/p><\/div>\n<\/li><li class=\"wp-block-post post-4948 press type-press status-publish has-post-thumbnail hentry press_cat-care press_cat-variety press_main-kunskap press_main-pressmeddelanden press_main-vart-att-veta\">\n<figure style=\"aspect-ratio:1;\" class=\"featuredimage wp-block-post-featured-image\"><a href=\"https:\/\/starsforeurope.com\/se\/press\/tradgardsmastarna-avslojar-sina-basta-julstjarnetips\/\" target=\"_self\"  ><img loading=\"lazy\" decoding=\"async\" width=\"875\" height=\"1050\" src=\"https:\/\/starsforeurope.com\/se\/wp-content\/uploads\/sites\/15\/2022\/08\/2018-poinsett.jpg\" class=\"attachment-post-thumbnail size-post-thumbnail wp-post-image\" alt=\"Tr\u00e4dg\u00e5rdsm\u00e4starna avsl\u00f6jar sina b\u00e4sta julstj\u00e4rnetips\" style=\"width:100%;height:100%;object-fit:cover;\" srcset=\"https:\/\/starsforeurope.com\/se\/wp-content\/uploads\/sites\/15\/2022\/08\/2018-poinsett.jpg 875w, https:\/\/starsforeurope.com\/se\/wp-content\/uploads\/sites\/15\/2022\/08\/2018-poinsett-250x300.jpg 250w, https:\/\/starsforeurope.com\/se\/wp-content\/uploads\/sites\/15\/2022\/08\/2018-poinsett-853x1024.jpg 853w, https:\/\/starsforeurope.com\/se\/wp-content\/uploads\/sites\/15\/2022\/08\/2018-poinsett-768x922.jpg 768w, https:\/\/starsforeurope.com\/se\/wp-content\/uploads\/sites\/15\/2022\/08\/2018-poinsett-563x675.jpg 563w\" sizes=\"auto, (max-width: 875px) 100vw, 875px\" \/><\/a><\/figure>\n\n<h3 class=\"wp-block-post-title\"><a href=\"https:\/\/starsforeurope.com\/se\/press\/tradgardsmastarna-avslojar-sina-basta-julstjarnetips\/\" target=\"_self\" >Tr\u00e4dg\u00e5rdsm\u00e4starna avsl\u00f6jar sina b\u00e4sta julstj\u00e4rnetips<\/a><\/h3>\n\n\n<div class=\"wp-block-group postmetaline is-nowrap is-layout-flex wp-container-core-group-is-layout-6c531013 wp-block-group-is-layout-flex\"><div class=\"wp-block-post-date\"><time datetime=\"2021-11-05T07:50:25+01:00\">05. november 2021<\/time><\/div>\n\n<\/div>\n\n\n<div class=\"wp-block-post-excerpt\"><p class=\"wp-block-post-excerpt__excerpt\">F\u00e5r du ta del av tr\u00e4dg\u00e5rdsm\u00e4starnas allra b\u00e4sta r\u00e5d f\u00f6r att du ocks\u00e5 ska lyckas med dina julstj\u00e4rnor!<\/p><p class=\"wp-block-post-excerpt__more-text\"><a class=\"wp-block-post-excerpt__more-link\" href=\"https:\/\/starsforeurope.com\/se\/press\/tradgardsmastarna-avslojar-sina-basta-julstjarnetips\/\">L\u00e4s mer<\/a><\/p><\/div>\n<\/li><li class=\"wp-block-post post-4927 press type-press status-publish has-post-thumbnail hentry press_cat-variety press_main-kunskap press_main-pressmeddelanden press_main-sasongsstart press_main-vart-att-veta\">\n<figure style=\"aspect-ratio:1;\" class=\"featuredimage wp-block-post-featured-image\"><a href=\"https:\/\/starsforeurope.com\/se\/press\/nu-startar-sasongen-for-hostens-och-julens-stjarnor\/\" target=\"_self\"  ><img loading=\"lazy\" decoding=\"async\" width=\"875\" height=\"1050\" src=\"https:\/\/starsforeurope.com\/se\/wp-content\/uploads\/sites\/15\/2022\/09\/2019_poinsettia_02000_christmas_wonderland_18.jpg\" class=\"attachment-post-thumbnail size-post-thumbnail wp-post-image\" alt=\"Nu startar s\u00e4songen f\u00f6r h\u00f6stens- och julens stj\u00e4rnor\" style=\"width:100%;height:100%;object-fit:cover;\" srcset=\"https:\/\/starsforeurope.com\/se\/wp-content\/uploads\/sites\/15\/2022\/09\/2019_poinsettia_02000_christmas_wonderland_18.jpg 875w, https:\/\/starsforeurope.com\/se\/wp-content\/uploads\/sites\/15\/2022\/09\/2019_poinsettia_02000_christmas_wonderland_18-250x300.jpg 250w, https:\/\/starsforeurope.com\/se\/wp-content\/uploads\/sites\/15\/2022\/09\/2019_poinsettia_02000_christmas_wonderland_18-853x1024.jpg 853w, https:\/\/starsforeurope.com\/se\/wp-content\/uploads\/sites\/15\/2022\/09\/2019_poinsettia_02000_christmas_wonderland_18-768x922.jpg 768w, https:\/\/starsforeurope.com\/se\/wp-content\/uploads\/sites\/15\/2022\/09\/2019_poinsettia_02000_christmas_wonderland_18-563x675.jpg 563w\" sizes=\"auto, (max-width: 875px) 100vw, 875px\" \/><\/a><\/figure>\n\n<h3 class=\"wp-block-post-title\"><a href=\"https:\/\/starsforeurope.com\/se\/press\/nu-startar-sasongen-for-hostens-och-julens-stjarnor\/\" target=\"_self\" >Nu startar s\u00e4songen f\u00f6r h\u00f6stens- och julens stj\u00e4rnor<\/a><\/h3>\n\n\n<div class=\"wp-block-group postmetaline is-nowrap is-layout-flex wp-container-core-group-is-layout-6c531013 wp-block-group-is-layout-flex\"><div class=\"wp-block-post-date\"><time datetime=\"2021-11-03T13:54:33+01:00\">03. november 2021<\/time><\/div>\n\n<\/div>\n\n\n<div class=\"wp-block-post-excerpt\"><p class=\"wp-block-post-excerpt__excerpt\">H\u00f6ststj\u00e4rna, eller Princettia som den ocks\u00e5 heter, har blivit en mycket popul\u00e4r h\u00f6stblomma.<\/p><p class=\"wp-block-post-excerpt__more-text\"><a class=\"wp-block-post-excerpt__more-link\" href=\"https:\/\/starsforeurope.com\/se\/press\/nu-startar-sasongen-for-hostens-och-julens-stjarnor\/\">L\u00e4s mer<\/a><\/p><\/div>\n<\/li><\/ul>\n\n<nav class=\"wp-block-query-pagination is-content-justification-center is-layout-flex wp-container-core-query-pagination-is-layout-a89b3969 wp-block-query-pagination-is-layout-flex\" aria-label=\"Sidonumrering\">\n\n\n<div class=\"wp-block-query-pagination-numbers has-medium-font-size\"><span aria-current=\"page\" class=\"page-numbers current\">1<\/span>\n<a class=\"page-numbers\" href=\"?query-0-page=2\">2<\/a><\/div>\n\n<a href=\"\/se\/wp-json\/wp\/v2\/pages\/7748?query-0-page=2\" class=\"wp-block-query-pagination-next\">\u22b3<\/a>\n<\/nav>\n\n<\/div>\n\n\n\n<div style=\"height:3rem\" aria-hidden=\"true\" class=\"wp-block-spacer\"><\/div>\n<\/main>","protected":false},"excerpt":{"rendered":"<p>F\u00e5 viktiga fakta och tips om julstj\u00e4rnor &#8211; fr\u00e5n grundl\u00e4ggande sk\u00f6tsel till intressant trivia &#8211; s\u00e5 att du kan njuta av dessa festliga v\u00e4xter \u00e5ret runt.<\/p>\n","protected":false},"author":26,"featured_media":4366,"parent":7737,"menu_order":0,"comment_status":"closed","ping_status":"closed","template":"two-column-press","meta":{"_acf_changed":false,"footnotes":""},"class_list":["post-7748","page","type-page","status-publish","has-post-thumbnail","hentry"],"acf":[],"_links":{"self":[{"href":"https:\/\/starsforeurope.com\/se\/wp-json\/wp\/v2\/pages\/7748","targetHints":{"allow":["GET"]}}],"collection":[{"href":"https:\/\/starsforeurope.com\/se\/wp-json\/wp\/v2\/pages"}],"about":[{"href":"https:\/\/starsforeurope.com\/se\/wp-json\/wp\/v2\/types\/page"}],"author":[{"embeddable":true,"href":"https:\/\/starsforeurope.com\/se\/wp-json\/wp\/v2\/users\/26"}],"replies":[{"embeddable":true,"href":"https:\/\/starsforeurope.com\/se\/wp-json\/wp\/v2\/comments?post=7748"}],"version-history":[{"count":1,"href":"https:\/\/starsforeurope.com\/se\/wp-json\/wp\/v2\/pages\/7748\/revisions"}],"predecessor-version":[{"id":7749,"href":"https:\/\/starsforeurope.com\/se\/wp-json\/wp\/v2\/pages\/7748\/revisions\/7749"}],"up":[{"embeddable":true,"href":"https:\/\/starsforeurope.com\/se\/wp-json\/wp\/v2\/pages\/7737"}],"wp:featuredmedia":[{"embeddable":true,"href":"https:\/\/starsforeurope.com\/se\/wp-json\/wp\/v2\/media\/4366"}],"wp:attachment":[{"href":"https:\/\/starsforeurope.com\/se\/wp-json\/wp\/v2\/media?parent=7748"}],"curies":[{"name":"wp","href":"https:\/\/api.w.org\/{rel}","templated":true}]}}