{"id":7746,"date":"2025-08-26T14:30:23","date_gmt":"2025-08-26T12:30:23","guid":{"rendered":"https:\/\/starsforeurope.com\/se\/?page_id=7746"},"modified":"2025-08-28T21:42:03","modified_gmt":"2025-08-28T19:42:03","slug":"sasongsstart-pr","status":"publish","type":"page","link":"https:\/\/starsforeurope.com\/se\/pressmeddelanden\/kunskap-pr\/sasongsstart-pr\/","title":{"rendered":"Starta s\u00e4songen med julstj\u00e4rnor"},"content":{"rendered":"<main class=\"wp-block-group postimage-half wide-content is-layout-flow wp-block-group-is-layout-flow\" style=\"margin-top:var(--wp--preset--spacing--50)\">\n<div style=\"height:3rem\" aria-hidden=\"true\" class=\"wp-block-spacer\"><\/div>\n\n\n\n<div class=\"wp-block-query is-layout-flow wp-block-query-is-layout-flow\"><ul class=\"columns-2 wp-block-post-template is-layout-grid wp-container-core-post-template-is-layout-37ef2942 wp-block-post-template-is-layout-grid\"><li class=\"wp-block-post post-4927 press type-press status-publish has-post-thumbnail hentry press_cat-variety press_main-kunskap press_main-pressmeddelanden press_main-sasongsstart press_main-vart-att-veta\">\n<figure style=\"aspect-ratio:1;\" class=\"featuredimage wp-block-post-featured-image\"><a href=\"https:\/\/starsforeurope.com\/se\/press\/nu-startar-sasongen-for-hostens-och-julens-stjarnor\/\" target=\"_self\"  ><img loading=\"lazy\" decoding=\"async\" width=\"875\" height=\"1050\" src=\"https:\/\/starsforeurope.com\/se\/wp-content\/uploads\/sites\/15\/2022\/09\/2019_poinsettia_02000_christmas_wonderland_18.jpg\" class=\"attachment-post-thumbnail size-post-thumbnail wp-post-image\" alt=\"Nu startar s\u00e4songen f\u00f6r h\u00f6stens- och julens stj\u00e4rnor\" style=\"width:100%;height:100%;object-fit:cover;\" srcset=\"https:\/\/starsforeurope.com\/se\/wp-content\/uploads\/sites\/15\/2022\/09\/2019_poinsettia_02000_christmas_wonderland_18.jpg 875w, https:\/\/starsforeurope.com\/se\/wp-content\/uploads\/sites\/15\/2022\/09\/2019_poinsettia_02000_christmas_wonderland_18-250x300.jpg 250w, https:\/\/starsforeurope.com\/se\/wp-content\/uploads\/sites\/15\/2022\/09\/2019_poinsettia_02000_christmas_wonderland_18-853x1024.jpg 853w, https:\/\/starsforeurope.com\/se\/wp-content\/uploads\/sites\/15\/2022\/09\/2019_poinsettia_02000_christmas_wonderland_18-768x922.jpg 768w, https:\/\/starsforeurope.com\/se\/wp-content\/uploads\/sites\/15\/2022\/09\/2019_poinsettia_02000_christmas_wonderland_18-563x675.jpg 563w\" sizes=\"auto, (max-width: 875px) 100vw, 875px\" \/><\/a><\/figure>\n\n<h3 class=\"wp-block-post-title\"><a href=\"https:\/\/starsforeurope.com\/se\/press\/nu-startar-sasongen-for-hostens-och-julens-stjarnor\/\" target=\"_self\" >Nu startar s\u00e4songen f\u00f6r h\u00f6stens- och julens stj\u00e4rnor<\/a><\/h3>\n\n\n<div class=\"wp-block-group postmetaline is-nowrap is-layout-flex wp-container-core-group-is-layout-6c531013 wp-block-group-is-layout-flex\"><div class=\"wp-block-post-date\"><time datetime=\"2021-11-03T13:54:33+01:00\">03. november 2021<\/time><\/div>\n\n<\/div>\n\n\n<div class=\"wp-block-post-excerpt\"><p class=\"wp-block-post-excerpt__excerpt\">H\u00f6ststj\u00e4rna, eller Princettia som den ocks\u00e5 heter, har blivit en mycket popul\u00e4r h\u00f6stblomma.<\/p><p class=\"wp-block-post-excerpt__more-text\"><a class=\"wp-block-post-excerpt__more-link\" href=\"https:\/\/starsforeurope.com\/se\/press\/nu-startar-sasongen-for-hostens-och-julens-stjarnor\/\">L\u00e4s mer<\/a><\/p><\/div>\n<\/li><li class=\"wp-block-post post-5756 press type-press status-publish has-post-thumbnail hentry press_cat-market-data press_cat-start-of-the-season press_main-kunskap press_main-pressmeddelanden press_main-sasongsstart\">\n<figure style=\"aspect-ratio:1;\" class=\"featuredimage wp-block-post-featured-image\"><a href=\"https:\/\/starsforeurope.com\/se\/press\/nu-startar-sasongen-for-hostens-och-julens-stjarnor-2\/\" target=\"_self\"  ><img loading=\"lazy\" decoding=\"async\" width=\"875\" height=\"1050\" src=\"https:\/\/starsforeurope.com\/se\/wp-content\/uploads\/sites\/15\/2022\/09\/2018_poinsettia_0310_Start_of_the_season_031.jpg\" class=\"attachment-post-thumbnail size-post-thumbnail wp-post-image\" alt=\"Nu startar s\u00e4songen f\u00f6r h\u00f6stens- och julens stj\u00e4rnor\" style=\"width:100%;height:100%;object-fit:cover;\" srcset=\"https:\/\/starsforeurope.com\/se\/wp-content\/uploads\/sites\/15\/2022\/09\/2018_poinsettia_0310_Start_of_the_season_031.jpg 875w, https:\/\/starsforeurope.com\/se\/wp-content\/uploads\/sites\/15\/2022\/09\/2018_poinsettia_0310_Start_of_the_season_031-250x300.jpg 250w, https:\/\/starsforeurope.com\/se\/wp-content\/uploads\/sites\/15\/2022\/09\/2018_poinsettia_0310_Start_of_the_season_031-853x1024.jpg 853w, https:\/\/starsforeurope.com\/se\/wp-content\/uploads\/sites\/15\/2022\/09\/2018_poinsettia_0310_Start_of_the_season_031-768x922.jpg 768w, https:\/\/starsforeurope.com\/se\/wp-content\/uploads\/sites\/15\/2022\/09\/2018_poinsettia_0310_Start_of_the_season_031-563x675.jpg 563w\" sizes=\"auto, (max-width: 875px) 100vw, 875px\" \/><\/a><\/figure>\n\n<h3 class=\"wp-block-post-title\"><a href=\"https:\/\/starsforeurope.com\/se\/press\/nu-startar-sasongen-for-hostens-och-julens-stjarnor-2\/\" target=\"_self\" >Nu startar s\u00e4songen f\u00f6r h\u00f6stens- och julens stj\u00e4rnor<\/a><\/h3>\n\n\n<div class=\"wp-block-group postmetaline is-nowrap is-layout-flex wp-container-core-group-is-layout-6c531013 wp-block-group-is-layout-flex\"><div class=\"wp-block-post-date\"><time datetime=\"2018-11-03T10:08:23+01:00\">03. november 2018<\/time><\/div>\n\n<\/div>\n\n\n<div class=\"wp-block-post-excerpt\"><p class=\"wp-block-post-excerpt__excerpt\">Weihnachtssterne sind meistens rot, werden am h\u00e4ufigsten in NRW produziert und sind ein beliebtes Geschenk. \u00dcber diese und weitere Fakten informiert dieser Text zum Saisonstart 2018.<\/p><p class=\"wp-block-post-excerpt__more-text\"><a class=\"wp-block-post-excerpt__more-link\" href=\"https:\/\/starsforeurope.com\/se\/press\/nu-startar-sasongen-for-hostens-och-julens-stjarnor-2\/\">L\u00e4s mer<\/a><\/p><\/div>\n<\/li><\/ul>\n\n\n\n<\/div>\n\n\n\n<div style=\"height:3rem\" aria-hidden=\"true\" class=\"wp-block-spacer\"><\/div>\n<\/main>","protected":false},"excerpt":{"rendered":"<p>Fira s\u00e4songens ankomst med julstj\u00e4rnor.<\/p>\n","protected":false},"author":26,"featured_media":4366,"parent":7737,"menu_order":0,"comment_status":"closed","ping_status":"closed","template":"two-column-press","meta":{"_acf_changed":false,"footnotes":""},"class_list":["post-7746","page","type-page","status-publish","has-post-thumbnail","hentry"],"acf":[],"_links":{"self":[{"href":"https:\/\/starsforeurope.com\/se\/wp-json\/wp\/v2\/pages\/7746","targetHints":{"allow":["GET"]}}],"collection":[{"href":"https:\/\/starsforeurope.com\/se\/wp-json\/wp\/v2\/pages"}],"about":[{"href":"https:\/\/starsforeurope.com\/se\/wp-json\/wp\/v2\/types\/page"}],"author":[{"embeddable":true,"href":"https:\/\/starsforeurope.com\/se\/wp-json\/wp\/v2\/users\/26"}],"replies":[{"embeddable":true,"href":"https:\/\/starsforeurope.com\/se\/wp-json\/wp\/v2\/comments?post=7746"}],"version-history":[{"count":1,"href":"https:\/\/starsforeurope.com\/se\/wp-json\/wp\/v2\/pages\/7746\/revisions"}],"predecessor-version":[{"id":7747,"href":"https:\/\/starsforeurope.com\/se\/wp-json\/wp\/v2\/pages\/7746\/revisions\/7747"}],"up":[{"embeddable":true,"href":"https:\/\/starsforeurope.com\/se\/wp-json\/wp\/v2\/pages\/7737"}],"wp:featuredmedia":[{"embeddable":true,"href":"https:\/\/starsforeurope.com\/se\/wp-json\/wp\/v2\/media\/4366"}],"wp:attachment":[{"href":"https:\/\/starsforeurope.com\/se\/wp-json\/wp\/v2\/media?parent=7746"}],"curies":[{"name":"wp","href":"https:\/\/api.w.org\/{rel}","templated":true}]}}