{"id":7744,"date":"2025-08-26T14:28:50","date_gmt":"2025-08-26T12:28:50","guid":{"rendered":"https:\/\/starsforeurope.com\/se\/?page_id=7744"},"modified":"2025-08-28T21:42:03","modified_gmt":"2025-08-28T19:42:03","slug":"variation-pr","status":"publish","type":"page","link":"https:\/\/starsforeurope.com\/se\/pressmeddelanden\/kunskap-pr\/variation-pr\/","title":{"rendered":"Julstj\u00e4rnesorter"},"content":{"rendered":"<main class=\"wp-block-group postimage-half wide-content is-layout-flow wp-block-group-is-layout-flow\" style=\"margin-top:var(--wp--preset--spacing--50)\">\n<div style=\"height:3rem\" aria-hidden=\"true\" class=\"wp-block-spacer\"><\/div>\n\n\n\n<div class=\"wp-block-query is-layout-flow wp-block-query-is-layout-flow\"><ul class=\"columns-2 wp-block-post-template is-layout-grid wp-container-core-post-template-is-layout-37ef2942 wp-block-post-template-is-layout-grid\"><li class=\"wp-block-post post-4999 press type-press status-publish has-post-thumbnail hentry press_cat-autumn-decor-houseplants press_main-dekoration press_main-hostdekorationer-green-living press_main-kunskap press_main-pressmeddelanden press_main-variation\">\n<figure style=\"aspect-ratio:1;\" class=\"featuredimage wp-block-post-featured-image\"><a href=\"https:\/\/starsforeurope.com\/se\/press\/stjarnor-piggar-upp-i-hostmorkret\/\" target=\"_self\"  ><img loading=\"lazy\" decoding=\"async\" width=\"875\" height=\"1050\" src=\"https:\/\/starsforeurope.com\/se\/wp-content\/uploads\/sites\/15\/2022\/08\/2021-poinsettia-01000-boho-green-living-02.jpg\" class=\"attachment-post-thumbnail size-post-thumbnail wp-post-image\" alt=\"Stj\u00e4rnor piggar upp i h\u00f6stm\u00f6rkret\" style=\"width:100%;height:100%;object-fit:cover;\" srcset=\"https:\/\/starsforeurope.com\/se\/wp-content\/uploads\/sites\/15\/2022\/08\/2021-poinsettia-01000-boho-green-living-02.jpg 875w, https:\/\/starsforeurope.com\/se\/wp-content\/uploads\/sites\/15\/2022\/08\/2021-poinsettia-01000-boho-green-living-02-250x300.jpg 250w, https:\/\/starsforeurope.com\/se\/wp-content\/uploads\/sites\/15\/2022\/08\/2021-poinsettia-01000-boho-green-living-02-853x1024.jpg 853w, https:\/\/starsforeurope.com\/se\/wp-content\/uploads\/sites\/15\/2022\/08\/2021-poinsettia-01000-boho-green-living-02-768x922.jpg 768w, https:\/\/starsforeurope.com\/se\/wp-content\/uploads\/sites\/15\/2022\/08\/2021-poinsettia-01000-boho-green-living-02-563x675.jpg 563w\" sizes=\"auto, (max-width: 875px) 100vw, 875px\" \/><\/a><\/figure>\n\n<h3 class=\"wp-block-post-title\"><a href=\"https:\/\/starsforeurope.com\/se\/press\/stjarnor-piggar-upp-i-hostmorkret\/\" target=\"_self\" >Stj\u00e4rnor piggar upp i h\u00f6stm\u00f6rkret<\/a><\/h3>\n\n\n<div class=\"wp-block-group postmetaline is-nowrap is-layout-flex wp-container-core-group-is-layout-6c531013 wp-block-group-is-layout-flex\"><div class=\"wp-block-post-date\"><time datetime=\"2021-09-24T12:46:39+02:00\">24. september 2021<\/time><\/div>\n\n<\/div>\n\n\n<div class=\"wp-block-post-excerpt\"><p class=\"wp-block-post-excerpt__excerpt\">Julstj\u00e4rnor med sina f\u00e4rgglada blad f\u00f6rvandlar rummen till lyckans paradis. Vi tittar p\u00e5 effekten av de olika f\u00e4rgerna.<\/p><p class=\"wp-block-post-excerpt__more-text\"><a class=\"wp-block-post-excerpt__more-link\" href=\"https:\/\/starsforeurope.com\/se\/press\/stjarnor-piggar-upp-i-hostmorkret\/\">L\u00e4s mer<\/a><\/p><\/div>\n<\/li><li class=\"wp-block-post post-5658 press type-press status-publish has-post-thumbnail hentry press_cat-variety press_main-kunskap press_main-pressmeddelanden press_main-variation\">\n<figure style=\"aspect-ratio:1;\" class=\"featuredimage wp-block-post-featured-image\"><a href=\"https:\/\/starsforeurope.com\/se\/press\/overraskande-mangfald\/\" target=\"_self\"  ><img loading=\"lazy\" decoding=\"async\" width=\"875\" height=\"1050\" src=\"https:\/\/starsforeurope.com\/se\/wp-content\/uploads\/sites\/15\/2022\/09\/2020_poinsettia_06000_Christmas_floral_creativity_25.jpg\" class=\"attachment-post-thumbnail size-post-thumbnail wp-post-image\" alt=\"\u00d6verraskande m\u00e5ngfald\" style=\"width:100%;height:100%;object-fit:cover;\" srcset=\"https:\/\/starsforeurope.com\/se\/wp-content\/uploads\/sites\/15\/2022\/09\/2020_poinsettia_06000_Christmas_floral_creativity_25.jpg 875w, https:\/\/starsforeurope.com\/se\/wp-content\/uploads\/sites\/15\/2022\/09\/2020_poinsettia_06000_Christmas_floral_creativity_25-250x300.jpg 250w, https:\/\/starsforeurope.com\/se\/wp-content\/uploads\/sites\/15\/2022\/09\/2020_poinsettia_06000_Christmas_floral_creativity_25-853x1024.jpg 853w, https:\/\/starsforeurope.com\/se\/wp-content\/uploads\/sites\/15\/2022\/09\/2020_poinsettia_06000_Christmas_floral_creativity_25-768x922.jpg 768w, https:\/\/starsforeurope.com\/se\/wp-content\/uploads\/sites\/15\/2022\/09\/2020_poinsettia_06000_Christmas_floral_creativity_25-563x675.jpg 563w\" sizes=\"auto, (max-width: 875px) 100vw, 875px\" \/><\/a><\/figure>\n\n<h3 class=\"wp-block-post-title\"><a href=\"https:\/\/starsforeurope.com\/se\/press\/overraskande-mangfald\/\" target=\"_self\" >\u00d6verraskande m\u00e5ngfald<\/a><\/h3>\n\n\n<div class=\"wp-block-group postmetaline is-nowrap is-layout-flex wp-container-core-group-is-layout-6c531013 wp-block-group-is-layout-flex\"><div class=\"wp-block-post-date\"><time datetime=\"2019-12-04T11:29:22+01:00\">04. december 2019<\/time><\/div>\n\n<\/div>\n\n\n<div class=\"wp-block-post-excerpt\"><p class=\"wp-block-post-excerpt__excerpt\">Det finns s\u00e5 m\u00e5nga olika typer av julstj\u00e4rnor att du kan hitta en som passar f\u00f6r varje inredningsstil och smak. Se sj\u00e4lv.<\/p><p class=\"wp-block-post-excerpt__more-text\"><a class=\"wp-block-post-excerpt__more-link\" href=\"https:\/\/starsforeurope.com\/se\/press\/overraskande-mangfald\/\">L\u00e4s mer<\/a><\/p><\/div>\n<\/li><li class=\"wp-block-post post-5750 press type-press status-publish has-post-thumbnail hentry press_cat-variety press_main-kunskap press_main-pressmeddelanden press_main-variation\">\n<figure style=\"aspect-ratio:1;\" class=\"featuredimage wp-block-post-featured-image\"><a href=\"https:\/\/starsforeurope.com\/se\/press\/det-finns-en-stjarna-for-alla\/\" target=\"_self\"  ><img loading=\"lazy\" decoding=\"async\" width=\"875\" height=\"1050\" src=\"https:\/\/starsforeurope.com\/se\/wp-content\/uploads\/sites\/15\/2022\/09\/2020_poinsettia_06000_Christmas_floral_creativity_23.jpg\" class=\"attachment-post-thumbnail size-post-thumbnail wp-post-image\" alt=\"Det finns en stj\u00e4rna f\u00f6r alla\" style=\"width:100%;height:100%;object-fit:cover;\" srcset=\"https:\/\/starsforeurope.com\/se\/wp-content\/uploads\/sites\/15\/2022\/09\/2020_poinsettia_06000_Christmas_floral_creativity_23.jpg 875w, https:\/\/starsforeurope.com\/se\/wp-content\/uploads\/sites\/15\/2022\/09\/2020_poinsettia_06000_Christmas_floral_creativity_23-250x300.jpg 250w, https:\/\/starsforeurope.com\/se\/wp-content\/uploads\/sites\/15\/2022\/09\/2020_poinsettia_06000_Christmas_floral_creativity_23-853x1024.jpg 853w, https:\/\/starsforeurope.com\/se\/wp-content\/uploads\/sites\/15\/2022\/09\/2020_poinsettia_06000_Christmas_floral_creativity_23-768x922.jpg 768w, https:\/\/starsforeurope.com\/se\/wp-content\/uploads\/sites\/15\/2022\/09\/2020_poinsettia_06000_Christmas_floral_creativity_23-563x675.jpg 563w\" sizes=\"auto, (max-width: 875px) 100vw, 875px\" \/><\/a><\/figure>\n\n<h3 class=\"wp-block-post-title\"><a href=\"https:\/\/starsforeurope.com\/se\/press\/det-finns-en-stjarna-for-alla\/\" target=\"_self\" >Det finns en stj\u00e4rna f\u00f6r alla<\/a><\/h3>\n\n\n<div class=\"wp-block-group postmetaline is-nowrap is-layout-flex wp-container-core-group-is-layout-6c531013 wp-block-group-is-layout-flex\"><div class=\"wp-block-post-date\"><time datetime=\"2018-08-15T08:32:12+02:00\">15. augusti 2018<\/time><\/div>\n\n<\/div>\n\n\n<div class=\"wp-block-post-excerpt\"><p class=\"wp-block-post-excerpt__excerpt\">Fylla sitt hem med lite mer udda julstj\u00e4rnor. Det st\u00f6rsta utbudet och de mest sp\u00e4nnande och unika stj\u00e4rnorna finns vanligtvis till f\u00f6rs\u00e4ljning redan i b\u00f6rjan av november.<\/p><p class=\"wp-block-post-excerpt__more-text\"><a class=\"wp-block-post-excerpt__more-link\" href=\"https:\/\/starsforeurope.com\/se\/press\/det-finns-en-stjarna-for-alla\/\">L\u00e4s mer<\/a><\/p><\/div>\n<\/li><\/ul>\n\n\n\n<\/div>\n\n\n\n<div style=\"height:3rem\" aria-hidden=\"true\" class=\"wp-block-spacer\"><\/div>\n<\/main>","protected":false},"excerpt":{"rendered":"<p>Fr\u00e5n traditionella r\u00f6da till livfulla rosa och vita, l\u00e4r dig mer om de m\u00e5nga julstj\u00e4rnevarianterna och vad som g\u00f6r var och en speciell.<\/p>\n","protected":false},"author":26,"featured_media":4366,"parent":7737,"menu_order":0,"comment_status":"closed","ping_status":"closed","template":"two-column-press","meta":{"_acf_changed":false,"footnotes":""},"class_list":["post-7744","page","type-page","status-publish","has-post-thumbnail","hentry"],"acf":[],"_links":{"self":[{"href":"https:\/\/starsforeurope.com\/se\/wp-json\/wp\/v2\/pages\/7744","targetHints":{"allow":["GET"]}}],"collection":[{"href":"https:\/\/starsforeurope.com\/se\/wp-json\/wp\/v2\/pages"}],"about":[{"href":"https:\/\/starsforeurope.com\/se\/wp-json\/wp\/v2\/types\/page"}],"author":[{"embeddable":true,"href":"https:\/\/starsforeurope.com\/se\/wp-json\/wp\/v2\/users\/26"}],"replies":[{"embeddable":true,"href":"https:\/\/starsforeurope.com\/se\/wp-json\/wp\/v2\/comments?post=7744"}],"version-history":[{"count":1,"href":"https:\/\/starsforeurope.com\/se\/wp-json\/wp\/v2\/pages\/7744\/revisions"}],"predecessor-version":[{"id":7745,"href":"https:\/\/starsforeurope.com\/se\/wp-json\/wp\/v2\/pages\/7744\/revisions\/7745"}],"up":[{"embeddable":true,"href":"https:\/\/starsforeurope.com\/se\/wp-json\/wp\/v2\/pages\/7737"}],"wp:featuredmedia":[{"embeddable":true,"href":"https:\/\/starsforeurope.com\/se\/wp-json\/wp\/v2\/media\/4366"}],"wp:attachment":[{"href":"https:\/\/starsforeurope.com\/se\/wp-json\/wp\/v2\/media?parent=7744"}],"curies":[{"name":"wp","href":"https:\/\/api.w.org\/{rel}","templated":true}]}}