{"id":7,"date":"2021-11-17T18:38:03","date_gmt":"2021-11-17T18:38:03","guid":{"rendered":"https:\/\/weihnachtsstern.kinsta.cloud\/se\/?page_id=7"},"modified":"2025-08-28T21:42:03","modified_gmt":"2025-08-28T19:42:03","slug":"pressmeddelanden","status":"publish","type":"page","link":"https:\/\/starsforeurope.com\/se\/pressmeddelanden\/","title":{"rendered":"Letar du efter blommigt pressmaterial?"},"content":{"rendered":"<h2 class=\"wp-block-heading\">De senaste pressmeddelandena<\/h2>\n\n\n\n<main class=\"wp-block-group postimage-half wide-content is-layout-flow wp-block-group-is-layout-flow\" style=\"margin-top:var(--wp--preset--spacing--50)\">\n<div style=\"height:3rem\" aria-hidden=\"true\" class=\"wp-block-spacer\"><\/div>\n\n\n\n<div class=\"wp-block-query is-layout-flow wp-block-query-is-layout-flow\"><ul class=\"columns-2 wp-block-post-template is-layout-grid wp-container-core-post-template-is-layout-37ef2942 wp-block-post-template-is-layout-grid\"><li class=\"wp-block-post post-7887 press type-press status-publish has-post-thumbnail hentry press_cat-start-of-the-season press_cat-care press_main-pressmeddelanden press_main-skotsel\">\n<figure style=\"aspect-ratio:1;\" class=\"featuredimage wp-block-post-featured-image\"><a href=\"https:\/\/starsforeurope.com\/se\/press\/basta-tipsen-for-hoststjarnor-vad-ar-det-egentligen-for-skillnad-pa-host-respektive-julstjarnor\/\" target=\"_self\"  ><img loading=\"lazy\" decoding=\"async\" width=\"875\" height=\"1050\" src=\"https:\/\/starsforeurope.com\/se\/wp-content\/uploads\/sites\/15\/2025\/12\/2025_Poinsettia_01000_Nordic_Winter_Charm_14.jpg\" class=\"attachment-post-thumbnail size-post-thumbnail wp-post-image\" alt=\"B\u00e4sta tipsen f\u00f6r h\u00f6ststj\u00e4rnor! Vad \u00e4r det egentligen f\u00f6r skillnad p\u00e5 h\u00f6st- respektive julstj\u00e4rnor?\" style=\"width:100%;height:100%;object-fit:cover;\" srcset=\"https:\/\/starsforeurope.com\/se\/wp-content\/uploads\/sites\/15\/2025\/12\/2025_Poinsettia_01000_Nordic_Winter_Charm_14.jpg 875w, https:\/\/starsforeurope.com\/se\/wp-content\/uploads\/sites\/15\/2025\/12\/2025_Poinsettia_01000_Nordic_Winter_Charm_14-250x300.jpg 250w, https:\/\/starsforeurope.com\/se\/wp-content\/uploads\/sites\/15\/2025\/12\/2025_Poinsettia_01000_Nordic_Winter_Charm_14-853x1024.jpg 853w, https:\/\/starsforeurope.com\/se\/wp-content\/uploads\/sites\/15\/2025\/12\/2025_Poinsettia_01000_Nordic_Winter_Charm_14-768x922.jpg 768w\" sizes=\"auto, (max-width: 875px) 100vw, 875px\" \/><\/a><\/figure>\n\n<h3 class=\"wp-block-post-title\"><a href=\"https:\/\/starsforeurope.com\/se\/press\/basta-tipsen-for-hoststjarnor-vad-ar-det-egentligen-for-skillnad-pa-host-respektive-julstjarnor\/\" target=\"_self\" >B\u00e4sta tipsen f\u00f6r h\u00f6ststj\u00e4rnor! Vad \u00e4r det egentligen f\u00f6r skillnad p\u00e5 h\u00f6st- respektive julstj\u00e4rnor?<\/a><\/h3>\n\n\n<div class=\"wp-block-group postmetaline is-nowrap is-layout-flex wp-container-core-group-is-layout-6c531013 wp-block-group-is-layout-flex\"><div class=\"wp-block-post-date\"><time datetime=\"2025-12-20T09:00:00+01:00\">20. december 2025<\/time><\/div>\n\n<\/div>\n\n\n<div class=\"wp-block-post-excerpt\"><p class=\"wp-block-post-excerpt__excerpt\">H\u00e4r f\u00e5r du tips om hur du sk\u00f6ter julstj\u00e4rnor s\u00e5 att de blommar i full prakt i flera veckor.<\/p><p class=\"wp-block-post-excerpt__more-text\"><a class=\"wp-block-post-excerpt__more-link\" href=\"https:\/\/starsforeurope.com\/se\/press\/basta-tipsen-for-hoststjarnor-vad-ar-det-egentligen-for-skillnad-pa-host-respektive-julstjarnor\/\">L\u00e4s mer<\/a><\/p><\/div>\n<\/li><li class=\"wp-block-post post-7890 press type-press status-publish has-post-thumbnail hentry press_cat-advent-decoration press_cat-decoration-tips press_cat-care press_main-dekoration press_main-pressmeddelanden press_main-skotsel\">\n<figure style=\"aspect-ratio:1;\" class=\"featuredimage wp-block-post-featured-image\"><a href=\"https:\/\/starsforeurope.com\/se\/press\/host-och-julstjarnor-skapa-vintermagi-i-varje-rum\/\" target=\"_self\"  ><img loading=\"lazy\" decoding=\"async\" width=\"875\" height=\"1050\" src=\"https:\/\/starsforeurope.com\/se\/wp-content\/uploads\/sites\/15\/2025\/12\/2025_Poinsettia_05000_Exotic_Glow_03.jpg\" class=\"attachment-post-thumbnail size-post-thumbnail wp-post-image\" alt=\"H\u00f6st- och julstj\u00e4rnor &#8211; Skapa vintermagi i varje rum\" style=\"width:100%;height:100%;object-fit:cover;\" srcset=\"https:\/\/starsforeurope.com\/se\/wp-content\/uploads\/sites\/15\/2025\/12\/2025_Poinsettia_05000_Exotic_Glow_03.jpg 875w, https:\/\/starsforeurope.com\/se\/wp-content\/uploads\/sites\/15\/2025\/12\/2025_Poinsettia_05000_Exotic_Glow_03-250x300.jpg 250w, https:\/\/starsforeurope.com\/se\/wp-content\/uploads\/sites\/15\/2025\/12\/2025_Poinsettia_05000_Exotic_Glow_03-853x1024.jpg 853w, https:\/\/starsforeurope.com\/se\/wp-content\/uploads\/sites\/15\/2025\/12\/2025_Poinsettia_05000_Exotic_Glow_03-768x922.jpg 768w\" sizes=\"auto, (max-width: 875px) 100vw, 875px\" \/><\/a><\/figure>\n\n<h3 class=\"wp-block-post-title\"><a href=\"https:\/\/starsforeurope.com\/se\/press\/host-och-julstjarnor-skapa-vintermagi-i-varje-rum\/\" target=\"_self\" >H\u00f6st- och julstj\u00e4rnor &#8211; Skapa vintermagi i varje rum<\/a><\/h3>\n\n\n<div class=\"wp-block-group postmetaline is-nowrap is-layout-flex wp-container-core-group-is-layout-6c531013 wp-block-group-is-layout-flex\"><div class=\"wp-block-post-date\"><time datetime=\"2025-12-19T09:00:00+01:00\">19. december 2025<\/time><\/div>\n\n<\/div>\n\n\n<div class=\"wp-block-post-excerpt\"><p class=\"wp-block-post-excerpt__excerpt\">Julstj\u00e4rnor sprider vintermagi i varje rum. De passar in i olika stilar och inbjuder till kreativa projekt. L\u00e4s mer.<\/p><p class=\"wp-block-post-excerpt__more-text\"><a class=\"wp-block-post-excerpt__more-link\" href=\"https:\/\/starsforeurope.com\/se\/press\/host-och-julstjarnor-skapa-vintermagi-i-varje-rum\/\">L\u00e4s mer<\/a><\/p><\/div>\n<\/li><li class=\"wp-block-post post-4956 press type-press status-publish has-post-thumbnail hentry press_cat-advent-decoration press_cat-cut-flower press_cat-winter-decor press_main-dekoration press_main-diy-upcycling press_main-julgransdekorationer press_main-pressmeddelanden\">\n<figure style=\"aspect-ratio:1;\" class=\"featuredimage wp-block-post-featured-image\"><a href=\"https:\/\/starsforeurope.com\/se\/press\/stjarnorna-kommer-fram-pa-julen-julstjarnor-ger-extra-glans-at-jultraditionerna\/\" target=\"_self\"  ><img loading=\"lazy\" decoding=\"async\" width=\"875\" height=\"1050\" src=\"https:\/\/starsforeurope.com\/se\/wp-content\/uploads\/sites\/15\/2024\/07\/2024_Poinsettia_04000_Cosy_Cottage_Charm_19.jpg\" class=\"attachment-post-thumbnail size-post-thumbnail wp-post-image\" alt=\"Stj\u00e4rnorna kommer fram p\u00e5 julen. Julstj\u00e4rnor ger extra glans \u00e5t jultraditionerna\" style=\"width:100%;height:100%;object-fit:cover;\" srcset=\"https:\/\/starsforeurope.com\/se\/wp-content\/uploads\/sites\/15\/2024\/07\/2024_Poinsettia_04000_Cosy_Cottage_Charm_19.jpg 875w, https:\/\/starsforeurope.com\/se\/wp-content\/uploads\/sites\/15\/2024\/07\/2024_Poinsettia_04000_Cosy_Cottage_Charm_19-250x300.jpg 250w, https:\/\/starsforeurope.com\/se\/wp-content\/uploads\/sites\/15\/2024\/07\/2024_Poinsettia_04000_Cosy_Cottage_Charm_19-853x1024.jpg 853w, https:\/\/starsforeurope.com\/se\/wp-content\/uploads\/sites\/15\/2024\/07\/2024_Poinsettia_04000_Cosy_Cottage_Charm_19-768x922.jpg 768w, https:\/\/starsforeurope.com\/se\/wp-content\/uploads\/sites\/15\/2024\/07\/2024_Poinsettia_04000_Cosy_Cottage_Charm_19-563x675.jpg 563w\" sizes=\"auto, (max-width: 875px) 100vw, 875px\" \/><\/a><\/figure>\n\n<h3 class=\"wp-block-post-title\"><a href=\"https:\/\/starsforeurope.com\/se\/press\/stjarnorna-kommer-fram-pa-julen-julstjarnor-ger-extra-glans-at-jultraditionerna\/\" target=\"_self\" >Stj\u00e4rnorna kommer fram p\u00e5 julen. Julstj\u00e4rnor ger extra glans \u00e5t jultraditionerna<\/a><\/h3>\n\n\n<div class=\"wp-block-group postmetaline is-nowrap is-layout-flex wp-container-core-group-is-layout-6c531013 wp-block-group-is-layout-flex\"><div class=\"wp-block-post-date\"><time datetime=\"2024-11-25T06:00:00+01:00\">25. november 2024<\/time><\/div>\n\n<\/div>\n\n\n<div class=\"wp-block-post-excerpt\"><p class=\"wp-block-post-excerpt__excerpt\">Uppt\u00e4ck julstj\u00e4rnans historia och f\u00f6rundras \u00f6ver hur moderna sorter f\u00e5r traditionella seder och dekorationer att lysa<\/p><p class=\"wp-block-post-excerpt__more-text\"><a class=\"wp-block-post-excerpt__more-link\" href=\"https:\/\/starsforeurope.com\/se\/press\/stjarnorna-kommer-fram-pa-julen-julstjarnor-ger-extra-glans-at-jultraditionerna\/\">L\u00e4s mer<\/a><\/p><\/div>\n<\/li><li class=\"wp-block-post post-4936 press type-press status-publish has-post-thumbnail hentry press_cat-advent-decoration press_cat-table-decoration press_cat-decoration-tips press_cat-diy press_main-bordsdekorationer press_main-dekoration press_main-diy-upcycling press_main-pressmeddelanden\">\n<figure style=\"aspect-ratio:1;\" class=\"featuredimage wp-block-post-featured-image\"><a href=\"https:\/\/starsforeurope.com\/se\/press\/dekorationer-till-bordsdukning-blommiga-festbord-for-alla-smaker\/\" target=\"_self\"  ><img loading=\"lazy\" decoding=\"async\" width=\"875\" height=\"1050\" src=\"https:\/\/starsforeurope.com\/se\/wp-content\/uploads\/sites\/15\/2024\/07\/2024_Poinsettia_02000_Modern_Vintage_Fusion_03.jpg\" class=\"attachment-post-thumbnail size-post-thumbnail wp-post-image\" alt=\"Dekorationer till bordsdukning. Blommiga festbord f\u00f6r alla smaker\" style=\"width:100%;height:100%;object-fit:cover;\" srcset=\"https:\/\/starsforeurope.com\/se\/wp-content\/uploads\/sites\/15\/2024\/07\/2024_Poinsettia_02000_Modern_Vintage_Fusion_03.jpg 875w, https:\/\/starsforeurope.com\/se\/wp-content\/uploads\/sites\/15\/2024\/07\/2024_Poinsettia_02000_Modern_Vintage_Fusion_03-250x300.jpg 250w, https:\/\/starsforeurope.com\/se\/wp-content\/uploads\/sites\/15\/2024\/07\/2024_Poinsettia_02000_Modern_Vintage_Fusion_03-853x1024.jpg 853w, https:\/\/starsforeurope.com\/se\/wp-content\/uploads\/sites\/15\/2024\/07\/2024_Poinsettia_02000_Modern_Vintage_Fusion_03-768x922.jpg 768w, https:\/\/starsforeurope.com\/se\/wp-content\/uploads\/sites\/15\/2024\/07\/2024_Poinsettia_02000_Modern_Vintage_Fusion_03-563x675.jpg 563w\" sizes=\"auto, (max-width: 875px) 100vw, 875px\" \/><\/a><\/figure>\n\n<h3 class=\"wp-block-post-title\"><a href=\"https:\/\/starsforeurope.com\/se\/press\/dekorationer-till-bordsdukning-blommiga-festbord-for-alla-smaker\/\" target=\"_self\" >Dekorationer till bordsdukning. Blommiga festbord f\u00f6r alla smaker<\/a><\/h3>\n\n\n<div class=\"wp-block-group postmetaline is-nowrap is-layout-flex wp-container-core-group-is-layout-6c531013 wp-block-group-is-layout-flex\"><div class=\"wp-block-post-date\"><time datetime=\"2024-11-15T08:07:48+01:00\">15. november 2024<\/time><\/div>\n\n<\/div>\n\n\n<div class=\"wp-block-post-excerpt\"><p class=\"wp-block-post-excerpt__excerpt\">Julstj\u00e4rnor dekorerar det eleganta festbordet s\u00e5v\u00e4l som frukostbordet eller soffbordet. Vi presenterar bordsdekorationer f\u00f6r varje tillf\u00e4lle<\/p><p class=\"wp-block-post-excerpt__more-text\"><a class=\"wp-block-post-excerpt__more-link\" href=\"https:\/\/starsforeurope.com\/se\/press\/dekorationer-till-bordsdukning-blommiga-festbord-for-alla-smaker\/\">L\u00e4s mer<\/a><\/p><\/div>\n<\/li><\/ul>\n\n<nav class=\"wp-block-query-pagination is-content-justification-center is-layout-flex wp-container-core-query-pagination-is-layout-a89b3969 wp-block-query-pagination-is-layout-flex\" aria-label=\"Sidonumrering\">\n\n\n<div class=\"wp-block-query-pagination-numbers has-medium-font-size\"><span aria-current=\"page\" class=\"page-numbers current\">1<\/span>\n<a class=\"page-numbers\" href=\"?query-0-page=2\">2<\/a>\n<a class=\"page-numbers\" href=\"?query-0-page=3\">3<\/a>\n<span class=\"page-numbers dots\">&hellip;<\/span>\n<a class=\"page-numbers\" href=\"?query-0-page=11\">11<\/a><\/div>\n\n<a href=\"\/se\/wp-json\/wp\/v2\/pages\/7?query-0-page=2\" class=\"wp-block-query-pagination-next\">\u22b3<\/a>\n<\/nav>\n\n<\/div>\n\n\n\n<div style=\"height:3rem\" aria-hidden=\"true\" class=\"wp-block-spacer\"><\/div>\n<\/main>","protected":false},"excerpt":{"rendered":"<p>Vi erbjuder en omfattande samling pressmaterial och professionella bilder som belyser den vackra julstj\u00e4rnan. Journalister, ni kommer s\u00e4kert att hitta det ni letar efter.<\/p>\n","protected":false},"author":1,"featured_media":4366,"parent":0,"menu_order":0,"comment_status":"closed","ping_status":"closed","template":"two-column-press","meta":{"_acf_changed":false,"footnotes":""},"class_list":["post-7","page","type-page","status-publish","has-post-thumbnail","hentry"],"acf":[],"_links":{"self":[{"href":"https:\/\/starsforeurope.com\/se\/wp-json\/wp\/v2\/pages\/7","targetHints":{"allow":["GET"]}}],"collection":[{"href":"https:\/\/starsforeurope.com\/se\/wp-json\/wp\/v2\/pages"}],"about":[{"href":"https:\/\/starsforeurope.com\/se\/wp-json\/wp\/v2\/types\/page"}],"author":[{"embeddable":true,"href":"https:\/\/starsforeurope.com\/se\/wp-json\/wp\/v2\/users\/1"}],"replies":[{"embeddable":true,"href":"https:\/\/starsforeurope.com\/se\/wp-json\/wp\/v2\/comments?post=7"}],"version-history":[{"count":27,"href":"https:\/\/starsforeurope.com\/se\/wp-json\/wp\/v2\/pages\/7\/revisions"}],"predecessor-version":[{"id":7805,"href":"https:\/\/starsforeurope.com\/se\/wp-json\/wp\/v2\/pages\/7\/revisions\/7805"}],"wp:featuredmedia":[{"embeddable":true,"href":"https:\/\/starsforeurope.com\/se\/wp-json\/wp\/v2\/media\/4366"}],"wp:attachment":[{"href":"https:\/\/starsforeurope.com\/se\/wp-json\/wp\/v2\/media?parent=7"}],"curies":[{"name":"wp","href":"https:\/\/api.w.org\/{rel}","templated":true}]}}