{"id":5,"date":"2021-11-17T18:26:06","date_gmt":"2021-11-17T18:26:06","guid":{"rendered":"https:\/\/weihnachtsstern.kinsta.cloud\/se\/?page_id=5"},"modified":"2025-08-26T12:24:18","modified_gmt":"2025-08-26T10:24:18","slug":"home","status":"publish","type":"page","link":"https:\/\/starsforeurope.com\/se\/","title":{"rendered":"Inspiration och information om julstj\u00e4rnor"},"content":{"rendered":"","protected":false},"excerpt":{"rendered":"<p>Julstj\u00e4rnor ger f\u00e4rg och gl\u00e4dje in i hemmet under h\u00f6st och vinter. H\u00e4r hittar du allt du beh\u00f6ver f\u00f6r att skapa vackra advents- och juldekorationer.<\/p>\n","protected":false},"author":1,"featured_media":4349,"parent":0,"menu_order":0,"comment_status":"closed","ping_status":"closed","template":"two-column-blog-single","meta":{"_acf_changed":false,"footnotes":""},"class_list":["post-5","page","type-page","status-publish","has-post-thumbnail","hentry"],"acf":[],"_links":{"self":[{"href":"https:\/\/starsforeurope.com\/se\/wp-json\/wp\/v2\/pages\/5","targetHints":{"allow":["GET"]}}],"collection":[{"href":"https:\/\/starsforeurope.com\/se\/wp-json\/wp\/v2\/pages"}],"about":[{"href":"https:\/\/starsforeurope.com\/se\/wp-json\/wp\/v2\/types\/page"}],"author":[{"embeddable":true,"href":"https:\/\/starsforeurope.com\/se\/wp-json\/wp\/v2\/users\/1"}],"replies":[{"embeddable":true,"href":"https:\/\/starsforeurope.com\/se\/wp-json\/wp\/v2\/comments?post=5"}],"version-history":[{"count":45,"href":"https:\/\/starsforeurope.com\/se\/wp-json\/wp\/v2\/pages\/5\/revisions"}],"predecessor-version":[{"id":7727,"href":"https:\/\/starsforeurope.com\/se\/wp-json\/wp\/v2\/pages\/5\/revisions\/7727"}],"wp:featuredmedia":[{"embeddable":true,"href":"https:\/\/starsforeurope.com\/se\/wp-json\/wp\/v2\/media\/4349"}],"wp:attachment":[{"href":"https:\/\/starsforeurope.com\/se\/wp-json\/wp\/v2\/media?parent=5"}],"curies":[{"name":"wp","href":"https:\/\/api.w.org\/{rel}","templated":true}]}}