{"id":487,"date":"2021-12-17T12:27:34","date_gmt":"2021-12-17T12:27:34","guid":{"rendered":"https:\/\/weihnachtsstern.kinsta.cloud\/se\/?page_id=487"},"modified":"2025-08-26T12:12:44","modified_gmt":"2025-08-26T10:12:44","slug":"tryck","status":"publish","type":"page","link":"https:\/\/starsforeurope.com\/se\/tryck\/","title":{"rendered":"Tryck"},"content":{"rendered":"<div class=\"wp-block-columns is-layout-flex wp-container-core-columns-is-layout-28f84493 wp-block-columns-is-layout-flex\">\n<div class=\"wp-block-column is-layout-flow wp-block-column-is-layout-flow\">\n<h2 class=\"wp-block-heading\">Sekretesspolicy<\/h2>\n\n<p>Ansvarig i betydelsen \u00a7 6 Teledienstgesetz eller Mediendienste StaatsVertrag \u00e4r:<\/p>\n\n<p>Stars for Europe GbR\r<br>c\/o Zentralverband Gartenbau\r<br>Bornheimerstra\u00dfe 37,\r<br>53111 Bonn,\r<br>Tyskland\r<br>VD: Leendert Hoogendoorn \/ European Project Management: Dr. Susanne Lux<\/p>\n\n<p>Telefon: + 49 2644 981333\r<br>E-post: susanne.lux(at)meclux.de<\/p>\n\n<p>Moms ID: DE815617238\r<br>Skattenummer: 206\/5802\/0875<\/p>\n<\/div>\n\n<\/div>\n\n\n<div class=\"wp-block-columns is-layout-flex wp-container-core-columns-is-layout-28f84493 wp-block-columns-is-layout-flex\">\n<div class=\"wp-block-column is-layout-flow wp-block-column-is-layout-flow\">\n<p>De synpunkter och \u00e5sikter som uttrycks \u00e4r endast upphovsmannens [upphovsm\u00e4nnens] och utg\u00f6r inte Europeiska unionens eller Europeiska genomf\u00f6randeorganets for forskning (REA) officiella st\u00e5ndpunkt. Varken Europeiska unionen eller den beviljande myndigheten tar n\u00e5got ansvar f\u00f6r dessa.<\/p>\n<\/div>\n\n<\/div>","protected":false},"excerpt":{"rendered":"<p>Sekretesspolicy Ansvarig i betydelsen \u00a7 6 Teledienstgesetz eller Mediendienste StaatsVertrag \u00e4r: Stars for Europe GbR c\/o Zentralverband Gartenbau Bornheimerstra\u00dfe 37, 53111 Bonn, Tyskland VD: Leendert Hoogendoorn \/ European Project Management: Dr. Susanne Lux Telefon: + 49 2644 981333 E-post: susanne.lux(at)meclux.de Moms ID: DE815617238 Skattenummer: 206\/5802\/0875 De synpunkter och \u00e5sikter som uttrycks \u00e4r endast upphovsmannens [upphovsm\u00e4nnens] [&hellip;]<\/p>\n","protected":false},"author":1,"featured_media":0,"parent":0,"menu_order":0,"comment_status":"closed","ping_status":"closed","template":"simple-post-no-header-image","meta":{"_acf_changed":false,"footnotes":""},"class_list":["post-487","page","type-page","status-publish","hentry"],"acf":[],"_links":{"self":[{"href":"https:\/\/starsforeurope.com\/se\/wp-json\/wp\/v2\/pages\/487","targetHints":{"allow":["GET"]}}],"collection":[{"href":"https:\/\/starsforeurope.com\/se\/wp-json\/wp\/v2\/pages"}],"about":[{"href":"https:\/\/starsforeurope.com\/se\/wp-json\/wp\/v2\/types\/page"}],"author":[{"embeddable":true,"href":"https:\/\/starsforeurope.com\/se\/wp-json\/wp\/v2\/users\/1"}],"replies":[{"embeddable":true,"href":"https:\/\/starsforeurope.com\/se\/wp-json\/wp\/v2\/comments?post=487"}],"version-history":[{"count":23,"href":"https:\/\/starsforeurope.com\/se\/wp-json\/wp\/v2\/pages\/487\/revisions"}],"predecessor-version":[{"id":7722,"href":"https:\/\/starsforeurope.com\/se\/wp-json\/wp\/v2\/pages\/487\/revisions\/7722"}],"wp:attachment":[{"href":"https:\/\/starsforeurope.com\/se\/wp-json\/wp\/v2\/media?parent=487"}],"curies":[{"name":"wp","href":"https:\/\/api.w.org\/{rel}","templated":true}]}}