{"id":22,"date":"2021-11-17T18:56:04","date_gmt":"2021-11-17T18:56:04","guid":{"rendered":"https:\/\/weihnachtsstern.kinsta.cloud\/se\/?page_id=22"},"modified":"2025-08-28T21:42:03","modified_gmt":"2025-08-28T19:42:03","slug":"dekoration","status":"publish","type":"page","link":"https:\/\/starsforeurope.com\/se\/dekoration\/","title":{"rendered":"O\u00e4ndliga blomsterid\u00e9er: styla ditt utrymme med. julstj\u00e4rnor"},"content":{"rendered":"<h2 class=\"wp-block-heading\">L\u00e5t dig inspireras av styling tips &amp; id\u00e9er med julstj\u00e4rnor<\/h2>\n\n\n\n<div class=\"wp-block-group postimage-half wide-content is-layout-flow wp-block-group-is-layout-flow\" style=\"margin-top:var(--wp--preset--spacing--50)\">\n<div style=\"height:3rem\" aria-hidden=\"true\" class=\"wp-block-spacer\"><\/div>\n\n\n\n<div class=\"wp-block-query is-layout-flow wp-block-query-is-layout-flow\"><ul class=\"columns-2 wp-block-post-template is-layout-grid wp-container-core-post-template-is-layout-37ef2942 wp-block-post-template-is-layout-grid\"><li class=\"wp-block-post post-7412 blog type-blog status-publish has-post-thumbnail hentry blog_cat-advent-decoration blog_cat-decoration-tips blog_cat-diy blog_main-dekoration blog_main-snittblommor\">\n<figure style=\"aspect-ratio:1;\" class=\"featuredimage wp-block-post-featured-image\"><a href=\"https:\/\/starsforeurope.com\/se\/blog\/lev-ut-dina-kreativa-dommar-med-julstjarnan-som-snittblomma\/\" target=\"_self\"  ><img loading=\"lazy\" decoding=\"async\" width=\"875\" height=\"1050\" src=\"https:\/\/starsforeurope.com\/se\/wp-content\/uploads\/sites\/15\/2023\/10\/2021-poinsettia-05000-christma.jpg\" class=\"attachment-post-thumbnail size-post-thumbnail wp-post-image\" alt=\"Anv\u00e4nda julstj\u00e4rnor som snittblommor: Dekorationsid\u00e9er, stilar, klippteknik och historia\" style=\"width:100%;height:100%;object-fit:cover;\" srcset=\"https:\/\/starsforeurope.com\/se\/wp-content\/uploads\/sites\/15\/2023\/10\/2021-poinsettia-05000-christma.jpg 875w, https:\/\/starsforeurope.com\/se\/wp-content\/uploads\/sites\/15\/2023\/10\/2021-poinsettia-05000-christma-250x300.jpg 250w, https:\/\/starsforeurope.com\/se\/wp-content\/uploads\/sites\/15\/2023\/10\/2021-poinsettia-05000-christma-853x1024.jpg 853w, https:\/\/starsforeurope.com\/se\/wp-content\/uploads\/sites\/15\/2023\/10\/2021-poinsettia-05000-christma-768x922.jpg 768w, https:\/\/starsforeurope.com\/se\/wp-content\/uploads\/sites\/15\/2023\/10\/2021-poinsettia-05000-christma-563x675.jpg 563w\" sizes=\"auto, (max-width: 875px) 100vw, 875px\" \/><\/a><\/figure>\n\n<h3 class=\"wp-block-post-title\"><a href=\"https:\/\/starsforeurope.com\/se\/blog\/lev-ut-dina-kreativa-dommar-med-julstjarnan-som-snittblomma\/\" target=\"_self\" >Anv\u00e4nda julstj\u00e4rnor som snittblommor: Dekorationsid\u00e9er, stilar, klippteknik och historia<\/a><\/h3>\n\n\n<div class=\"wp-block-group postmetaline is-nowrap is-layout-flex wp-container-core-group-is-layout-6c531013 wp-block-group-is-layout-flex\"><div class=\"wp-block-post-date\"><time datetime=\"2023-11-17T01:33:53+01:00\">17. november 2023<\/time><\/div>\n\n<\/div>\n\n\n<div class=\"wp-block-post-excerpt\"><p class=\"wp-block-post-excerpt__excerpt\">Visste du? Julstj\u00e4rnor h\u00e5ller upp till tv\u00e5 veckor som snittblommor; lika l\u00e4nga som rosor. Lev ut dina dr\u00f6mmar som dekorat\u00f6r!<\/p><p class=\"wp-block-post-excerpt__more-text\"><a class=\"wp-block-post-excerpt__more-link\" href=\"https:\/\/starsforeurope.com\/se\/blog\/lev-ut-dina-kreativa-dommar-med-julstjarnan-som-snittblomma\/\">L\u00e4s mer<\/a><\/p><\/div>\n<\/li><li class=\"wp-block-post post-7405 blog type-blog status-publish has-post-thumbnail hentry blog_cat-advent-decoration blog_cat-decoration-tips blog_cat-diy blog_cat-cut-flower blog_main-bordsdekorationer blog_main-dekoration\">\n<figure style=\"aspect-ratio:1;\" class=\"featuredimage wp-block-post-featured-image\"><a href=\"https:\/\/starsforeurope.com\/se\/blog\/festliga-bordsdekorationer-med-julstjarnor\/\" target=\"_self\"  ><img loading=\"lazy\" decoding=\"async\" width=\"1050\" height=\"875\" src=\"https:\/\/starsforeurope.com\/se\/wp-content\/uploads\/sites\/15\/2023\/10\/2015_Weihnachtsstern_Familie_03.jpg\" class=\"attachment-post-thumbnail size-post-thumbnail wp-post-image\" alt=\"Festliga bordsdekorationer med julstj\u00e4rnor\" style=\"width:100%;height:100%;object-fit:cover;\" srcset=\"https:\/\/starsforeurope.com\/se\/wp-content\/uploads\/sites\/15\/2023\/10\/2015_Weihnachtsstern_Familie_03.jpg 1050w, https:\/\/starsforeurope.com\/se\/wp-content\/uploads\/sites\/15\/2023\/10\/2015_Weihnachtsstern_Familie_03-300x250.jpg 300w, https:\/\/starsforeurope.com\/se\/wp-content\/uploads\/sites\/15\/2023\/10\/2015_Weihnachtsstern_Familie_03-1024x853.jpg 1024w, https:\/\/starsforeurope.com\/se\/wp-content\/uploads\/sites\/15\/2023\/10\/2015_Weihnachtsstern_Familie_03-768x640.jpg 768w, https:\/\/starsforeurope.com\/se\/wp-content\/uploads\/sites\/15\/2023\/10\/2015_Weihnachtsstern_Familie_03-810x675.jpg 810w\" sizes=\"auto, (max-width: 1050px) 100vw, 1050px\" \/><\/a><\/figure>\n\n<h3 class=\"wp-block-post-title\"><a href=\"https:\/\/starsforeurope.com\/se\/blog\/festliga-bordsdekorationer-med-julstjarnor\/\" target=\"_self\" >Festliga bordsdekorationer med julstj\u00e4rnor<\/a><\/h3>\n\n\n<div class=\"wp-block-group postmetaline is-nowrap is-layout-flex wp-container-core-group-is-layout-6c531013 wp-block-group-is-layout-flex\"><div class=\"wp-block-post-date\"><time datetime=\"2023-11-16T01:11:39+01:00\">16. november 2023<\/time><\/div>\n\n<\/div>\n\n\n<div class=\"wp-block-post-excerpt\"><p class=\"wp-block-post-excerpt__excerpt\">Vad \u00e4r speciellt med en bordsdekoration med julstj\u00e4rnor? M\u00e5ngfalden och kreativiteten! Julstj\u00e4rnor tillf\u00f6r mycket charm till din dekoration.<\/p><p class=\"wp-block-post-excerpt__more-text\"><a class=\"wp-block-post-excerpt__more-link\" href=\"https:\/\/starsforeurope.com\/se\/blog\/festliga-bordsdekorationer-med-julstjarnor\/\">L\u00e4s mer<\/a><\/p><\/div>\n<\/li><li class=\"wp-block-post post-7399 blog type-blog status-publish has-post-thumbnail hentry blog_cat-advent-decoration blog_cat-decoration-tips blog_cat-diy blog_main-allman-skotsel blog_main-dekoration blog_main-presentideer blog_main-skotsel\">\n<figure style=\"aspect-ratio:1;\" class=\"featuredimage wp-block-post-featured-image\"><a href=\"https:\/\/starsforeurope.com\/se\/blog\/diy-hur-man-gor-en-present-av-minijulstjarnor\/\" target=\"_self\"  ><img loading=\"lazy\" decoding=\"async\" width=\"1050\" height=\"875\" src=\"https:\/\/starsforeurope.com\/se\/wp-content\/uploads\/sites\/15\/2023\/10\/2022_poinsettia_03000_varieties_05.jpg\" class=\"attachment-post-thumbnail size-post-thumbnail wp-post-image\" alt=\"Minijulstj\u00e4rnor: presenttips och sk\u00f6tseltips\" style=\"width:100%;height:100%;object-fit:cover;\" srcset=\"https:\/\/starsforeurope.com\/se\/wp-content\/uploads\/sites\/15\/2023\/10\/2022_poinsettia_03000_varieties_05.jpg 1050w, https:\/\/starsforeurope.com\/se\/wp-content\/uploads\/sites\/15\/2023\/10\/2022_poinsettia_03000_varieties_05-300x250.jpg 300w, https:\/\/starsforeurope.com\/se\/wp-content\/uploads\/sites\/15\/2023\/10\/2022_poinsettia_03000_varieties_05-1024x853.jpg 1024w, https:\/\/starsforeurope.com\/se\/wp-content\/uploads\/sites\/15\/2023\/10\/2022_poinsettia_03000_varieties_05-768x640.jpg 768w, https:\/\/starsforeurope.com\/se\/wp-content\/uploads\/sites\/15\/2023\/10\/2022_poinsettia_03000_varieties_05-810x675.jpg 810w\" sizes=\"auto, (max-width: 1050px) 100vw, 1050px\" \/><\/a><\/figure>\n\n<h3 class=\"wp-block-post-title\"><a href=\"https:\/\/starsforeurope.com\/se\/blog\/diy-hur-man-gor-en-present-av-minijulstjarnor\/\" target=\"_self\" >Minijulstj\u00e4rnor: presenttips och sk\u00f6tseltips<\/a><\/h3>\n\n\n<div class=\"wp-block-group postmetaline is-nowrap is-layout-flex wp-container-core-group-is-layout-6c531013 wp-block-group-is-layout-flex\"><div class=\"wp-block-post-date\"><time datetime=\"2023-11-16T01:00:31+01:00\">16. november 2023<\/time><\/div>\n\n<\/div>\n\n\n<div class=\"wp-block-post-excerpt\"><p class=\"wp-block-post-excerpt__excerpt\">F\u00e4rgglada minijulstj\u00e4rnor \u00e4r fantastiska presenter under julhelgen. Klicka p\u00e5 inl\u00e4gget f\u00f6r riktigt bra presenttips fr\u00e5n enkla till ambiti\u00f6sa.<\/p><p class=\"wp-block-post-excerpt__more-text\"><a class=\"wp-block-post-excerpt__more-link\" href=\"https:\/\/starsforeurope.com\/se\/blog\/diy-hur-man-gor-en-present-av-minijulstjarnor\/\">L\u00e4s mer<\/a><\/p><\/div>\n<\/li><li class=\"wp-block-post post-7389 blog type-blog status-publish has-post-thumbnail hentry blog_cat-advent-decoration blog_cat-decoration-tips blog_cat-diy blog_main-adventsdekorationer blog_main-dekoration blog_main-diy-upcycling\">\n<figure style=\"aspect-ratio:1;\" class=\"featuredimage wp-block-post-featured-image\"><a href=\"https:\/\/starsforeurope.com\/se\/blog\/diy-ideer-med-julstjarnor-perfekt-for-nyborjare\/\" target=\"_self\"  ><img loading=\"lazy\" decoding=\"async\" width=\"1050\" height=\"875\" src=\"https:\/\/starsforeurope.com\/se\/wp-content\/uploads\/sites\/15\/2023\/10\/asset-3-2.jpg\" class=\"attachment-post-thumbnail size-post-thumbnail wp-post-image\" alt=\"DIY id\u00e9er med julstj\u00e4rnor: perfekt f\u00f6r nyb\u00f6rjare\" style=\"width:100%;height:100%;object-fit:cover;\" srcset=\"https:\/\/starsforeurope.com\/se\/wp-content\/uploads\/sites\/15\/2023\/10\/asset-3-2.jpg 1050w, https:\/\/starsforeurope.com\/se\/wp-content\/uploads\/sites\/15\/2023\/10\/asset-3-2-300x250.jpg 300w, https:\/\/starsforeurope.com\/se\/wp-content\/uploads\/sites\/15\/2023\/10\/asset-3-2-1024x853.jpg 1024w, https:\/\/starsforeurope.com\/se\/wp-content\/uploads\/sites\/15\/2023\/10\/asset-3-2-768x640.jpg 768w, https:\/\/starsforeurope.com\/se\/wp-content\/uploads\/sites\/15\/2023\/10\/asset-3-2-810x675.jpg 810w\" sizes=\"auto, (max-width: 1050px) 100vw, 1050px\" \/><\/a><\/figure>\n\n<h3 class=\"wp-block-post-title\"><a href=\"https:\/\/starsforeurope.com\/se\/blog\/diy-ideer-med-julstjarnor-perfekt-for-nyborjare\/\" target=\"_self\" >DIY id\u00e9er med julstj\u00e4rnor: perfekt f\u00f6r nyb\u00f6rjare<\/a><\/h3>\n\n\n<div class=\"wp-block-group postmetaline is-nowrap is-layout-flex wp-container-core-group-is-layout-6c531013 wp-block-group-is-layout-flex\"><div class=\"wp-block-post-date\"><time datetime=\"2023-11-15T01:40:31+01:00\">15. november 2023<\/time><\/div>\n\n<\/div>\n\n\n<div class=\"wp-block-post-excerpt\"><p class=\"wp-block-post-excerpt__excerpt\">Alla kan g\u00f6ra dessa magiska hemgjorda dekorationer med julstj\u00e4rnor<\/p><p class=\"wp-block-post-excerpt__more-text\"><a class=\"wp-block-post-excerpt__more-link\" href=\"https:\/\/starsforeurope.com\/se\/blog\/diy-ideer-med-julstjarnor-perfekt-for-nyborjare\/\">L\u00e4s mer<\/a><\/p><\/div>\n<\/li><\/ul>\n\n<nav class=\"wp-block-query-pagination is-content-justification-center is-layout-flex wp-container-core-query-pagination-is-layout-a89b3969 wp-block-query-pagination-is-layout-flex\" aria-label=\"Sidonumrering\">\n\n\n<div class=\"wp-block-query-pagination-numbers has-medium-font-size\"><span aria-current=\"page\" class=\"page-numbers current\">1<\/span>\n<a class=\"page-numbers\" href=\"?query-0-page=2\">2<\/a>\n<a class=\"page-numbers\" href=\"?query-0-page=3\">3<\/a><\/div>\n\n<a href=\"\/se\/wp-json\/wp\/v2\/pages\/22?query-0-page=2\" class=\"wp-block-query-pagination-next\">\u22b3<\/a>\n<\/nav>\n\n<\/div>\n\n\n\n<div style=\"height:3rem\" aria-hidden=\"true\" class=\"wp-block-spacer\"><\/div>\n<\/div>","protected":false},"excerpt":{"rendered":"<p>H\u00e4r hittar du en m\u00e4ngd inspirerande designid\u00e9er och g\u00f6r-det-sj\u00e4lv-projekt f\u00f6r ditt hem under julen. Julstj\u00e4rnor kommer att \u00f6verraska dig: det finns ett enormt utbud i en m\u00e4ngd olika former och former som passar alla stilar och utrymmen, vare sig det \u00e4r \u00e5tervunnet, rustikt, mysigt bohemiskt, urban djungel m.fl..<\/p>\n","protected":false},"author":1,"featured_media":4352,"parent":0,"menu_order":0,"comment_status":"closed","ping_status":"closed","template":"two-column-blog-single","meta":{"_acf_changed":false,"footnotes":""},"class_list":["post-22","page","type-page","status-publish","has-post-thumbnail","hentry"],"acf":[],"_links":{"self":[{"href":"https:\/\/starsforeurope.com\/se\/wp-json\/wp\/v2\/pages\/22","targetHints":{"allow":["GET"]}}],"collection":[{"href":"https:\/\/starsforeurope.com\/se\/wp-json\/wp\/v2\/pages"}],"about":[{"href":"https:\/\/starsforeurope.com\/se\/wp-json\/wp\/v2\/types\/page"}],"author":[{"embeddable":true,"href":"https:\/\/starsforeurope.com\/se\/wp-json\/wp\/v2\/users\/1"}],"replies":[{"embeddable":true,"href":"https:\/\/starsforeurope.com\/se\/wp-json\/wp\/v2\/comments?post=22"}],"version-history":[{"count":52,"href":"https:\/\/starsforeurope.com\/se\/wp-json\/wp\/v2\/pages\/22\/revisions"}],"predecessor-version":[{"id":7734,"href":"https:\/\/starsforeurope.com\/se\/wp-json\/wp\/v2\/pages\/22\/revisions\/7734"}],"wp:featuredmedia":[{"embeddable":true,"href":"https:\/\/starsforeurope.com\/se\/wp-json\/wp\/v2\/media\/4352"}],"wp:attachment":[{"href":"https:\/\/starsforeurope.com\/se\/wp-json\/wp\/v2\/media?parent=22"}],"curies":[{"name":"wp","href":"https:\/\/api.w.org\/{rel}","templated":true}]}}