{"id":7461,"date":"2025-07-11T11:54:31","date_gmt":"2025-07-11T08:54:31","guid":{"rendered":"https:\/\/starsforeurope.com\/ro\/?page_id=7461"},"modified":"2025-07-14T23:33:39","modified_gmt":"2025-07-14T20:33:39","slug":"idei-de-cadouri-pr","status":"publish","type":"page","link":"https:\/\/starsforeurope.com\/ro\/comunicate-de-presa\/decoratiuni\/idei-de-cadouri-pr\/","title":{"rendered":"Idei de cadouri cu Cr\u0103ciuni\u021be"},"content":{"rendered":"<div class=\"wp-block-group postimage-half wide-content is-layout-flow wp-block-group-is-layout-flow\" style=\"margin-top:var(--wp--preset--spacing--50)\">\n<div style=\"height:3rem\" aria-hidden=\"true\" class=\"wp-block-spacer\"><\/div>\n\n\n\n<div class=\"wp-block-query is-layout-flow wp-block-query-is-layout-flow\"><ul class=\"columns-2 wp-block-post-template is-layout-grid wp-container-core-post-template-is-layout-37ef2942 wp-block-post-template-is-layout-grid\"><li class=\"wp-block-post post-7335 press type-press status-publish has-post-thumbnail hentry press_cat-diy press_cat-decoration-tips press_main-comunicate-de-presa press_main-decoratiuni press_main-diy-upcycling press_main-idei-de-cadouri\">\n<figure style=\"aspect-ratio:1;\" class=\"featuredimage wp-block-post-featured-image\"><a href=\"https:\/\/starsforeurope.com\/ro\/press\/daruieste-culoare-si-bucurie-craciunite-inflorite-pentru-cadouri-deosebite\/\" target=\"_self\"  ><img loading=\"lazy\" decoding=\"async\" width=\"875\" height=\"1050\" src=\"https:\/\/starsforeurope.com\/ro\/wp-content\/uploads\/sites\/18\/2025\/06\/2025_Poinsettia_03000_Traditional_Christmas_Spirit_13.jpg\" class=\"attachment-post-thumbnail size-post-thumbnail wp-post-image\" alt=\"D\u0103ruie\u0219te culoare \u0219i bucurie. Cr\u0103ciuni\u021be \u00eenflorite pentru cadouri deosebite\" style=\"width:100%;height:100%;object-fit:cover;\" srcset=\"https:\/\/starsforeurope.com\/ro\/wp-content\/uploads\/sites\/18\/2025\/06\/2025_Poinsettia_03000_Traditional_Christmas_Spirit_13.jpg 875w, https:\/\/starsforeurope.com\/ro\/wp-content\/uploads\/sites\/18\/2025\/06\/2025_Poinsettia_03000_Traditional_Christmas_Spirit_13-250x300.jpg 250w, https:\/\/starsforeurope.com\/ro\/wp-content\/uploads\/sites\/18\/2025\/06\/2025_Poinsettia_03000_Traditional_Christmas_Spirit_13-853x1024.jpg 853w, https:\/\/starsforeurope.com\/ro\/wp-content\/uploads\/sites\/18\/2025\/06\/2025_Poinsettia_03000_Traditional_Christmas_Spirit_13-768x922.jpg 768w, https:\/\/starsforeurope.com\/ro\/wp-content\/uploads\/sites\/18\/2025\/06\/2025_Poinsettia_03000_Traditional_Christmas_Spirit_13-563x675.jpg 563w\" sizes=\"auto, (max-width: 875px) 100vw, 875px\" \/><\/a><\/figure>\n\n<h3 class=\"wp-block-post-title\"><a href=\"https:\/\/starsforeurope.com\/ro\/press\/daruieste-culoare-si-bucurie-craciunite-inflorite-pentru-cadouri-deosebite\/\" target=\"_self\" >D\u0103ruie\u0219te culoare \u0219i bucurie. Cr\u0103ciuni\u021be \u00eenflorite pentru cadouri deosebite<\/a><\/h3>\n\n\n<div class=\"wp-block-group postmetaline is-nowrap is-layout-flex wp-container-core-group-is-layout-6c531013 wp-block-group-is-layout-flex\"><div class=\"wp-block-post-date\"><time datetime=\"2025-06-26T09:00:38+03:00\">26. iunie 2025<\/time><\/div>\n\n<\/div>\n\n\n<div class=\"wp-block-post-excerpt\"><p class=\"wp-block-post-excerpt__excerpt\">Ambalat\u0103 corespunz\u0103tor sau ca parte a unui aranjament creativ, o stea de Cr\u0103ciun devine un cadou individual \u0219i personal. L\u0103sa\u021bi-v\u0103 inspira\u021bi!<\/p><p class=\"wp-block-post-excerpt__more-text\"><a class=\"wp-block-post-excerpt__more-link\" href=\"https:\/\/starsforeurope.com\/ro\/press\/daruieste-culoare-si-bucurie-craciunite-inflorite-pentru-cadouri-deosebite\/\">Cite\u0219te mai mult<\/a><\/p><\/div>\n<\/li><li class=\"wp-block-post post-5039 press type-press status-publish has-post-thumbnail hentry press_cat-diy press_cat-gift-ideas press_main-comunicate-de-presa press_main-decoratiuni press_main-diy-upcycling press_main-idei-de-cadouri\">\n<figure style=\"aspect-ratio:1;\" class=\"featuredimage wp-block-post-featured-image\"><a href=\"https:\/\/starsforeurope.com\/ro\/press\/cadouri-si-idei-de-impachetare-cu-craciunite\/\" target=\"_self\"  ><img loading=\"lazy\" decoding=\"async\" width=\"875\" height=\"1050\" src=\"https:\/\/starsforeurope.com\/ro\/wp-content\/uploads\/sites\/18\/2022\/08\/2022-poinsettia-02000-urban-loft-christmas-15.jpg\" class=\"attachment-post-thumbnail size-post-thumbnail wp-post-image\" alt=\"Cadouri \u0219i idei de \u00eempachetare cu cr\u0103ciuni\u021be\" style=\"width:100%;height:100%;object-fit:cover;\" srcset=\"https:\/\/starsforeurope.com\/ro\/wp-content\/uploads\/sites\/18\/2022\/08\/2022-poinsettia-02000-urban-loft-christmas-15.jpg 875w, https:\/\/starsforeurope.com\/ro\/wp-content\/uploads\/sites\/18\/2022\/08\/2022-poinsettia-02000-urban-loft-christmas-15-250x300.jpg 250w, https:\/\/starsforeurope.com\/ro\/wp-content\/uploads\/sites\/18\/2022\/08\/2022-poinsettia-02000-urban-loft-christmas-15-853x1024.jpg 853w, https:\/\/starsforeurope.com\/ro\/wp-content\/uploads\/sites\/18\/2022\/08\/2022-poinsettia-02000-urban-loft-christmas-15-768x922.jpg 768w, https:\/\/starsforeurope.com\/ro\/wp-content\/uploads\/sites\/18\/2022\/08\/2022-poinsettia-02000-urban-loft-christmas-15-563x675.jpg 563w\" sizes=\"auto, (max-width: 875px) 100vw, 875px\" \/><\/a><\/figure>\n\n<h3 class=\"wp-block-post-title\"><a href=\"https:\/\/starsforeurope.com\/ro\/press\/cadouri-si-idei-de-impachetare-cu-craciunite\/\" target=\"_self\" >Cadouri \u0219i idei de \u00eempachetare cu cr\u0103ciuni\u021be<\/a><\/h3>\n\n\n<div class=\"wp-block-group postmetaline is-nowrap is-layout-flex wp-container-core-group-is-layout-6c531013 wp-block-group-is-layout-flex\"><div class=\"wp-block-post-date\"><time datetime=\"2022-10-07T10:38:38+03:00\">07. octombrie 2022<\/time><\/div>\n\n<\/div>\n\n\n<div class=\"wp-block-post-excerpt\"><p class=\"wp-block-post-excerpt__excerpt\">Cr\u0103ciuni\u021bele reprezint\u0103 un cadou ideal pentru aceast\u0103 perioad\u0103 a anului. V\u0103 \u00eemp\u0103rt\u0103\u0219im c\u00e2teva idei de cadouri \u00eenflorite \u0219i v\u0103 ar\u0103t\u0103m c\u00e2t de frumos arat\u0103 ambalajul acestora decorat cu fire de cr\u0103ciuni\u021be t\u0103iate.<\/p><p class=\"wp-block-post-excerpt__more-text\"><a class=\"wp-block-post-excerpt__more-link\" href=\"https:\/\/starsforeurope.com\/ro\/press\/cadouri-si-idei-de-impachetare-cu-craciunite\/\">Cite\u0219te mai mult<\/a><\/p><\/div>\n<\/li><\/ul>\n\n\n\n<\/div>\n\n\n\n<div style=\"height:3rem\" aria-hidden=\"true\" class=\"wp-block-spacer\"><\/div>\n<\/div>","protected":false},"excerpt":{"rendered":"<p>G\u0103si\u021bi cadourile perfecte inspirate de cr\u0103ciuni\u021be pentru a v\u0103 \u00eensenina sezonul de s\u0103rb\u0103tori cu stil \u0219i veselie.<\/p>\n","protected":false},"author":26,"featured_media":4366,"parent":7433,"menu_order":0,"comment_status":"closed","ping_status":"closed","template":"two-column-press","meta":{"_acf_changed":false,"footnotes":""},"class_list":["post-7461","page","type-page","status-publish","has-post-thumbnail","hentry"],"acf":[],"_links":{"self":[{"href":"https:\/\/starsforeurope.com\/ro\/wp-json\/wp\/v2\/pages\/7461","targetHints":{"allow":["GET"]}}],"collection":[{"href":"https:\/\/starsforeurope.com\/ro\/wp-json\/wp\/v2\/pages"}],"about":[{"href":"https:\/\/starsforeurope.com\/ro\/wp-json\/wp\/v2\/types\/page"}],"author":[{"embeddable":true,"href":"https:\/\/starsforeurope.com\/ro\/wp-json\/wp\/v2\/users\/26"}],"replies":[{"embeddable":true,"href":"https:\/\/starsforeurope.com\/ro\/wp-json\/wp\/v2\/comments?post=7461"}],"version-history":[{"count":2,"href":"https:\/\/starsforeurope.com\/ro\/wp-json\/wp\/v2\/pages\/7461\/revisions"}],"predecessor-version":[{"id":7501,"href":"https:\/\/starsforeurope.com\/ro\/wp-json\/wp\/v2\/pages\/7461\/revisions\/7501"}],"up":[{"embeddable":true,"href":"https:\/\/starsforeurope.com\/ro\/wp-json\/wp\/v2\/pages\/7433"}],"wp:featuredmedia":[{"embeddable":true,"href":"https:\/\/starsforeurope.com\/ro\/wp-json\/wp\/v2\/media\/4366"}],"wp:attachment":[{"href":"https:\/\/starsforeurope.com\/ro\/wp-json\/wp\/v2\/media?parent=7461"}],"curies":[{"name":"wp","href":"https:\/\/api.w.org\/{rel}","templated":true}]}}