{"id":7459,"date":"2025-07-11T11:18:08","date_gmt":"2025-07-11T08:18:08","guid":{"rendered":"https:\/\/starsforeurope.com\/ro\/?page_id=7459"},"modified":"2025-07-14T23:28:01","modified_gmt":"2025-07-14T20:28:01","slug":"de-stiut-pr","status":"publish","type":"page","link":"https:\/\/starsforeurope.com\/ro\/comunicate-de-presa\/cunostinte-pr\/de-stiut-pr\/","title":{"rendered":"Tot ce trebuie s\u0103 \u0219ti\u021bi despre cr\u0103ciuni\u021be"},"content":{"rendered":"<div class=\"wp-block-group postimage-half wide-content is-layout-flow wp-block-group-is-layout-flow\" style=\"margin-top:var(--wp--preset--spacing--50)\">\n<div style=\"height:3rem\" aria-hidden=\"true\" class=\"wp-block-spacer\"><\/div>\n\n\n\n<div class=\"wp-block-query is-layout-flow wp-block-query-is-layout-flow\"><ul class=\"columns-2 wp-block-post-template is-layout-grid wp-container-core-post-template-is-layout-37ef2942 wp-block-post-template-is-layout-grid\"><li class=\"wp-block-post post-5033 press type-press status-publish has-post-thumbnail hentry press_cat-diy press_cat-decoration-tips press_cat-history press_main-comunicate-de-presa press_main-cunostinte press_main-de-stiut press_main-decoratiuni press_main-diy-upcycling\">\n<figure style=\"aspect-ratio:1;\" class=\"featuredimage wp-block-post-featured-image\"><a href=\"https:\/\/starsforeurope.com\/ro\/press\/craciunite-atemporale-craciunitele-imbina-traditia-si-modernitatea\/\" target=\"_self\"  ><img loading=\"lazy\" decoding=\"async\" width=\"875\" height=\"1050\" src=\"https:\/\/starsforeurope.com\/ro\/wp-content\/uploads\/sites\/18\/2022\/08\/2022-poinsettia-05000-mid-century-cheer-08.jpg\" class=\"attachment-post-thumbnail size-post-thumbnail wp-post-image\" alt=\"Cr\u0103ciuni\u021be atemporale. Cr\u0103ciuni\u021bele \u00eembin\u0103 tradi\u021bia \u0219i modernitatea\" style=\"width:100%;height:100%;object-fit:cover;\" srcset=\"https:\/\/starsforeurope.com\/ro\/wp-content\/uploads\/sites\/18\/2022\/08\/2022-poinsettia-05000-mid-century-cheer-08.jpg 875w, https:\/\/starsforeurope.com\/ro\/wp-content\/uploads\/sites\/18\/2022\/08\/2022-poinsettia-05000-mid-century-cheer-08-250x300.jpg 250w, https:\/\/starsforeurope.com\/ro\/wp-content\/uploads\/sites\/18\/2022\/08\/2022-poinsettia-05000-mid-century-cheer-08-853x1024.jpg 853w, https:\/\/starsforeurope.com\/ro\/wp-content\/uploads\/sites\/18\/2022\/08\/2022-poinsettia-05000-mid-century-cheer-08-768x922.jpg 768w, https:\/\/starsforeurope.com\/ro\/wp-content\/uploads\/sites\/18\/2022\/08\/2022-poinsettia-05000-mid-century-cheer-08-563x675.jpg 563w\" sizes=\"auto, (max-width: 875px) 100vw, 875px\" \/><\/a><\/figure>\n\n<h3 class=\"wp-block-post-title\"><a href=\"https:\/\/starsforeurope.com\/ro\/press\/craciunite-atemporale-craciunitele-imbina-traditia-si-modernitatea\/\" target=\"_self\" >Cr\u0103ciuni\u021be atemporale. Cr\u0103ciuni\u021bele \u00eembin\u0103 tradi\u021bia \u0219i modernitatea<\/a><\/h3>\n\n\n<div class=\"wp-block-group postmetaline is-nowrap is-layout-flex wp-container-core-group-is-layout-6c531013 wp-block-group-is-layout-flex\"><div class=\"wp-block-post-date\"><time datetime=\"2022-10-08T10:22:39+03:00\">08. octombrie 2022<\/time><\/div>\n\n<\/div>\n\n\n<div class=\"wp-block-post-excerpt\"><p class=\"wp-block-post-excerpt__excerpt\">Cr\u0103ciuni\u021bele se preteaz\u0103 oric\u0103rui tip de design interior.\u00cens\u0103 cel mai bine se potrivesc cu stilul retro al anilor \u201950. V\u0103 explic\u0103m de ce.<\/p><p class=\"wp-block-post-excerpt__more-text\"><a class=\"wp-block-post-excerpt__more-link\" href=\"https:\/\/starsforeurope.com\/ro\/press\/craciunite-atemporale-craciunitele-imbina-traditia-si-modernitatea\/\">Cite\u0219te mai mult<\/a><\/p><\/div>\n<\/li><li class=\"wp-block-post post-4936 press type-press status-publish has-post-thumbnail hentry press_cat-history press_main-comunicate-de-presa press_main-cunostinte press_main-de-stiut\">\n<figure style=\"aspect-ratio:1;\" class=\"featuredimage wp-block-post-featured-image\"><a href=\"https:\/\/starsforeurope.com\/ro\/press\/craciunitele-de-la-istorie-la-sfaturi-de-ingrijire-cum-a-devenit-o-floare-antica-azteca-cea-mai-populara-planta-de-pe-pamant\/\" target=\"_self\"  ><img loading=\"lazy\" decoding=\"async\" width=\"875\" height=\"1050\" src=\"https:\/\/starsforeurope.com\/ro\/wp-content\/uploads\/sites\/18\/2022\/09\/2020-poinsettia-05100-christmas-romance-10.jpg\" class=\"attachment-post-thumbnail size-post-thumbnail wp-post-image\" alt=\"Cr\u0103ciuni\u021bele \u2013 de la istorie la sfaturi de \u00eengrijire. Cum a devenit o floare antic\u0103 aztec\u0103 cea mai popular\u0103 plant\u0103 de pe p\u0103m\u00e2nt.\" style=\"width:100%;height:100%;object-fit:cover;\" srcset=\"https:\/\/starsforeurope.com\/ro\/wp-content\/uploads\/sites\/18\/2022\/09\/2020-poinsettia-05100-christmas-romance-10.jpg 875w, https:\/\/starsforeurope.com\/ro\/wp-content\/uploads\/sites\/18\/2022\/09\/2020-poinsettia-05100-christmas-romance-10-250x300.jpg 250w, https:\/\/starsforeurope.com\/ro\/wp-content\/uploads\/sites\/18\/2022\/09\/2020-poinsettia-05100-christmas-romance-10-853x1024.jpg 853w, https:\/\/starsforeurope.com\/ro\/wp-content\/uploads\/sites\/18\/2022\/09\/2020-poinsettia-05100-christmas-romance-10-768x922.jpg 768w, https:\/\/starsforeurope.com\/ro\/wp-content\/uploads\/sites\/18\/2022\/09\/2020-poinsettia-05100-christmas-romance-10-563x675.jpg 563w\" sizes=\"auto, (max-width: 875px) 100vw, 875px\" \/><\/a><\/figure>\n\n<h3 class=\"wp-block-post-title\"><a href=\"https:\/\/starsforeurope.com\/ro\/press\/craciunitele-de-la-istorie-la-sfaturi-de-ingrijire-cum-a-devenit-o-floare-antica-azteca-cea-mai-populara-planta-de-pe-pamant\/\" target=\"_self\" >Cr\u0103ciuni\u021bele \u2013 de la istorie la sfaturi de \u00eengrijire. Cum a devenit o floare antic\u0103 aztec\u0103 cea mai popular\u0103 plant\u0103 de pe p\u0103m\u00e2nt.<\/a><\/h3>\n\n\n<div class=\"wp-block-group postmetaline is-nowrap is-layout-flex wp-container-core-group-is-layout-6c531013 wp-block-group-is-layout-flex\"><div class=\"wp-block-post-date\"><time datetime=\"2021-10-26T14:07:48+03:00\">26. octombrie 2021<\/time><\/div>\n\n<\/div>\n\n\n<div class=\"wp-block-post-excerpt\"><p class=\"wp-block-post-excerpt__excerpt\">Cr\u0103ciuni\u021ba sau Floarea Nop\u021bii Sfinte \u2013 De la o floare antic\u0103 aztec\u0103, la cea mai popular\u0103 floare de pe p\u0103m\u00e2nt.<\/p><p class=\"wp-block-post-excerpt__more-text\"><a class=\"wp-block-post-excerpt__more-link\" href=\"https:\/\/starsforeurope.com\/ro\/press\/craciunitele-de-la-istorie-la-sfaturi-de-ingrijire-cum-a-devenit-o-floare-antica-azteca-cea-mai-populara-planta-de-pe-pamant\/\">Cite\u0219te mai mult<\/a><\/p><\/div>\n<\/li><\/ul>\n\n\n\n<\/div>\n\n\n\n<div style=\"height:3rem\" aria-hidden=\"true\" class=\"wp-block-spacer\"><\/div>\n<\/div>","protected":false},"excerpt":{"rendered":"<p>Ob\u021bine\u021bi informa\u021bii \u0219i sfaturi esen\u021biale despre cr\u0103ciuni\u021be &#8211; de la elementele de baz\u0103 pentru \u00eengrijire p\u00e2n\u0103 la curiozit\u0103\u021bi interesante &#8211; pentru a v\u0103 ajuta s\u0103 v\u0103 bucura\u021bi de aceste plante festive pe tot parcursul anului.<\/p>\n","protected":false},"author":26,"featured_media":4366,"parent":7429,"menu_order":0,"comment_status":"closed","ping_status":"closed","template":"two-column-press","meta":{"_acf_changed":false,"footnotes":""},"class_list":["post-7459","page","type-page","status-publish","has-post-thumbnail","hentry"],"acf":[],"_links":{"self":[{"href":"https:\/\/starsforeurope.com\/ro\/wp-json\/wp\/v2\/pages\/7459","targetHints":{"allow":["GET"]}}],"collection":[{"href":"https:\/\/starsforeurope.com\/ro\/wp-json\/wp\/v2\/pages"}],"about":[{"href":"https:\/\/starsforeurope.com\/ro\/wp-json\/wp\/v2\/types\/page"}],"author":[{"embeddable":true,"href":"https:\/\/starsforeurope.com\/ro\/wp-json\/wp\/v2\/users\/26"}],"replies":[{"embeddable":true,"href":"https:\/\/starsforeurope.com\/ro\/wp-json\/wp\/v2\/comments?post=7459"}],"version-history":[{"count":3,"href":"https:\/\/starsforeurope.com\/ro\/wp-json\/wp\/v2\/pages\/7459\/revisions"}],"predecessor-version":[{"id":7495,"href":"https:\/\/starsforeurope.com\/ro\/wp-json\/wp\/v2\/pages\/7459\/revisions\/7495"}],"up":[{"embeddable":true,"href":"https:\/\/starsforeurope.com\/ro\/wp-json\/wp\/v2\/pages\/7429"}],"wp:featuredmedia":[{"embeddable":true,"href":"https:\/\/starsforeurope.com\/ro\/wp-json\/wp\/v2\/media\/4366"}],"wp:attachment":[{"href":"https:\/\/starsforeurope.com\/ro\/wp-json\/wp\/v2\/media?parent=7459"}],"curies":[{"name":"wp","href":"https:\/\/api.w.org\/{rel}","templated":true}]}}