{"id":7449,"date":"2025-07-11T10:09:42","date_gmt":"2025-07-11T07:09:42","guid":{"rendered":"https:\/\/starsforeurope.com\/ro\/?page_id=7449"},"modified":"2025-07-14T23:31:57","modified_gmt":"2025-07-14T20:31:57","slug":"decoratiuni-de-masa-pr","status":"publish","type":"page","link":"https:\/\/starsforeurope.com\/ro\/comunicate-de-presa\/decoratiuni\/decoratiuni-de-masa-pr\/","title":{"rendered":"Decora\u021biuni de mas\u0103 cu cr\u0103ciuni\u021be"},"content":{"rendered":"<div class=\"wp-block-group postimage-half wide-content is-layout-flow wp-block-group-is-layout-flow\" style=\"margin-top:var(--wp--preset--spacing--50)\">\n<div style=\"height:3rem\" aria-hidden=\"true\" class=\"wp-block-spacer\"><\/div>\n\n\n\n<div class=\"wp-block-query is-layout-flow wp-block-query-is-layout-flow\"><ul class=\"columns-2 wp-block-post-template is-layout-grid wp-container-core-post-template-is-layout-37ef2942 wp-block-post-template-is-layout-grid\"><li class=\"wp-block-post post-5046 press type-press status-publish has-post-thumbnail hentry press_cat-wedding-decoration press_cat-christmas-tree-decorations press_cat-diy press_main-comunicate-de-presa press_main-decoratiuni press_main-decoratiuni-de-masa press_main-diy-upcycling\">\n<figure style=\"aspect-ratio:1;\" class=\"featuredimage wp-block-post-featured-image\"><a href=\"https:\/\/starsforeurope.com\/ro\/press\/idei-de-decoratiuni-festive-pentru-masa-cu-craciunite\/\" target=\"_self\"  ><img loading=\"lazy\" decoding=\"async\" width=\"875\" height=\"1050\" src=\"https:\/\/starsforeurope.com\/ro\/wp-content\/uploads\/sites\/18\/2024\/11\/2024_Poinsettia_02000_Modern_Vintage_Fusion_15.jpg\" class=\"attachment-post-thumbnail size-post-thumbnail wp-post-image\" alt=\"Idei de decora\u021biuni festive pentru mas\u0103 cu craciunite\" style=\"width:100%;height:100%;object-fit:cover;\" srcset=\"https:\/\/starsforeurope.com\/ro\/wp-content\/uploads\/sites\/18\/2024\/11\/2024_Poinsettia_02000_Modern_Vintage_Fusion_15.jpg 875w, https:\/\/starsforeurope.com\/ro\/wp-content\/uploads\/sites\/18\/2024\/11\/2024_Poinsettia_02000_Modern_Vintage_Fusion_15-250x300.jpg 250w, https:\/\/starsforeurope.com\/ro\/wp-content\/uploads\/sites\/18\/2024\/11\/2024_Poinsettia_02000_Modern_Vintage_Fusion_15-853x1024.jpg 853w, https:\/\/starsforeurope.com\/ro\/wp-content\/uploads\/sites\/18\/2024\/11\/2024_Poinsettia_02000_Modern_Vintage_Fusion_15-768x922.jpg 768w, https:\/\/starsforeurope.com\/ro\/wp-content\/uploads\/sites\/18\/2024\/11\/2024_Poinsettia_02000_Modern_Vintage_Fusion_15-563x675.jpg 563w\" sizes=\"auto, (max-width: 875px) 100vw, 875px\" \/><\/a><\/figure>\n\n<h3 class=\"wp-block-post-title\"><a href=\"https:\/\/starsforeurope.com\/ro\/press\/idei-de-decoratiuni-festive-pentru-masa-cu-craciunite\/\" target=\"_self\" >Idei de decora\u021biuni festive pentru mas\u0103 cu craciunite<\/a><\/h3>\n\n\n<div class=\"wp-block-group postmetaline is-nowrap is-layout-flex wp-container-core-group-is-layout-6c531013 wp-block-group-is-layout-flex\"><div class=\"wp-block-post-date\"><time datetime=\"2024-11-13T15:24:21+02:00\">13. noiembrie 2024<\/time><\/div>\n\n<\/div>\n\n\n<div class=\"wp-block-post-excerpt\"><p class=\"wp-block-post-excerpt__excerpt\">Poinsettia decoreaz\u0103 masa festiv\u0103 elegant\u0103, precum \u0219i masa de mic dejun sau masa de cafea. V\u0103 prezent\u0103m decora\u021biuni de mas\u0103 pentru orice ocazie<\/p><p class=\"wp-block-post-excerpt__more-text\"><a class=\"wp-block-post-excerpt__more-link\" href=\"https:\/\/starsforeurope.com\/ro\/press\/idei-de-decoratiuni-festive-pentru-masa-cu-craciunite\/\">Cite\u0219te mai mult<\/a><\/p><\/div>\n<\/li><li class=\"wp-block-post post-6852 press type-press status-publish has-post-thumbnail hentry press_cat-winter-decor press_cat-autumn-decor-houseplants press_cat-interesting-facts press_cat-decoration-tips press_main-comunicate-de-presa press_main-decoratiuni press_main-decoratiuni-de-masa press_main-flori-taiate\">\n<figure style=\"aspect-ratio:1;\" class=\"featuredimage wp-block-post-featured-image\"><a href=\"https:\/\/starsforeurope.com\/ro\/press\/vin-sarbatorile-idei-si-sfaturi-pentru-aranjamente-de-masa-cu-craciunite\/\" target=\"_self\"  ><img loading=\"lazy\" decoding=\"async\" width=\"875\" height=\"1050\" src=\"https:\/\/starsforeurope.com\/ro\/wp-content\/uploads\/sites\/18\/2023\/08\/2023_poinsettia_01000_Jewels_of_Nature_07.jpg\" class=\"attachment-post-thumbnail size-post-thumbnail wp-post-image\" alt=\"Vin s\u0103rb\u0103torile! Idei \u0219i sfaturi pentru aranjamente de mas\u0103 cu cr\u0103ciuni\u021be\" style=\"width:100%;height:100%;object-fit:cover;\" srcset=\"https:\/\/starsforeurope.com\/ro\/wp-content\/uploads\/sites\/18\/2023\/08\/2023_poinsettia_01000_Jewels_of_Nature_07.jpg 875w, https:\/\/starsforeurope.com\/ro\/wp-content\/uploads\/sites\/18\/2023\/08\/2023_poinsettia_01000_Jewels_of_Nature_07-250x300.jpg 250w, https:\/\/starsforeurope.com\/ro\/wp-content\/uploads\/sites\/18\/2023\/08\/2023_poinsettia_01000_Jewels_of_Nature_07-853x1024.jpg 853w, https:\/\/starsforeurope.com\/ro\/wp-content\/uploads\/sites\/18\/2023\/08\/2023_poinsettia_01000_Jewels_of_Nature_07-768x922.jpg 768w, https:\/\/starsforeurope.com\/ro\/wp-content\/uploads\/sites\/18\/2023\/08\/2023_poinsettia_01000_Jewels_of_Nature_07-563x675.jpg 563w\" sizes=\"auto, (max-width: 875px) 100vw, 875px\" \/><\/a><\/figure>\n\n<h3 class=\"wp-block-post-title\"><a href=\"https:\/\/starsforeurope.com\/ro\/press\/vin-sarbatorile-idei-si-sfaturi-pentru-aranjamente-de-masa-cu-craciunite\/\" target=\"_self\" >Vin s\u0103rb\u0103torile! Idei \u0219i sfaturi pentru aranjamente de mas\u0103 cu cr\u0103ciuni\u021be<\/a><\/h3>\n\n\n<div class=\"wp-block-group postmetaline is-nowrap is-layout-flex wp-container-core-group-is-layout-6c531013 wp-block-group-is-layout-flex\"><div class=\"wp-block-post-date\"><time datetime=\"2023-12-14T16:55:04+02:00\">14. decembrie 2023<\/time><\/div>\n\n<\/div>\n\n\n<div class=\"wp-block-post-excerpt\"><p class=\"wp-block-post-excerpt__excerpt\">Cr\u0103ciuni\u021bele sunt decorul perfect pentru mas\u0103. Descoperi\u021bi noile noastre sfaturi \u0219i idei pentru decorarea mesei de Cr\u0103ciun cu aceste flori versatile.<\/p><p class=\"wp-block-post-excerpt__more-text\"><a class=\"wp-block-post-excerpt__more-link\" href=\"https:\/\/starsforeurope.com\/ro\/press\/vin-sarbatorile-idei-si-sfaturi-pentru-aranjamente-de-masa-cu-craciunite\/\">Cite\u0219te mai mult<\/a><\/p><\/div>\n<\/li><li class=\"wp-block-post post-5022 press type-press status-publish has-post-thumbnail hentry press_cat-table-decoration press_cat-diy press_main-comunicate-de-presa press_main-decoratiuni press_main-decoratiuni-de-masa press_main-diy-upcycling\">\n<figure style=\"aspect-ratio:1;\" class=\"featuredimage wp-block-post-featured-image\"><a href=\"https:\/\/starsforeurope.com\/ro\/press\/sarbatoarea-simturilor-decoratiuni-florale-pentru-masa-cu-craciunite\/\" target=\"_self\"  ><img loading=\"lazy\" decoding=\"async\" width=\"875\" height=\"1050\" src=\"https:\/\/starsforeurope.com\/ro\/wp-content\/uploads\/sites\/18\/2022\/08\/2022-poinsettia-04000-hristmas-fairy-tale-23.jpg\" class=\"attachment-post-thumbnail size-post-thumbnail wp-post-image\" alt=\"S\u0103rb\u0103toarea sim\u021burilor. Decora\u021biuni florale pentru mas\u0103 cu cr\u0103ciuni\u021be\" style=\"width:100%;height:100%;object-fit:cover;\" srcset=\"https:\/\/starsforeurope.com\/ro\/wp-content\/uploads\/sites\/18\/2022\/08\/2022-poinsettia-04000-hristmas-fairy-tale-23.jpg 875w, https:\/\/starsforeurope.com\/ro\/wp-content\/uploads\/sites\/18\/2022\/08\/2022-poinsettia-04000-hristmas-fairy-tale-23-250x300.jpg 250w, https:\/\/starsforeurope.com\/ro\/wp-content\/uploads\/sites\/18\/2022\/08\/2022-poinsettia-04000-hristmas-fairy-tale-23-853x1024.jpg 853w, https:\/\/starsforeurope.com\/ro\/wp-content\/uploads\/sites\/18\/2022\/08\/2022-poinsettia-04000-hristmas-fairy-tale-23-768x922.jpg 768w, https:\/\/starsforeurope.com\/ro\/wp-content\/uploads\/sites\/18\/2022\/08\/2022-poinsettia-04000-hristmas-fairy-tale-23-563x675.jpg 563w\" sizes=\"auto, (max-width: 875px) 100vw, 875px\" \/><\/a><\/figure>\n\n<h3 class=\"wp-block-post-title\"><a href=\"https:\/\/starsforeurope.com\/ro\/press\/sarbatoarea-simturilor-decoratiuni-florale-pentru-masa-cu-craciunite\/\" target=\"_self\" >S\u0103rb\u0103toarea sim\u021burilor. Decora\u021biuni florale pentru mas\u0103 cu cr\u0103ciuni\u021be<\/a><\/h3>\n\n\n<div class=\"wp-block-group postmetaline is-nowrap is-layout-flex wp-container-core-group-is-layout-6c531013 wp-block-group-is-layout-flex\"><div class=\"wp-block-post-date\"><time datetime=\"2022-10-08T09:25:02+03:00\">08. octombrie 2022<\/time><\/div>\n\n<\/div>\n\n\n<div class=\"wp-block-post-excerpt\"><p class=\"wp-block-post-excerpt__excerpt\">Cr\u0103ciuni\u021bele sunt perfecte ca decora\u021biuni de mas\u0103 care atrag aten\u021bia. Descoperi\u021bi noi idei de decorare pentru mese festive \u00eenflorite.<\/p><p class=\"wp-block-post-excerpt__more-text\"><a class=\"wp-block-post-excerpt__more-link\" href=\"https:\/\/starsforeurope.com\/ro\/press\/sarbatoarea-simturilor-decoratiuni-florale-pentru-masa-cu-craciunite\/\">Cite\u0219te mai mult<\/a><\/p><\/div>\n<\/li><li class=\"wp-block-post post-4969 press type-press status-publish has-post-thumbnail hentry press_cat-diy press_cat-decoration-tips press_main-comunicate-de-presa press_main-decoratiuni press_main-decoratiuni-de-masa press_main-diy-upcycling\">\n<figure style=\"aspect-ratio:1;\" class=\"featuredimage wp-block-post-featured-image\"><a href=\"https:\/\/starsforeurope.com\/ro\/press\/craciunitele-la-intersectia-dintre-sarbatoare-si-design-modern-aranjamente-florale-moderne-pe-baza-de-craciunite\/\" target=\"_self\"  ><img loading=\"lazy\" decoding=\"async\" width=\"875\" height=\"1050\" src=\"https:\/\/starsforeurope.com\/ro\/wp-content\/uploads\/sites\/18\/2022\/09\/asset-5.jpg\" class=\"attachment-post-thumbnail size-post-thumbnail wp-post-image\" alt=\"Cr\u0103ciuni\u021bele la intersec\u021bia dintre s\u0103rb\u0103toare \u0219i design modern. Aranjamente florale moderne pe baz\u0103 de cr\u0103ciuni\u021be.\" style=\"width:100%;height:100%;object-fit:cover;\" srcset=\"https:\/\/starsforeurope.com\/ro\/wp-content\/uploads\/sites\/18\/2022\/09\/asset-5.jpg 875w, https:\/\/starsforeurope.com\/ro\/wp-content\/uploads\/sites\/18\/2022\/09\/asset-5-250x300.jpg 250w, https:\/\/starsforeurope.com\/ro\/wp-content\/uploads\/sites\/18\/2022\/09\/asset-5-853x1024.jpg 853w, https:\/\/starsforeurope.com\/ro\/wp-content\/uploads\/sites\/18\/2022\/09\/asset-5-768x922.jpg 768w, https:\/\/starsforeurope.com\/ro\/wp-content\/uploads\/sites\/18\/2022\/09\/asset-5-563x675.jpg 563w\" sizes=\"auto, (max-width: 875px) 100vw, 875px\" \/><\/a><\/figure>\n\n<h3 class=\"wp-block-post-title\"><a href=\"https:\/\/starsforeurope.com\/ro\/press\/craciunitele-la-intersectia-dintre-sarbatoare-si-design-modern-aranjamente-florale-moderne-pe-baza-de-craciunite\/\" target=\"_self\" >Cr\u0103ciuni\u021bele la intersec\u021bia dintre s\u0103rb\u0103toare \u0219i design modern. Aranjamente florale moderne pe baz\u0103 de cr\u0103ciuni\u021be.<\/a><\/h3>\n\n\n<div class=\"wp-block-group postmetaline is-nowrap is-layout-flex wp-container-core-group-is-layout-6c531013 wp-block-group-is-layout-flex\"><div class=\"wp-block-post-date\"><time datetime=\"2021-10-07T09:06:14+03:00\">07. octombrie 2021<\/time><\/div>\n\n<\/div>\n\n\n<div class=\"wp-block-post-excerpt\"><p class=\"wp-block-post-excerpt__excerpt\">Minimalist \u00een loc de extravagant. Descoperi\u021bi decora\u021biuni de mas\u0103 moderne \u0219i decora\u021biuni de s\u0103rb\u0103toare cu cr\u0103ciuni\u021be albe \u0219i crem pentru cei c\u0103rora le place subtilitatea.<\/p><p class=\"wp-block-post-excerpt__more-text\"><a class=\"wp-block-post-excerpt__more-link\" href=\"https:\/\/starsforeurope.com\/ro\/press\/craciunitele-la-intersectia-dintre-sarbatoare-si-design-modern-aranjamente-florale-moderne-pe-baza-de-craciunite\/\">Cite\u0219te mai mult<\/a><\/p><\/div>\n<\/li><\/ul>\n\n<nav class=\"wp-block-query-pagination is-content-justification-center is-layout-flex wp-container-core-query-pagination-is-layout-a89b3969 wp-block-query-pagination-is-layout-flex\" aria-label=\"pagina\u021bie\">\n\n\n<div class=\"wp-block-query-pagination-numbers has-medium-font-size\"><span aria-current=\"page\" class=\"page-numbers current\">1<\/span>\n<a class=\"page-numbers\" href=\"?query-0-page=2\">2<\/a><\/div>\n\n<a href=\"\/ro\/wp-json\/wp\/v2\/pages\/7449?query-0-page=2\" class=\"wp-block-query-pagination-next\">\u22b3<\/a>\n<\/nav>\n\n<\/div>\n\n\n\n<div style=\"height:3rem\" aria-hidden=\"true\" class=\"wp-block-spacer\"><\/div>\n<\/div>","protected":false},"excerpt":{"rendered":"<p>Transforma\u021bi-v\u0103 masa de mese cu accente elegante de cr\u0103ciuni\u021be care aduc c\u0103ldur\u0103 \u0219i stil festiv la fiecare mas\u0103.<\/p>\n","protected":false},"author":26,"featured_media":4366,"parent":7433,"menu_order":0,"comment_status":"closed","ping_status":"closed","template":"two-column-press","meta":{"_acf_changed":false,"footnotes":""},"class_list":["post-7449","page","type-page","status-publish","has-post-thumbnail","hentry"],"acf":[],"_links":{"self":[{"href":"https:\/\/starsforeurope.com\/ro\/wp-json\/wp\/v2\/pages\/7449","targetHints":{"allow":["GET"]}}],"collection":[{"href":"https:\/\/starsforeurope.com\/ro\/wp-json\/wp\/v2\/pages"}],"about":[{"href":"https:\/\/starsforeurope.com\/ro\/wp-json\/wp\/v2\/types\/page"}],"author":[{"embeddable":true,"href":"https:\/\/starsforeurope.com\/ro\/wp-json\/wp\/v2\/users\/26"}],"replies":[{"embeddable":true,"href":"https:\/\/starsforeurope.com\/ro\/wp-json\/wp\/v2\/comments?post=7449"}],"version-history":[{"count":2,"href":"https:\/\/starsforeurope.com\/ro\/wp-json\/wp\/v2\/pages\/7449\/revisions"}],"predecessor-version":[{"id":7498,"href":"https:\/\/starsforeurope.com\/ro\/wp-json\/wp\/v2\/pages\/7449\/revisions\/7498"}],"up":[{"embeddable":true,"href":"https:\/\/starsforeurope.com\/ro\/wp-json\/wp\/v2\/pages\/7433"}],"wp:featuredmedia":[{"embeddable":true,"href":"https:\/\/starsforeurope.com\/ro\/wp-json\/wp\/v2\/media\/4366"}],"wp:attachment":[{"href":"https:\/\/starsforeurope.com\/ro\/wp-json\/wp\/v2\/media?parent=7449"}],"curies":[{"name":"wp","href":"https:\/\/api.w.org\/{rel}","templated":true}]}}