{"id":7442,"date":"2025-07-11T09:37:26","date_gmt":"2025-07-11T06:37:26","guid":{"rendered":"https:\/\/starsforeurope.com\/ro\/?page_id=7442"},"modified":"2025-07-14T23:32:34","modified_gmt":"2025-07-14T20:32:34","slug":"flori-taiate-pr","status":"publish","type":"page","link":"https:\/\/starsforeurope.com\/ro\/comunicate-de-presa\/decoratiuni\/flori-taiate-pr\/","title":{"rendered":"Poinsettias ca flori t\u0103iate"},"content":{"rendered":"<div class=\"wp-block-group postimage-half wide-content is-layout-flow wp-block-group-is-layout-flow\" style=\"margin-top:var(--wp--preset--spacing--50)\">\n<div style=\"height:3rem\" aria-hidden=\"true\" class=\"wp-block-spacer\"><\/div>\n\n\n\n<div class=\"wp-block-query is-layout-flow wp-block-query-is-layout-flow\"><ul class=\"columns-2 wp-block-post-template is-layout-grid wp-container-core-post-template-is-layout-37ef2942 wp-block-post-template-is-layout-grid\"><li class=\"wp-block-post post-6852 press type-press status-publish has-post-thumbnail hentry press_cat-winter-decor press_cat-autumn-decor-houseplants press_cat-interesting-facts press_cat-decoration-tips press_main-comunicate-de-presa press_main-decoratiuni press_main-decoratiuni-de-masa press_main-flori-taiate\">\n<figure style=\"aspect-ratio:1;\" class=\"featuredimage wp-block-post-featured-image\"><a href=\"https:\/\/starsforeurope.com\/ro\/press\/vin-sarbatorile-idei-si-sfaturi-pentru-aranjamente-de-masa-cu-craciunite\/\" target=\"_self\"  ><img loading=\"lazy\" decoding=\"async\" width=\"875\" height=\"1050\" src=\"https:\/\/starsforeurope.com\/ro\/wp-content\/uploads\/sites\/18\/2023\/08\/2023_poinsettia_01000_Jewels_of_Nature_07.jpg\" class=\"attachment-post-thumbnail size-post-thumbnail wp-post-image\" alt=\"Vin s\u0103rb\u0103torile! Idei \u0219i sfaturi pentru aranjamente de mas\u0103 cu cr\u0103ciuni\u021be\" style=\"width:100%;height:100%;object-fit:cover;\" srcset=\"https:\/\/starsforeurope.com\/ro\/wp-content\/uploads\/sites\/18\/2023\/08\/2023_poinsettia_01000_Jewels_of_Nature_07.jpg 875w, https:\/\/starsforeurope.com\/ro\/wp-content\/uploads\/sites\/18\/2023\/08\/2023_poinsettia_01000_Jewels_of_Nature_07-250x300.jpg 250w, https:\/\/starsforeurope.com\/ro\/wp-content\/uploads\/sites\/18\/2023\/08\/2023_poinsettia_01000_Jewels_of_Nature_07-853x1024.jpg 853w, https:\/\/starsforeurope.com\/ro\/wp-content\/uploads\/sites\/18\/2023\/08\/2023_poinsettia_01000_Jewels_of_Nature_07-768x922.jpg 768w, https:\/\/starsforeurope.com\/ro\/wp-content\/uploads\/sites\/18\/2023\/08\/2023_poinsettia_01000_Jewels_of_Nature_07-563x675.jpg 563w\" sizes=\"auto, (max-width: 875px) 100vw, 875px\" \/><\/a><\/figure>\n\n<h3 class=\"wp-block-post-title\"><a href=\"https:\/\/starsforeurope.com\/ro\/press\/vin-sarbatorile-idei-si-sfaturi-pentru-aranjamente-de-masa-cu-craciunite\/\" target=\"_self\" >Vin s\u0103rb\u0103torile! Idei \u0219i sfaturi pentru aranjamente de mas\u0103 cu cr\u0103ciuni\u021be<\/a><\/h3>\n\n\n<div class=\"wp-block-group postmetaline is-nowrap is-layout-flex wp-container-core-group-is-layout-6c531013 wp-block-group-is-layout-flex\"><div class=\"wp-block-post-date\"><time datetime=\"2023-12-14T16:55:04+02:00\">14. decembrie 2023<\/time><\/div>\n\n<\/div>\n\n\n<div class=\"wp-block-post-excerpt\"><p class=\"wp-block-post-excerpt__excerpt\">Cr\u0103ciuni\u021bele sunt decorul perfect pentru mas\u0103. Descoperi\u021bi noile noastre sfaturi \u0219i idei pentru decorarea mesei de Cr\u0103ciun cu aceste flori versatile.<\/p><p class=\"wp-block-post-excerpt__more-text\"><a class=\"wp-block-post-excerpt__more-link\" href=\"https:\/\/starsforeurope.com\/ro\/press\/vin-sarbatorile-idei-si-sfaturi-pentru-aranjamente-de-masa-cu-craciunite\/\">Cite\u0219te mai mult<\/a><\/p><\/div>\n<\/li><\/ul>\n\n\n\n<\/div>\n\n\n\n<div style=\"height:3rem\" aria-hidden=\"true\" class=\"wp-block-spacer\"><\/div>\n<\/div>","protected":false},"excerpt":{"rendered":"<p>Elegante \u0219i de lung\u0103 durat\u0103, poinsettiile t\u0103iate adaug\u0103 o not\u0103 festiv\u0103 oric\u0103rui buchet sau aranjament. Descoperi\u021bi sfaturi pentru styling \u0219i \u00eengrijire.<\/p>\n","protected":false},"author":26,"featured_media":4366,"parent":7433,"menu_order":0,"comment_status":"closed","ping_status":"closed","template":"two-column-press","meta":{"_acf_changed":false,"footnotes":""},"class_list":["post-7442","page","type-page","status-publish","has-post-thumbnail","hentry"],"acf":[],"_links":{"self":[{"href":"https:\/\/starsforeurope.com\/ro\/wp-json\/wp\/v2\/pages\/7442","targetHints":{"allow":["GET"]}}],"collection":[{"href":"https:\/\/starsforeurope.com\/ro\/wp-json\/wp\/v2\/pages"}],"about":[{"href":"https:\/\/starsforeurope.com\/ro\/wp-json\/wp\/v2\/types\/page"}],"author":[{"embeddable":true,"href":"https:\/\/starsforeurope.com\/ro\/wp-json\/wp\/v2\/users\/26"}],"replies":[{"embeddable":true,"href":"https:\/\/starsforeurope.com\/ro\/wp-json\/wp\/v2\/comments?post=7442"}],"version-history":[{"count":2,"href":"https:\/\/starsforeurope.com\/ro\/wp-json\/wp\/v2\/pages\/7442\/revisions"}],"predecessor-version":[{"id":7499,"href":"https:\/\/starsforeurope.com\/ro\/wp-json\/wp\/v2\/pages\/7442\/revisions\/7499"}],"up":[{"embeddable":true,"href":"https:\/\/starsforeurope.com\/ro\/wp-json\/wp\/v2\/pages\/7433"}],"wp:featuredmedia":[{"embeddable":true,"href":"https:\/\/starsforeurope.com\/ro\/wp-json\/wp\/v2\/media\/4366"}],"wp:attachment":[{"href":"https:\/\/starsforeurope.com\/ro\/wp-json\/wp\/v2\/media?parent=7442"}],"curies":[{"name":"wp","href":"https:\/\/api.w.org\/{rel}","templated":true}]}}