{"id":7431,"date":"2025-07-10T15:54:18","date_gmt":"2025-07-10T12:54:18","guid":{"rendered":"https:\/\/starsforeurope.com\/ro\/?page_id=7431"},"modified":"2025-07-14T23:31:01","modified_gmt":"2025-07-14T20:31:01","slug":"ingrijire-pr","status":"publish","type":"page","link":"https:\/\/starsforeurope.com\/ro\/comunicate-de-presa\/ingrijire-pr\/","title":{"rendered":"Pentru flori care rezist\u0103 mai mult, afl\u0103 cum s\u0103 \u00eengrije\u0219ti cr\u0103ciuni\u021bele"},"content":{"rendered":"<div class=\"wp-block-group postimage-half wide-content is-layout-flow wp-block-group-is-layout-flow\" style=\"margin-top:var(--wp--preset--spacing--50)\">\n<div style=\"height:3rem\" aria-hidden=\"true\" class=\"wp-block-spacer\"><\/div>\n\n\n\n<div class=\"wp-block-query is-layout-flow wp-block-query-is-layout-flow\"><ul class=\"columns-2 wp-block-post-template is-layout-grid wp-container-core-post-template-is-layout-37ef2942 wp-block-post-template-is-layout-grid\"><li class=\"wp-block-post post-7333 press type-press status-publish has-post-thumbnail hentry press_cat-care press_main-comunicate-de-presa press_main-ingrijire\">\n<figure style=\"aspect-ratio:1;\" class=\"featuredimage wp-block-post-featured-image\"><a href=\"https:\/\/starsforeurope.com\/ro\/press\/mentine-ti-craciunitele-stralucitoare-sfaturi-esentiale-pentru-ingrijirea-lor-cum-sa-ti-pastrezi-craciunitele-in-cea-mai-buna-forma\/\" target=\"_self\"  ><img loading=\"lazy\" decoding=\"async\" width=\"875\" height=\"1050\" src=\"https:\/\/starsforeurope.com\/ro\/wp-content\/uploads\/sites\/18\/2025\/06\/2025_Poinsettia_01000_Nordic_Winter_Charm_14.jpg\" class=\"attachment-post-thumbnail size-post-thumbnail wp-post-image\" alt=\"Men\u021bine-\u021bi cr\u0103ciuni\u021bele str\u0103lucitoare: sfaturi esen\u021biale pentru \u00eengrijirea lor. Cum s\u0103-\u021bi p\u0103strezi cr\u0103ciuni\u021bele \u00een cea mai bun\u0103 form\u0103.\" style=\"width:100%;height:100%;object-fit:cover;\" srcset=\"https:\/\/starsforeurope.com\/ro\/wp-content\/uploads\/sites\/18\/2025\/06\/2025_Poinsettia_01000_Nordic_Winter_Charm_14.jpg 875w, https:\/\/starsforeurope.com\/ro\/wp-content\/uploads\/sites\/18\/2025\/06\/2025_Poinsettia_01000_Nordic_Winter_Charm_14-250x300.jpg 250w, https:\/\/starsforeurope.com\/ro\/wp-content\/uploads\/sites\/18\/2025\/06\/2025_Poinsettia_01000_Nordic_Winter_Charm_14-853x1024.jpg 853w, https:\/\/starsforeurope.com\/ro\/wp-content\/uploads\/sites\/18\/2025\/06\/2025_Poinsettia_01000_Nordic_Winter_Charm_14-768x922.jpg 768w, https:\/\/starsforeurope.com\/ro\/wp-content\/uploads\/sites\/18\/2025\/06\/2025_Poinsettia_01000_Nordic_Winter_Charm_14-563x675.jpg 563w\" sizes=\"auto, (max-width: 875px) 100vw, 875px\" \/><\/a><\/figure>\n\n<h3 class=\"wp-block-post-title\"><a href=\"https:\/\/starsforeurope.com\/ro\/press\/mentine-ti-craciunitele-stralucitoare-sfaturi-esentiale-pentru-ingrijirea-lor-cum-sa-ti-pastrezi-craciunitele-in-cea-mai-buna-forma\/\" target=\"_self\" >Men\u021bine-\u021bi cr\u0103ciuni\u021bele str\u0103lucitoare: sfaturi esen\u021biale pentru \u00eengrijirea lor. Cum s\u0103-\u021bi p\u0103strezi cr\u0103ciuni\u021bele \u00een cea mai bun\u0103 form\u0103.<\/a><\/h3>\n\n\n<div class=\"wp-block-group postmetaline is-nowrap is-layout-flex wp-container-core-group-is-layout-6c531013 wp-block-group-is-layout-flex\"><div class=\"wp-block-post-date\"><time datetime=\"2025-06-25T09:00:27+03:00\">25. iunie 2025<\/time><\/div>\n\n<\/div>\n\n\n<div class=\"wp-block-post-excerpt\"><p class=\"wp-block-post-excerpt__excerpt\">Aici afla\u021bi sfaturi de \u00eengrijire pentru ca stelele de Cr\u0103ciun s\u0103 str\u0103luceasc\u0103 \u00een toat\u0103 splendoarea lor timp de multe s\u0103pt\u0103m\u00e2ni.<\/p><p class=\"wp-block-post-excerpt__more-text\"><a class=\"wp-block-post-excerpt__more-link\" href=\"https:\/\/starsforeurope.com\/ro\/press\/mentine-ti-craciunitele-stralucitoare-sfaturi-esentiale-pentru-ingrijirea-lor-cum-sa-ti-pastrezi-craciunitele-in-cea-mai-buna-forma\/\">Cite\u0219te mai mult<\/a><\/p><\/div>\n<\/li><li class=\"wp-block-post post-5066 press type-press status-publish has-post-thumbnail hentry press_cat-care press_main-comunicate-de-presa press_main-ingrijire\">\n<figure style=\"aspect-ratio:1;\" class=\"featuredimage wp-block-post-featured-image\"><a href=\"https:\/\/starsforeurope.com\/ro\/press\/secretele-craciunitei-perfecte-cum-sa-iti-mentii-plantele-frumoase-tot-sezonul\/\" target=\"_self\"  ><img loading=\"lazy\" decoding=\"async\" width=\"875\" height=\"1050\" src=\"https:\/\/starsforeurope.com\/ro\/wp-content\/uploads\/sites\/18\/2024\/10\/2024_Poinsettia_04000_Cosy_Cottage_Charm_21.jpg\" class=\"attachment-post-thumbnail size-post-thumbnail wp-post-image\" alt=\"Secretele cr\u0103ciuni\u021bei perfecte. Cum s\u0103 \u00ee\u021bi men\u021bii plantele frumoase tot sezonul\" style=\"width:100%;height:100%;object-fit:cover;\" srcset=\"https:\/\/starsforeurope.com\/ro\/wp-content\/uploads\/sites\/18\/2024\/10\/2024_Poinsettia_04000_Cosy_Cottage_Charm_21.jpg 875w, https:\/\/starsforeurope.com\/ro\/wp-content\/uploads\/sites\/18\/2024\/10\/2024_Poinsettia_04000_Cosy_Cottage_Charm_21-250x300.jpg 250w, https:\/\/starsforeurope.com\/ro\/wp-content\/uploads\/sites\/18\/2024\/10\/2024_Poinsettia_04000_Cosy_Cottage_Charm_21-853x1024.jpg 853w, https:\/\/starsforeurope.com\/ro\/wp-content\/uploads\/sites\/18\/2024\/10\/2024_Poinsettia_04000_Cosy_Cottage_Charm_21-768x922.jpg 768w, https:\/\/starsforeurope.com\/ro\/wp-content\/uploads\/sites\/18\/2024\/10\/2024_Poinsettia_04000_Cosy_Cottage_Charm_21-563x675.jpg 563w\" sizes=\"auto, (max-width: 875px) 100vw, 875px\" \/><\/a><\/figure>\n\n<h3 class=\"wp-block-post-title\"><a href=\"https:\/\/starsforeurope.com\/ro\/press\/secretele-craciunitei-perfecte-cum-sa-iti-mentii-plantele-frumoase-tot-sezonul\/\" target=\"_self\" >Secretele cr\u0103ciuni\u021bei perfecte. Cum s\u0103 \u00ee\u021bi men\u021bii plantele frumoase tot sezonul<\/a><\/h3>\n\n\n<div class=\"wp-block-group postmetaline is-nowrap is-layout-flex wp-container-core-group-is-layout-6c531013 wp-block-group-is-layout-flex\"><div class=\"wp-block-post-date\"><time datetime=\"2024-12-10T07:00:12+02:00\">10. decembrie 2024<\/time><\/div>\n\n<\/div>\n\n\n<div class=\"wp-block-post-excerpt\"><p class=\"wp-block-post-excerpt__excerpt\">Vrei poinsettias magnifice? Dac\u0103 \u0219tii la ce reac\u021bioneaz\u0103 poinsettia c\u00e2nd sunt r\u0103cite, po\u021bi evita cu u\u0219urin\u021b\u0103 problemele cu grij\u0103<\/p><p class=\"wp-block-post-excerpt__more-text\"><a class=\"wp-block-post-excerpt__more-link\" href=\"https:\/\/starsforeurope.com\/ro\/press\/secretele-craciunitei-perfecte-cum-sa-iti-mentii-plantele-frumoase-tot-sezonul\/\">Cite\u0219te mai mult<\/a><\/p><\/div>\n<\/li><li class=\"wp-block-post post-6856 press type-press status-publish has-post-thumbnail hentry press_cat-winter-decor press_cat-autumn-decor-houseplants press_cat-interesting-facts press_cat-decoration-tips press_main-comunicate-de-presa press_main-ingrijire\">\n<figure style=\"aspect-ratio:1;\" class=\"featuredimage wp-block-post-featured-image\"><a href=\"https:\/\/starsforeurope.com\/ro\/press\/sfaturi-practice-ca-sa-pastrati-craciunitele-vii-si-frumoase-mult-dupa-anul-nou-2\/\" target=\"_self\"  ><img loading=\"lazy\" decoding=\"async\" width=\"875\" height=\"1050\" src=\"https:\/\/starsforeurope.com\/ro\/wp-content\/uploads\/sites\/18\/2023\/08\/2023_poinsettia_03000_Rustic_Scandi_Chr.jpg\" class=\"attachment-post-thumbnail size-post-thumbnail wp-post-image\" alt=\"Sfaturi practice ca s\u0103 p\u0103stra\u021bi cr\u0103ciuni\u021bele vii \u0219i frumoase mult dup\u0103 Anul Nou\" style=\"width:100%;height:100%;object-fit:cover;\" srcset=\"https:\/\/starsforeurope.com\/ro\/wp-content\/uploads\/sites\/18\/2023\/08\/2023_poinsettia_03000_Rustic_Scandi_Chr.jpg 875w, https:\/\/starsforeurope.com\/ro\/wp-content\/uploads\/sites\/18\/2023\/08\/2023_poinsettia_03000_Rustic_Scandi_Chr-250x300.jpg 250w, https:\/\/starsforeurope.com\/ro\/wp-content\/uploads\/sites\/18\/2023\/08\/2023_poinsettia_03000_Rustic_Scandi_Chr-853x1024.jpg 853w, https:\/\/starsforeurope.com\/ro\/wp-content\/uploads\/sites\/18\/2023\/08\/2023_poinsettia_03000_Rustic_Scandi_Chr-768x922.jpg 768w, https:\/\/starsforeurope.com\/ro\/wp-content\/uploads\/sites\/18\/2023\/08\/2023_poinsettia_03000_Rustic_Scandi_Chr-563x675.jpg 563w\" sizes=\"auto, (max-width: 875px) 100vw, 875px\" \/><\/a><\/figure>\n\n<h3 class=\"wp-block-post-title\"><a href=\"https:\/\/starsforeurope.com\/ro\/press\/sfaturi-practice-ca-sa-pastrati-craciunitele-vii-si-frumoase-mult-dupa-anul-nou-2\/\" target=\"_self\" >Sfaturi practice ca s\u0103 p\u0103stra\u021bi cr\u0103ciuni\u021bele vii \u0219i frumoase mult dup\u0103 Anul Nou<\/a><\/h3>\n\n\n<div class=\"wp-block-group postmetaline is-nowrap is-layout-flex wp-container-core-group-is-layout-6c531013 wp-block-group-is-layout-flex\"><div class=\"wp-block-post-date\"><time datetime=\"2023-10-19T01:09:39+03:00\">19. octombrie 2023<\/time><\/div>\n\n<\/div>\n\n\n<div class=\"wp-block-post-excerpt\"><p class=\"wp-block-post-excerpt__excerpt\">\u00cengrijite corespunz\u0103tor, cr\u0103ciuni\u021bele pot crea o atmosfer\u0103 vesel\u0103, timp de luni de zile. V\u0103 explic\u0103m cum s\u0103 p\u0103stra\u021bi aceste plante festive s\u0103n\u0103toase \u0219i colorate p\u00e2n\u0103 \u00een Noul An<\/p><p class=\"wp-block-post-excerpt__more-text\"><a class=\"wp-block-post-excerpt__more-link\" href=\"https:\/\/starsforeurope.com\/ro\/press\/sfaturi-practice-ca-sa-pastrati-craciunitele-vii-si-frumoase-mult-dupa-anul-nou-2\/\">Cite\u0219te mai mult<\/a><\/p><\/div>\n<\/li><li class=\"wp-block-post post-5061 press type-press status-publish has-post-thumbnail hentry press_cat-care press_main-comunicate-de-presa press_main-ingrijire\">\n<figure style=\"aspect-ratio:1;\" class=\"featuredimage wp-block-post-featured-image\"><a href=\"https:\/\/starsforeurope.com\/ro\/press\/protejati-o-bine-pe-drumul-catre-casa\/\" target=\"_self\"  ><img loading=\"lazy\" decoding=\"async\" width=\"875\" height=\"1050\" src=\"https:\/\/starsforeurope.com\/ro\/wp-content\/uploads\/sites\/18\/2022\/08\/2022-poinsettia-06000-christmas-warmth-06.jpg\" class=\"attachment-post-thumbnail size-post-thumbnail wp-post-image\" alt=\"Proteja\u021bi-o bine pe drumul c\u0103tre cas\u0103\" style=\"width:100%;height:100%;object-fit:cover;\" srcset=\"https:\/\/starsforeurope.com\/ro\/wp-content\/uploads\/sites\/18\/2022\/08\/2022-poinsettia-06000-christmas-warmth-06.jpg 875w, https:\/\/starsforeurope.com\/ro\/wp-content\/uploads\/sites\/18\/2022\/08\/2022-poinsettia-06000-christmas-warmth-06-250x300.jpg 250w, https:\/\/starsforeurope.com\/ro\/wp-content\/uploads\/sites\/18\/2022\/08\/2022-poinsettia-06000-christmas-warmth-06-853x1024.jpg 853w, https:\/\/starsforeurope.com\/ro\/wp-content\/uploads\/sites\/18\/2022\/08\/2022-poinsettia-06000-christmas-warmth-06-768x922.jpg 768w, https:\/\/starsforeurope.com\/ro\/wp-content\/uploads\/sites\/18\/2022\/08\/2022-poinsettia-06000-christmas-warmth-06-563x675.jpg 563w\" sizes=\"auto, (max-width: 875px) 100vw, 875px\" \/><\/a><\/figure>\n\n<h3 class=\"wp-block-post-title\"><a href=\"https:\/\/starsforeurope.com\/ro\/press\/protejati-o-bine-pe-drumul-catre-casa\/\" target=\"_self\" >Proteja\u021bi-o bine pe drumul c\u0103tre cas\u0103<\/a><\/h3>\n\n\n<div class=\"wp-block-group postmetaline is-nowrap is-layout-flex wp-container-core-group-is-layout-6c531013 wp-block-group-is-layout-flex\"><div class=\"wp-block-post-date\"><time datetime=\"2022-10-07T13:10:36+03:00\">07. octombrie 2022<\/time><\/div>\n\n<\/div>\n\n\n<div class=\"wp-block-post-excerpt\"><p class=\"wp-block-post-excerpt__excerpt\">Cr\u0103ciuni\u021ba \u00ee\u0219i poate p\u0103stra bracteele colorate p\u00e2n\u0103 anul viitor, cu condi\u021bia ca \u00eengrijirea acesteia s\u0103 fie corect\u0103. Citi\u021bi mai departe pentru a afla mai multe detalii.<\/p><p class=\"wp-block-post-excerpt__more-text\"><a class=\"wp-block-post-excerpt__more-link\" href=\"https:\/\/starsforeurope.com\/ro\/press\/protejati-o-bine-pe-drumul-catre-casa\/\">Cite\u0219te mai mult<\/a><\/p><\/div>\n<\/li><\/ul>\n\n<nav class=\"wp-block-query-pagination is-content-justification-center is-layout-flex wp-container-core-query-pagination-is-layout-a89b3969 wp-block-query-pagination-is-layout-flex\" aria-label=\"pagina\u021bie\">\n\n\n<div class=\"wp-block-query-pagination-numbers has-medium-font-size\"><span aria-current=\"page\" class=\"page-numbers current\">1<\/span>\n<a class=\"page-numbers\" href=\"?query-0-page=2\">2<\/a><\/div>\n\n<a href=\"\/ro\/wp-json\/wp\/v2\/pages\/7431?query-0-page=2\" class=\"wp-block-query-pagination-next\">\u22b3<\/a>\n<\/nav>\n\n<\/div>\n\n\n\n<div style=\"height:3rem\" aria-hidden=\"true\" class=\"wp-block-spacer\"><\/div>\n<\/div>","protected":false},"excerpt":{"rendered":"<p>Urm\u00e2nd c\u00e2\u021biva pa\u0219i simpli, po\u021bi prelungi via\u021ba cr\u0103ciuni\u021belor tale mai mult dec\u00e2t \u021bi-ai imaginat. Urmeaz\u0103 pa\u0219ii no\u0219tri de \u00eengrijire pentru plante mai durabile\/rezistente \u0219i mai frumoase.<\/p>\n","protected":false},"author":26,"featured_media":4366,"parent":7,"menu_order":0,"comment_status":"closed","ping_status":"closed","template":"two-column-press","meta":{"_acf_changed":false,"footnotes":""},"class_list":["post-7431","page","type-page","status-publish","has-post-thumbnail","hentry"],"acf":[],"_links":{"self":[{"href":"https:\/\/starsforeurope.com\/ro\/wp-json\/wp\/v2\/pages\/7431","targetHints":{"allow":["GET"]}}],"collection":[{"href":"https:\/\/starsforeurope.com\/ro\/wp-json\/wp\/v2\/pages"}],"about":[{"href":"https:\/\/starsforeurope.com\/ro\/wp-json\/wp\/v2\/types\/page"}],"author":[{"embeddable":true,"href":"https:\/\/starsforeurope.com\/ro\/wp-json\/wp\/v2\/users\/26"}],"replies":[{"embeddable":true,"href":"https:\/\/starsforeurope.com\/ro\/wp-json\/wp\/v2\/comments?post=7431"}],"version-history":[{"count":2,"href":"https:\/\/starsforeurope.com\/ro\/wp-json\/wp\/v2\/pages\/7431\/revisions"}],"predecessor-version":[{"id":7497,"href":"https:\/\/starsforeurope.com\/ro\/wp-json\/wp\/v2\/pages\/7431\/revisions\/7497"}],"up":[{"embeddable":true,"href":"https:\/\/starsforeurope.com\/ro\/wp-json\/wp\/v2\/pages\/7"}],"wp:featuredmedia":[{"embeddable":true,"href":"https:\/\/starsforeurope.com\/ro\/wp-json\/wp\/v2\/media\/4366"}],"wp:attachment":[{"href":"https:\/\/starsforeurope.com\/ro\/wp-json\/wp\/v2\/media?parent=7431"}],"curies":[{"name":"wp","href":"https:\/\/api.w.org\/{rel}","templated":true}]}}