{"id":7421,"date":"2025-07-10T15:20:39","date_gmt":"2025-07-10T12:20:39","guid":{"rendered":"https:\/\/starsforeurope.com\/ro\/?page_id=7421"},"modified":"2025-07-10T15:20:40","modified_gmt":"2025-07-10T12:20:40","slug":"flori-taiate","status":"publish","type":"page","link":"https:\/\/starsforeurope.com\/ro\/decoratiuni\/flori-taiate\/","title":{"rendered":"Decorarea cu cr\u0103ciuni\u021be t\u0103iat\u0103"},"content":{"rendered":"<div class=\"wp-block-group postimage-half wide-content is-layout-flow wp-block-group-is-layout-flow\" style=\"margin-top:var(--wp--preset--spacing--50)\">\n<div style=\"height:3rem\" aria-hidden=\"true\" class=\"wp-block-spacer\"><\/div>\n\n\n\n<div class=\"wp-block-query is-layout-flow wp-block-query-is-layout-flow\"><ul class=\"columns-2 wp-block-post-template is-layout-grid wp-container-core-post-template-is-layout-37ef2942 wp-block-post-template-is-layout-grid\"><li class=\"wp-block-post post-7012 blog type-blog status-publish has-post-thumbnail hentry blog_cat-dekorationsideen blog_cat-schnittblume blog_main-decoratiuni blog_main-flori-taiate\">\n<figure style=\"aspect-ratio:1;\" class=\"featuredimage wp-block-post-featured-image\"><a href=\"https:\/\/starsforeurope.com\/ro\/blog\/folosirea-craciunitelor-ca-flori-taiate-idei-de-decoratiuni-preferinte-tehnici-de-taiere-si-istorie\/\" target=\"_self\"  ><img loading=\"lazy\" decoding=\"async\" width=\"875\" height=\"1050\" src=\"https:\/\/starsforeurope.com\/ro\/wp-content\/uploads\/sites\/18\/2023\/10\/2021-poinsettia-05000-christma.jpg\" class=\"attachment-post-thumbnail size-post-thumbnail wp-post-image\" alt=\"Folosirea cr\u0103ciuni\u021belor ca flori t\u0103iate: Idei de decora\u021biuni, preferin\u021be, tehnici de t\u0103iere \u0219i istorie\" style=\"width:100%;height:100%;object-fit:cover;\" srcset=\"https:\/\/starsforeurope.com\/ro\/wp-content\/uploads\/sites\/18\/2023\/10\/2021-poinsettia-05000-christma.jpg 875w, https:\/\/starsforeurope.com\/ro\/wp-content\/uploads\/sites\/18\/2023\/10\/2021-poinsettia-05000-christma-250x300.jpg 250w, https:\/\/starsforeurope.com\/ro\/wp-content\/uploads\/sites\/18\/2023\/10\/2021-poinsettia-05000-christma-853x1024.jpg 853w, https:\/\/starsforeurope.com\/ro\/wp-content\/uploads\/sites\/18\/2023\/10\/2021-poinsettia-05000-christma-768x922.jpg 768w, https:\/\/starsforeurope.com\/ro\/wp-content\/uploads\/sites\/18\/2023\/10\/2021-poinsettia-05000-christma-563x675.jpg 563w\" sizes=\"auto, (max-width: 875px) 100vw, 875px\" \/><\/a><\/figure>\n\n<h3 class=\"wp-block-post-title\"><a href=\"https:\/\/starsforeurope.com\/ro\/blog\/folosirea-craciunitelor-ca-flori-taiate-idei-de-decoratiuni-preferinte-tehnici-de-taiere-si-istorie\/\" target=\"_self\" >Folosirea cr\u0103ciuni\u021belor ca flori t\u0103iate: Idei de decora\u021biuni, preferin\u021be, tehnici de t\u0103iere \u0219i istorie<\/a><\/h3>\n\n\n<div class=\"wp-block-group postmetaline is-nowrap is-layout-flex wp-container-core-group-is-layout-6c531013 wp-block-group-is-layout-flex\"><div class=\"wp-block-post-date\"><time datetime=\"2023-10-27T01:54:19+03:00\">27. octombrie 2023<\/time><\/div>\n\n<\/div>\n\n\n<div class=\"wp-block-post-excerpt\"><p class=\"wp-block-post-excerpt__excerpt\">\u0218tiai c\u0103? Cr\u0103ciuni\u021bele pot rezista p\u00e2n\u0103 la dou\u0103 s\u0103pt\u0103m\u00e2ni ca flori t\u0103iate; la fel de mult ce trandafirii. Tr\u0103ie\u0219te acum toate visurile tale legate de decora\u021biuni interioare!<\/p><p class=\"wp-block-post-excerpt__more-text\"><a class=\"wp-block-post-excerpt__more-link\" href=\"https:\/\/starsforeurope.com\/ro\/blog\/folosirea-craciunitelor-ca-flori-taiate-idei-de-decoratiuni-preferinte-tehnici-de-taiere-si-istorie\/\">Cite\u0219te mai mult<\/a><\/p><\/div>\n<\/li><\/ul>\n\n\n\n<\/div>\n\n\n\n<div style=\"height:3rem\" aria-hidden=\"true\" class=\"wp-block-spacer\"><\/div>\n<\/div>","protected":false},"excerpt":{"rendered":"<p>Afla\u021bi cum s\u0103 \u00eengriji\u021bi \u0219i s\u0103 aranja\u021bi cr\u0103ciuni\u021be t\u0103iat\u0103 pentru a ad\u0103uga o not\u0103 festiv\u0103 aranjamentelor dvs. florale \u00een acest sezon.<\/p>\n","protected":false},"author":26,"featured_media":4352,"parent":22,"menu_order":0,"comment_status":"closed","ping_status":"closed","template":"two-column-blog-single","meta":{"_acf_changed":false,"footnotes":""},"class_list":["post-7421","page","type-page","status-publish","has-post-thumbnail","hentry"],"acf":[],"_links":{"self":[{"href":"https:\/\/starsforeurope.com\/ro\/wp-json\/wp\/v2\/pages\/7421","targetHints":{"allow":["GET"]}}],"collection":[{"href":"https:\/\/starsforeurope.com\/ro\/wp-json\/wp\/v2\/pages"}],"about":[{"href":"https:\/\/starsforeurope.com\/ro\/wp-json\/wp\/v2\/types\/page"}],"author":[{"embeddable":true,"href":"https:\/\/starsforeurope.com\/ro\/wp-json\/wp\/v2\/users\/26"}],"replies":[{"embeddable":true,"href":"https:\/\/starsforeurope.com\/ro\/wp-json\/wp\/v2\/comments?post=7421"}],"version-history":[{"count":1,"href":"https:\/\/starsforeurope.com\/ro\/wp-json\/wp\/v2\/pages\/7421\/revisions"}],"predecessor-version":[{"id":7422,"href":"https:\/\/starsforeurope.com\/ro\/wp-json\/wp\/v2\/pages\/7421\/revisions\/7422"}],"up":[{"embeddable":true,"href":"https:\/\/starsforeurope.com\/ro\/wp-json\/wp\/v2\/pages\/22"}],"wp:featuredmedia":[{"embeddable":true,"href":"https:\/\/starsforeurope.com\/ro\/wp-json\/wp\/v2\/media\/4352"}],"wp:attachment":[{"href":"https:\/\/starsforeurope.com\/ro\/wp-json\/wp\/v2\/media?parent=7421"}],"curies":[{"name":"wp","href":"https:\/\/api.w.org\/{rel}","templated":true}]}}