{"id":7419,"date":"2025-07-10T15:11:18","date_gmt":"2025-07-10T12:11:18","guid":{"rendered":"https:\/\/starsforeurope.com\/ro\/?page_id=7419"},"modified":"2025-07-10T15:11:20","modified_gmt":"2025-07-10T12:11:20","slug":"decoratiuni-de-toamna-viata-verde","status":"publish","type":"page","link":"https:\/\/starsforeurope.com\/ro\/decoratiuni\/decoratiuni-de-toamna-viata-verde\/","title":{"rendered":"Decor de toamn\u0103 cu cr\u0103ciuni\u021be"},"content":{"rendered":"<div class=\"wp-block-group postimage-half wide-content is-layout-flow wp-block-group-is-layout-flow\" style=\"margin-top:var(--wp--preset--spacing--50)\">\n<div style=\"height:3rem\" aria-hidden=\"true\" class=\"wp-block-spacer\"><\/div>\n\n\n\n<div class=\"wp-block-query is-layout-flow wp-block-query-is-layout-flow\"><ul class=\"columns-2 wp-block-post-template is-layout-grid wp-container-core-post-template-is-layout-37ef2942 wp-block-post-template-is-layout-grid\"><li class=\"wp-block-post post-6966 blog type-blog status-publish has-post-thumbnail hentry blog_cat-adventsdekoration blog_cat-herbstdeko-zimmerpflanze blog_cat-dekorationsideen blog_main-decoratiuni blog_main-decoratiuni-de-toamna-viata-verde\">\n<figure style=\"aspect-ratio:1;\" class=\"featuredimage wp-block-post-featured-image\"><a href=\"https:\/\/starsforeurope.com\/ro\/blog\/craciunitele-ca-decoratiuni-de-toamna\/\" target=\"_self\"  ><img loading=\"lazy\" decoding=\"async\" width=\"875\" height=\"1050\" src=\"https:\/\/starsforeurope.com\/ro\/wp-content\/uploads\/sites\/18\/2023\/10\/2023-poinsettia-02000-cottagecore-charm-12.jpg\" class=\"attachment-post-thumbnail size-post-thumbnail wp-post-image\" alt=\"Cr\u0103ciuni\u021bele ca decora\u021biuni de toamn\u0103\" style=\"width:100%;height:100%;object-fit:cover;\" srcset=\"https:\/\/starsforeurope.com\/ro\/wp-content\/uploads\/sites\/18\/2023\/10\/2023-poinsettia-02000-cottagecore-charm-12.jpg 875w, https:\/\/starsforeurope.com\/ro\/wp-content\/uploads\/sites\/18\/2023\/10\/2023-poinsettia-02000-cottagecore-charm-12-250x300.jpg 250w, https:\/\/starsforeurope.com\/ro\/wp-content\/uploads\/sites\/18\/2023\/10\/2023-poinsettia-02000-cottagecore-charm-12-853x1024.jpg 853w, https:\/\/starsforeurope.com\/ro\/wp-content\/uploads\/sites\/18\/2023\/10\/2023-poinsettia-02000-cottagecore-charm-12-768x922.jpg 768w, https:\/\/starsforeurope.com\/ro\/wp-content\/uploads\/sites\/18\/2023\/10\/2023-poinsettia-02000-cottagecore-charm-12-563x675.jpg 563w\" sizes=\"auto, (max-width: 875px) 100vw, 875px\" \/><\/a><\/figure>\n\n<h3 class=\"wp-block-post-title\"><a href=\"https:\/\/starsforeurope.com\/ro\/blog\/craciunitele-ca-decoratiuni-de-toamna\/\" target=\"_self\" >Cr\u0103ciuni\u021bele ca decora\u021biuni de toamn\u0103<\/a><\/h3>\n\n\n<div class=\"wp-block-group postmetaline is-nowrap is-layout-flex wp-container-core-group-is-layout-6c531013 wp-block-group-is-layout-flex\"><div class=\"wp-block-post-date\"><time datetime=\"2023-10-27T00:02:06+03:00\">27. octombrie 2023<\/time><\/div>\n\n<\/div>\n\n\n<div class=\"wp-block-post-excerpt\"><p class=\"wp-block-post-excerpt__excerpt\">Las\u0103-te prins \u0219i surprins \u00een mrejele cr\u0103ciuni\u021belor \u00een aceast\u0103 toamn\u0103! Cr\u0103ciuni\u021bele sunt mult mai mult dec\u00e2t simboluri ale Cr\u0103ciunului.<\/p><p class=\"wp-block-post-excerpt__more-text\"><a class=\"wp-block-post-excerpt__more-link\" href=\"https:\/\/starsforeurope.com\/ro\/blog\/craciunitele-ca-decoratiuni-de-toamna\/\">Cite\u0219te mai mult<\/a><\/p><\/div>\n<\/li><\/ul>\n\n\n\n<\/div>\n\n\n\n<div style=\"height:3rem\" aria-hidden=\"true\" class=\"wp-block-spacer\"><\/div>\n<\/div>","protected":false},"excerpt":{"rendered":"<p>Aduce\u021bi culoarea cald\u0103, de sezon, \u00een casa dvs. cu cr\u0103ciuni\u021be. Descoperi\u021bi moduri creative de a le folosi \u00een aranjamente confortabile, inspirate de toamn\u0103.<\/p>\n","protected":false},"author":26,"featured_media":4352,"parent":22,"menu_order":0,"comment_status":"closed","ping_status":"closed","template":"two-column-blog-single","meta":{"_acf_changed":false,"footnotes":""},"class_list":["post-7419","page","type-page","status-publish","has-post-thumbnail","hentry"],"acf":[],"_links":{"self":[{"href":"https:\/\/starsforeurope.com\/ro\/wp-json\/wp\/v2\/pages\/7419","targetHints":{"allow":["GET"]}}],"collection":[{"href":"https:\/\/starsforeurope.com\/ro\/wp-json\/wp\/v2\/pages"}],"about":[{"href":"https:\/\/starsforeurope.com\/ro\/wp-json\/wp\/v2\/types\/page"}],"author":[{"embeddable":true,"href":"https:\/\/starsforeurope.com\/ro\/wp-json\/wp\/v2\/users\/26"}],"replies":[{"embeddable":true,"href":"https:\/\/starsforeurope.com\/ro\/wp-json\/wp\/v2\/comments?post=7419"}],"version-history":[{"count":1,"href":"https:\/\/starsforeurope.com\/ro\/wp-json\/wp\/v2\/pages\/7419\/revisions"}],"predecessor-version":[{"id":7420,"href":"https:\/\/starsforeurope.com\/ro\/wp-json\/wp\/v2\/pages\/7419\/revisions\/7420"}],"up":[{"embeddable":true,"href":"https:\/\/starsforeurope.com\/ro\/wp-json\/wp\/v2\/pages\/22"}],"wp:featuredmedia":[{"embeddable":true,"href":"https:\/\/starsforeurope.com\/ro\/wp-json\/wp\/v2\/media\/4352"}],"wp:attachment":[{"href":"https:\/\/starsforeurope.com\/ro\/wp-json\/wp\/v2\/media?parent=7419"}],"curies":[{"name":"wp","href":"https:\/\/api.w.org\/{rel}","templated":true}]}}