{"id":7413,"date":"2025-07-10T14:52:36","date_gmt":"2025-07-10T11:52:36","guid":{"rendered":"https:\/\/starsforeurope.com\/ro\/?page_id=7413"},"modified":"2025-12-10T15:49:48","modified_gmt":"2025-12-10T13:49:48","slug":"decoratiuni-de-advent","status":"publish","type":"page","link":"https:\/\/starsforeurope.com\/ro\/decoratiuni\/decoratiuni-de-advent\/","title":{"rendered":"Cr\u0103ciuni\u021be \u00een decorul de Advent"},"content":{"rendered":"<div class=\"wp-block-group postimage-half wide-content is-layout-flow wp-block-group-is-layout-flow\" style=\"margin-top:var(--wp--preset--spacing--50)\">\n<div style=\"height:3rem\" aria-hidden=\"true\" class=\"wp-block-spacer\"><\/div>\n\n\n\n<div class=\"wp-block-query is-layout-flow wp-block-query-is-layout-flow\"><ul class=\"columns-2 wp-block-post-template is-layout-grid wp-container-core-post-template-is-layout-37ef2942 wp-block-post-template-is-layout-grid\"><li class=\"wp-block-post post-6988 blog type-blog status-publish has-post-thumbnail hentry blog_cat-adventsdekoration blog_cat-diy blog_cat-dekorationsideen blog_main-decoratiuni blog_main-decoratiuni-de-advent blog_main-diy-upcycling\">\n<figure style=\"aspect-ratio:1;\" class=\"featuredimage wp-block-post-featured-image\"><a href=\"https:\/\/starsforeurope.com\/ro\/blog\/idei-de-decoratiuni-perfecte-pentru-incepatori\/\" target=\"_self\"  ><img loading=\"lazy\" decoding=\"async\" width=\"1050\" height=\"875\" src=\"https:\/\/starsforeurope.com\/ro\/wp-content\/uploads\/sites\/18\/2023\/10\/asset-3-2.jpg\" class=\"attachment-post-thumbnail size-post-thumbnail wp-post-image\" alt=\"Idei de decora\u021biuni: perfecte pentru \u00eencep\u0103tori\" style=\"width:100%;height:100%;object-fit:cover;\" srcset=\"https:\/\/starsforeurope.com\/ro\/wp-content\/uploads\/sites\/18\/2023\/10\/asset-3-2.jpg 1050w, https:\/\/starsforeurope.com\/ro\/wp-content\/uploads\/sites\/18\/2023\/10\/asset-3-2-300x250.jpg 300w, https:\/\/starsforeurope.com\/ro\/wp-content\/uploads\/sites\/18\/2023\/10\/asset-3-2-1024x853.jpg 1024w, https:\/\/starsforeurope.com\/ro\/wp-content\/uploads\/sites\/18\/2023\/10\/asset-3-2-768x640.jpg 768w, https:\/\/starsforeurope.com\/ro\/wp-content\/uploads\/sites\/18\/2023\/10\/asset-3-2-810x675.jpg 810w\" sizes=\"auto, (max-width: 1050px) 100vw, 1050px\" \/><\/a><\/figure>\n\n<h3 class=\"wp-block-post-title\"><a href=\"https:\/\/starsforeurope.com\/ro\/blog\/idei-de-decoratiuni-perfecte-pentru-incepatori\/\" target=\"_self\" >Idei de decora\u021biuni: perfecte pentru \u00eencep\u0103tori<\/a><\/h3>\n\n\n<div class=\"wp-block-group postmetaline is-nowrap is-layout-flex wp-container-core-group-is-layout-6c531013 wp-block-group-is-layout-flex\"><div class=\"wp-block-post-date\"><time datetime=\"2023-11-15T10:11:40+02:00\">15. noiembrie 2023<\/time><\/div>\n\n<\/div>\n\n\n<div class=\"wp-block-post-excerpt\"><p class=\"wp-block-post-excerpt__excerpt\">Po\u021bi realiza aceste decora\u021biuni magice cu cr\u0103ciuni\u021be, chiar \u0219i dac\u0103 ai dou\u0103 m\u00e2ini st\u00e2ngi!<\/p><p class=\"wp-block-post-excerpt__more-text\"><a class=\"wp-block-post-excerpt__more-link\" href=\"https:\/\/starsforeurope.com\/ro\/blog\/idei-de-decoratiuni-perfecte-pentru-incepatori\/\">Cite\u0219te mai mult<\/a><\/p><\/div>\n<\/li><\/ul>\n\n\n\n<\/div>\n\n\n\n<div style=\"height:3rem\" aria-hidden=\"true\" class=\"wp-block-spacer\"><\/div>\n<\/div>","protected":false},"excerpt":{"rendered":"<p>Descoperi\u021bi modalit\u0103\u021bi elegante \u0219i pline de semnifica\u021bie de a \u00eencorpora aceast\u0103 plant\u0103 clasic\u0103 \u00een coroni\u021bele de Advent, centrele de mas\u0103 \u0219i decorurile de s\u0103rb\u0103tori.<\/p>\n","protected":false},"author":26,"featured_media":4352,"parent":22,"menu_order":0,"comment_status":"closed","ping_status":"closed","template":"two-column-blog-single","meta":{"_acf_changed":false,"footnotes":""},"class_list":["post-7413","page","type-page","status-publish","has-post-thumbnail","hentry"],"acf":[],"_links":{"self":[{"href":"https:\/\/starsforeurope.com\/ro\/wp-json\/wp\/v2\/pages\/7413","targetHints":{"allow":["GET"]}}],"collection":[{"href":"https:\/\/starsforeurope.com\/ro\/wp-json\/wp\/v2\/pages"}],"about":[{"href":"https:\/\/starsforeurope.com\/ro\/wp-json\/wp\/v2\/types\/page"}],"author":[{"embeddable":true,"href":"https:\/\/starsforeurope.com\/ro\/wp-json\/wp\/v2\/users\/26"}],"replies":[{"embeddable":true,"href":"https:\/\/starsforeurope.com\/ro\/wp-json\/wp\/v2\/comments?post=7413"}],"version-history":[{"count":2,"href":"https:\/\/starsforeurope.com\/ro\/wp-json\/wp\/v2\/pages\/7413\/revisions"}],"predecessor-version":[{"id":7576,"href":"https:\/\/starsforeurope.com\/ro\/wp-json\/wp\/v2\/pages\/7413\/revisions\/7576"}],"up":[{"embeddable":true,"href":"https:\/\/starsforeurope.com\/ro\/wp-json\/wp\/v2\/pages\/22"}],"wp:featuredmedia":[{"embeddable":true,"href":"https:\/\/starsforeurope.com\/ro\/wp-json\/wp\/v2\/media\/4352"}],"wp:attachment":[{"href":"https:\/\/starsforeurope.com\/ro\/wp-json\/wp\/v2\/media?parent=7413"}],"curies":[{"name":"wp","href":"https:\/\/api.w.org\/{rel}","templated":true}]}}