{"id":7407,"date":"2025-07-10T14:23:04","date_gmt":"2025-07-10T11:23:04","guid":{"rendered":"https:\/\/starsforeurope.com\/ro\/?page_id=7407"},"modified":"2025-12-10T15:48:02","modified_gmt":"2025-12-10T13:48:02","slug":"ingrijire-generala","status":"publish","type":"page","link":"https:\/\/starsforeurope.com\/ro\/ingrijire\/ingrijire-generala\/","title":{"rendered":"Bazele \u00eengrijirii cr\u0103ciuni\u021be"},"content":{"rendered":"<div class=\"wp-block-group postimage-half wide-content is-layout-flow wp-block-group-is-layout-flow\" style=\"margin-top:var(--wp--preset--spacing--50)\">\n<div style=\"height:3rem\" aria-hidden=\"true\" class=\"wp-block-spacer\"><\/div>\n\n\n\n<div class=\"wp-block-query is-layout-flow wp-block-query-is-layout-flow\"><ul class=\"columns-2 wp-block-post-template is-layout-grid wp-container-core-post-template-is-layout-37ef2942 wp-block-post-template-is-layout-grid\"><li class=\"wp-block-post post-7232 blog type-blog status-publish has-post-thumbnail hentry blog_cat-pflege blog_main-ingrijire blog_main-ingrijire-generala\">\n<figure style=\"aspect-ratio:1;\" class=\"featuredimage wp-block-post-featured-image\"><a href=\"https:\/\/starsforeurope.com\/ro\/blog\/tunderea-craciunitei-cand-si-cum-sa-o-faci\/\" target=\"_self\"  ><img loading=\"lazy\" decoding=\"async\" width=\"1050\" height=\"875\" src=\"https:\/\/starsforeurope.com\/ro\/wp-content\/uploads\/sites\/18\/2023\/10\/2021-poinsettia-01000-boho-green-living-01.jpg\" class=\"attachment-post-thumbnail size-post-thumbnail wp-post-image\" alt=\"Tunderea cr\u0103ciuni\u021bei: c\u00e2nd \u0219i cum s\u0103 o faci\" style=\"width:100%;height:100%;object-fit:cover;\" srcset=\"https:\/\/starsforeurope.com\/ro\/wp-content\/uploads\/sites\/18\/2023\/10\/2021-poinsettia-01000-boho-green-living-01.jpg 1050w, https:\/\/starsforeurope.com\/ro\/wp-content\/uploads\/sites\/18\/2023\/10\/2021-poinsettia-01000-boho-green-living-01-300x250.jpg 300w, https:\/\/starsforeurope.com\/ro\/wp-content\/uploads\/sites\/18\/2023\/10\/2021-poinsettia-01000-boho-green-living-01-1024x853.jpg 1024w, https:\/\/starsforeurope.com\/ro\/wp-content\/uploads\/sites\/18\/2023\/10\/2021-poinsettia-01000-boho-green-living-01-768x640.jpg 768w, https:\/\/starsforeurope.com\/ro\/wp-content\/uploads\/sites\/18\/2023\/10\/2021-poinsettia-01000-boho-green-living-01-810x675.jpg 810w\" sizes=\"auto, (max-width: 1050px) 100vw, 1050px\" \/><\/a><\/figure>\n\n<h3 class=\"wp-block-post-title\"><a href=\"https:\/\/starsforeurope.com\/ro\/blog\/tunderea-craciunitei-cand-si-cum-sa-o-faci\/\" target=\"_self\" >Tunderea cr\u0103ciuni\u021bei: c\u00e2nd \u0219i cum s\u0103 o faci<\/a><\/h3>\n\n\n<div class=\"wp-block-group postmetaline is-nowrap is-layout-flex wp-container-core-group-is-layout-6c531013 wp-block-group-is-layout-flex\"><div class=\"wp-block-post-date\"><time datetime=\"2024-10-24T13:04:52+03:00\">24. octombrie 2024<\/time><\/div>\n\n<\/div>\n\n\n<div class=\"wp-block-post-excerpt\"><p class=\"wp-block-post-excerpt__excerpt\">Cu tunderea potrivit\u0103, cr\u0103ciuni\u021ba ta va fi din nou s\u0103n\u0103toas\u0103: Iat\u0103 cum s\u0103 o tunzi corect prim\u0103vara pentru a-i asigura o revenire puternic\u0103 \u00een toamn\u0103.<\/p><p class=\"wp-block-post-excerpt__more-text\"><a class=\"wp-block-post-excerpt__more-link\" href=\"https:\/\/starsforeurope.com\/ro\/blog\/tunderea-craciunitei-cand-si-cum-sa-o-faci\/\">Cite\u0219te mai mult<\/a><\/p><\/div>\n<\/li><li class=\"wp-block-post post-6995 blog type-blog status-publish has-post-thumbnail hentry blog_cat-adventsdekoration blog_cat-diy blog_cat-dekorationsideen blog_main-decoratiuni blog_main-idei-de-cadouri blog_main-ingrijire blog_main-ingrijire-generala\">\n<figure style=\"aspect-ratio:1;\" class=\"featuredimage wp-block-post-featured-image\"><a href=\"https:\/\/starsforeurope.com\/ro\/blog\/mini-craciunite-idei-de-cadouri-si-sfaturi-de-ingrijire\/\" target=\"_self\"  ><img loading=\"lazy\" decoding=\"async\" width=\"1050\" height=\"875\" src=\"https:\/\/starsforeurope.com\/ro\/wp-content\/uploads\/sites\/18\/2023\/10\/2022_poinsettia_03000_varieties_05.jpg\" class=\"attachment-post-thumbnail size-post-thumbnail wp-post-image\" alt=\"Mini cr\u0103ciuni\u021be: idei de cadouri \u0219i sfaturi de \u00eengrijire\" style=\"width:100%;height:100%;object-fit:cover;\" srcset=\"https:\/\/starsforeurope.com\/ro\/wp-content\/uploads\/sites\/18\/2023\/10\/2022_poinsettia_03000_varieties_05.jpg 1050w, https:\/\/starsforeurope.com\/ro\/wp-content\/uploads\/sites\/18\/2023\/10\/2022_poinsettia_03000_varieties_05-300x250.jpg 300w, https:\/\/starsforeurope.com\/ro\/wp-content\/uploads\/sites\/18\/2023\/10\/2022_poinsettia_03000_varieties_05-1024x853.jpg 1024w, https:\/\/starsforeurope.com\/ro\/wp-content\/uploads\/sites\/18\/2023\/10\/2022_poinsettia_03000_varieties_05-768x640.jpg 768w, https:\/\/starsforeurope.com\/ro\/wp-content\/uploads\/sites\/18\/2023\/10\/2022_poinsettia_03000_varieties_05-810x675.jpg 810w\" sizes=\"auto, (max-width: 1050px) 100vw, 1050px\" \/><\/a><\/figure>\n\n<h3 class=\"wp-block-post-title\"><a href=\"https:\/\/starsforeurope.com\/ro\/blog\/mini-craciunite-idei-de-cadouri-si-sfaturi-de-ingrijire\/\" target=\"_self\" >Mini cr\u0103ciuni\u021be: idei de cadouri \u0219i sfaturi de \u00eengrijire<\/a><\/h3>\n\n\n<div class=\"wp-block-group postmetaline is-nowrap is-layout-flex wp-container-core-group-is-layout-6c531013 wp-block-group-is-layout-flex\"><div class=\"wp-block-post-date\"><time datetime=\"2023-11-06T10:31:21+02:00\">06. noiembrie 2023<\/time><\/div>\n\n<\/div>\n\n\n<div class=\"wp-block-post-excerpt\"><p class=\"wp-block-post-excerpt__excerpt\">Mini cr\u0103ciuni\u021bele colorate sunt ni\u0219te cadouri extrem de dr\u0103gu\u021be \u00een sezonul Cr\u0103ciunului. F\u0103 click pe acest articol \u0219i vezi c\u00e2teva idei de cadouri de la foarte simple la c\u00e2t mai ambi\u021bioase<\/p><p class=\"wp-block-post-excerpt__more-text\"><a class=\"wp-block-post-excerpt__more-link\" href=\"https:\/\/starsforeurope.com\/ro\/blog\/mini-craciunite-idei-de-cadouri-si-sfaturi-de-ingrijire\/\">Cite\u0219te mai mult<\/a><\/p><\/div>\n<\/li><li class=\"wp-block-post post-6975 blog type-blog status-publish has-post-thumbnail hentry blog_cat-pflege blog_main-ingrijire blog_main-ingrijire-generala blog_main-locatie\">\n<figure style=\"aspect-ratio:1;\" class=\"featuredimage wp-block-post-featured-image\"><a href=\"https:\/\/starsforeurope.com\/ro\/blog\/locatia-ideala-pentru-craciunitele-tale\/\" target=\"_self\"  ><img loading=\"lazy\" decoding=\"async\" width=\"1050\" height=\"875\" src=\"https:\/\/starsforeurope.com\/ro\/wp-content\/uploads\/sites\/18\/2022\/08\/2021-poinsettia-04000-autumnal-glow-08.jpg\" class=\"attachment-post-thumbnail size-post-thumbnail wp-post-image\" alt=\"Loca\u021bia ideal\u0103 pentru cr\u0103ciuni\u021bele tale\" style=\"width:100%;height:100%;object-fit:cover;\" srcset=\"https:\/\/starsforeurope.com\/ro\/wp-content\/uploads\/sites\/18\/2022\/08\/2021-poinsettia-04000-autumnal-glow-08.jpg 1050w, https:\/\/starsforeurope.com\/ro\/wp-content\/uploads\/sites\/18\/2022\/08\/2021-poinsettia-04000-autumnal-glow-08-300x250.jpg 300w, https:\/\/starsforeurope.com\/ro\/wp-content\/uploads\/sites\/18\/2022\/08\/2021-poinsettia-04000-autumnal-glow-08-1024x853.jpg 1024w, https:\/\/starsforeurope.com\/ro\/wp-content\/uploads\/sites\/18\/2022\/08\/2021-poinsettia-04000-autumnal-glow-08-768x640.jpg 768w, https:\/\/starsforeurope.com\/ro\/wp-content\/uploads\/sites\/18\/2022\/08\/2021-poinsettia-04000-autumnal-glow-08-810x675.jpg 810w\" sizes=\"auto, (max-width: 1050px) 100vw, 1050px\" \/><\/a><\/figure>\n\n<h3 class=\"wp-block-post-title\"><a href=\"https:\/\/starsforeurope.com\/ro\/blog\/locatia-ideala-pentru-craciunitele-tale\/\" target=\"_self\" >Loca\u021bia ideal\u0103 pentru cr\u0103ciuni\u021bele tale<\/a><\/h3>\n\n\n<div class=\"wp-block-group postmetaline is-nowrap is-layout-flex wp-container-core-group-is-layout-6c531013 wp-block-group-is-layout-flex\"><div class=\"wp-block-post-date\"><time datetime=\"2023-10-27T01:37:04+03:00\">27. octombrie 2023<\/time><\/div>\n\n<\/div>\n\n\n<div class=\"wp-block-post-excerpt\"><p class=\"wp-block-post-excerpt__excerpt\">Loca\u021bia perfect\u0103, temperatura potrivit\u0103 \u0219i condi\u021biile ideale de iluminare: hai s\u0103 clarific\u0103m care sunt nevoile de baz\u0103 ale cr\u0103ciuni\u021belor, ca s\u0103 arate bine pe o perioad\u0103 c\u00e2t mai lung\u0103.<\/p><p class=\"wp-block-post-excerpt__more-text\"><a class=\"wp-block-post-excerpt__more-link\" href=\"https:\/\/starsforeurope.com\/ro\/blog\/locatia-ideala-pentru-craciunitele-tale\/\">Cite\u0219te mai mult<\/a><\/p><\/div>\n<\/li><li class=\"wp-block-post post-6981 blog type-blog status-publish has-post-thumbnail hentry blog_cat-pflege blog_main-ingrijire blog_main-ingrijire-generala\">\n<figure style=\"aspect-ratio:1;\" class=\"featuredimage wp-block-post-featured-image\"><a href=\"https:\/\/starsforeurope.com\/ro\/blog\/ingrijirea-corecta-a-craciunitelor\/\" target=\"_self\"  ><img loading=\"lazy\" decoding=\"async\" width=\"875\" height=\"1050\" src=\"https:\/\/starsforeurope.com\/ro\/wp-content\/uploads\/sites\/18\/2023\/10\/2021-poinsettia-01000-boho-green-living-08-2.jpg\" class=\"attachment-post-thumbnail size-post-thumbnail wp-post-image\" alt=\"\u00cengrijirea corect\u0103 a cr\u0103ciuni\u021belor\" style=\"width:100%;height:100%;object-fit:cover;\" srcset=\"https:\/\/starsforeurope.com\/ro\/wp-content\/uploads\/sites\/18\/2023\/10\/2021-poinsettia-01000-boho-green-living-08-2.jpg 875w, https:\/\/starsforeurope.com\/ro\/wp-content\/uploads\/sites\/18\/2023\/10\/2021-poinsettia-01000-boho-green-living-08-2-250x300.jpg 250w, https:\/\/starsforeurope.com\/ro\/wp-content\/uploads\/sites\/18\/2023\/10\/2021-poinsettia-01000-boho-green-living-08-2-853x1024.jpg 853w, https:\/\/starsforeurope.com\/ro\/wp-content\/uploads\/sites\/18\/2023\/10\/2021-poinsettia-01000-boho-green-living-08-2-768x922.jpg 768w, https:\/\/starsforeurope.com\/ro\/wp-content\/uploads\/sites\/18\/2023\/10\/2021-poinsettia-01000-boho-green-living-08-2-563x675.jpg 563w\" sizes=\"auto, (max-width: 875px) 100vw, 875px\" \/><\/a><\/figure>\n\n<h3 class=\"wp-block-post-title\"><a href=\"https:\/\/starsforeurope.com\/ro\/blog\/ingrijirea-corecta-a-craciunitelor\/\" target=\"_self\" >\u00cengrijirea corect\u0103 a cr\u0103ciuni\u021belor<\/a><\/h3>\n\n\n<div class=\"wp-block-group postmetaline is-nowrap is-layout-flex wp-container-core-group-is-layout-6c531013 wp-block-group-is-layout-flex\"><div class=\"wp-block-post-date\"><time datetime=\"2023-10-27T01:00:56+03:00\">27. octombrie 2023<\/time><\/div>\n\n<\/div>\n\n\n<div class=\"wp-block-post-excerpt\"><p class=\"wp-block-post-excerpt__excerpt\">Cum s\u0103 \u00ee\u021bi transformi cr\u0103ciuni\u021bele \u00een punctele principale de atrac\u021bie pe perioada sezonului de iarn\u0103 \u0219i nu numai. Ghidul nostru con\u021bine toate secretele \u00eengrijirii perfecte. F\u0103 click aici pentru a-\u021bi transforma cr\u0103ciuni\u021bele \u00een vedetele casei tale!<\/p><p class=\"wp-block-post-excerpt__more-text\"><a class=\"wp-block-post-excerpt__more-link\" href=\"https:\/\/starsforeurope.com\/ro\/blog\/ingrijirea-corecta-a-craciunitelor\/\">Cite\u0219te mai mult<\/a><\/p><\/div>\n<\/li><\/ul>\n\n\n\n<\/div>\n\n\n\n<div style=\"height:3rem\" aria-hidden=\"true\" class=\"wp-block-spacer\"><\/div>\n<\/div>","protected":false},"excerpt":{"rendered":"<p>P\u0103stra\u021bi-v\u0103 cr\u0103ciuni\u021be vibrante \u0219i s\u0103n\u0103toase cu sfaturi simple de \u00eengrijire. <\/p>\n","protected":false},"author":26,"featured_media":4350,"parent":20,"menu_order":0,"comment_status":"closed","ping_status":"closed","template":"two-column-blog-single","meta":{"_acf_changed":false,"footnotes":""},"class_list":["post-7407","page","type-page","status-publish","has-post-thumbnail","hentry"],"acf":[],"_links":{"self":[{"href":"https:\/\/starsforeurope.com\/ro\/wp-json\/wp\/v2\/pages\/7407","targetHints":{"allow":["GET"]}}],"collection":[{"href":"https:\/\/starsforeurope.com\/ro\/wp-json\/wp\/v2\/pages"}],"about":[{"href":"https:\/\/starsforeurope.com\/ro\/wp-json\/wp\/v2\/types\/page"}],"author":[{"embeddable":true,"href":"https:\/\/starsforeurope.com\/ro\/wp-json\/wp\/v2\/users\/26"}],"replies":[{"embeddable":true,"href":"https:\/\/starsforeurope.com\/ro\/wp-json\/wp\/v2\/comments?post=7407"}],"version-history":[{"count":2,"href":"https:\/\/starsforeurope.com\/ro\/wp-json\/wp\/v2\/pages\/7407\/revisions"}],"predecessor-version":[{"id":7573,"href":"https:\/\/starsforeurope.com\/ro\/wp-json\/wp\/v2\/pages\/7407\/revisions\/7573"}],"up":[{"embeddable":true,"href":"https:\/\/starsforeurope.com\/ro\/wp-json\/wp\/v2\/pages\/20"}],"wp:featuredmedia":[{"embeddable":true,"href":"https:\/\/starsforeurope.com\/ro\/wp-json\/wp\/v2\/media\/4350"}],"wp:attachment":[{"href":"https:\/\/starsforeurope.com\/ro\/wp-json\/wp\/v2\/media?parent=7407"}],"curies":[{"name":"wp","href":"https:\/\/api.w.org\/{rel}","templated":true}]}}