{"id":7405,"date":"2025-07-10T14:18:11","date_gmt":"2025-07-10T11:18:11","guid":{"rendered":"https:\/\/starsforeurope.com\/ro\/?page_id=7405"},"modified":"2025-12-10T15:47:18","modified_gmt":"2025-12-10T13:47:18","slug":"udarea","status":"publish","type":"page","link":"https:\/\/starsforeurope.com\/ro\/ingrijire\/udarea\/","title":{"rendered":"Udarea cr\u0103ciuni\u021be"},"content":{"rendered":"<div class=\"wp-block-group postimage-half wide-content is-layout-flow wp-block-group-is-layout-flow\" style=\"margin-top:var(--wp--preset--spacing--50)\">\n<div style=\"height:3rem\" aria-hidden=\"true\" class=\"wp-block-spacer\"><\/div>\n\n\n\n<div class=\"wp-block-query is-layout-flow wp-block-query-is-layout-flow\"><ul class=\"columns-2 wp-block-post-template is-layout-grid wp-container-core-post-template-is-layout-37ef2942 wp-block-post-template-is-layout-grid\"><li class=\"wp-block-post post-7214 blog type-blog status-publish has-post-thumbnail hentry blog_cat-pflege blog_main-ingrijire blog_main-udarea\">\n<figure style=\"aspect-ratio:1;\" class=\"featuredimage wp-block-post-featured-image\"><a href=\"https:\/\/starsforeurope.com\/ro\/blog\/udatul-craciunitelor-de-cata-apa-au-nevoie-cu-adevarat\/\" target=\"_self\"  ><img loading=\"lazy\" decoding=\"async\" width=\"853\" height=\"1024\" src=\"https:\/\/starsforeurope.com\/ro\/wp-content\/uploads\/sites\/18\/2024\/10\/2022_poinsettia_03000_varieties_03-853x1024-1.jpg\" class=\"attachment-post-thumbnail size-post-thumbnail wp-post-image\" alt=\"Udatul cr\u0103ciuni\u021belor: De c\u00e2t\u0103 ap\u0103 au nevoie cu adev\u0103rat?\" style=\"width:100%;height:100%;object-fit:cover;\" srcset=\"https:\/\/starsforeurope.com\/ro\/wp-content\/uploads\/sites\/18\/2024\/10\/2022_poinsettia_03000_varieties_03-853x1024-1.jpg 853w, https:\/\/starsforeurope.com\/ro\/wp-content\/uploads\/sites\/18\/2024\/10\/2022_poinsettia_03000_varieties_03-853x1024-1-250x300.jpg 250w, https:\/\/starsforeurope.com\/ro\/wp-content\/uploads\/sites\/18\/2024\/10\/2022_poinsettia_03000_varieties_03-853x1024-1-768x922.jpg 768w, https:\/\/starsforeurope.com\/ro\/wp-content\/uploads\/sites\/18\/2024\/10\/2022_poinsettia_03000_varieties_03-853x1024-1-562x675.jpg 562w\" sizes=\"auto, (max-width: 853px) 100vw, 853px\" \/><\/a><\/figure>\n\n<h3 class=\"wp-block-post-title\"><a href=\"https:\/\/starsforeurope.com\/ro\/blog\/udatul-craciunitelor-de-cata-apa-au-nevoie-cu-adevarat\/\" target=\"_self\" >Udatul cr\u0103ciuni\u021belor: De c\u00e2t\u0103 ap\u0103 au nevoie cu adev\u0103rat?<\/a><\/h3>\n\n\n<div class=\"wp-block-group postmetaline is-nowrap is-layout-flex wp-container-core-group-is-layout-6c531013 wp-block-group-is-layout-flex\"><div class=\"wp-block-post-date\"><time datetime=\"2024-10-23T23:49:31+03:00\">23. octombrie 2024<\/time><\/div>\n\n<\/div>\n\n\n<div class=\"wp-block-post-excerpt\"><p class=\"wp-block-post-excerpt__excerpt\">Cantitatea potrivit\u0103 de ap\u0103 este esen\u021bial\u0103 pentru s\u0103n\u0103tatea cr\u0103ciuni\u021bei tale. Iat\u0103 c\u00e2teva sfaturi simple pentru udare, astfel \u00eenc\u00e2t s\u0103-\u0219i p\u0103streze culoarea frumoas\u0103 pentru mai mult timp.<\/p><p class=\"wp-block-post-excerpt__more-text\"><a class=\"wp-block-post-excerpt__more-link\" href=\"https:\/\/starsforeurope.com\/ro\/blog\/udatul-craciunitelor-de-cata-apa-au-nevoie-cu-adevarat\/\">Cite\u0219te mai mult<\/a><\/p><\/div>\n<\/li><\/ul>\n\n\n\n<\/div>\n\n\n\n<div style=\"height:3rem\" aria-hidden=\"true\" class=\"wp-block-spacer\"><\/div>\n<\/div>","protected":false},"excerpt":{"rendered":"<p>P\u0103stra\u021bi-v\u0103 cr\u0103ciuni\u021be proasp\u0103t\u0103 \u0219i festiv\u0103 cu aceste sfaturi simple de udare.<\/p>\n","protected":false},"author":26,"featured_media":4350,"parent":20,"menu_order":0,"comment_status":"closed","ping_status":"closed","template":"two-column-blog-single","meta":{"_acf_changed":false,"footnotes":""},"class_list":["post-7405","page","type-page","status-publish","has-post-thumbnail","hentry"],"acf":[],"_links":{"self":[{"href":"https:\/\/starsforeurope.com\/ro\/wp-json\/wp\/v2\/pages\/7405","targetHints":{"allow":["GET"]}}],"collection":[{"href":"https:\/\/starsforeurope.com\/ro\/wp-json\/wp\/v2\/pages"}],"about":[{"href":"https:\/\/starsforeurope.com\/ro\/wp-json\/wp\/v2\/types\/page"}],"author":[{"embeddable":true,"href":"https:\/\/starsforeurope.com\/ro\/wp-json\/wp\/v2\/users\/26"}],"replies":[{"embeddable":true,"href":"https:\/\/starsforeurope.com\/ro\/wp-json\/wp\/v2\/comments?post=7405"}],"version-history":[{"count":2,"href":"https:\/\/starsforeurope.com\/ro\/wp-json\/wp\/v2\/pages\/7405\/revisions"}],"predecessor-version":[{"id":7572,"href":"https:\/\/starsforeurope.com\/ro\/wp-json\/wp\/v2\/pages\/7405\/revisions\/7572"}],"up":[{"embeddable":true,"href":"https:\/\/starsforeurope.com\/ro\/wp-json\/wp\/v2\/pages\/20"}],"wp:featuredmedia":[{"embeddable":true,"href":"https:\/\/starsforeurope.com\/ro\/wp-json\/wp\/v2\/media\/4350"}],"wp:attachment":[{"href":"https:\/\/starsforeurope.com\/ro\/wp-json\/wp\/v2\/media?parent=7405"}],"curies":[{"name":"wp","href":"https:\/\/api.w.org\/{rel}","templated":true}]}}